{"id":20,"date":"2017-02-08T16:27:51","date_gmt":"2017-02-08T18:27:51","guid":{"rendered":"http:\/\/www.ifbaiano.edu.br\/unidades\/xique-xique\/?page_id=20"},"modified":"2017-02-08T16:27:51","modified_gmt":"2017-02-08T18:27:51","slug":"despesas","status":"publish","type":"page","link":"https:\/\/www.ifbaiano.edu.br\/unidades\/itaberaba\/despesas\/","title":{"rendered":"Despesas"},"content":{"rendered":"<div class=\"tituloNoticiaDestaque\">Nesta se\u00e7\u00e3o s\u00e3o divulgadas informa\u00e7\u00f5es sobre a execu\u00e7\u00e3o or\u00e7ament\u00e1ria e financeira detalhada do Instituto Federal Baiano.<\/div>\n<div class=\"textoNoticiaDestaque\">\n<p><a href=\"http:\/\/www.ifbaiano.edu.br\/reitoria\/wp-content\/uploads\/2012\/05\/SiNTESE-ORcAMENTO-2012.png\">S\u00edntese do Or\u00e7amento do IF Baiano ano: 2010\/ 2011\/ 2012<\/a><\/p>\n<p>Quadro de Execu\u00e7\u00e3o de Despesas, por unidade or\u00e7ament\u00e1ria:<br \/>\n<a href=\"http:\/\/www.portaltransparencia.gov.br\/PortalComprasDiretasOEUnidadeGestora.asp?Ano=2012&amp;Valor=49837112997982&amp;CodigoOS=26000&amp;NomeOS=MINISTERIO%20DA%20EDUCACAO&amp;ValorOS=1090458229592&amp;CodigoOrgao=26404&amp;NomeOrgao=INST.FED.DE%20EDUC.,CIENC.E%20TEC.BAIANO&amp;ValorOrgao=2645055627\">2012<br \/>\n<\/a><a href=\"http:\/\/www.portaltransparencia.gov.br\/PortalComprasDiretasOEUnidadeGestora.asp?Ano=2011&amp;Valor=128703990164672&amp;CodigoOS=26000&amp;NomeOS=MINISTERIO%20DA%20EDUCACAO&amp;ValorOS=4449173118955&amp;CodigoOrgao=26404&amp;NomeOrgao=INST.FED.DE%20EDUC.,CIENC.E%20TEC.BAIANO&amp;ValorOrgao=10063267687\">2011<br \/>\n<\/a><a href=\"http:\/\/www.portaltransparencia.gov.br\/PortalComprasDiretasOEUnidadeGestora.asp?Ano=2010&amp;Valor=104495418392574&amp;CodigoOS=26000&amp;NomeOS=MINISTERIO%20DA%20EDUCACAO&amp;ValorOS=3192131769421&amp;CodigoOrgao=26404&amp;NomeOrgao=INST.FED.DE%20EDUC.,CIENC.E%20TEC.BAIANO&amp;ValorOrgao=5854996373\">2010<\/a><\/p>\n<p>Despesas com di\u00e1rias e passagens:<\/p>\n<p><strong>2012<\/strong><\/p>\n<p><a href=\"http:\/\/www.portaldatransparencia.gov.br\/PortalComprasDiretasOEFavorecidoED.asp?Ano=2012&amp;Valor=&amp;CodigoOS=26000&amp;NomeOS=MINISTERIO%20DA%20EDUCACAO&amp;ValorOS=1872472823207&amp;CodigoOrgao=26404&amp;NomeOrgao=INST.FED.DE%20EDUC.,CIENC.E%20TEC.BAIANO&amp;ValorOrgao=4557738340&amp;CodigoUG=158129&amp;NomeUG=INST.FED.DE%20EDUC.,CIENC.E%20TEC.BAIANO%20-REITORI&amp;ValorUG=3300774282&amp;CodigoGD=3&amp;NomeGD=Outras%20Despesas%20Correntes&amp;CodigoED=14&amp;NomeED=Di%E1rias%20-%20Civil&amp;ValorED=27138363\">Reitoria<br \/>\n<\/a><a href=\"http:\/\/www.portaldatransparencia.gov.br\/PortalComprasDiretasOEFavorecidoED.asp?Ano=2012&amp;Valor=&amp;CodigoOS=26000&amp;NomeOS=MINISTERIO%20DA%20EDUCACAO&amp;ValorOS=1872472823207&amp;CodigoOrgao=26404&amp;NomeOrgao=INST.FED.DE%20EDUC.,CIENC.E%20TEC.BAIANO&amp;ValorOrgao=4557738340&amp;CodigoUG=158443&amp;NomeUG=INST.FED.BAIANO\/CAMPUS%20CATU&amp;ValorUG=287533097&amp;CodigoGD=3&amp;NomeGD=Outras%20Despesas%20Correntes&amp;CodigoED=14&amp;NomeED=Di%E1rias%20-%20Civil&amp;ValorED=4693961\">Campus Catu<br \/>\n<\/a><a href=\"http:\/\/www.portaldatransparencia.gov.br\/PortalComprasDiretasOEFavorecidoED.asp?Ano=2012&amp;Valor=&amp;CodigoOS=26000&amp;NomeOS=MINISTERIO%20DA%20EDUCACAO&amp;ValorOS=1872472823207&amp;CodigoOrgao=26404&amp;NomeOrgao=INST.FED.DE%20EDUC.,CIENC.E%20TEC.BAIANO&amp;ValorOrgao=4557738340&amp;CodigoUG=151889&amp;NomeUG=IF%20BAIANO%20CAMPUS%20BOM%20JESUS%20DA%20LAPA&amp;ValorUG=98819173&amp;CodigoGD=3&amp;NomeGD=Outras%20Despesas%20Correntes&amp;CodigoED=14&amp;NomeED=Di%E1rias%20-%20Civil&amp;ValorED=3542100\">Campus Bom Jesus da Lapa<br \/>\n<\/a><a href=\"http:\/\/www.portaldatransparencia.gov.br\/PortalComprasDiretasOEFavorecidoED.asp?Ano=2012&amp;Valor=&amp;CodigoOS=26000&amp;NomeOS=MINISTERIO%20DA%20EDUCACAO&amp;ValorOS=1872472823207&amp;CodigoOrgao=26404&amp;NomeOrgao=INST.FED.DE%20EDUC.,CIENC.E%20TEC.BAIANO&amp;ValorOrgao=4557738340&amp;CodigoUG=158442&amp;NomeUG=INST.%20FED.%20BAIANO%20-%20CAMPUS%20GUANAMBI&amp;ValorUG=312960646&amp;CodigoGD=3&amp;NomeGD=Outras%20Despesas%20Correntes&amp;CodigoED=14&amp;NomeED=Di%E1rias%20-%20Civil&amp;ValorED=6692555\">Campus Guanambi<br \/>\n<\/a><a href=\"http:\/\/www.portaldatransparencia.gov.br\/PortalComprasDiretasOEFavorecidoED.asp?Ano=2012&amp;Valor=&amp;CodigoOS=26000&amp;NomeOS=MINISTERIO%20DA%20EDUCACAO&amp;ValorOS=1872472823207&amp;CodigoOrgao=26404&amp;NomeOrgao=INST.FED.DE%20EDUC.,CIENC.E%20TEC.BAIANO&amp;ValorOrgao=4557738340&amp;CodigoUG=158277&amp;NomeUG=INST.FED.BAIANO\/CAMPUS%20SANTA%20INES&amp;ValorUG=215959502&amp;CodigoGD=3&amp;NomeGD=Outras%20Despesas%20Correntes&amp;CodigoED=14&amp;NomeED=Di%E1rias%20-%20Civil&amp;ValorED=7177689\">Campus Santa In\u00eas<br \/>\n<\/a><a href=\"http:\/\/www.portaldatransparencia.gov.br\/PortalComprasDiretasOEFavorecidoED.asp?Ano=2012&amp;Valor=&amp;CodigoOS=26000&amp;NomeOS=MINISTERIO%20DA%20EDUCACAO&amp;ValorOS=1872472823207&amp;CodigoOrgao=26404&amp;NomeOrgao=INST.FED.DE%20EDUC.,CIENC.E%20TEC.BAIANO&amp;ValorOrgao=4557738340&amp;CodigoUG=158435&amp;NomeUG=INST.FED.BAIANO\/CAMPUS%20SENHOR%20DO%20BONFIM&amp;ValorUG=341691640&amp;CodigoGD=3&amp;NomeGD=Outras%20Despesas%20Correntes&amp;CodigoED=14&amp;NomeED=Di%E1rias%20-%20Civil&amp;ValorED=9261986\">Campus Senhor do Bonfim<\/a><\/p>\n<\/div>\n","protected":false},"excerpt":{"rendered":"<p>Nesta se\u00e7\u00e3o s\u00e3o divulgadas informa\u00e7\u00f5es sobre a execu\u00e7\u00e3o or\u00e7ament\u00e1ria e financeira detalhada do Instituto Federal Baiano. S\u00edntese do Or\u00e7amento do IF Baiano ano: 2010\/ 2011\/ 2012 Quadro de Execu\u00e7\u00e3o de Despesas, por unidade or\u00e7ament\u00e1ria: 2012 2011 2010 Despesas com di\u00e1rias e passagens: 2012 Reitoria Campus Catu Campus Bom Jesus da Lapa Campus Guanambi Campus Santa [&hellip;]<\/p>\n","protected":false},"author":74,"featured_media":0,"parent":0,"menu_order":0,"comment_status":"closed","ping_status":"closed","template":"","meta":[],"_links":{"self":[{"href":"https:\/\/www.ifbaiano.edu.br\/unidades\/itaberaba\/wp-json\/wp\/v2\/pages\/20"}],"collection":[{"href":"https:\/\/www.ifbaiano.edu.br\/unidades\/itaberaba\/wp-json\/wp\/v2\/pages"}],"about":[{"href":"https:\/\/www.ifbaiano.edu.br\/unidades\/itaberaba\/wp-json\/wp\/v2\/types\/page"}],"author":[{"embeddable":true,"href":"https:\/\/www.ifbaiano.edu.br\/unidades\/itaberaba\/wp-json\/wp\/v2\/users\/74"}],"replies":[{"embeddable":true,"href":"https:\/\/www.ifbaiano.edu.br\/unidades\/itaberaba\/wp-json\/wp\/v2\/comments?post=20"}],"version-history":[{"count":0,"href":"https:\/\/www.ifbaiano.edu.br\/unidades\/itaberaba\/wp-json\/wp\/v2\/pages\/20\/revisions"}],"wp:attachment":[{"href":"https:\/\/www.ifbaiano.edu.br\/unidades\/itaberaba\/wp-json\/wp\/v2\/media?parent=20"}],"curies":[{"name":"wp","href":"https:\/\/api.w.org\/{rel}","templated":true}]}}