{"id":2025,"date":"2019-03-15T12:09:42","date_gmt":"2019-03-15T15:09:42","guid":{"rendered":"http:\/\/www.ifbaiano.edu.br\/unidades\/itaberaba\/?page_id=2025"},"modified":"2023-06-06T10:28:16","modified_gmt":"2023-06-06T13:28:16","slug":"orientacoes-sobre-utilizacao-do-acervo","status":"publish","type":"page","link":"https:\/\/www.ifbaiano.edu.br\/unidades\/itaberaba\/orientacoes-sobre-utilizacao-do-acervo\/","title":{"rendered":"Orienta\u00e7\u00f5es sobre utiliza\u00e7\u00e3o do Acervo"},"content":{"rendered":"<div id=\"ProreitoriaTopoTitulo\"><strong>CADASTRAMENTO<\/strong><\/div>\n<p><b>Sobre o cadastro<\/b><br \/>\nO cadastramento \u00e9 gratuito e obrigat\u00f3rio para solicitar empr\u00e9stimos na Biblioteca.<\/p>\n<p><b>Quem pode solicitar o cadastro<\/b><br \/>\nOs alunos regularmente matriculados nos cursos ofertados pelo Instituto e os servidores ativos pertencentes ao quadro de pessoal (Professores, Professores Substitutos e Servidores T\u00e9cnico-Administrativos).<\/p>\n<p><b>Como se cadastrar<\/b><br \/>\nNecess\u00e1rio a apresenta\u00e7\u00e3o do documento de identifica\u00e7\u00e3o original, CPF e comprovante de resid\u00eancia.<\/p>\n<p><b>Per\u00edodo do Cadastramento<\/b><br \/>\nPoder\u00e1 ser realizado durante todo o per\u00edodo letivo.<\/p>\n<p>*A senha criada no cadastramento \u00e9 pessoal e intransfer\u00edvel e de total responsabilidade do usu\u00e1rio.<\/p>\n<div id=\"ProreitoriaTopoTitulo\"><strong>EMPR\u00c9STIMO<\/strong><\/div>\n<p>O usu\u00e1rio poder\u00e1 solicitar, por empr\u00e9stimo domiciliar, qualquer publica\u00e7\u00e3o do acervo, exceto, os materiais considerados obras de refer\u00eancia: (peri\u00f3dicos, teses, disserta\u00e7\u00f5es, relat\u00f3rio de est\u00e1gio e\/ou trabalhos de conclus\u00e3o de curso, atlas, dicion\u00e1rios, enciclop\u00e9dias, bibliografias e guias, entre outros).<\/p>\n<p>O usu\u00e1rio n\u00e3o poder\u00e1 solicitar empr\u00e9stimo de 3 obras iguais.<\/p>\n<p>As obras emprestadas ficar\u00e3o sob a responsabilidade dos usu\u00e1rios, tendo que responder por perdas e danos dos materiais informacionais, que porventura, venha a ocorrer, de acordo com o disp\u00f5e o Regulamento da Biblioteca.<\/p>\n<div id=\"ProreitoriaTopoTitulo\"><strong>QUANTIDADES DE OBRAS EMPRESTADAS POR USU\u00c1RIOS<\/strong><\/div>\n<table style=\"border: 1px solid black;width: 100%;border-collapse: collapse;font-family: 'Open Sans',sans-serif\">\n<thead style=\"background-color: #f2f2f2\">\n<tr>\n<th style=\"border: 1px solid black;padding: 10px;text-align: center\" scope=\"col\">Usu\u00e1rio<\/th>\n<th style=\"border: 1px solid black;padding: 10px;text-align: center\" scope=\"col\">Livros<\/th>\n<th style=\"border: 1px solid black;padding: 10px;text-align: center\" scope=\"col\">Prazo<\/th>\n<th style=\"border: 1px solid black;padding: 10px;text-align: center\" scope=\"col\">Renova\u00e7\u00e3o<\/th>\n<th style=\"border: 1px solid black;padding: 10px;text-align: center\" scope=\"col\">DVD<\/th>\n<th style=\"border: 1px solid black;padding: 10px;text-align: center\" scope=\"col\">Prazo<\/th>\n<\/tr>\n<\/thead>\n<tbody>\n<tr>\n<td style=\"border: 1px solid black;padding: 10px;text-align: center\">Alunos<\/td>\n<td style=\"border: 1px solid black;padding: 10px;text-align: center\" colspan=\"1\" rowspan=\"3\">03<\/td>\n<td style=\"border: 1px solid black;padding: 10px;text-align: center\" colspan=\"1\" rowspan=\"3\">7 dias<\/td>\n<td style=\"border: 1px solid black;padding: 10px;text-align: center\" colspan=\"1\" rowspan=\"3\">At\u00e9 3 vezes<\/td>\n<td style=\"border: 1px solid black;padding: 10px;text-align: center\" colspan=\"1\" rowspan=\"3\">02<\/td>\n<td style=\"border: 1px solid black;padding: 10px;text-align: center\" colspan=\"1\" rowspan=\"3\">02 dias<\/td>\n<\/tr>\n<tr>\n<td style=\"border: 1px solid black;padding: 10px;text-align: center\">Professores<\/td>\n<\/tr>\n<tr>\n<td style=\"border: 1px solid black;padding: 10px;text-align: center\">T\u00e9cnicos Administrativos<\/td>\n<\/tr>\n<\/tbody>\n<\/table>\n<p>*Os DVDs n\u00e3o poder\u00e3o ser renovados pelo sistema <em>Meu Pergamum<\/em>.<\/p>\n<div id=\"ProreitoriaTopoTitulo\"><strong>RENOVA\u00c7\u00c3O<\/strong><\/div>\n<p>O empr\u00e9stimo poder\u00e1 ser renovado, com a apresenta\u00e7\u00e3o do material emprestado, por at\u00e9 3 (tr\u00eas vezes consecutivas). Esse servi\u00e7o s\u00f3 \u00e9 poss\u00edvel, caso o usu\u00e1rio n\u00e3o tenha pend\u00eancias na Biblioteca (Suspenso) e que n\u00e3o haja reserva do livro. A renova\u00e7\u00e3o poder\u00e1 ser feita pela internet atrav\u00e9s do <a href=\"http:\/\/pergamum.ifbaiano.edu.br\" target=\"_blank\" rel=\"noopener\">Sistema Pergamum<\/a> (<a href=\"http:\/\/pergamum.ifbaiano.edu.br\" target=\"_blank\" rel=\"noopener\">http:\/\/pergamum.ifbaiano.edu.br<\/a>). Ap\u00f3s 3 renova\u00e7\u00f5es, ser\u00e1 necess\u00e1rio dirigir-se \u00e0 Biblioteca.<\/p>\n<div id=\"ProreitoriaTopoTitulo\"><strong>RESERVA DE LIVRO<\/strong><\/div>\n<p>Os materiais bibliogr\u00e1ficos na lista de espera ficar\u00e1 \u00e0 disposi\u00e7\u00e3o do usu\u00e1rio por um per\u00edodo de 24 horas ap\u00f3s a disponibilidade do material;<br \/>\nCaso o usu\u00e1rio n\u00e3o compare\u00e7a na Biblioteca, neste prazo, o material ficar\u00e1 dispon\u00edvel para o pr\u00f3ximo usu\u00e1rio da lista.<\/p>\n<div id=\"ProreitoriaTopoTitulo\"><strong>CONSULTA LOCAL<\/strong><\/div>\n<p>Os materiais bibliogr\u00e1ficos classificados como consulta local no espa\u00e7o da Biblioteca, poder\u00e1 ser emprestado por um per\u00edodo de 3 horas sem possibilidade de renova\u00e7\u00e3o.<\/p>\n<div id=\"ProreitoriaTopoTitulo\"><strong>Manual do Usu\u00e1rio da Biblioteca<\/strong><\/div>\n<p>Manual preparado para auxiliar na compreens\u00e3o e bom uso dos servi\u00e7os oferecidos na biblioteca do Campus. Nele, ser\u00e3o encontradas diversas informa\u00e7\u00f5es: como fazer cadastro, empr\u00e9stimo, reserva, entre outros.<\/p>\n<ul>\n<li><a href=\"https:\/\/www.ifbaiano.edu.br\/unidades\/itaberaba\/files\/2023\/05\/Manual-do-Usuario-da-Biblioteca-3.0.pdf\" target=\"_blank\" rel=\"noopener\">Manual do Usu\u00e1rio da Biblioteca 3.0<\/a><\/li>\n<\/ul>\n","protected":false},"excerpt":{"rendered":"<p>CADASTRAMENTO Sobre o cadastro O cadastramento \u00e9 gratuito e obrigat\u00f3rio para solicitar empr\u00e9stimos na Biblioteca. Quem pode solicitar o cadastro Os alunos regularmente matriculados nos cursos ofertados pelo Instituto e os servidores ativos pertencentes ao quadro de pessoal (Professores, Professores Substitutos e Servidores T\u00e9cnico-Administrativos). Como se cadastrar Necess\u00e1rio a apresenta\u00e7\u00e3o do documento de identifica\u00e7\u00e3o original, [&hellip;]<\/p>\n","protected":false},"author":95,"featured_media":0,"parent":0,"menu_order":0,"comment_status":"closed","ping_status":"closed","template":"","meta":[],"_links":{"self":[{"href":"https:\/\/www.ifbaiano.edu.br\/unidades\/itaberaba\/wp-json\/wp\/v2\/pages\/2025"}],"collection":[{"href":"https:\/\/www.ifbaiano.edu.br\/unidades\/itaberaba\/wp-json\/wp\/v2\/pages"}],"about":[{"href":"https:\/\/www.ifbaiano.edu.br\/unidades\/itaberaba\/wp-json\/wp\/v2\/types\/page"}],"author":[{"embeddable":true,"href":"https:\/\/www.ifbaiano.edu.br\/unidades\/itaberaba\/wp-json\/wp\/v2\/users\/95"}],"replies":[{"embeddable":true,"href":"https:\/\/www.ifbaiano.edu.br\/unidades\/itaberaba\/wp-json\/wp\/v2\/comments?post=2025"}],"version-history":[{"count":19,"href":"https:\/\/www.ifbaiano.edu.br\/unidades\/itaberaba\/wp-json\/wp\/v2\/pages\/2025\/revisions"}],"predecessor-version":[{"id":7336,"href":"https:\/\/www.ifbaiano.edu.br\/unidades\/itaberaba\/wp-json\/wp\/v2\/pages\/2025\/revisions\/7336"}],"wp:attachment":[{"href":"https:\/\/www.ifbaiano.edu.br\/unidades\/itaberaba\/wp-json\/wp\/v2\/media?parent=2025"}],"curies":[{"name":"wp","href":"https:\/\/api.w.org\/{rel}","templated":true}]}}