{"id":2029,"date":"2019-03-15T12:10:17","date_gmt":"2019-03-15T15:10:17","guid":{"rendered":"http:\/\/www.ifbaiano.edu.br\/unidades\/itaberaba\/?page_id=2029"},"modified":"2019-03-15T17:17:26","modified_gmt":"2019-03-15T20:17:26","slug":"doacao-de-livros","status":"publish","type":"page","link":"https:\/\/www.ifbaiano.edu.br\/unidades\/itaberaba\/doacao-de-livros\/","title":{"rendered":"Doa\u00e7\u00e3o de Livros"},"content":{"rendered":"<div id=\"ProreitoriaTopoTitulo\">COMO DOAR<\/div>\n<p style=\"text-align: justify\">Os materiais bibliogr\u00e1ficos oferecidos, em doa\u00e7\u00e3o, para a Biblioteca do Instituto Federal de Educa\u00e7\u00e3o, Ci\u00eancia e Tecnologia Baiano \u2013 Campus Itaberaba dever\u00e3o ser acompanhados de <a href=\"http:\/\/www.ifbaiano.edu.br\/unidades\/itaberaba\/files\/2019\/03\/Termo-de-doacao-de-materiais-bibliograficos.pdf\" target=\"_blank\">Termo de doa\u00e7\u00e3o de materiais informacionais<\/a> e s\u00f3 ser\u00e3o aceitos com entendimento expl\u00edcito de que dever\u00e3o passar por uma sele\u00e7\u00e3o, de acordo com as diretrizes estabelecidas pela Rede de Bibliotecas do Instituto Federal Baiano para o desenvolvimento das suas cole\u00e7\u00f5es. A Biblioteca reserva-se o direito de permutar, doar ou descartar as doa\u00e7\u00f5es n\u00e3o selecionadas.<\/p>\n<div id=\"ProreitoriaTopoTitulo\">FORMUL\u00c1RIO<\/div>\n<p><a href=\"http:\/\/www.ifbaiano.edu.br\/unidades\/itaberaba\/files\/2019\/03\/Termo-de-doacao-de-materiais-bibliograficos.pdf\" target=\"_blank\">Termo de doa\u00e7\u00e3o de materiais informacionais<\/a><\/p>\n","protected":false},"excerpt":{"rendered":"<p>COMO DOAR Os materiais bibliogr\u00e1ficos oferecidos, em doa\u00e7\u00e3o, para a Biblioteca do Instituto Federal de Educa\u00e7\u00e3o, Ci\u00eancia e Tecnologia Baiano \u2013 Campus Itaberaba dever\u00e3o ser acompanhados de Termo de doa\u00e7\u00e3o de materiais informacionais e s\u00f3 ser\u00e3o aceitos com entendimento expl\u00edcito de que dever\u00e3o passar por uma sele\u00e7\u00e3o, de acordo com as diretrizes estabelecidas pela Rede [&hellip;]<\/p>\n","protected":false},"author":95,"featured_media":0,"parent":0,"menu_order":0,"comment_status":"closed","ping_status":"closed","template":"","meta":[],"_links":{"self":[{"href":"https:\/\/www.ifbaiano.edu.br\/unidades\/itaberaba\/wp-json\/wp\/v2\/pages\/2029"}],"collection":[{"href":"https:\/\/www.ifbaiano.edu.br\/unidades\/itaberaba\/wp-json\/wp\/v2\/pages"}],"about":[{"href":"https:\/\/www.ifbaiano.edu.br\/unidades\/itaberaba\/wp-json\/wp\/v2\/types\/page"}],"author":[{"embeddable":true,"href":"https:\/\/www.ifbaiano.edu.br\/unidades\/itaberaba\/wp-json\/wp\/v2\/users\/95"}],"replies":[{"embeddable":true,"href":"https:\/\/www.ifbaiano.edu.br\/unidades\/itaberaba\/wp-json\/wp\/v2\/comments?post=2029"}],"version-history":[{"count":4,"href":"https:\/\/www.ifbaiano.edu.br\/unidades\/itaberaba\/wp-json\/wp\/v2\/pages\/2029\/revisions"}],"predecessor-version":[{"id":2062,"href":"https:\/\/www.ifbaiano.edu.br\/unidades\/itaberaba\/wp-json\/wp\/v2\/pages\/2029\/revisions\/2062"}],"wp:attachment":[{"href":"https:\/\/www.ifbaiano.edu.br\/unidades\/itaberaba\/wp-json\/wp\/v2\/media?parent=2029"}],"curies":[{"name":"wp","href":"https:\/\/api.w.org\/{rel}","templated":true}]}}