{"id":22,"date":"2017-02-08T16:28:12","date_gmt":"2017-02-08T18:28:12","guid":{"rendered":"http:\/\/www.ifbaiano.edu.br\/unidades\/xique-xique\/?page_id=22"},"modified":"2020-10-29T16:15:54","modified_gmt":"2020-10-29T19:15:54","slug":"licitacoes-e-contratos","status":"publish","type":"page","link":"https:\/\/www.ifbaiano.edu.br\/unidades\/itaberaba\/licitacoes-e-contratos\/","title":{"rendered":"Contratos"},"content":{"rendered":"\n<p><div id=\"ProreitoriaTopoTitulo\">\n\t\t\t\t\tEQUIPE\n\t\t\t\t<\/div><\/p>\n\n\n\n<p><strong>CHEFE DO N\u00daCLEO DE GEST\u00c3O DE CONTRATOS<\/strong><br>Chefe Imediato: Talita Suelen Santos<br>Email.: contratos@itaberaba.ifbaiano.edu.br<\/p>\n\n\n\n<p>Tel.: (75) 3251-2501 \/ 98302-6658 e (71) 98141-5536<\/p>\n\n\n<div id=\"ProreitoriaTopoTitulo\">APRESENTA\u00c7\u00c3O<\/div>\n<p>O Instituto Federal Baiano (IF Baiano), atrav\u00e9s da Pr\u00f3-Reitoria de Planejamento e Administra\u00e7\u00e3o (Proplan), com a Coordena\u00e7\u00e3o Geral de Suprimentos e o N\u00facleo de Compras, possui, entre outras, a atribui\u00e7\u00e3o de gerir os processos de aquisi\u00e7\u00e3o de materiais e contrata\u00e7\u00e3o de obras e servi\u00e7os, conforme as Leis Federais <a href=\"http:\/\/www.planalto.gov.br\/ccivil_03\/leis\/L8666cons.htm\" target=\"_blank\" rel=\"noopener noreferrer\"><span style=\"text-decoration: underline\"><strong>n\u00ba 8.666\/93<\/strong><\/span>,<\/a> <span style=\"text-decoration: underline\"><strong><a href=\"http:\/\/www.planalto.gov.br\/ccivil_03\/leis\/2002\/L10520.htm\" target=\"_blank\" rel=\"noopener noreferrer\">n\u00ba 10.520\/02<\/a><\/strong><\/span> e <span style=\"text-decoration: underline\"><strong><a href=\"http:\/\/www.planalto.gov.br\/ccivil_03\/_Ato2011-2014\/2011\/Lei\/l12462.htm\" target=\"_blank\" rel=\"noopener noreferrer\">n\u00ba 12.462\/2011<\/a><\/strong><\/span>.<\/p>\n<p><span style=\"text-decoration: underline\"><strong><a href=\"http:\/\/ifbaiano.edu.br\/portal\/orientacoes-para-o-processo-de-compra\/\" target=\"_blank\" rel=\"noopener noreferrer\">Orienta\u00e7\u00f5es para o processo de compra<\/a><\/strong><\/span> | <span style=\"text-decoration: underline\"><strong><a href=\"http:\/\/ifbaiano.edu.br\/portal\/modelos\/\" target=\"_blank\" rel=\"noopener noreferrer\">Documentos Necess\u00e1rios (Templates)<\/a><\/strong><\/span><\/p>\n<div id=\"ProreitoriaTopoTitulo\">CONSULTA DOS CONTRATOS<\/div>\n<p><a href=\"http:\/\/www.portaltransparencia.gov.br\/contratos\/consulta?paginacaoSimples=true&amp;tamanhoPagina=&amp;offset=&amp;direcaoOrdenacao=asc&amp;colunasSelecionadas=linkDetalhamento%2CdataAssinatura%2CdataPublicacaoDOU%2CdataInicioVigencia%2CdataFimVigencia%2CorgaoSuperior%2CorgaoEntidadeVinculada%2CunidadeGestora%2CformaContratacao%2CgrupoObjetoContratacao%2CnumeroContrato%2CnomeFornecedor%2CcpfCnpjFornecedor%2Csituacao%2CvalorContratado&amp;assinaturaDe=01%2F01%2F2019&amp;assinaturaAte=31%2F12%2F2019&amp;orgaos=UG155884\" target=\"_blank\" rel=\"noopener noreferrer\">\u2013 Refer\u00eancia 2019<\/a><br><a href=\"http:\/\/www.portaltransparencia.gov.br\/contratos\/consulta?paginacaoSimples=true&amp;tamanhoPagina=&amp;offset=&amp;direcaoOrdenacao=asc&amp;colunasSelecionadas=linkDetalhamento%2CdataAssinatura%2CdataPublicacaoDOU%2CdataInicioVigencia%2CdataFimVigencia%2CorgaoSuperior%2CorgaoEntidadeVinculada%2CunidadeGestora%2CformaContratacao%2CgrupoObjetoContratacao%2CnumeroContrato%2CnomeFornecedor%2CcpfCnpjFornecedor%2Csituacao%2CvalorContratado&amp;assinaturaDe=01%2F01%2F2018&amp;assinaturaAte=31%2F12%2F2018&amp;orgaos=UG155884\" target=\"_blank\" rel=\"noopener noreferrer\">\u2013 Refer\u00eancia 2018<\/a><\/p>\n\n\n<div id=\"ProreitoriaTopoTitulo\">\n\t\t\t\t\tCONTRATOS\n\t\t\t\t<\/div>\n\n\n\n<p><a href=\"https:\/\/www.ifbaiano.edu.br\/unidades\/itaberaba\/files\/2020\/10\/Relatorio-de-Contratos-do-Campus-Itaberaba-ano-de-2020.pdf\">Relat\u00f3rio de Contratos 2020<\/a><\/p>\n\n\n\n<p><a href=\"https:\/\/www.ifbaiano.edu.br\/unidades\/itaberaba\/files\/2020\/10\/Relatorio-de-Contratos-do-Campus-Itaberaba-ano-de-2019.pdf\">Relat\u00f3rio de Contratos 2019<\/a><\/p>\n\n\n\n<p><a href=\"https:\/\/www.ifbaiano.edu.br\/unidades\/itaberaba\/files\/2020\/10\/Relatorio-de-Contratos-do-Campus-Itaberaba-ano-de-2018.pdf\">Relat\u00f3rio de Contratos 2018<\/a><\/p>\n\n\n\n<p><a href=\"https:\/\/www.ifbaiano.edu.br\/unidades\/itaberaba\/files\/2020\/10\/Relatorio-de-Contratos-do-Campus-Itaberaba-ano-de-2017.pdf\">Relat\u00f3rio de Contratos 2017<\/a><\/p>\n\n\n\n<p><a href=\"https:\/\/www.ifbaiano.edu.br\/unidades\/itaberaba\/files\/2020\/10\/Relatorio-de-Contratos-do-Campus-Itaberaba-ano-de-2016.pdf\">Relat\u00f3rio de Contratos 2016<\/a><\/p>\n\n\n\n<div id=\"ProreitoriaTopoTitulo\">\n\t\t\t\t\tADITIVOS\n\t\t\t\t<\/div>\n\n\n\n<p><a href=\"https:\/\/www.ifbaiano.edu.br\/unidades\/itaberaba\/files\/2020\/10\/Aditivos.pdf\">Aditivos &#8211; 2016 a 2019<\/a><\/p>\n\n\n\n<p><\/p>\n","protected":false},"excerpt":{"rendered":"<p>EQUIPE CHEFE DO N\u00daCLEO DE GEST\u00c3O DE CONTRATOSChefe Imediato: Talita Suelen SantosEmail.: contratos@itaberaba.ifbaiano.edu.br Tel.: (75) 3251-2501 \/ 98302-6658 e (71) 98141-5536 APRESENTA\u00c7\u00c3O O Instituto Federal Baiano (IF Baiano), atrav\u00e9s da Pr\u00f3-Reitoria de Planejamento e Administra\u00e7\u00e3o (Proplan), com a Coordena\u00e7\u00e3o Geral de Suprimentos e o N\u00facleo de Compras, possui, entre outras, a atribui\u00e7\u00e3o de gerir os [&hellip;]<\/p>\n","protected":false},"author":74,"featured_media":0,"parent":0,"menu_order":0,"comment_status":"closed","ping_status":"closed","template":"","meta":[],"_links":{"self":[{"href":"https:\/\/www.ifbaiano.edu.br\/unidades\/itaberaba\/wp-json\/wp\/v2\/pages\/22"}],"collection":[{"href":"https:\/\/www.ifbaiano.edu.br\/unidades\/itaberaba\/wp-json\/wp\/v2\/pages"}],"about":[{"href":"https:\/\/www.ifbaiano.edu.br\/unidades\/itaberaba\/wp-json\/wp\/v2\/types\/page"}],"author":[{"embeddable":true,"href":"https:\/\/www.ifbaiano.edu.br\/unidades\/itaberaba\/wp-json\/wp\/v2\/users\/74"}],"replies":[{"embeddable":true,"href":"https:\/\/www.ifbaiano.edu.br\/unidades\/itaberaba\/wp-json\/wp\/v2\/comments?post=22"}],"version-history":[{"count":37,"href":"https:\/\/www.ifbaiano.edu.br\/unidades\/itaberaba\/wp-json\/wp\/v2\/pages\/22\/revisions"}],"predecessor-version":[{"id":4176,"href":"https:\/\/www.ifbaiano.edu.br\/unidades\/itaberaba\/wp-json\/wp\/v2\/pages\/22\/revisions\/4176"}],"wp:attachment":[{"href":"https:\/\/www.ifbaiano.edu.br\/unidades\/itaberaba\/wp-json\/wp\/v2\/media?parent=22"}],"curies":[{"name":"wp","href":"https:\/\/api.w.org\/{rel}","templated":true}]}}