{"id":2607,"date":"2019-09-03T14:22:08","date_gmt":"2019-09-03T17:22:08","guid":{"rendered":"http:\/\/www.ifbaiano.edu.br\/unidades\/itaberaba\/?page_id=2607"},"modified":"2022-04-18T09:12:57","modified_gmt":"2022-04-18T12:12:57","slug":"assistencia-estudantil","status":"publish","type":"page","link":"https:\/\/www.ifbaiano.edu.br\/unidades\/itaberaba\/assistencia-estudantil\/","title":{"rendered":"Assist\u00eancia Estudantil"},"content":{"rendered":"\n<p> <strong>ASSIST\u00caNCIA ESTUDANTIL<\/strong><\/p>\n\n\n\n<p>A Assist\u00eancia Estudantil deve ser entendida como direito social capaz de romper com tutelas assistencialistas e com concess\u00f5es estatais, com vistas \u00e0 inclus\u00e3o social, forma\u00e7\u00e3o plena, produ\u00e7\u00e3o de conhecimento, melhoria do desempenho acad\u00eamico e o bem estar biopsicossocial.OBJETIVOS<\/p>\n\n\n\n<p>I \u2013 Ampliar as possibilidades para o acesso, contribuindo para a promo\u00e7\u00e3o da inclus\u00e3o social pela educa\u00e7\u00e3o;<br>II \u2013 Propiciar a igualdade de oportunidades entre todos(as) os(as) estudantes matriculados(as) no IF Baiano;<br>III \u2013 Contribuir para a melhoria do desempenho acad\u00eamico dos(as) estudantes, a partir de medidas que busquem minimizar situa\u00e7\u00f5es de repet\u00eancia e evas\u00e3o;<br>IV \u2013 Desenvolver a\u00e7\u00f5es que assegurem, de forma preventiva, a assist\u00eancia \u00e0 sa\u00fade do(a) estudante;<br>V \u2013 Implementar a\u00e7\u00f5es educativas que propiciem o desenvolvimento do pensamento cr\u00edtico, pol\u00edtico e criativo dos(as) estudantes;<br>VI \u2013 Fomentar novas oportunidades de aprendizagem, permitindo que todos(as) os(as) estudantes do IF Baiano construam as habilidades socioprofissionais necess\u00e1rias \u00e0 sua inser\u00e7\u00e3o, perman\u00eancia e \u00eaxito no mundo do trabalho, e\/ou o prosseguimento na vida acad\u00eamica;<br>VII \u2013 Contribuir para aumentar a efici\u00eancia e efic\u00e1cia das a\u00e7\u00f5es do Instituto para o cumprimento da sua miss\u00e3o.POL\u00cdTICA DE ASSIST\u00caNCIA ESTUDANTIL<\/p>\n\n\n\n<p>Conjunto de princ\u00edpios norteadores para o desenvolvimento de programas e a\u00e7\u00f5es que favore\u00e7am a democratiza\u00e7\u00e3o do acesso, perman\u00eancia e \u00eaxito no processo formativo, bem como a inclus\u00e3o de pessoas em situa\u00e7\u00e3o de vulnerabilidade socioecon\u00f4mica.PROGRAMAS<\/p>\n\n\n\n<p><strong>PROGRAMA DE ASSIST\u00caNCIA E INCLUS\u00c3O SOCIAL DO ESTUDANTE \u2013 PAISE<\/strong><\/p>\n\n\n\n<p><strong>O que \u00e9 o programa?<\/strong><\/p>\n\n\n\n<p>Visa contribuir para a perman\u00eancia e \u00eaxito nas atividades acad\u00eamicas de estudantes em situa\u00e7\u00e3o de vulnerabilidade socioecon\u00f4mica, atrav\u00e9s do oferecimento de aux\u00edlios estudantis.<\/p>\n\n\n\n<p><strong>Quem coordena o programa?<\/strong><\/p>\n\n\n\n<p>O N\u00facleo de Assist\u00eancia e Inclus\u00e3o Social do Estudante \u2013 NAISE que \u00e9 constitu\u00eddo pelos servidores mediante portaria expedida pela dire\u00e7\u00e3o geral do campus.<\/p>\n\n\n\n<p><strong>Servidores que fazem parte do NAISE<\/strong><\/p>\n\n\n\n<ul><li>C\u00e1ssia Lorena Cavalcante Simpl\u00edcio da Silva \u2013 Presidente;<\/li><li>\u00c9rica S\u00e1 Teles de Oliveira Chaves \u2013 Membro;<\/li><li>Jairo Oliveira dos Santos \u2013 Membro; <\/li><li>Talita Suelen Santos \u2013 Membro.<\/li><\/ul>\n\n\n\n<p><strong>Processo seletivo<\/strong><\/p>\n\n\n\n<p>\u00c9 realizado mediante publica\u00e7\u00e3o do Edital, conforme cronograma definido pelo NAISE do campus.<\/p>\n\n\n\n<p>Para saber mais informa\u00e7\u00f5es sobre processos seletivos acesse a&nbsp;<a href=\"http:\/\/www.ifbaiano.edu.br\/unidades\/itaberaba\/editais-paise\/\">P\u00e1gina dos Editais PAISE ( http:\/\/www.ifbaiano.edu.br\/unidades\/itaberaba\/editais-paise\/ )<\/a>.<\/p>\n\n\n\n<hr class=\"wp-block-separator\" \/>\n\n\n\n<p><strong>PROGRAMA DE PREVEN\u00c7\u00c3O E ASSIST\u00caNCIA \u00c0 SA\u00daDE \u2013 PRO-SA\u00daDE<\/strong><\/p>\n\n\n\n<p>O Pro-sa\u00fade visa desenvolver a\u00e7\u00f5es voltadas \u00e0 preven\u00e7\u00e3o de doen\u00e7as e promo\u00e7\u00e3o da sa\u00fade dos(as) discentes, por meio dos servi\u00e7os de psicologia, enfermagem, odontologia, nutri\u00e7\u00e3o, medicina e servi\u00e7o social.<\/p>\n\n\n\n<p>* Atualmente o campus Itaberaba possui Enfermeiro e Nutricionista.COORDENA\u00c7\u00c3O DE ASSUNTOS ESTUDANTIS \u2013 CAE<\/p>\n\n\n\n<p>A coordena\u00e7\u00e3o \u00e9 respons\u00e1vel por planejar, orientar, supervisionar e acompanhar o corpo discente da Institui\u00e7\u00e3o, atrav\u00e9s de v\u00e1rias atividades de atendimento. Administra tamb\u00e9m Programas institucionais que assegurem ao estudante acesso, perman\u00eancia e \u00eaxito no seu percurso educacional.EQUIPE \u2013 CAE<\/p>\n\n\n\n<p>A CAE est\u00e1 vinculada \u00e0 Diretoria Acad\u00eamica \u2013 DA, composto por uma equipe T\u00e9cnica Multidisciplinar:<\/p>\n\n\n\n<ul><li><strong>Coordenadora \/ Nutricionista<\/strong>: C\u00e1ssia Lorena Cavalcante Simpl\u00edcio da Silva;<\/li><li><strong>Enfermeiro<\/strong>: Jairo Oliveira dos Santos;<\/li><li><strong>Assistente de Alunos<\/strong>: \u00c9rica S\u00e1 Teles de Oliveira Chaves<\/li><\/ul>\n\n\n\n<p>O Programa de Preven\u00e7\u00e3o e Assist\u00eancia \u00e0 Sa\u00fade do Campus Itaberaba deseja saber como anda a sua sa\u00fade. Preencha nosso formul\u00e1rio. Qualquer d\u00favida, entre em contato com a CAE.<\/p>\n\n\n\n<div class=\"wp-block-image\"><figure class=\"aligncenter size-full is-resized\"><a href=\"https:\/\/www.ifbaiano.edu.br\/unidades\/itaberaba\/files\/2022\/04\/Preencha-o-formulario-de-avaliacao.png\"><img decoding=\"async\" loading=\"lazy\" src=\"https:\/\/www.ifbaiano.edu.br\/unidades\/itaberaba\/files\/2022\/04\/Preencha-o-formulario-de-avaliacao.png\" alt=\"\" class=\"wp-image-6009\" width=\"431\" height=\"431\" \/><\/a><figcaption>\u00a0<a rel=\"noreferrer noopener\" target=\"_blank\" href=\"http:\/\/opinanovo.ifbaiano.edu.br\/index.php\/691289?lang=pt-BR\">http:\/\/opinanovo.ifbaiano.edu.br\/index.php\/691289?lang=pt-BR<\/a><\/figcaption><\/figure><\/div>\n\n\n\n<p><br><\/p>\n\n\n\n<p>Tel.: (75) 98302-6658<br>E-mail: cae@itaberaba.ifbaiano.edu.br<\/p>\n\n\n\n<p><strong>Uniforme de uso obrigat\u00f3rio<\/strong><\/p>\n\n\n\n<p>Camisa padronizada do IF Baiano, Campus Itaberaba; Cal\u00e7a jeans azul (sem rasgos que obejtivem mostrar o corpo); T\u00eanis, sapato fechado ou bota; Bota de borracha comum (aula pr\u00e1tica para alunos do curso t\u00e9cnico)\u2013 Informa\u00e7\u00f5es: cae@itaberaba.ifbaiano.edu.br (75)983026658\n\n<\/p>\n","protected":false},"excerpt":{"rendered":"<p>ASSIST\u00caNCIA ESTUDANTIL A Assist\u00eancia Estudantil deve ser entendida como direito social capaz de romper com tutelas assistencialistas e com concess\u00f5es estatais, com vistas \u00e0 inclus\u00e3o social, forma\u00e7\u00e3o plena, produ\u00e7\u00e3o de conhecimento, melhoria do desempenho acad\u00eamico e o bem estar biopsicossocial.OBJETIVOS I \u2013 Ampliar as possibilidades para o acesso, contribuindo para a promo\u00e7\u00e3o da inclus\u00e3o social [&hellip;]<\/p>\n","protected":false},"author":95,"featured_media":0,"parent":0,"menu_order":0,"comment_status":"closed","ping_status":"closed","template":"","meta":[],"_links":{"self":[{"href":"https:\/\/www.ifbaiano.edu.br\/unidades\/itaberaba\/wp-json\/wp\/v2\/pages\/2607"}],"collection":[{"href":"https:\/\/www.ifbaiano.edu.br\/unidades\/itaberaba\/wp-json\/wp\/v2\/pages"}],"about":[{"href":"https:\/\/www.ifbaiano.edu.br\/unidades\/itaberaba\/wp-json\/wp\/v2\/types\/page"}],"author":[{"embeddable":true,"href":"https:\/\/www.ifbaiano.edu.br\/unidades\/itaberaba\/wp-json\/wp\/v2\/users\/95"}],"replies":[{"embeddable":true,"href":"https:\/\/www.ifbaiano.edu.br\/unidades\/itaberaba\/wp-json\/wp\/v2\/comments?post=2607"}],"version-history":[{"count":25,"href":"https:\/\/www.ifbaiano.edu.br\/unidades\/itaberaba\/wp-json\/wp\/v2\/pages\/2607\/revisions"}],"predecessor-version":[{"id":6010,"href":"https:\/\/www.ifbaiano.edu.br\/unidades\/itaberaba\/wp-json\/wp\/v2\/pages\/2607\/revisions\/6010"}],"wp:attachment":[{"href":"https:\/\/www.ifbaiano.edu.br\/unidades\/itaberaba\/wp-json\/wp\/v2\/media?parent=2607"}],"curies":[{"name":"wp","href":"https:\/\/api.w.org\/{rel}","templated":true}]}}