{"id":2979,"date":"2020-01-23T10:11:44","date_gmt":"2020-01-23T13:11:44","guid":{"rendered":"http:\/\/www.ifbaiano.edu.br\/unidades\/itaberaba\/?page_id=2979"},"modified":"2020-01-23T13:09:48","modified_gmt":"2020-01-23T16:09:48","slug":"2019-2","status":"publish","type":"page","link":"https:\/\/www.ifbaiano.edu.br\/unidades\/itaberaba\/atas\/2019-2\/","title":{"rendered":"2019"},"content":{"rendered":"\n<p><strong>Reuni\u00f5es Gerais<\/strong><\/p>\n\n\n\n<hr class=\"wp-block-separator\" \/>\n\n\n\n<div class=\"wp-block-file\"><a href=\"http:\/\/www.ifbaiano.edu.br\/unidades\/itaberaba\/files\/2020\/01\/1\u00aa-Reuni\u00e3o-Extraordin\u00e1ria-2019-1.pdf\"><br>1\u00aa Reuni\u00e3o Extraordin\u00e1ria 2019<\/a><a href=\"http:\/\/www.ifbaiano.edu.br\/unidades\/itaberaba\/files\/2020\/01\/1\u00aa-Reuni\u00e3o-Extraordin\u00e1ria-2019-1.pdf\" class=\"wp-block-file__button\" download>Baixar<\/a><\/div>\n\n\n\n<div class=\"wp-block-file\"><a href=\"http:\/\/www.ifbaiano.edu.br\/unidades\/itaberaba\/files\/2020\/01\/Reuni\u00e3o-Geral-10-de-outubro-de-2019.pdf\">Reuni\u00e3o Geral 10 de outubro de 2019<\/a><a href=\"http:\/\/www.ifbaiano.edu.br\/unidades\/itaberaba\/files\/2020\/01\/Reuni\u00e3o-Geral-10-de-outubro-de-2019.pdf\" class=\"wp-block-file__button\" download>Baixar<\/a><\/div>\n\n\n\n<div class=\"wp-block-file\"><a href=\"http:\/\/www.ifbaiano.edu.br\/unidades\/itaberaba\/files\/2020\/01\/Reuni\u00e3o-Geral-16-de-outubro-de-2019.pdf\">Reuni\u00e3o Geral 16 de outubro de 2019<\/a><a href=\"http:\/\/www.ifbaiano.edu.br\/unidades\/itaberaba\/files\/2020\/01\/Reuni\u00e3o-Geral-16-de-outubro-de-2019.pdf\" class=\"wp-block-file__button\" download>Baixar<\/a><\/div>\n\n\n\n<p><\/p>\n\n\n\n<p><\/p>\n\n\n\n<p><strong>Reuni\u00f5es de Diretores<\/strong><\/p>\n\n\n\n<hr class=\"wp-block-separator\" \/>\n\n\n\n<p><\/p>\n\n\n\n<p><\/p>\n\n\n\n<p><strong>Eventos<\/strong><\/p>\n\n\n\n<hr class=\"wp-block-separator\" \/>\n\n\n\n<p><\/p>\n\n\n\n<p><\/p>\n\n\n\n<p><strong>Audi\u00eancia P\u00fablica<\/strong><\/p>\n\n\n\n<div class=\"wp-block-file\"><a href=\"http:\/\/www.ifbaiano.edu.br\/unidades\/itaberaba\/files\/2020\/01\/Audi\u00eancia-P\u00fablica-realizada-na-Cam\u00e2ra-Municipal-de-Vereadores.pdf\"><br>Audi\u00eancia P\u00fablica realizada na C\u00e2mara Municipal de Vereadores<\/a><a href=\"http:\/\/www.ifbaiano.edu.br\/unidades\/itaberaba\/files\/2020\/01\/Audi\u00eancia-P\u00fablica-realizada-na-Cam\u00e2ra-Municipal-de-Vereadores.pdf\" class=\"wp-block-file__button\" download>Baixar<\/a><\/div>\n","protected":false},"excerpt":{"rendered":"<p>Reuni\u00f5es Gerais Reuni\u00f5es de Diretores Eventos Audi\u00eancia P\u00fablica<\/p>\n","protected":false},"author":104,"featured_media":0,"parent":670,"menu_order":0,"comment_status":"closed","ping_status":"closed","template":"","meta":[],"_links":{"self":[{"href":"https:\/\/www.ifbaiano.edu.br\/unidades\/itaberaba\/wp-json\/wp\/v2\/pages\/2979"}],"collection":[{"href":"https:\/\/www.ifbaiano.edu.br\/unidades\/itaberaba\/wp-json\/wp\/v2\/pages"}],"about":[{"href":"https:\/\/www.ifbaiano.edu.br\/unidades\/itaberaba\/wp-json\/wp\/v2\/types\/page"}],"author":[{"embeddable":true,"href":"https:\/\/www.ifbaiano.edu.br\/unidades\/itaberaba\/wp-json\/wp\/v2\/users\/104"}],"replies":[{"embeddable":true,"href":"https:\/\/www.ifbaiano.edu.br\/unidades\/itaberaba\/wp-json\/wp\/v2\/comments?post=2979"}],"version-history":[{"count":5,"href":"https:\/\/www.ifbaiano.edu.br\/unidades\/itaberaba\/wp-json\/wp\/v2\/pages\/2979\/revisions"}],"predecessor-version":[{"id":2993,"href":"https:\/\/www.ifbaiano.edu.br\/unidades\/itaberaba\/wp-json\/wp\/v2\/pages\/2979\/revisions\/2993"}],"up":[{"embeddable":true,"href":"https:\/\/www.ifbaiano.edu.br\/unidades\/itaberaba\/wp-json\/wp\/v2\/pages\/670"}],"wp:attachment":[{"href":"https:\/\/www.ifbaiano.edu.br\/unidades\/itaberaba\/wp-json\/wp\/v2\/media?parent=2979"}],"curies":[{"name":"wp","href":"https:\/\/api.w.org\/{rel}","templated":true}]}}