{"id":2995,"date":"2020-01-23T12:54:56","date_gmt":"2020-01-23T15:54:56","guid":{"rendered":"http:\/\/www.ifbaiano.edu.br\/unidades\/itaberaba\/?page_id=2995"},"modified":"2020-01-23T12:54:57","modified_gmt":"2020-01-23T15:54:57","slug":"2018-2","status":"publish","type":"page","link":"https:\/\/www.ifbaiano.edu.br\/unidades\/itaberaba\/2018-2\/","title":{"rendered":"2018"},"content":{"rendered":"\n<p> <a href=\"http:\/\/www.ifbaiano.edu.br\/unidades\/itaberaba\/files\/2017\/09\/Calend%C3%A1rio-Acad%C3%AAmico-Letivo-2018-Curso-T%C3%A9cnico-de-N%C3%ADvel-M%C3%A9dio-Subsequente.pdf\">Curso T\u00e9cnico de N\u00edvel M\u00e9dio &#8211; Subsequente  <\/a><\/p>\n","protected":false},"excerpt":{"rendered":"<p>Curso T\u00e9cnico de N\u00edvel M\u00e9dio &#8211; Subsequente<\/p>\n","protected":false},"author":104,"featured_media":0,"parent":0,"menu_order":0,"comment_status":"closed","ping_status":"closed","template":"","meta":[],"_links":{"self":[{"href":"https:\/\/www.ifbaiano.edu.br\/unidades\/itaberaba\/wp-json\/wp\/v2\/pages\/2995"}],"collection":[{"href":"https:\/\/www.ifbaiano.edu.br\/unidades\/itaberaba\/wp-json\/wp\/v2\/pages"}],"about":[{"href":"https:\/\/www.ifbaiano.edu.br\/unidades\/itaberaba\/wp-json\/wp\/v2\/types\/page"}],"author":[{"embeddable":true,"href":"https:\/\/www.ifbaiano.edu.br\/unidades\/itaberaba\/wp-json\/wp\/v2\/users\/104"}],"replies":[{"embeddable":true,"href":"https:\/\/www.ifbaiano.edu.br\/unidades\/itaberaba\/wp-json\/wp\/v2\/comments?post=2995"}],"version-history":[{"count":2,"href":"https:\/\/www.ifbaiano.edu.br\/unidades\/itaberaba\/wp-json\/wp\/v2\/pages\/2995\/revisions"}],"predecessor-version":[{"id":9360,"href":"https:\/\/www.ifbaiano.edu.br\/unidades\/itaberaba\/wp-json\/wp\/v2\/pages\/2995\/revisions\/9360"}],"wp:attachment":[{"href":"https:\/\/www.ifbaiano.edu.br\/unidades\/itaberaba\/wp-json\/wp\/v2\/media?parent=2995"}],"curies":[{"name":"wp","href":"https:\/\/api.w.org\/{rel}","templated":true}]}}