{"id":3000,"date":"2020-01-23T13:00:01","date_gmt":"2020-01-23T16:00:01","guid":{"rendered":"http:\/\/www.ifbaiano.edu.br\/unidades\/itaberaba\/?page_id=3000"},"modified":"2020-01-23T13:16:35","modified_gmt":"2020-01-23T16:16:35","slug":"2020-2","status":"publish","type":"page","link":"https:\/\/www.ifbaiano.edu.br\/unidades\/itaberaba\/2020-2\/","title":{"rendered":"2020"},"content":{"rendered":"\n<div class=\"wp-block-file\"><a href=\"http:\/\/www.ifbaiano.edu.br\/unidades\/itaberaba\/files\/2020\/01\/CALEND\u00c1RIO-Integrado-2020-C.pdf\">Calend\u00e1rio Curso T\u00e9cnico Integrado em an\u00e1lise<\/a><a href=\"http:\/\/www.ifbaiano.edu.br\/unidades\/itaberaba\/files\/2020\/01\/CALEND\u00c1RIO-Integrado-2020-C.pdf\" class=\"wp-block-file__button\" download>Baixar<\/a><\/div>\n\n\n\n<div class=\"wp-block-file\"><a href=\"http:\/\/www.ifbaiano.edu.br\/unidades\/itaberaba\/files\/2020\/01\/CALEND\u00c1RIO-Subsequente-2020-C.pdf\"> Calend\u00e1rio Cursos T\u00e9cnicos Subsequentes em an\u00e1lise<\/a><a href=\"http:\/\/www.ifbaiano.edu.br\/unidades\/itaberaba\/files\/2020\/01\/CALEND\u00c1RIO-Subsequente-2020-C.pdf\" class=\"wp-block-file__button\" download>Baixar<\/a><\/div>\n","protected":false},"excerpt":{"rendered":"","protected":false},"author":104,"featured_media":0,"parent":0,"menu_order":0,"comment_status":"closed","ping_status":"closed","template":"","meta":[],"_links":{"self":[{"href":"https:\/\/www.ifbaiano.edu.br\/unidades\/itaberaba\/wp-json\/wp\/v2\/pages\/3000"}],"collection":[{"href":"https:\/\/www.ifbaiano.edu.br\/unidades\/itaberaba\/wp-json\/wp\/v2\/pages"}],"about":[{"href":"https:\/\/www.ifbaiano.edu.br\/unidades\/itaberaba\/wp-json\/wp\/v2\/types\/page"}],"author":[{"embeddable":true,"href":"https:\/\/www.ifbaiano.edu.br\/unidades\/itaberaba\/wp-json\/wp\/v2\/users\/104"}],"replies":[{"embeddable":true,"href":"https:\/\/www.ifbaiano.edu.br\/unidades\/itaberaba\/wp-json\/wp\/v2\/comments?post=3000"}],"version-history":[{"count":4,"href":"https:\/\/www.ifbaiano.edu.br\/unidades\/itaberaba\/wp-json\/wp\/v2\/pages\/3000\/revisions"}],"predecessor-version":[{"id":3020,"href":"https:\/\/www.ifbaiano.edu.br\/unidades\/itaberaba\/wp-json\/wp\/v2\/pages\/3000\/revisions\/3020"}],"wp:attachment":[{"href":"https:\/\/www.ifbaiano.edu.br\/unidades\/itaberaba\/wp-json\/wp\/v2\/media?parent=3000"}],"curies":[{"name":"wp","href":"https:\/\/api.w.org\/{rel}","templated":true}]}}