{"id":3135,"date":"2020-03-03T10:44:52","date_gmt":"2020-03-03T13:44:52","guid":{"rendered":"https:\/\/www.ifbaiano.edu.br\/unidades\/itaberaba\/?page_id=3135"},"modified":"2025-04-01T01:49:06","modified_gmt":"2025-04-01T04:49:06","slug":"plano-anual-de-contratacoes-pac","status":"publish","type":"page","link":"https:\/\/www.ifbaiano.edu.br\/unidades\/itaberaba\/plano-anual-de-contratacoes-pac\/","title":{"rendered":"Plano Anual de Contrata\u00e7\u00f5es \u2013 PAC"},"content":{"rendered":"\n<p><a href=\"https:\/\/www.ifbaiano.edu.br\/unidades\/itaberaba\/files\/2025\/04\/Relatorio-do-Plano-de-Contratacao-Anual-2025.ods\" target=\"_blank\" rel=\"noreferrer noopener\">Relat\u00f3rio do Plano de Contrata\u00e7\u00e3o Anual &#8211; 2025<\/a><\/p>\n\n\n\n<p><a href=\"https:\/\/www.ifbaiano.edu.br\/unidades\/itaberaba\/files\/2024\/03\/Relatorio-do-Plano-de-Contratacao-Anual-2024.ods\" target=\"_blank\" rel=\"noreferrer noopener\">Relat\u00f3rio do Plano de Contrata\u00e7\u00e3o Anual &#8211; 2024<\/a><\/p>\n\n\n\n\n\n<p><a href=\"https:\/\/www.ifbaiano.edu.br\/unidades\/itaberaba\/files\/2024\/03\/Relatorio-do-Plano-de-Contratacao-Anual-2023.ods\" target=\"_blank\" rel=\"noreferrer noopener\">Relat\u00f3rio do Plano de Contrata\u00e7\u00e3o Anual &#8211; 2023<\/a><\/p>\n\n\n\n<p><a href=\"https:\/\/www.ifbaiano.edu.br\/unidades\/itaberaba\/files\/2024\/03\/Relatorio-do-Plano-de-Contratacao-Anual-2022.ods\" target=\"_blank\" rel=\"noreferrer noopener\">Relat\u00f3rio do Plano de Contrata\u00e7\u00e3o Anual &#8211; 2022<\/a><\/p>\n\n\n\n<p><a rel=\"noreferrer noopener\" aria-label=\"Relat\u00f3rio do Plano Anual de Contrata\u00e7\u00f5es \u2013 PAC 2021 (abre numa nova aba)\" href=\"https:\/\/www.ifbaiano.edu.br\/unidades\/itaberaba\/files\/2020\/08\/Relat\u00f3rio-PAC-2021-Campus-Itaberaba.pdf\" target=\"_blank\">Relat\u00f3rio do Plano Anual de Contrata\u00e7\u00f5es &#8211; 2021<\/a><\/p>\n\n\n\n<p><a rel=\"noreferrer noopener\" aria-label=\" Relat\u00f3rio do Plano Anual de Contrata\u00e7\u00f5es \u2013 PAC 2020 (abre numa nova aba)\" href=\"https:\/\/www.ifbaiano.edu.br\/unidades\/itaberaba\/files\/2020\/08\/Relat\u00f3rio-PAC-2020-Campus-Itaberaba.pdf\" target=\"_blank\">Relat\u00f3rio do Plano Anual de Contrata\u00e7\u00f5es &#8211; 2020<\/a><\/p>\n\n\n\n<p><\/p>\n\n\n\n<p>A consulta do&nbsp;<strong>Plano Anual de Contrata\u00e7\u00f5es \u2013 PAC <\/strong>tamb\u00e9m est\u00e1 dispon\u00edvel no endere\u00e7o eletr\u00f4nico abaixo, clicando em \u201cacessar compras\u201d pesquisando pelo UASG n\u00ba 155884:<\/p>\n\n\n\n<p><a rel=\"noreferrer noopener\" aria-label=\" (abre numa nova aba)\" href=\"http:\/\/paineldecompras.economia.gov.br\/\" target=\"_blank\">http:\/\/paineldecompras.economia.gov.br\/<\/a><\/p>\n\n\n","protected":false},"excerpt":{"rendered":"<p>Relat\u00f3rio do Plano de Contrata\u00e7\u00e3o Anual &#8211; 2025 Relat\u00f3rio do Plano de Contrata\u00e7\u00e3o Anual &#8211; 2024 Relat\u00f3rio do Plano de Contrata\u00e7\u00e3o Anual &#8211; 2023 Relat\u00f3rio do Plano de Contrata\u00e7\u00e3o Anual &#8211; 2022 Relat\u00f3rio do Plano Anual de Contrata\u00e7\u00f5es &#8211; 2021 Relat\u00f3rio do Plano Anual de Contrata\u00e7\u00f5es &#8211; 2020 A consulta do&nbsp;Plano Anual de Contrata\u00e7\u00f5es \u2013 [&hellip;]<\/p>\n","protected":false},"author":104,"featured_media":0,"parent":0,"menu_order":0,"comment_status":"closed","ping_status":"closed","template":"","meta":[],"_links":{"self":[{"href":"https:\/\/www.ifbaiano.edu.br\/unidades\/itaberaba\/wp-json\/wp\/v2\/pages\/3135"}],"collection":[{"href":"https:\/\/www.ifbaiano.edu.br\/unidades\/itaberaba\/wp-json\/wp\/v2\/pages"}],"about":[{"href":"https:\/\/www.ifbaiano.edu.br\/unidades\/itaberaba\/wp-json\/wp\/v2\/types\/page"}],"author":[{"embeddable":true,"href":"https:\/\/www.ifbaiano.edu.br\/unidades\/itaberaba\/wp-json\/wp\/v2\/users\/104"}],"replies":[{"embeddable":true,"href":"https:\/\/www.ifbaiano.edu.br\/unidades\/itaberaba\/wp-json\/wp\/v2\/comments?post=3135"}],"version-history":[{"count":10,"href":"https:\/\/www.ifbaiano.edu.br\/unidades\/itaberaba\/wp-json\/wp\/v2\/pages\/3135\/revisions"}],"predecessor-version":[{"id":9222,"href":"https:\/\/www.ifbaiano.edu.br\/unidades\/itaberaba\/wp-json\/wp\/v2\/pages\/3135\/revisions\/9222"}],"wp:attachment":[{"href":"https:\/\/www.ifbaiano.edu.br\/unidades\/itaberaba\/wp-json\/wp\/v2\/media?parent=3135"}],"curies":[{"name":"wp","href":"https:\/\/api.w.org\/{rel}","templated":true}]}}