{"id":3422,"date":"2020-05-14T09:49:04","date_gmt":"2020-05-14T12:49:04","guid":{"rendered":"https:\/\/www.ifbaiano.edu.br\/unidades\/itaberaba\/?page_id=3422"},"modified":"2020-05-14T10:07:44","modified_gmt":"2020-05-14T13:07:44","slug":"referencia-2020","status":"publish","type":"page","link":"https:\/\/www.ifbaiano.edu.br\/unidades\/itaberaba\/referencia-2020\/","title":{"rendered":"Refer\u00eancia 2020"},"content":{"rendered":"\n<p><a rel=\"noreferrer noopener\" aria-label=\"Retomada de constru\u00e7\u00e3o do Refeit\u00f3rio (abre numa nova aba)\" href=\"https:\/\/www.ifbaiano.edu.br\/unidades\/itaberaba\/edital-de-licitacao-para-construcao-de-refeitorio\/\" target=\"_blank\">Tomada de Pre\u00e7os &#8211; Retomada de constru\u00e7\u00e3o do Refeit\u00f3rio<\/a><\/p>\n","protected":false},"excerpt":{"rendered":"<p>Tomada de Pre\u00e7os &#8211; Retomada de constru\u00e7\u00e3o do Refeit\u00f3rio<\/p>\n","protected":false},"author":104,"featured_media":0,"parent":0,"menu_order":0,"comment_status":"closed","ping_status":"closed","template":"","meta":[],"_links":{"self":[{"href":"https:\/\/www.ifbaiano.edu.br\/unidades\/itaberaba\/wp-json\/wp\/v2\/pages\/3422"}],"collection":[{"href":"https:\/\/www.ifbaiano.edu.br\/unidades\/itaberaba\/wp-json\/wp\/v2\/pages"}],"about":[{"href":"https:\/\/www.ifbaiano.edu.br\/unidades\/itaberaba\/wp-json\/wp\/v2\/types\/page"}],"author":[{"embeddable":true,"href":"https:\/\/www.ifbaiano.edu.br\/unidades\/itaberaba\/wp-json\/wp\/v2\/users\/104"}],"replies":[{"embeddable":true,"href":"https:\/\/www.ifbaiano.edu.br\/unidades\/itaberaba\/wp-json\/wp\/v2\/comments?post=3422"}],"version-history":[{"count":5,"href":"https:\/\/www.ifbaiano.edu.br\/unidades\/itaberaba\/wp-json\/wp\/v2\/pages\/3422\/revisions"}],"predecessor-version":[{"id":3437,"href":"https:\/\/www.ifbaiano.edu.br\/unidades\/itaberaba\/wp-json\/wp\/v2\/pages\/3422\/revisions\/3437"}],"wp:attachment":[{"href":"https:\/\/www.ifbaiano.edu.br\/unidades\/itaberaba\/wp-json\/wp\/v2\/media?parent=3422"}],"curies":[{"name":"wp","href":"https:\/\/api.w.org\/{rel}","templated":true}]}}