{"id":3429,"date":"2020-05-14T10:02:14","date_gmt":"2020-05-14T13:02:14","guid":{"rendered":"https:\/\/www.ifbaiano.edu.br\/unidades\/itaberaba\/?page_id=3429"},"modified":"2020-06-29T11:58:30","modified_gmt":"2020-06-29T14:58:30","slug":"edital-de-licitacao-para-construcao-de-refeitorio","status":"publish","type":"page","link":"https:\/\/www.ifbaiano.edu.br\/unidades\/itaberaba\/edital-de-licitacao-para-construcao-de-refeitorio\/","title":{"rendered":"Tomada de Pre\u00e7os \u2013 Retomada de constru\u00e7\u00e3o do Refeit\u00f3rio"},"content":{"rendered":"\n<p><a href=\"https:\/\/www.ifbaiano.edu.br\/unidades\/itaberaba\/files\/2020\/06\/01_2020_ORDEM-DE-SERVI\u00c7O_OBRA-ENGENHARIA.pdf\" target=\"_blank\" rel=\"noreferrer noopener\" aria-label=\"Ordem de servi\u00e7o  (abre numa nova aba)\">Ordem de servi\u00e7o <\/a><\/p>\n\n\n\n<p><a rel=\"noreferrer noopener\" aria-label=\"Adjudica\u00e7\u00e3o e Homologa\u00e7\u00e3o Tomada de Pre\u00e7os N\u00ba 1\/2020 (abre numa nova aba)\" href=\"https:\/\/www.ifbaiano.edu.br\/unidades\/itaberaba\/files\/2020\/06\/Adjudica\u00e7\u00e3o-e-Homologa\u00e7\u00e3o-TP-01-2020.pdf\" target=\"_blank\">Adjudica\u00e7\u00e3o e Homologa\u00e7\u00e3o Tomada de Pre\u00e7os N\u00ba 1\/2020 &#8211; DOU<\/a><\/p>\n\n\n\n<p><a rel=\"noreferrer noopener\" aria-label=\"Decis\u00e3o da (abre numa nova aba)\" href=\"https:\/\/www.ifbaiano.edu.br\/unidades\/itaberaba\/files\/2020\/06\/Decis\u00e3o-DG-sobre-Recurso.pdf\" target=\"_blank\">Decis\u00e3o da Dire\u00e7\u00e3o Geral sobre recurso<\/a><\/p>\n\n\n\n<p><a rel=\"noreferrer noopener\" aria-label=\"Parecer Jur\u00eddico (abre numa nova aba)\" href=\"https:\/\/www.ifbaiano.edu.br\/unidades\/itaberaba\/files\/2020\/06\/Parecer-Jur\u00eddico-Indeferimento-do-Recurso.pdf\" target=\"_blank\">Parecer Jur\u00eddico sobre recurso contra proposta vencedora<\/a><\/p>\n\n\n\n<p><a rel=\"noreferrer noopener\" aria-label=\"Julgamento do recurso (abre numa nova aba)\" href=\"https:\/\/www.ifbaiano.edu.br\/unidades\/itaberaba\/files\/2020\/06\/Julgamento-Recurso-UTP.pdf\" target=\"_blank\">Julgamento do recurso contra proposta vencedora<\/a><\/p>\n\n\n\n<p><a rel=\"noreferrer noopener\" aria-label=\"Resposta Construkeruv Constru\u00e7\u00f5es sobre recurso (abre numa nova aba)\" href=\"https:\/\/www.ifbaiano.edu.br\/unidades\/itaberaba\/files\/2020\/06\/Resposta-Construkeruv-sobre-recurso-UTP.pdf\" target=\"_blank\">Resposta do recurso referente a proposta vencedora<\/a><\/p>\n\n\n\n<p><a href=\"https:\/\/www.ifbaiano.edu.br\/unidades\/itaberaba\/files\/2020\/06\/Recurso-UTP-contra-proposta-vencedora.pdf\" target=\"_blank\" rel=\"noreferrer noopener\" aria-label=\"Recurso contra proposta vencedora (abre numa nova aba)\">Recurso contra proposta vencedora<\/a><\/p>\n\n\n\n<p><a href=\"https:\/\/www.ifbaiano.edu.br\/unidades\/itaberaba\/files\/2020\/06\/RESULTADO-DE-JULGAMENTO-TOMADA-DE-PRE\u00c7OS-N\u00b0-1_2020.pdf\" target=\"_blank\" rel=\"noreferrer noopener\" aria-label=\"Resultado de Julgamento das Propostas - Di\u00e1rio Oficial (abre numa nova aba)\">Resultado de Julgamento das Propostas &#8211; Di\u00e1rio Oficial<\/a><\/p>\n\n\n\n<p><a href=\"https:\/\/www.ifbaiano.edu.br\/unidades\/itaberaba\/propostas-de-precos-das-empresas-licitantes\/\" target=\"_blank\" rel=\"noreferrer noopener\" aria-label=\"Propostas de pre\u00e7os das empresas licitantes (abre numa nova aba)\">Propostas de pre\u00e7os das empresas licitantes<\/a><\/p>\n\n\n\n<p><a href=\"https:\/\/www.ifbaiano.edu.br\/unidades\/itaberaba\/files\/2020\/06\/Parecer-Engenharia-sobre-Propostas-de-Pre\u00e7os.pdf\" target=\"_blank\" rel=\"noreferrer noopener\" aria-label=\"Parecer Engenharia sobre Propostas (abre numa nova aba)\">Parecer Engenharia sobre Propostas<\/a><\/p>\n\n\n\n<p><a href=\"https:\/\/www.ifbaiano.edu.br\/unidades\/itaberaba\/files\/2020\/06\/Ata-TP-01-2020-Refeitorio-Itaberaba-1.pdf\" target=\"_blank\" rel=\"noreferrer noopener\" aria-label=\"Ata da Sess\u00e3o da Abertura de Propostas (abre numa nova aba)\">Ata da Sess\u00e3o da Abertura de Propostas<\/a><\/p>\n\n\n\n<p><a href=\"https:\/\/www.ifbaiano.edu.br\/unidades\/itaberaba\/files\/2020\/06\/ERRATA.pdf\" target=\"_blank\" rel=\"noreferrer noopener\" aria-label=\"Errata (abre numa nova aba)\">Errata<\/a><\/p>\n\n\n\n<p><a href=\"https:\/\/www.ifbaiano.edu.br\/unidades\/itaberaba\/files\/2020\/06\/Julgamento-Recursos.pdf\" target=\"_blank\" rel=\"noreferrer noopener\" aria-label=\"Julgamento dos recursos (abre numa nova aba)\">Julgamento dos recursos<\/a><\/p>\n\n\n\n<p><a rel=\"noreferrer noopener\" aria-label=\"Recursos (abre numa nova aba)\" href=\"https:\/\/www.ifbaiano.edu.br\/unidades\/itaberaba\/recursos\/\" target=\"_blank\">Recursos<\/a><\/p>\n\n\n\n<p> <a rel=\"noreferrer noopener\" href=\"https:\/\/www.ifbaiano.edu.br\/unidades\/itaberaba\/files\/2020\/05\/RESULTADO-DE-HABILITA%C3%87%C3%83O-TOMADA-DE-PRE%C3%87OS-N%C2%B0-01_2020-RESULTADO-DE-HABILITA%C3%87%C3%83O-TOMADA-DE-PRE%C3%87OS-N%C2%B0-01_2020-DOU-Imprensa-Nacional.pdf\" target=\"_blank\">Extrato da Publica\u00e7\u00e3o do Resultado da Habilita\u00e7\u00e3o no DOU<\/a> <\/p>\n\n\n\n<p> <a rel=\"noreferrer noopener\" href=\"https:\/\/www.ifbaiano.edu.br\/unidades\/itaberaba\/files\/2020\/05\/ATA-JULGAMENTO-HABILITA%C3%87%C3%83O.pdf\" target=\"_blank\">Ata de Julgamento da Habilita\u00e7\u00e3o dos Licitantes<\/a> <\/p>\n\n\n\n<p><a rel=\"noreferrer noopener\" href=\"https:\/\/www.ifbaiano.edu.br\/unidades\/itaberaba\/files\/2020\/04\/Respostas-aos-questionamentos-1.pdf\" target=\"_blank\">Respostas aos questionamentos<\/a><\/p>\n\n\n\n<p><a rel=\"noreferrer noopener\" href=\"https:\/\/www.ifbaiano.edu.br\/unidades\/itaberaba\/files\/2020\/04\/Nota-explicativa-1.pdf\" target=\"_blank\">Nota Explicativa<\/a><\/p>\n\n\n\n<p><a rel=\"noreferrer noopener\" href=\"https:\/\/www.ifbaiano.edu.br\/unidades\/itaberaba\/?p=3279&amp;preview=true\" target=\"_blank\">Plantas<\/a><\/p>\n\n\n\n<p><a href=\"https:\/\/www.ifbaiano.edu.br\/unidades\/itaberaba\/2020\/04\/20\/memorial-descritivo-e-planilha\/?preview=true\" target=\"_blank\" rel=\"noreferrer noopener\">Memorial descritivo e Planilha<\/a><\/p>\n\n\n\n<p> <a rel=\"noreferrer noopener\" href=\"https:\/\/www.ifbaiano.edu.br\/unidades\/itaberaba\/?p=3228&amp;preview=true\" target=\"_blank\">Edital N\u00ba 05\/2020 e Anexos<\/a> <\/p>\n","protected":false},"excerpt":{"rendered":"<p>Ordem de servi\u00e7o Adjudica\u00e7\u00e3o e Homologa\u00e7\u00e3o Tomada de Pre\u00e7os N\u00ba 1\/2020 &#8211; DOU Decis\u00e3o da Dire\u00e7\u00e3o Geral sobre recurso Parecer Jur\u00eddico sobre recurso contra proposta vencedora Julgamento do recurso contra proposta vencedora Resposta do recurso referente a proposta vencedora Recurso contra proposta vencedora Resultado de Julgamento das Propostas &#8211; Di\u00e1rio Oficial Propostas de pre\u00e7os das [&hellip;]<\/p>\n","protected":false},"author":104,"featured_media":0,"parent":0,"menu_order":0,"comment_status":"closed","ping_status":"closed","template":"","meta":[],"_links":{"self":[{"href":"https:\/\/www.ifbaiano.edu.br\/unidades\/itaberaba\/wp-json\/wp\/v2\/pages\/3429"}],"collection":[{"href":"https:\/\/www.ifbaiano.edu.br\/unidades\/itaberaba\/wp-json\/wp\/v2\/pages"}],"about":[{"href":"https:\/\/www.ifbaiano.edu.br\/unidades\/itaberaba\/wp-json\/wp\/v2\/types\/page"}],"author":[{"embeddable":true,"href":"https:\/\/www.ifbaiano.edu.br\/unidades\/itaberaba\/wp-json\/wp\/v2\/users\/104"}],"replies":[{"embeddable":true,"href":"https:\/\/www.ifbaiano.edu.br\/unidades\/itaberaba\/wp-json\/wp\/v2\/comments?post=3429"}],"version-history":[{"count":19,"href":"https:\/\/www.ifbaiano.edu.br\/unidades\/itaberaba\/wp-json\/wp\/v2\/pages\/3429\/revisions"}],"predecessor-version":[{"id":5178,"href":"https:\/\/www.ifbaiano.edu.br\/unidades\/itaberaba\/wp-json\/wp\/v2\/pages\/3429\/revisions\/5178"}],"wp:attachment":[{"href":"https:\/\/www.ifbaiano.edu.br\/unidades\/itaberaba\/wp-json\/wp\/v2\/media?parent=3429"}],"curies":[{"name":"wp","href":"https:\/\/api.w.org\/{rel}","templated":true}]}}