{"id":3446,"date":"2020-05-20T11:17:44","date_gmt":"2020-05-20T14:17:44","guid":{"rendered":"https:\/\/www.ifbaiano.edu.br\/unidades\/itaberaba\/?page_id=3446"},"modified":"2020-06-10T11:34:08","modified_gmt":"2020-06-10T14:34:08","slug":"grupo-de-pesquisa-em-gestao-e-desenvolvimento","status":"publish","type":"page","link":"https:\/\/www.ifbaiano.edu.br\/unidades\/itaberaba\/grupo-de-pesquisa-em-gestao-e-desenvolvimento\/","title":{"rendered":"Grupo de Pesquisa em Gest\u00e3o e Desenvolvimento"},"content":{"rendered":"\n<p>O <strong>Grupo de Pesquisa em Gest\u00e3o e Desenvolvimento<\/strong> &#8211; GDES nasceu no cora\u00e7\u00e3o de professores do IF Baiano Campus Itaberaba e tem por objetivo construir e disseminar conhecimento que contribua para a sociedade, por meio de pesquisas com relev\u00e2ncia pr\u00e1tica e te\u00f3rica que envolvam as comunidades interna e externa do IF Baiano.<\/p>\n\n\n\n<p>Ar\u00e9as de pesquisa: <em> Empreendedorismo<\/em>; <em>Gest\u00e3o de pessoas<\/em>; <em>Gest\u00e3o de agroneg\u00f3cios<\/em>; <em>Gest\u00e3o da qualidade de alimentos<\/em>.<\/p>\n\n\n\n<p>Equipe:<\/p>\n\n\n\n<p>Prof\u00aa. Aleciane Moreira (Coordenadora)<br> Prof\u00aa. Helo\u00edsa Helena de Abreu Martins<br> Prof\u00aa. Lizziane Arg\u00f4lo-Batista (Vice-Coordenadora) <br> Prof. Ubiratan Oliveira Souza <br><\/p>\n\n\n\n<p>Leia a <a rel=\"noreferrer noopener\" aria-label=\"apresenta\u00e7\u00e3o (abre numa nova aba)\" href=\"https:\/\/www.ifbaiano.edu.br\/unidades\/itaberaba\/files\/2020\/05\/Grupo-de-Pesquisa-em-Gest\u00e3o-e-Desenvolvilmento_Apresenta\u00e7\u00e3o_comp.pdf\" target=\"_blank\">apresenta\u00e7\u00e3o<\/a>  do GDES para mais informa\u00e7\u00f5es.<\/p>\n\n\n\n<p>Os discentes interessados em participar do Grupo de Pesquisa podem se inscrever para sele\u00e7\u00e3o,  at\u00e9 o dia 30 de junho, atrav\u00e9s do <a rel=\"noreferrer noopener\" aria-label=\"formul\u00e1rio online (abre numa nova aba)\" href=\"https:\/\/docs.google.com\/forms\/d\/1nKa-riFuV4p-bpaCqFNeGLgK0qLuGD3Y8nVhfOZQsZs\/viewform?edit_requested=true\" target=\"_blank\">formul\u00e1rio online<\/a>.<\/p>\n\n\n\n<p><\/p>\n\n\n\n<div class=\"wp-block-image\"><figure class=\"aligncenter size-large is-resized\"><img decoding=\"async\" loading=\"lazy\" src=\"https:\/\/www.ifbaiano.edu.br\/unidades\/itaberaba\/files\/2020\/05\/Gdes_Logo.jpg\" alt=\"\" class=\"wp-image-3449\" width=\"260\" height=\"368\" \/><\/figure><\/div>\n\n\n\n<p><br><\/p>\n","protected":false},"excerpt":{"rendered":"<p>O Grupo de Pesquisa em Gest\u00e3o e Desenvolvimento &#8211; GDES nasceu no cora\u00e7\u00e3o de professores do IF Baiano Campus Itaberaba e tem por objetivo construir e disseminar conhecimento que contribua para a sociedade, por meio de pesquisas com relev\u00e2ncia pr\u00e1tica e te\u00f3rica que envolvam as comunidades interna e externa do IF Baiano. Ar\u00e9as de pesquisa: [&hellip;]<\/p>\n","protected":false},"author":104,"featured_media":0,"parent":0,"menu_order":0,"comment_status":"closed","ping_status":"closed","template":"","meta":[],"_links":{"self":[{"href":"https:\/\/www.ifbaiano.edu.br\/unidades\/itaberaba\/wp-json\/wp\/v2\/pages\/3446"}],"collection":[{"href":"https:\/\/www.ifbaiano.edu.br\/unidades\/itaberaba\/wp-json\/wp\/v2\/pages"}],"about":[{"href":"https:\/\/www.ifbaiano.edu.br\/unidades\/itaberaba\/wp-json\/wp\/v2\/types\/page"}],"author":[{"embeddable":true,"href":"https:\/\/www.ifbaiano.edu.br\/unidades\/itaberaba\/wp-json\/wp\/v2\/users\/104"}],"replies":[{"embeddable":true,"href":"https:\/\/www.ifbaiano.edu.br\/unidades\/itaberaba\/wp-json\/wp\/v2\/comments?post=3446"}],"version-history":[{"count":8,"href":"https:\/\/www.ifbaiano.edu.br\/unidades\/itaberaba\/wp-json\/wp\/v2\/pages\/3446\/revisions"}],"predecessor-version":[{"id":3626,"href":"https:\/\/www.ifbaiano.edu.br\/unidades\/itaberaba\/wp-json\/wp\/v2\/pages\/3446\/revisions\/3626"}],"wp:attachment":[{"href":"https:\/\/www.ifbaiano.edu.br\/unidades\/itaberaba\/wp-json\/wp\/v2\/media?parent=3446"}],"curies":[{"name":"wp","href":"https:\/\/api.w.org\/{rel}","templated":true}]}}