{"id":38,"date":"2017-02-08T16:32:18","date_gmt":"2017-02-08T18:32:18","guid":{"rendered":"http:\/\/www.ifbaiano.edu.br\/unidades\/xique-xique\/?page_id=29"},"modified":"2017-02-08T16:32:18","modified_gmt":"2017-02-08T18:32:18","slug":"servico-de-informacao-ao-cidadao-sic","status":"publish","type":"page","link":"https:\/\/www.ifbaiano.edu.br\/unidades\/itaberaba\/servico-de-informacao-ao-cidadao-sic\/","title":{"rendered":"Servi\u00e7o de informa\u00e7\u00e3o ao Cidad\u00e3o &#8211; SIC"},"content":{"rendered":"<div class=\"tituloNoticiaDestaque\">Agora todo \u00f3rg\u00e3o p\u00fablico deve ter um setor de informa\u00e7\u00f5es, o SIC \u2013 Servi\u00e7o de Informa\u00e7\u00e3o ao Cidad\u00e3o. Qualquer pessoa f\u00edsica ou jur\u00eddica\u00a0pode solicitar informa\u00e7\u00f5es.<\/div>\n<div class=\"textoNoticiaDestaque\">\n<p>Confira a <a href=\"http:\/\/www.cgu.gov.br\/acessoainformacaogov\/destaques\/cartilha.asp\">Cartilha Acesso \u00e0 Informa\u00e7\u00e3o P\u00fablica<\/a><\/p>\n<h3>\u00a0<strong>O que \u00e9 o e-SIC<\/strong><\/h3>\n<p>Sistema em plataforma web que centraliza todos os pedidos de informa\u00e7\u00e3o amparados pela Lei 12.527\/2011 que forem dirigidos ao Poder Executivo Federal.<\/p>\n<p><a href=\"http:\/\/www.ifbaiano.edu.br\/portalteste\/wp-content\/uploads\/2012\/05\/E-SIC.pdf\">conhe\u00e7a o e-SIC<\/a><\/p>\n<p>O Sistema de Informa\u00e7\u00f5es\u00a0ao Cidad\u00e3o do IF BAIANO (SIC \u2013 IF BAIANO) est\u00e1 dispon\u00edvel para atendimento ao p\u00fablico\u00a0desde 16 de maio de 2012, de acordo com a <a href=\"http:\/\/www.planalto.gov.br\/ccivil_03\/_ato2011-2014\/2011\/lei\/l12527.htm\">Lei 12.527\/2011<\/a><\/p>\n<p><strong>Localiza\u00e7\u00e3o<\/strong><br \/>\nReitoria do IF Baiano Endere\u00e7o: Rua do Rouxinol, n\u00ba 115 \u2013 Bairro: Imbu\u00ed | Salvador-BA CEP: 41720-052 , Telefone: (71) 3186-0049<\/p>\n<p><strong>Hor\u00e1rio de atendimento<\/strong><\/p>\n<p>Das 8h \u00e0s 12h e das 13h \u00e0s 17h<\/p>\n<p><strong>Equipe<\/strong><\/p>\n<p>Tamilis Cerqueira<\/p>\n<p><strong>Como Pedir uma informa\u00e7\u00e3o:<br \/>\n<\/strong><\/p>\n<p><em>Pedido Presencial<\/em><\/p>\n<p>1. Dirija-se \u00e0 unidade f\u00edsica do SIC pertencente ao \u00f3rg\u00e3o ao qual voc\u00ea pretende solicitar a informa\u00e7\u00e3o<\/p>\n<p>2. Preencha o Formul\u00e1rio de Acesso:<\/p>\n<ul>\n<li><a href=\"http:\/\/www.acessoainformacao.gov.br\/acessoainformacaogov\/sic\/arquivos\/formulario-solicitacao-informacao-pn.pdf\" target=\"_blank\">Pessoa natural<\/a><\/li>\n<\/ul>\n<ul>\n<li><a href=\"http:\/\/www.acessoainformacao.gov.br\/acessoainformacaogov\/sic\/arquivos\/formulario-solicitacao-informacao-pj.pdf\" target=\"_blank\">Pessoa jur\u00eddica<\/a><\/li>\n<\/ul>\n<p><em>Pedido Eletr\u00f4nico<\/em><\/p>\n<p>Acesse o e-SIC (Sistema Eletr\u00f4nico do Servi\u00e7o de Informa\u00e7\u00f5es ao Cidad\u00e3o):<\/p>\n<p><a href=\"http:\/\/www.acessoainformacao.gov.br\/sistema\/\" target=\"_blank\">www.acessoainformacao.gov.br\/sistema\/<\/a><\/p>\n<p><strong>Como entrar com recurso:<\/strong><\/p>\n<p><em>Pedido Presencial<\/em><\/p>\n<p>1. Dirija-se \u00e0 unidade f\u00edsica do SIC pertencente ao \u00f3rg\u00e3o que ir\u00e1 responder o pedido realizado<\/p>\n<p>2. Preencha o formul\u00e1rio para \u201cRecorrer \u00e0 1\u00aa Inst\u00e2ncia\u201d<\/p>\n<ul>\n<li><a href=\"http:\/\/www.ifbaiano.edu.br\/reitoria\/?attachment_id=10517\" rel=\"attachment wp-att-10517\">Pessoa natural<\/a><\/li>\n<\/ul>\n<ul>\n<li><a href=\"http:\/\/www.ifbaiano.edu.br\/reitoria\/?attachment_id=10518\" rel=\"attachment wp-att-10518\">Pessoa jur\u00eddica<\/a><\/li>\n<\/ul>\n<p>3. Aguarde a inser\u00e7\u00e3o da solicita\u00e7\u00e3o no e-SIC<\/p>\n<p><em>Pedido Eletr\u00f4nico<\/em><\/p>\n<p>1. Acesse o e-SIC (Sistema Eletr\u00f4nico do Servi\u00e7o de Informa\u00e7\u00f5es ao Cidad\u00e3o):<\/p>\n<ul>\n<li><a href=\"http:\/\/www.acessoainformacao.gov.br\/sistema\/\" target=\"_blank\">www.acessoainformacao.gov.br\/sistema\/<\/a><\/li>\n<\/ul>\n<p>2. Insira o seu login e senha para acessar o sistema<\/p>\n<p>3. Clique em \u201cConsultar Pedido\u201d<\/p>\n<p>4. Preencha o formul\u00e1rio com o n\u00famero de protocolo do pedido que deseja entrar com o pedido de recurso<\/p>\n<p>5. Clique em \u201cRecorrer a 1\u00ba Inst\u00e2ncia\u201d<\/p>\n<p>6. Preencha o formul\u00e1rio e clique em \u201cConcluir\u201d<\/p>\n<\/div>\n","protected":false},"excerpt":{"rendered":"<p>Agora todo \u00f3rg\u00e3o p\u00fablico deve ter um setor de informa\u00e7\u00f5es, o SIC \u2013 Servi\u00e7o de Informa\u00e7\u00e3o ao Cidad\u00e3o. Qualquer pessoa f\u00edsica ou jur\u00eddica\u00a0pode solicitar informa\u00e7\u00f5es. Confira a Cartilha Acesso \u00e0 Informa\u00e7\u00e3o P\u00fablica \u00a0O que \u00e9 o e-SIC Sistema em plataforma web que centraliza todos os pedidos de informa\u00e7\u00e3o amparados pela Lei 12.527\/2011 que forem dirigidos [&hellip;]<\/p>\n","protected":false},"author":74,"featured_media":0,"parent":0,"menu_order":0,"comment_status":"closed","ping_status":"closed","template":"","meta":[],"_links":{"self":[{"href":"https:\/\/www.ifbaiano.edu.br\/unidades\/itaberaba\/wp-json\/wp\/v2\/pages\/38"}],"collection":[{"href":"https:\/\/www.ifbaiano.edu.br\/unidades\/itaberaba\/wp-json\/wp\/v2\/pages"}],"about":[{"href":"https:\/\/www.ifbaiano.edu.br\/unidades\/itaberaba\/wp-json\/wp\/v2\/types\/page"}],"author":[{"embeddable":true,"href":"https:\/\/www.ifbaiano.edu.br\/unidades\/itaberaba\/wp-json\/wp\/v2\/users\/74"}],"replies":[{"embeddable":true,"href":"https:\/\/www.ifbaiano.edu.br\/unidades\/itaberaba\/wp-json\/wp\/v2\/comments?post=38"}],"version-history":[{"count":0,"href":"https:\/\/www.ifbaiano.edu.br\/unidades\/itaberaba\/wp-json\/wp\/v2\/pages\/38\/revisions"}],"wp:attachment":[{"href":"https:\/\/www.ifbaiano.edu.br\/unidades\/itaberaba\/wp-json\/wp\/v2\/media?parent=38"}],"curies":[{"name":"wp","href":"https:\/\/api.w.org\/{rel}","templated":true}]}}