{"id":3816,"date":"2020-09-10T18:26:56","date_gmt":"2020-09-10T21:26:56","guid":{"rendered":"https:\/\/www.ifbaiano.edu.br\/unidades\/itaberaba\/?page_id=3816"},"modified":"2020-11-18T14:39:23","modified_gmt":"2020-11-18T17:39:23","slug":"auxilios-durante-a-pandemia-do-covid-19","status":"publish","type":"page","link":"https:\/\/www.ifbaiano.edu.br\/unidades\/itaberaba\/auxilios-durante-a-pandemia-do-covid-19\/","title":{"rendered":"Aux\u00edlios durante a Pandemia da Covid-19"},"content":{"rendered":"\n<p><a href=\"https:\/\/www.ifbaiano.edu.br\/unidades\/itaberaba\/2020\/11\/13\/if-baiano-cria-auxilios-digitais-para-viabilizar-ensino-remoto\/\" target=\"_blank\" rel=\"noreferrer noopener\">Programa de Inclus\u00e3o Digital<\/a><\/p>\n\n\n\n<p><a rel=\"noreferrer noopener\" aria-label=\"Aux\u00edlio Digital Extraordin\u00e1rio (abre numa nova aba)\" href=\"https:\/\/www.ifbaiano.edu.br\/unidades\/itaberaba\/auxilio-digital-extraordinario\/\" target=\"_blank\">Aux\u00edlio Digital Extraordin\u00e1rio<\/a><\/p>\n\n\n\n<p><a rel=\"noreferrer noopener\" aria-label=\"Kit Alimentar (abre numa nova aba)\" href=\"https:\/\/www.ifbaiano.edu.br\/unidades\/itaberaba\/kit-alimentar\/\" target=\"_blank\">Kit Alimentar<\/a><\/p>\n\n\n\n<p><a href=\"https:\/\/www.ifbaiano.edu.br\/unidades\/itaberaba\/auxilio-emergencial\/\" target=\"_blank\" rel=\"noreferrer noopener\" aria-label=\"Aux\u00edlio Emergencial (abre numa nova aba)\">Aux\u00edlio Emergencial<\/a><\/p>\n","protected":false},"excerpt":{"rendered":"<p>Programa de Inclus\u00e3o Digital Aux\u00edlio Digital Extraordin\u00e1rio Kit Alimentar Aux\u00edlio Emergencial<\/p>\n","protected":false},"author":104,"featured_media":0,"parent":0,"menu_order":0,"comment_status":"closed","ping_status":"closed","template":"","meta":[],"_links":{"self":[{"href":"https:\/\/www.ifbaiano.edu.br\/unidades\/itaberaba\/wp-json\/wp\/v2\/pages\/3816"}],"collection":[{"href":"https:\/\/www.ifbaiano.edu.br\/unidades\/itaberaba\/wp-json\/wp\/v2\/pages"}],"about":[{"href":"https:\/\/www.ifbaiano.edu.br\/unidades\/itaberaba\/wp-json\/wp\/v2\/types\/page"}],"author":[{"embeddable":true,"href":"https:\/\/www.ifbaiano.edu.br\/unidades\/itaberaba\/wp-json\/wp\/v2\/users\/104"}],"replies":[{"embeddable":true,"href":"https:\/\/www.ifbaiano.edu.br\/unidades\/itaberaba\/wp-json\/wp\/v2\/comments?post=3816"}],"version-history":[{"count":5,"href":"https:\/\/www.ifbaiano.edu.br\/unidades\/itaberaba\/wp-json\/wp\/v2\/pages\/3816\/revisions"}],"predecessor-version":[{"id":4375,"href":"https:\/\/www.ifbaiano.edu.br\/unidades\/itaberaba\/wp-json\/wp\/v2\/pages\/3816\/revisions\/4375"}],"wp:attachment":[{"href":"https:\/\/www.ifbaiano.edu.br\/unidades\/itaberaba\/wp-json\/wp\/v2\/media?parent=3816"}],"curies":[{"name":"wp","href":"https:\/\/api.w.org\/{rel}","templated":true}]}}