{"id":3827,"date":"2020-09-10T18:26:08","date_gmt":"2020-09-10T21:26:08","guid":{"rendered":"https:\/\/www.ifbaiano.edu.br\/unidades\/itaberaba\/?page_id=3827"},"modified":"2020-09-10T18:35:45","modified_gmt":"2020-09-10T21:35:45","slug":"auxilio-emergencial","status":"publish","type":"page","link":"https:\/\/www.ifbaiano.edu.br\/unidades\/itaberaba\/auxilio-emergencial\/","title":{"rendered":"Aux\u00edlio Emergencial"},"content":{"rendered":"\n<p>Conforme Resolu\u00e7\u00e3o 65\/2020 \u2013 0S \u2013 CONSUP\/IFBAIANO, de\u00a027 de abril de 2020, o Aux\u00edlio financeiro em car\u00e1ter emergencial \u00e9 destinado aos estudantes em situa\u00e7\u00e3o de vulnerabilidade socioecon\u00f4mica, que estejam regularmente matriculados. No IF Baiano <em>Campus<\/em> Itaberaba, 85 alunos foram contemplados com 2 (duas) parcelas de R$120,00 reais do Aux\u00edlio Emergencial, que posteriormente foi prorrogado por mais 2 (duas) parcelas de R$120,00 reais. <\/p>\n\n\n\n<p><strong>DOCUMENTOS<\/strong><\/p>\n\n\n\n<p><a href=\"https:\/\/www.ifbaiano.edu.br\/unidades\/itaberaba\/files\/2020\/05\/Lista_Final_25_05_2020_Cursos-1.pdf\" target=\"_blank\" rel=\"noreferrer noopener\" aria-label=\"RESULTADO FINAL AUX\u00cdLIO EMERGENCIAL (abre numa nova aba)\">RESULTADO FINAL AUX\u00cdLIO EMERGENCIAL<\/a><\/p>\n\n\n\n<p><a href=\"https:\/\/www.ifbaiano.edu.br\/unidades\/itaberaba\/files\/2020\/05\/Lista_Preliminar-_20_05_2020_Cursos.pdf\" target=\"_blank\" rel=\"noreferrer noopener\" aria-label=\"RESULTADO PRELIMINAR DO AUX\u00cdLIO EMERGENCIAL (abre numa nova aba)\">RESULTADO PRELIMINAR DO AUX\u00cdLIO EMERGENCIAL<\/a><\/p>\n\n\n\n<p><a href=\"https:\/\/www.ifbaiano.edu.br\/unidades\/itaberaba\/files\/2020\/05\/Cronograma.pdf\" target=\"_blank\" rel=\"noreferrer noopener\" aria-label=\"CRONOGRAMA (abre numa nova aba)\">CRONOGRAMA<\/a><\/p>\n\n\n\n<p><a href=\"https:\/\/www.ifbaiano.edu.br\/unidades\/itaberaba\/files\/2020\/05\/Instru\u00e7\u00f5es-para-abrir-uma-conta-corrente-IF-Baiano.pdf\" target=\"_blank\" rel=\"noreferrer noopener\" aria-label=\"INSTRU\u00c7\u00d5ES PARA ABRIR UMA CONTA DIGITAL (abre numa nova aba)\">INSTRU\u00c7\u00d5ES PARA ABRIR UMA CONTA DIGITAL<\/a><\/p>\n\n\n\n<p><a href=\"https:\/\/www.ifbaiano.edu.br\/unidades\/itaberaba\/files\/2020\/05\/PORTARIA-28_2020-ITB-GAB_ITB-DG_RET_IFBAIANO.pdf\" target=\"_blank\" rel=\"noreferrer noopener\" aria-label=\"PORTARIA 28\/2020 COMISS\u00c3O LOCAL DE ASSIST\u00caNCIA ESTUDANTIL (CLAE) DO CAMPUS ITABERABA (abre numa nova aba)\">PORTARIA 28\/2020 COMISS\u00c3O LOCAL DE ASSIST\u00caNCIA ESTUDANTIL (CLAE) DO CAMPUS ITABERABA<\/a><\/p>\n\n\n\n<p><a rel=\"noreferrer noopener\" aria-label=\"RESOLU\u00c7\u00c3O 65\/2020 \u2013 REGULAMENTO DE CONCESS\u00c3O DE AUX\u00cdLIOS FINANCEIROS EM CAR\u00c1TER EMERGENCIAL (abre numa nova aba)\" href=\"https:\/\/www.ifbaiano.edu.br\/unidades\/itaberaba\/files\/2020\/05\/Resolu\u00e7\u00e3o-65_2020-OS-CONSUP_IFBAIANO.pdf\" target=\"_blank\">RESOLU\u00c7\u00c3O 65\/2020 \u2013 REGULAMENTO DE CONCESS\u00c3O DE AUX\u00cdLIOS FINANCEIROS EM CAR\u00c1TER EMERGENCIAL<\/a><\/p>\n\n\n<p><!--EndFragment--><\/p>","protected":false},"excerpt":{"rendered":"<p>Conforme Resolu\u00e7\u00e3o 65\/2020 \u2013 0S \u2013 CONSUP\/IFBAIANO, de\u00a027 de abril de 2020, o Aux\u00edlio financeiro em car\u00e1ter emergencial \u00e9 destinado aos estudantes em situa\u00e7\u00e3o de vulnerabilidade socioecon\u00f4mica, que estejam regularmente matriculados. No IF Baiano Campus Itaberaba, 85 alunos foram contemplados com 2 (duas) parcelas de R$120,00 reais do Aux\u00edlio Emergencial, que posteriormente foi prorrogado por [&hellip;]<\/p>\n","protected":false},"author":104,"featured_media":0,"parent":0,"menu_order":0,"comment_status":"closed","ping_status":"closed","template":"","meta":[],"_links":{"self":[{"href":"https:\/\/www.ifbaiano.edu.br\/unidades\/itaberaba\/wp-json\/wp\/v2\/pages\/3827"}],"collection":[{"href":"https:\/\/www.ifbaiano.edu.br\/unidades\/itaberaba\/wp-json\/wp\/v2\/pages"}],"about":[{"href":"https:\/\/www.ifbaiano.edu.br\/unidades\/itaberaba\/wp-json\/wp\/v2\/types\/page"}],"author":[{"embeddable":true,"href":"https:\/\/www.ifbaiano.edu.br\/unidades\/itaberaba\/wp-json\/wp\/v2\/users\/104"}],"replies":[{"embeddable":true,"href":"https:\/\/www.ifbaiano.edu.br\/unidades\/itaberaba\/wp-json\/wp\/v2\/comments?post=3827"}],"version-history":[{"count":4,"href":"https:\/\/www.ifbaiano.edu.br\/unidades\/itaberaba\/wp-json\/wp\/v2\/pages\/3827\/revisions"}],"predecessor-version":[{"id":3840,"href":"https:\/\/www.ifbaiano.edu.br\/unidades\/itaberaba\/wp-json\/wp\/v2\/pages\/3827\/revisions\/3840"}],"wp:attachment":[{"href":"https:\/\/www.ifbaiano.edu.br\/unidades\/itaberaba\/wp-json\/wp\/v2\/media?parent=3827"}],"curies":[{"name":"wp","href":"https:\/\/api.w.org\/{rel}","templated":true}]}}