{"id":3857,"date":"2020-09-30T16:18:54","date_gmt":"2020-09-30T19:18:54","guid":{"rendered":"https:\/\/www.ifbaiano.edu.br\/unidades\/itaberaba\/?page_id=3857"},"modified":"2021-11-12T22:51:49","modified_gmt":"2021-11-13T01:51:49","slug":"revisao-e-consolidacao-dos-atos-normativos-decreto-10-139-2019","status":"publish","type":"page","link":"https:\/\/www.ifbaiano.edu.br\/unidades\/itaberaba\/revisao-e-consolidacao-dos-atos-normativos-decreto-10-139-2019\/","title":{"rendered":"Revis\u00e3o e Consolida\u00e7\u00e3o dos Atos Normativos \u2013 Decreto 10.139\/2019"},"content":{"rendered":"\n<p><strong>Nesta se\u00e7\u00e3o s\u00e3o divulgadas informa\u00e7\u00f5es sobre a revis\u00e3o e a consolida\u00e7\u00e3o dos atos normativos do IF Baiano \u2013 <em>Campus<\/em> Itaberaba, conforme o Decreto n\u00ba 10.139, de 28 de novembro de 2019.<\/strong><\/p>\n\n\n\n<hr class=\"wp-block-separator\" \/>\n\n\n\n<p>Respeitando o <a href=\"https:\/\/www.ifbaiano.edu.br\/unidades\/itaberaba\/files\/2020\/07\/DECRETO-N%BA-10.139-DE-28-DE-NOVEMBRO-DE-2019.pdf\"><strong>Decreto n\u00b0 10.139, de <\/strong><strong>28 de novembro<\/strong><strong> de 2019<\/strong><\/a>, que disp\u00f5e sobre a revis\u00e3o e a consolida\u00e7\u00e3o dos atos normativos inferiores a decreto, o qual foi alterado pelos <a href=\"https:\/\/www.ifbaiano.edu.br\/unidades\/itaberaba\/files\/2020\/07\/DECRETO-N%BA-10.310-DE-2-DE-ABRIL-DE-2020.pdf\"><strong>Decretos n\u00b0 10.310, de <\/strong><strong>02 de abril<\/strong><strong> 2020<\/strong><\/a> e <a href=\"https:\/\/www.ifbaiano.edu.br\/unidades\/itaberaba\/files\/2020\/07\/DECRETO-N%BA-10.437-DE-22-DE-JULHO-DE-2020.pdf\"><strong>Decreto n\u00b0 10.437, de <\/strong><strong>22 de julho<\/strong><\/a><strong> 2020<\/strong>, abaixo apresentamos uma triagem publicada nesse s\u00edtio eletr\u00f4nico, por meio do preenchimento da planilha anexada \u00e0 <a href=\"https:\/\/www.ifbaiano.edu.br\/unidades\/itaberaba\/files\/2020\/07\/PORTARIA-215_2020-RET-GAB_RET_IFBAIANO.pdf\"><strong>PORTARIA 215\/2020 &#8211; RET-GAB\/RET\/IFBAIANO, de <\/strong><strong>27 de fevereiro<\/strong><strong> de 2020<\/strong><\/a>, alterada pela <a href=\"https:\/\/www.ifbaiano.edu.br\/unidades\/itaberaba\/files\/2020\/07\/PORTARIA-460_2020-RET-GAB_RET_IFBAIANO.pdf\" target=\"_blank\" rel=\"noreferrer noopener\">PORTARIA 460\/2020 &#8211; RET-GAB\/RET\/IFBAIANO, de 9 de abril de 2020<\/a>, conforme orienta\u00e7\u00f5es deste Gabinete.<\/p>\n\n\n\n<p><strong>Listagem organizadas por ano de publica\u00e7\u00e3o:<\/strong>&nbsp;<\/p>\n\n\n\n<figure class=\"wp-block-table\"><table><tbody><tr>\n<td><a href=\"https:\/\/www.ifbaiano.edu.br\/unidades\/itaberaba\/files\/2021\/08\/PORTARIAS-2021.pdf\" target=\"_blank\" rel=\"noreferrer noopener\">Ano 2021 (Parcial)<\/a><\/td>\n<td><a href=\"https:\/\/www.ifbaiano.edu.br\/unidades\/itaberaba\/files\/2020\/09\/PORTARIAS-2020.pdf\" target=\"_blank\" rel=\"noreferrer noopener\">Ano 2020<\/a><\/td>\n<td><a href=\"https:\/\/www.ifbaiano.edu.br\/unidades\/itaberaba\/files\/2020\/07\/PORTARIAS-2019.pdf\" target=\"_blank\" rel=\"noreferrer noopener\">Ano 2019<\/a><\/td>\n<td><a href=\"https:\/\/www.ifbaiano.edu.br\/unidades\/itaberaba\/files\/2020\/07\/PORTARIAS-2018.pdf\" target=\"_blank\" rel=\"noreferrer noopener\">Ano 2018<\/a><\/td>\n<td><a href=\"https:\/\/www.ifbaiano.edu.br\/unidades\/itaberaba\/files\/2020\/07\/PORTARIAS-2017.pdf\" target=\"_blank\" rel=\"noreferrer noopener\">Ano 2017<\/a><\/td><\/tr>\n<\/tbody><\/table><\/figure>\n<br><hr>\n\n\n\n<div class=\"wp-block-group is-layout-flow\"><div class=\"wp-block-group__inner-container\">\n<ul><li><strong>Triagem<\/strong><\/li><\/ul>\n\n\n\n<p><a rel=\"noreferrer noopener\" aria-label=\" Lista de Triagem \u2013 Primeira Fase  (abre numa nova aba)\" href=\"https:\/\/www.ifbaiano.edu.br\/unidades\/itaberaba\/files\/2020\/09\/PORTARIA-44_2020-ITB-GAB_ITB-DG_RET_IFBAIANO.pdf\" target=\"_blank\">Listagem completa<\/a> &#8211; Listagem&nbsp;dos atos normativos inferiores a decreto vigentes&nbsp;do IF Baiano \u2013&nbsp;<em>Campus<\/em>&nbsp;Itaberaba.<\/p>\n<\/div><\/div>\n\n\n\n<hr class=\"wp-block-separator\" \/>\n\n\n\n<div class=\"wp-block-group is-layout-flow\"><div class=\"wp-block-group__inner-container\">\n<ul><li><strong>Primeira etapa<\/strong><\/li><\/ul>\n\n\n\n<p>Atos normativos que disponham sobre mat\u00e9rias administrativas (Publicados de 2009 a 2011)  <br>Nenhum documento a apresentar, pois, o <em>Campus<\/em> Itaberaba foi inaugurado em 2016.<\/p>\n<\/div><\/div>\n\n\n\n<hr class=\"wp-block-separator\" \/>\n\n\n\n<ul><li><strong>Segunda etapa<\/strong> <\/li><\/ul>\n\n\n\n<p>Atos normativos que disponham sobre mat\u00e9rias administrativas (Publicados de 2012 a 2015) <br><em>Nenhum documento a apresentar, pois, o <em>Campus<\/em> Itaberaba foi inaugurado em 2016.<\/em><\/p>\n\n\n\n<hr class=\"wp-block-separator\" \/>\n\n\n\n<ul><li><strong>Terceira etapa<\/strong><\/li><\/ul>\n\n\n\n<p>Atos normativos que disponham sobre mat\u00e9rias administrativas (Publicados de 2016 a 2019)<\/p>\n\n\n\n<p>&#8211; <a rel=\"noreferrer noopener\" href=\"https:\/\/www.ifbaiano.edu.br\/unidades\/itaberaba\/files\/2021\/05\/Atos-Normativos-Administrativos-2016-2019.pdf\" target=\"_blank\">Atos Normativos Administrativos (2016-2019)<\/a><\/p>\n\n\n\n<p><strong>&#8211; PORTARIA 29\/2021 &#8211; ITB-GAB\/ITB-DG\/RET\/IFBAIANO<\/strong>, de 24 de maio de 2021 (<a rel=\"noreferrer noopener\" href=\"https:\/\/suap.ifbaiano.edu.br\/documento_eletronico\/visualizar_documento\/198077\/\" target=\"_blank\">link SUAP<\/a>) (<a rel=\"noreferrer noopener\" href=\"https:\/\/www.ifbaiano.edu.br\/unidades\/itaberaba\/files\/2021\/05\/PORTARIA-29_2021-ITB-GAB_ITB-DG_RET_IFBAIANO-de-24-de-maio-de-2021.pdf\" target=\"_blank\">Link PDF<\/a>)<br>Disp\u00f5e sobre revoga\u00e7\u00e3o Atos Normativos referentes \u00e0 terceira etapa de revis\u00e3o e consolida\u00e7\u00e3o dos atos normativos inferiores a decreto do Instituto Federal Baiano &#8211; <em>Campus<\/em> Itaberaba, em atendimento ao Decreto n\u00ba 10.139, de 28 de novembro de 2019. (<a href=\"https:\/\/www.ifbaiano.edu.br\/unidades\/itaberaba\/files\/2021\/05\/Portaria-no-17_2017-de-24-de-maio-de-2017.pdf\" target=\"_blank\" rel=\"noreferrer noopener\">Link Portaria n\u00ba 17_2017, de 24 de maio de 2017<\/a>, revogada)<\/p>\n\n\n\n<p>&#8211; <a rel=\"noreferrer noopener\" href=\"https:\/\/www.ifbaiano.edu.br\/unidades\/itaberaba\/files\/2021\/05\/Atos-Normativos-Administrativos-Revisados_Consolidados-2016-2019.pdf\" target=\"_blank\">Atos Normativos Administrativos Revisados\/Consolidados (2016-2019)<\/a><\/p>\n\n\n\n<hr class=\"wp-block-separator\" \/>\n\n\n\n<ul><li><strong>Quarta etapa<\/strong><\/li><\/ul>\n\n\n\n<p>Atos normativos que disponham sobre mat\u00e9rias acad\u00eamicas (Publicados de 2009 a 2013).<br><em>Nenhum documento a apresentar, pois, o Campus Itaberaba foi inaugurado em 2016. <\/em><\/p>\n\n\n\n<hr class=\"wp-block-separator\" \/>\n\n\n\n<ul><li><strong>Quinta etapa<\/strong><\/li><\/ul>\n\n\n\n<p><a href=\"https:\/\/www.ifbaiano.edu.br\/unidades\/itaberaba\/files\/2021\/11\/Atos-Normativos-Academicos-2014-2019.pdf\" target=\"_blank\" rel=\"noreferrer noopener\">Atos normativos que disponham sobre mat\u00e9rias Acad\u00eamicas (Publicados de 2014 a 2019);<\/a><\/p>\n\n\n\n<p><a rel=\"noreferrer noopener\" href=\"https:\/\/www.ifbaiano.edu.br\/unidades\/itaberaba\/files\/2021\/11\/Atos-Normativos-Academicos-Revisados_Consolidados-2014-2019.pdf\" target=\"_blank\">Atos Normativos Acad\u00eamicos Revisados\/Consolidados (2014-2019)<\/a>.<\/p>\n\n\n\n<p><br><\/p>\n\n\n\n<hr class=\"wp-block-separator\" \/>\n\n\n","protected":false},"excerpt":{"rendered":"<p>Nesta se\u00e7\u00e3o s\u00e3o divulgadas informa\u00e7\u00f5es sobre a revis\u00e3o e a consolida\u00e7\u00e3o dos atos normativos do IF Baiano \u2013 Campus Itaberaba, conforme o Decreto n\u00ba 10.139, de 28 de novembro de 2019. Respeitando o Decreto n\u00b0 10.139, de 28 de novembro de 2019, que disp\u00f5e sobre a revis\u00e3o e a consolida\u00e7\u00e3o dos atos normativos inferiores a [&hellip;]<\/p>\n","protected":false},"author":104,"featured_media":0,"parent":0,"menu_order":0,"comment_status":"closed","ping_status":"closed","template":"","meta":[],"_links":{"self":[{"href":"https:\/\/www.ifbaiano.edu.br\/unidades\/itaberaba\/wp-json\/wp\/v2\/pages\/3857"}],"collection":[{"href":"https:\/\/www.ifbaiano.edu.br\/unidades\/itaberaba\/wp-json\/wp\/v2\/pages"}],"about":[{"href":"https:\/\/www.ifbaiano.edu.br\/unidades\/itaberaba\/wp-json\/wp\/v2\/types\/page"}],"author":[{"embeddable":true,"href":"https:\/\/www.ifbaiano.edu.br\/unidades\/itaberaba\/wp-json\/wp\/v2\/users\/104"}],"replies":[{"embeddable":true,"href":"https:\/\/www.ifbaiano.edu.br\/unidades\/itaberaba\/wp-json\/wp\/v2\/comments?post=3857"}],"version-history":[{"count":33,"href":"https:\/\/www.ifbaiano.edu.br\/unidades\/itaberaba\/wp-json\/wp\/v2\/pages\/3857\/revisions"}],"predecessor-version":[{"id":5582,"href":"https:\/\/www.ifbaiano.edu.br\/unidades\/itaberaba\/wp-json\/wp\/v2\/pages\/3857\/revisions\/5582"}],"wp:attachment":[{"href":"https:\/\/www.ifbaiano.edu.br\/unidades\/itaberaba\/wp-json\/wp\/v2\/media?parent=3857"}],"curies":[{"name":"wp","href":"https:\/\/api.w.org\/{rel}","templated":true}]}}