{"id":3901,"date":"2020-10-26T16:27:09","date_gmt":"2020-10-26T19:27:09","guid":{"rendered":"https:\/\/www.ifbaiano.edu.br\/unidades\/itaberaba\/?page_id=3901"},"modified":"2025-09-26T13:49:54","modified_gmt":"2025-09-26T16:49:54","slug":"compras-e-licitacoes","status":"publish","type":"page","link":"https:\/\/www.ifbaiano.edu.br\/unidades\/itaberaba\/compras-e-licitacoes\/","title":{"rendered":"Compras e Licita\u00e7\u00f5es"},"content":{"rendered":"\n<div id=\"ProreitoriaTopoTitulo\">\n\t\t\t\t\tINFORMA\u00c7\u00d5ES GERAIS\n\t\t\t\t<\/div>\n\n\n<p><strong>N\u00daCLEO DE COMPRAS E LICITA\u00c7\u00d5ES<\/strong><\/p>\n<p>Chefe da Coordena\u00e7\u00e3o de Compras<br><strong>Bruna Leite Sufiate<\/strong><br>Portaria n\u00ba 1.066, de 25\/09\/2023, DOU em 27\/09\/2023 (<a href=\"https:\/\/www.in.gov.br\/web\/dou\/-\/portarias-de-pessoal-de-25-de-setembro-de-2023-512477987\" target=\"_blank\" rel=\"noreferrer noopener\">link<\/a>)<\/p>\n<p>Substituto do(a) titular da fun\u00e7\u00e3o de Chefe da Coordena\u00e7\u00e3o de Compras<br><strong>Talita Suelen Santos Andrade<\/strong><br>Portaria de Pessoal 1060\/2022 \u2013 RET-GAB\/RET\/IFBAIANO, de 25 de setembro de 2023 (<a href=\"https:\/\/suap.ifbaiano.edu.br\/documento_eletronico\/visualizar_documento\/491030\/\" target=\"_blank\" rel=\"noreferrer noopener\">link<\/a>)<\/p>\n<p><strong>E-mail setorial:<\/strong> compras@itaberaba.ifbaiano.edu.br<\/p>\n<p><strong>ATRIBUI\u00c7\u00d5ES GERAIS&nbsp;<\/strong><\/p>\n<ol type=\"a\">\n<li>Prestar todo o suporte necess\u00e1rio aos pregoeiros do Campus no que tange ao sistema eletr\u00f4nico COMPRASNET e a procedimentos de condu\u00e7\u00e3o do certame;<\/li>\n<li>Esclarecer ou Auxiliar no esclarecimento e respostas aos recursos oriundos dos certames licitat\u00f3rios, quando solicitado;<\/li>\n<li>Prestar atendimento aos licitantes e ao p\u00fablico externo no que tange aos processos licitat\u00f3rios;<\/li>\n<li>Apoiar a Dire\u00e7\u00e3o Administrativas nas atividades condizentes e naquilo que for solicitado em aux\u00edlio \u00e0s demais fun\u00e7\u00f5es do Departamento;<\/li>\n<li>Executar as atividades de pregoeiro e equipe de apoio;<\/li>\n<li>Desenvolver rotinas, metodologias e did\u00e1ticas junto \u00e0 equipe de pregoeiros e de apoio do Departamento, de modo a manter em constante processo de aprimoramento as atividades inerentes aos certames licitat\u00f3rios, com vistas \u00e0 celeridade processual esperada pela Institui\u00e7\u00e3o;<\/li>\n<li>Atuar conjuntamente com a Dire\u00e7\u00e3o Administrativa nas atividades que sejam necess\u00e1rias ao aprimoramento do fluxo e rotinas envolvidas na execu\u00e7\u00e3o da fase externa do processo licitat\u00f3rio realizado pelo Campus;<\/li>\n<li>Autuar e Atuar em processos administrativos de compra e contrata\u00e7\u00e3o instaurados no Campus;<\/li>\n<li>Exercer a chefia imediata perante a equipe de pregoeiros e CPL do Campus.<\/li>\n<\/ol>\n\n\n<p> <strong>1.<\/strong> <a href=\"https:\/\/www.ifbaiano.edu.br\/unidades\/itaberaba\/files\/2020\/10\/Portaria-Pregoeiros-e-Equipe-de-Apoio.pdf\" target=\"_blank\" rel=\"noreferrer noopener\" aria-label=\"Equipe de pregoeiro e apoio (abre numa nova aba)\">Equipe de pregoeiro e apoio<\/a><\/p>\n\n\n\n<p><strong>2.<\/strong> Licita\u00e7\u00f5es em andamento (fase externa):<br>Para licita\u00e7\u00f5es em andamento (fase externa) acesse:&nbsp;<a rel=\"noreferrer noopener\" href=\"https:\/\/cnetmobile.estaleiro.serpro.gov.br\/comprasnet-web\/public\/compras\" data-type=\"URL\" data-id=\"https:\/\/cnetmobile.estaleiro.serpro.gov.br\/comprasnet-web\/public\/compras\" target=\"_blank\">https:\/\/cnetmobile.estaleiro.serpro.gov.br\/comprasnet-web\/public\/compras<\/a><br>Insira as seguintes informa\u00e7\u00f5es:<br>a) Situa\u00e7\u00e3o: \u201cEm andamento\u201d<br>b) Etapa: &#8220;seleciona todos&#8221;<br>c) Modalidade: &#8220;Concorr\u00eancia\/Preg\u00e3o\/Dispensa&#8221;<br>d) Unidade de Compra (UASG): \u201c155884\u201d<br>c) N\u00famero da Compra: \u201cEx. 900012025\u201d ou &#8220;deixar em branco&#8221;<\/p>\n\n\n\n<p><strong>3.<\/strong> Licita\u00e7\u00f5es realizadas pelo <em>Campus<\/em> Itaberaba:<br>Para acessar as licita\u00e7\u00f5es realizadas pelo Campus acesse:&nbsp;<a rel=\"noreferrer noopener\" href=\"http:\/\/comprasnet.gov.br\/livre\/Pregao\/ata0.asp\" target=\"_blank\">http:\/\/comprasnet.gov.br\/livre\/Pregao\/ata0.asp<\/a>&nbsp;<br>Insira as seguintes informa\u00e7\u00f5es:<br>a) C\u00f3digo UASG: \u201c155884\u201d<br>b) Click em \u201cok\u201d<br>c) Selecione o n\u00famero do preg\u00e3o <\/p>\n\n\n\n<div id=\"ProreitoriaTopoTitulo\">\n\t\t\t\t\tLICITA\u00c7\u00d5ES\n\t\t\t\t<\/div>\n\n\n\n<p><a href=\"https:\/\/www.ifbaiano.edu.br\/unidades\/itaberaba\/2024\/\" data-type=\"URL\" target=\"_blank\" rel=\"noreferrer noopener\">2024<\/a><\/p>\n\n\n\n<p><a href=\"https:\/\/www.ifbaiano.edu.br\/unidades\/itaberaba\/compras-e-licitacoes\/2023\" target=\"_blank\" rel=\"noreferrer noopener\">2023<\/a><\/p>\n\n\n\n<p><a href=\"https:\/\/www.ifbaiano.edu.br\/unidades\/itaberaba\/compras-e-licitacoes\/2022\/\" target=\"_blank\" rel=\"noreferrer noopener\">2022<\/a><\/p>\n\n\n\n<p><a rel=\"noreferrer noopener\" href=\"https:\/\/www.ifbaiano.edu.br\/unidades\/itaberaba\/resultados-2021\/\" data-type=\"URL\" data-id=\"https:\/\/www.ifbaiano.edu.br\/unidades\/itaberaba\/resultados-2021\/\" target=\"_blank\">Resultados de 2021<\/a><\/p>\n\n\n\n<p><a rel=\"noreferrer noopener\" href=\"https:\/\/www.ifbaiano.edu.br\/unidades\/itaberaba\/resultados-2020\/\" target=\"_blank\">Resultados de 2020<\/a><\/p>\n\n\n\n<p><a rel=\"noreferrer noopener\" href=\"https:\/\/www.ifbaiano.edu.br\/unidades\/itaberaba\/resultado-2019\/\" target=\"_blank\">Resultados de 2019<\/a><\/p>\n\n\n\n<p><a rel=\"noreferrer noopener\" href=\"https:\/\/www.ifbaiano.edu.br\/unidades\/itaberaba\/resultados-2018\/\" target=\"_blank\">Resultados de 2018<\/a><\/p>\n\n\n\n<p><a href=\"https:\/\/www.ifbaiano.edu.br\/unidades\/itaberaba\/resultado-de-2017\/\">Resultados de 2017<\/a><\/p>\n\n\n\n<div id=\"ProreitoriaTopoTitulo\">\n\t\t\t\t\tEDITAIS DE LICITA\u00c7\u00d5ES\n\t\t\t\t<\/div>\n\n\n\n<p><a href=\"https:\/\/www.ifbaiano.edu.br\/unidades\/itaberaba\/editais-de-2023\/\" target=\"_blank\" rel=\"noreferrer noopener\">Editais de 2023<\/a><\/p>\n\n\n\n<p><a rel=\"noreferrer noopener\" href=\"https:\/\/www.ifbaiano.edu.br\/unidades\/itaberaba\/editais-de-2022\/\" data-type=\"URL\" data-id=\"https:\/\/www.ifbaiano.edu.br\/unidades\/itaberaba\/editais-de-2022\/\" target=\"_blank\">Editais de 2022<\/a><\/p>\n\n\n\n<p><a rel=\"noreferrer noopener\" href=\"https:\/\/www.ifbaiano.edu.br\/unidades\/itaberaba\/editais-de-2021\/\" data-type=\"URL\" data-id=\"https:\/\/www.ifbaiano.edu.br\/unidades\/itaberaba\/editais-de-2021\/\" target=\"_blank\">Editais de 2021<\/a><\/p>\n\n\n\n<p><a rel=\"noreferrer noopener\" href=\"https:\/\/www.ifbaiano.edu.br\/unidades\/itaberaba\/editais-de-licitacoes-2020\/\" target=\"_blank\">Editais de 2020<\/a><\/p>\n\n\n\n<p><a href=\"https:\/\/www.ifbaiano.edu.br\/unidades\/itaberaba\/editais-de-2019\/\" target=\"_blank\" rel=\"noreferrer noopener\">Editais de 2019<\/a><\/p>\n\n\n\n<p><a href=\"https:\/\/www.ifbaiano.edu.br\/unidades\/itaberaba\/editais-de-2018\/\" target=\"_blank\" rel=\"noreferrer noopener\">Editais de 2018<\/a><\/p>\n\n\n\n<p><\/p>\n\n\n\n<div id=\"ProreitoriaTopoTitulo\">\n\t\t\t\t\tPROCESSOS DE COMPRAS\n\t\t\t\t<\/div>\n\n\n\n<p>&#8211; Refer\u00eancia 2023<\/p>\n\n\n\n<p>&#8211; Refer\u00eancia 2022<\/p>\n\n\n\n<p>&#8211; Refer\u00eancia 2021<\/p>\n\n\n\n<p>&#8211; Refer\u00eancia 2020<\/p>\n\n\n\n<p><a rel=\"noreferrer noopener\" href=\"http:\/\/www.portaltransparencia.gov.br\/licitacoes\/consulta?paginacaoSimples=true&amp;tamanhoPagina=&amp;offset=&amp;direcaoOrdenacao=asc&amp;colunasSelecionadas=detalhar%2CdataReferencia%2CdataAbertura%2CorgaoSuperior%2CorgaoEntidadeVinculada%2CunidadeGestora%2Csituacao%2Cmodalidade%2CinstrumentoLegal%2CnumeroLicitacao%2Cobjeto&amp;palavraChave=IF+BAIANO+-+CAMPUS+ITABERABA&amp;de=01%2F01%2F2019&amp;ate=31%2F12%2F2019&amp;orgaos=OR26404\" target=\"_blank\">&#8211; Refer\u00eancia 2019<\/a><\/p>\n\n\n\n<p><a rel=\"noreferrer noopener\" href=\"http:\/\/www.portaltransparencia.gov.br\/licitacoes\/consulta?paginacaoSimples=true&amp;tamanhoPagina=&amp;offset=&amp;direcaoOrdenacao=asc&amp;colunasSelecionadas=detalhar%2CdataReferencia%2CdataAbertura%2CorgaoSuperior%2CorgaoEntidadeVinculada%2CunidadeGestora%2Csituacao%2Cmodalidade%2CinstrumentoLegal%2CnumeroLicitacao%2Cobjeto&amp;palavraChave=IF+BAIANO+-+CAMPUS+ITABERABA&amp;de=01%2F01%2F2018&amp;ate=31%2F12%2F2018&amp;orgaos=OR26404\" target=\"_blank\">&#8211; Refer\u00eancia 2018<\/a><\/p>\n\n\n\n<p><a rel=\"noreferrer noopener\" href=\"http:\/\/www.portaltransparencia.gov.br\/licitacoes\/consulta?paginacaoSimples=true&amp;tamanhoPagina=&amp;offset=&amp;direcaoOrdenacao=asc&amp;colunasSelecionadas=detalhar%2CdataReferencia%2CdataAbertura%2CorgaoSuperior%2CorgaoEntidadeVinculada%2CunidadeGestora%2Csituacao%2Cmodalidade%2CinstrumentoLegal%2CnumeroLicitacao%2Cobjeto&amp;palavraChave=IF+BAIANO+-+CAMPUS+ITABERABA&amp;de=01%2F01%2F2017&amp;ate=31%2F12%2F2017&amp;orgaos=OR26404\" target=\"_blank\">&#8211; Refer\u00eancia 2017<\/a><\/p>\n\n\n\n<p>As consultas das <strong>ades\u00f5es \u00e0 ATA SRP<\/strong> est\u00e3o dispon\u00edveis no endere\u00e7o eletr\u00f4nico abaixo, pesquisando pelo UASG n\u00ba 155884, IF BAIANO &#8211; CAMPUS ITABERABA:<\/p>\n\n\n\n<figure class=\"wp-block-embed\"><div class=\"wp-block-embed__wrapper\">\nhttps:\/\/www2.comprasnet.gov.br\/siasgnet-atasrp\/public\/pesquisarAquisicoes.do\n<\/div><\/figure>\n\n\n\n<div id=\"ProreitoriaTopoTitulo\">\n\t\t\t\t\tTOMADA DE PRE\u00c7OS\n\t\t\t\t<\/div>\n\n\n\n<p>&#8211; Refer\u00eancia 2023<\/p>\n\n\n\n<p>&#8211; Refer\u00eancia 2022<\/p>\n\n\n\n<p><a href=\"https:\/\/www.ifbaiano.edu.br\/unidades\/itaberaba\/referencia-2021\/\">&#8211; Refer\u00eancia 2021<\/a><\/p>\n\n\n\n<p><a href=\"https:\/\/www.ifbaiano.edu.br\/unidades\/itaberaba\/referencia-2020\/\">&#8211; Refer\u00eancia 2020<\/a> <\/p>\n\n\n\n<div id=\"ProreitoriaTopoTitulo\">\n\t\t\t\t\tDISPENSA\n\t\t\t\t<\/div>\n\n\n<p><!--EndFragment--><\/p>\n\n\n<p> &#8211; Refer\u00eancia 2023<\/p>\n\n\n\n<p> &#8211; Refer\u00eancia 2022<\/p>\n\n\n\n<p> <a rel=\"noreferrer noopener\" href=\"https:\/\/www.ifbaiano.edu.br\/unidades\/itaberaba\/referencia-2021-2\/\" target=\"_blank\">&#8211; Refer\u00eancia 2021<\/a> <\/p>\n\n\n\n<div id=\"ProreitoriaTopoTitulo\">\n\t\t\t\t\tCONCORR\u00caNCIA\n\t\t\t\t<\/div>\n\n\n\n<p> &#8211; <a href=\"https:\/\/www.ifbaiano.edu.br\/unidades\/itaberaba\/concorrencia-2023\/\">Refer\u00eancia 2023<\/a><\/p>\n\n\n\n<div id=\"ProreitoriaTopoTitulo\">\n\t\t\t\t\tCHAMADA P\u00daBLICA\n\t\t\t\t<\/div>\n\n\n\n<p>&#8211; <a href=\"https:\/\/www.ifbaiano.edu.br\/unidades\/itaberaba\/compras-e-licitacoes\/referencia-2025\/\" target=\"_blank\" rel=\"noreferrer noopener\">Refer\u00eancia 2025<\/a><\/p>\n\n\n\n<p>&#8211; <a rel=\"noreferrer noopener\" href=\"https:\/\/www.ifbaiano.edu.br\/unidades\/itaberaba\/compras-e-licitacoes\/chamada-publica-2024\/\" target=\"_blank\">Refer\u00eancia 2024<\/a><\/p>\n\n\n\n<p>&#8211; <a href=\"https:\/\/www.ifbaiano.edu.br\/unidades\/itaberaba\/compras-e-licitacoes\/chamada-publica-2023\/\">Refer\u00eancia 2023<\/a><\/p>\n\n\n\n<div id=\"ProreitoriaTopoTitulo\">\n\t\t\t\t\tPREG\u00c3O\n\t\t\t\t<\/div>\n\n\n\n<p> &#8211; Refer\u00eancia 2025<\/p>\n\n\n\n<p> &#8211; <a href=\"https:\/\/www.ifbaiano.edu.br\/unidades\/itaberaba\/pregao-2024\/\" data-type=\"page\" data-id=\"8649\">Refer\u00eancia 2024<\/a><\/p>\n","protected":false},"excerpt":{"rendered":"<p>INFORMA\u00c7\u00d5ES GERAIS N\u00daCLEO DE COMPRAS E LICITA\u00c7\u00d5ES Chefe da Coordena\u00e7\u00e3o de ComprasBruna Leite SufiatePortaria n\u00ba 1.066, de 25\/09\/2023, DOU em 27\/09\/2023 (link) Substituto do(a) titular da fun\u00e7\u00e3o de Chefe da Coordena\u00e7\u00e3o de ComprasTalita Suelen Santos AndradePortaria de Pessoal 1060\/2022 \u2013 RET-GAB\/RET\/IFBAIANO, de 25 de setembro de 2023 (link) E-mail setorial: compras@itaberaba.ifbaiano.edu.br ATRIBUI\u00c7\u00d5ES GERAIS&nbsp; Prestar todo [&hellip;]<\/p>\n","protected":false},"author":104,"featured_media":0,"parent":0,"menu_order":0,"comment_status":"closed","ping_status":"closed","template":"","meta":[],"_links":{"self":[{"href":"https:\/\/www.ifbaiano.edu.br\/unidades\/itaberaba\/wp-json\/wp\/v2\/pages\/3901"}],"collection":[{"href":"https:\/\/www.ifbaiano.edu.br\/unidades\/itaberaba\/wp-json\/wp\/v2\/pages"}],"about":[{"href":"https:\/\/www.ifbaiano.edu.br\/unidades\/itaberaba\/wp-json\/wp\/v2\/types\/page"}],"author":[{"embeddable":true,"href":"https:\/\/www.ifbaiano.edu.br\/unidades\/itaberaba\/wp-json\/wp\/v2\/users\/104"}],"replies":[{"embeddable":true,"href":"https:\/\/www.ifbaiano.edu.br\/unidades\/itaberaba\/wp-json\/wp\/v2\/comments?post=3901"}],"version-history":[{"count":61,"href":"https:\/\/www.ifbaiano.edu.br\/unidades\/itaberaba\/wp-json\/wp\/v2\/pages\/3901\/revisions"}],"predecessor-version":[{"id":9546,"href":"https:\/\/www.ifbaiano.edu.br\/unidades\/itaberaba\/wp-json\/wp\/v2\/pages\/3901\/revisions\/9546"}],"wp:attachment":[{"href":"https:\/\/www.ifbaiano.edu.br\/unidades\/itaberaba\/wp-json\/wp\/v2\/media?parent=3901"}],"curies":[{"name":"wp","href":"https:\/\/api.w.org\/{rel}","templated":true}]}}