{"id":440,"date":"2017-08-02T11:29:27","date_gmt":"2017-08-02T14:29:27","guid":{"rendered":"http:\/\/www.ifbaiano.edu.br\/unidades\/itaberaba\/?page_id=440"},"modified":"2026-01-23T13:18:41","modified_gmt":"2026-01-23T16:18:41","slug":"organograma","status":"publish","type":"page","link":"https:\/\/www.ifbaiano.edu.br\/unidades\/itaberaba\/organograma\/","title":{"rendered":"Organograma"},"content":{"rendered":"\n<p class=\"has-medium-font-size\">O organograma abaixo apresenta a configura\u00e7\u00e3o funcional atualmente praticada no IF Baiano \u2013 <em>Campus <\/em>Itaberaba. Ressalta-se que, devido \u00e0 tramita\u00e7\u00e3o para aprova\u00e7\u00e3o do Regimento Interno do Campus, esta estrutura reflete o funcionamento operacional presente e est\u00e1 sujeita a altera\u00e7\u00f5es e adequa\u00e7\u00f5es mediante a publica\u00e7\u00e3o do documento normativo oficial.<\/p>\n\n\n\n<div class=\"wp-block-file\"><object class=\"wp-block-file__embed\" data=\"https:\/\/www.ifbaiano.edu.br\/unidades\/itaberaba\/files\/2026\/01\/Organograma_Campus_Itaberaba_Vigente_2026.pdf\" type=\"application\/pdf\" style=\"width:100%;height:550px\" aria-label=\"Incorporado de Organograma_Campus_Itaberaba_Vigente_2026.\"><\/object><a id=\"wp-block-file--media-6e0a160d-af10-430a-a7ae-9c3863e33921\" href=\"https:\/\/www.ifbaiano.edu.br\/unidades\/itaberaba\/files\/2026\/01\/Organograma_Campus_Itaberaba_Vigente_2026.pdf\" target=\"_blank\" rel=\"noreferrer noopener\">Organograma_Campus_Itaberaba_Vigente_2026<\/a><\/div>\n","protected":false},"excerpt":{"rendered":"<p>O organograma abaixo apresenta a configura\u00e7\u00e3o funcional atualmente praticada no IF Baiano \u2013 Campus Itaberaba. Ressalta-se que, devido \u00e0 tramita\u00e7\u00e3o para aprova\u00e7\u00e3o do Regimento Interno do Campus, esta estrutura reflete o funcionamento operacional presente e est\u00e1 sujeita a altera\u00e7\u00f5es e adequa\u00e7\u00f5es mediante a publica\u00e7\u00e3o do documento normativo oficial.<\/p>\n","protected":false},"author":85,"featured_media":0,"parent":0,"menu_order":0,"comment_status":"closed","ping_status":"closed","template":"","meta":[],"_links":{"self":[{"href":"https:\/\/www.ifbaiano.edu.br\/unidades\/itaberaba\/wp-json\/wp\/v2\/pages\/440"}],"collection":[{"href":"https:\/\/www.ifbaiano.edu.br\/unidades\/itaberaba\/wp-json\/wp\/v2\/pages"}],"about":[{"href":"https:\/\/www.ifbaiano.edu.br\/unidades\/itaberaba\/wp-json\/wp\/v2\/types\/page"}],"author":[{"embeddable":true,"href":"https:\/\/www.ifbaiano.edu.br\/unidades\/itaberaba\/wp-json\/wp\/v2\/users\/85"}],"replies":[{"embeddable":true,"href":"https:\/\/www.ifbaiano.edu.br\/unidades\/itaberaba\/wp-json\/wp\/v2\/comments?post=440"}],"version-history":[{"count":23,"href":"https:\/\/www.ifbaiano.edu.br\/unidades\/itaberaba\/wp-json\/wp\/v2\/pages\/440\/revisions"}],"predecessor-version":[{"id":9704,"href":"https:\/\/www.ifbaiano.edu.br\/unidades\/itaberaba\/wp-json\/wp\/v2\/pages\/440\/revisions\/9704"}],"wp:attachment":[{"href":"https:\/\/www.ifbaiano.edu.br\/unidades\/itaberaba\/wp-json\/wp\/v2\/media?parent=440"}],"curies":[{"name":"wp","href":"https:\/\/api.w.org\/{rel}","templated":true}]}}