{"id":457,"date":"2017-08-02T11:37:46","date_gmt":"2017-08-02T14:37:46","guid":{"rendered":"http:\/\/www.ifbaiano.edu.br\/unidades\/itaberaba\/?page_id=457"},"modified":"2023-02-14T14:35:15","modified_gmt":"2023-02-14T17:35:15","slug":"extensao","status":"publish","type":"page","link":"https:\/\/www.ifbaiano.edu.br\/unidades\/itaberaba\/extensao\/","title":{"rendered":"Extens\u00e3o"},"content":{"rendered":"\n<div id=\"ProreitoriaTopoTitulo\">O QUE \u00c9 EXTENS\u00c3O?<\/div>\n\n\n\n<p>A proposta da Extens\u00e3o \u00e9 ampliar a produ\u00e7\u00e3o de conhecimentos, saberes e pr\u00e1ticas associados ao Ensino e Pesquisa, oferecendo \u00e0 comunidade a possibilidade de desenvolvimento local e regional. A Extens\u00e3o transmite pr\u00e1ticas educativas valorizando a promo\u00e7\u00e3o e garantia dos valores democr\u00e1ticos, da equidade e do desenvolvimento da sociedade em suas dimens\u00f5es humana, \u00e9tica, econ\u00f4mica, cultural, social.<\/p>\n\n\n\n<p>Esse trabalho acontece atrav\u00e9s das a\u00e7\u00f5es desenvolvidas por docentes, t\u00e9cnico-administrativos e discentes. A constitui\u00e7\u00e3o da Extens\u00e3o no IFBaiano busca difundir, socializar e democratizar os conhecimentos produzidos e adquiridos em nosso campus.<\/p>\n\n\n\n<p>O IFBaiano compreende que a Extens\u00e3o vislumbra a necessidade de a\u00e7\u00e3o relacional e de di\u00e1logo com a sociedade, enfatizando demandas sociais, compactuando com um modelo inclusivo e diversificado, para o qual o desenvolvimento deve ser igualit\u00e1rio, centrado no princ\u00edpio da cidadania.<\/p>\n\n\n\n<div id=\"ProreitoriaTopoTitulo\">EQUIPE<\/div>\n\n\n\n<p><strong>Coordenador de Extens\u00e3o<\/strong>: Juliana Carvalhais Brito<br><strong>Coordenadora de Extens\u00e3o Substituta<\/strong>: Carla Ferreira da Silva Machado<br><strong>Contato<\/strong>: <a href=\"mailto:extensao@itaberaba.ifbaiano.edu.br\"> extensao@itaberaba.ifbaiano.edu.br<\/a><br><\/p>\n\n\n\n<div id=\"ProreitoriaTopoTitulo\">CONHE\u00c7AM O MANUAL DE EXTENS\u00c3O DO IF BAIANO<\/div>\n\n\n\n<p>Neste Manual, voc\u00ea encontra todas as informa\u00e7\u00f5es necess\u00e1rias para conhecer a pol\u00edtica de extens\u00e3o do IF Baiano e construir sua trajet\u00f3ria de extensionista.<\/p>\n\n\n\n<p>     \u2022  <a rel=\"noopener noreferrer\" href=\"http:\/\/www.ifbaiano.edu.br\/unidades\/lapa\/files\/2017\/08\/Manual_Extensao_2013.pdf\" target=\"_blank\">Manual<\/a> <\/p>\n\n\n\n<div id=\"ProreitoriaTopoTitulo\">CADASTRO, ACOMPANHAMENTO E AVALIA\u00c7\u00c3O DE PROJETOS DE EXTENS\u00c3O<\/div>\n\n\n\n<p>Nesta se\u00e7\u00e3o, disponibilizamos, de forma sequenciada todos os documentos necess\u00e1rios para o cadastro, execu\u00e7\u00e3o e presta\u00e7\u00e3o de contas de seus projetos. Antes de iniciar qualquer projeto, \u00e9 importante conhecer as \u00e1reas tem\u00e1ticas da extens\u00e3o e os principais formul\u00e1rios utilizados. Em caso de d\u00favidas, a coordena\u00e7\u00e3o de extens\u00e3o prestar\u00e1 as devidas orienta\u00e7\u00f5es.<\/p>\n\n\n\n<p><ul><li>     \u2022  <a href=\"http:\/\/www.ifbaiano.edu.br\/unidades\/lapa\/files\/2017\/08\/1-Areas-tematicas-de-Extensao.doc\">\u00c1reas tem\u00e1ticas de Extens\u00e3o<\/a> <\/li><li>     \u2022  <a href=\"http:\/\/www.ifbaiano.edu.br\/unidades\/lapa\/files\/2017\/08\/2-Formulario-Projeto-de-Extensao-Interno.odt\">Formul\u00e1rio Projeto de Extens\u00e3o <\/a> <\/li><li>     \u2022  <a href=\"http:\/\/www.ifbaiano.edu.br\/unidades\/lapa\/files\/2017\/08\/3-Modelo-de-Frequencia-de-Estudantes.odt\">Modelo de Frequ\u00eancia de Estudantes<\/a> <\/li><li>     \u2022  <a href=\"http:\/\/www.ifbaiano.edu.br\/unidades\/lapa\/files\/2017\/08\/4-Formulario-de-Prestacao-de-Contas-de-Projetos-Versao-mais-atual.doc\">Formul\u00e1rio de Presta\u00e7\u00e3o de Contas de Projetos <\/a> <\/li><li>     \u2022  <a href=\"http:\/\/www.ifbaiano.edu.br\/unidades\/lapa\/files\/2017\/08\/5-Modelo-de-Pedido-de-Alteracao-em-Projetos.odt\">Modelo de Pedido de Altera\u00e7\u00e3o em Projetos<\/a> <\/li><li>     \u2022  <a href=\"http:\/\/www.ifbaiano.edu.br\/unidades\/lapa\/files\/2017\/08\/6-Modelo-de-pedido-de-Prorrogacao-dos-Projetos-de-Extensao.odt\">Modelo de pedido de Prorroga\u00e7\u00e3o dos Projetos de Extens\u00e3o<\/a> <\/li><li>     \u2022  <a href=\"http:\/\/www.ifbaiano.edu.br\/unidades\/lapa\/files\/2017\/08\/7-Modelo-de-Recibo-para-Pessoas-Fisicas.doc\">Modelo de Recibo para Pessoas F\u00edsicas<\/a> <\/li><li>     \u2022  <a href=\"http:\/\/www.ifbaiano.edu.br\/unidades\/lapa\/files\/2017\/08\/8-Termo-de-Entrega-de-Bem-de-Capital.doc\">Termo de Entrega de Bem de Capital<\/a> <\/li><li>     \u2022  <a href=\"http:\/\/www.ifbaiano.edu.br\/unidades\/lapa\/files\/2017\/08\/9-Formulario-de-Analise-de-Prestacao-de-Contas.odt\">Formul\u00e1rio de An\u00e1lise de Presta\u00e7\u00e3o de Contas<\/a> <\/li><\/ul><\/p>\n\n\n\n<div id=\"ProreitoriaTopoTitulo\">ORIENTA\u00c7\u00d5ES GERAIS DO SETOR DE EXTENS\u00c3O<\/div>\n\n\n\n<p>Aqui, orientamos como cadastrar seu projeto, realizar de forma eficiente e correta o uso dos recursos financeiros, prestar contas e realizar a devolu\u00e7\u00e3o de poss\u00edveis saldos. Leiam cuidadosamente cada documento.<\/p>\n\n\n\n<p><ul><li>     \u2022  \n\t<a href=\"http:\/\/www.ifbaiano.edu.br\/unidades\/lapa\/files\/2017\/08\/Orientacoes-para-geracao-de-GRU.pdf\" target=\"_blank\" rel=\"noreferrer noopener\">Orienta\u00e7\u00f5es\n\tpara gera\u00e7\u00e3o de GRU<\/a>\n\t<\/li><li>     \u2022  \n\t<a href=\"http:\/\/www.ifbaiano.edu.br\/unidades\/lapa\/files\/2017\/08\/Orientacoes-para-o-cadastro-de-projetos.pdf\" target=\"_blank\" rel=\"noreferrer noopener\">Orienta\u00e7\u00f5es\n\tpara o cadastro de projetos<\/a>\n\t<\/li><li>     \u2022  \n\t<a href=\"http:\/\/www.ifbaiano.edu.br\/unidades\/lapa\/files\/2017\/08\/Orientacoes-para-Prestacao-de-Contas.pdf\" target=\"_blank\" rel=\"noreferrer noopener\">Orienta\u00e7\u00f5es\n\tpara Presta\u00e7\u00e3o de Contas<\/a>\n\t<\/li><li>     \u2022  \n\t<a href=\"http:\/\/www.ifbaiano.edu.br\/unidades\/lapa\/files\/2017\/08\/Orientacoes-para-Uso-dos-Recursos-Financeiros.pdf\" target=\"_blank\" rel=\"noreferrer noopener\">Orienta\u00e7\u00f5es\n\tpara Uso dos Recursos Financeiros<\/a>\n<\/li><\/ul><\/p>\n\n\n\n<div id=\"ProreitoriaTopoTitulo\">ORIENTA\u00c7\u00d5ES PARA A OFERTA DE CURSOS FIC<\/div>\n\n\n\n<p>Os cursos FIC s\u00e3o cursos de Forma\u00e7\u00e3o Inicial ou Continuada normatizados pela Resolu\u00e7\u00e3o n\u00b011 de 13 de mar\u00e7o de 2018. A Forma\u00e7\u00e3o Inicial e Continuada &#8211; FIC \u00e9 um processo de qualifica\u00e7\u00e3o profissional voltado \u00e0 forma\u00e7\u00e3o de trabalhadores (as), para sua inser\u00e7\u00e3o ou reinser\u00e7\u00e3o no mundo do trabalho, associado ou n\u00e3o \u00e0 eleva\u00e7\u00e3o da escolaridade, que pode estar integrado a projetos e programas destinados \u00e0 forma\u00e7\u00e3o de jovens e adultos (as).<\/p>\n\n\n\n<p><ul><li>     \u2022  \n\t<a href=\"http:\/\/www.ifbaiano.edu.br\/unidades\/lapa\/files\/2017\/08\/1-Orientacoes-Gerais-para-a-Oferta.odt\">Orienta\u00e7\u00f5es\n\tGerais para a Oferta<\/a>\n\t<\/li><li>     \u2022  \n\t<a href=\"http:\/\/www.ifbaiano.edu.br\/unidades\/lapa\/files\/2017\/08\/2-Modelo-de-Projeto-de-Curso-de-Formacao-Inicial.odt\">Modelo\n\tde Projeto de Curso de Forma\u00e7\u00e3o Inicial<\/a>\n\t<\/li><li>     \u2022  \n\t<a href=\"http:\/\/www.ifbaiano.edu.br\/unidades\/lapa\/files\/2017\/08\/3-Formulario-de-Formacao-Continuada.odt\">Formul\u00e1rio\n\tde Forma\u00e7\u00e3o Continuada<\/a>\n\t<\/li><li>     \u2022  \n\t<a href=\"http:\/\/www.ifbaiano.edu.br\/unidades\/lapa\/files\/2017\/08\/4-Cursos-de-ate-20-horas-Modelo-de-Projeto.doc\">Cursos\n\tde at\u00e9 20 horas \u2013 Modelo de Projeto<\/a>\n\t<\/li><li>     \u2022  \n\t<a href=\"http:\/\/www.ifbaiano.edu.br\/unidades\/lapa\/files\/2017\/08\/5-Declaracao-de-Apoio-da-Direcao-Geral.odt\">Declara\u00e7\u00e3o\n\tde Apoio da Dire\u00e7\u00e3o Geral<\/a>\n\t<\/li><li>     \u2022  \n\t<a href=\"http:\/\/www.ifbaiano.edu.br\/unidades\/lapa\/files\/2017\/08\/6-Modelo-de-Edital-para-cursos-FIC.doc\">Modelo\n\tde Edital para cursos FIC<\/a>\n\t<\/li><li>     \u2022  \n\t<a href=\"http:\/\/www.ifbaiano.edu.br\/unidades\/lapa\/files\/2017\/08\/Resolu%C3%A7%C3%A3o-n%C2%BA-23-Novo-Regulamento-de-Cursos-FIC.pdf\" target=\"_blank\" rel=\"noreferrer noopener\">Resolu\u00e7\u00e3o\n\tn\u00ba 23, de 19\/03\/2019, Novo Regulamento de Cursos FIC<\/a>\n\t<\/li><li>     \u2022  \n\t<a href=\"http:\/\/www.ifbaiano.edu.br\/unidades\/lapa\/files\/2017\/08\/8-Guia-de-Cursos-FIC-2016.pdf\" target=\"_blank\" rel=\"noreferrer noopener\">Guia\n\tde Cursos FIC 2016<\/a>\n\t<\/li><li>     \u2022  \n\t<a href=\"http:\/\/www.ifbaiano.edu.br\/unidades\/lapa\/files\/2017\/08\/Guia-para-implantacao-de-FIC.pdf\" target=\"_blank\" rel=\"noreferrer noopener\">Guia\n\tpara implanta\u00e7\u00e3o&nbsp;de Cursos FIC<\/a>\n\t<\/li><li>     \u2022  \n\t<a href=\"http:\/\/www.ifbaiano.edu.br\/unidades\/lapa\/files\/2017\/08\/RESOLUCAO-N-11-DE-13-DE-MARCO-DE-2018-REGULAMENTO-DOS-CURSOS-FIC.pdf\" target=\"_blank\" rel=\"noreferrer noopener\">Resolu\u00e7\u00e3o\n\tn\u00ba 11 de 13 de mar\u00e7o de 2018 \u2013 Regulamenta\u00e7\u00e3o dos Cursos FIC<\/a>\n<\/li><\/ul><\/p>\n\n\n\n<div id=\"ProreitoriaTopoTitulo\">PROJETOS DESENVOLVIDOS<\/div>\n\n\n\n<p><strong>Projeto<\/strong>: Ciclo de Filmes \u2013 Cinema, pensamento e sociedade.<br>\n<strong>Coordenador<\/strong>: Renato Salgado de Melo Oliveira.<\/p>\n\n\n\n<p><strong>Projeto<\/strong>: Desenvolvimento de recursos did\u00e1ticos para o aprendizado sobre as caracter\u00edsticas ambientais de Itaberaba, Bahia.<br>\n<strong>Coordenador<\/strong>: F\u00e1bio Gon\u00e7alves da Silva.<\/p>\n\n\n\n<p><strong>Projeto<\/strong>: Litera ser-t\u00e3o.<br>\n<strong>Coordenador<\/strong>: Elton Linton O. Magalh\u00e3es.<\/p>\n\n\n\n<p><strong>Projeto<\/strong>: Mulheres invis\u00edveis: saltos que se produzem para a vida.<br>\n<strong>Coordenador<\/strong>: Ozenice Silva dos Santos.<\/p>\n\n\n\n<p><strong>Projeto<\/strong>: Vixe Mainha: Empoderamento para mulheres do campo.<br> <strong>Coordenador<\/strong>: Lizziane Arg\u00f4lo Batista.<\/p>\n\n\n\n<p><strong>Projeto<\/strong>: PARAGUADAN\u00c7A: A cultura, o corpo e IFbaiano em movimento.<br>\n<strong>Coordenador<\/strong>: Cec\u00edlia Nunes da Silva.<\/p>\n\n\n\n<p><strong>Projeto<\/strong>: Interc\u00e2mbio de saberes: o IF Baiano e a comunidade ind\u00edgena Payay\u00e1 trocando conhecimentos.<br> <strong>Coordenador<\/strong>: Quercia de Oliveira Cruz.<\/p>\n\n\n\n<div id=\"ProreitoriaTopoTitulo\">CURSOS DE FORMA\u00c7\u00c3O INICIAL E CONTINUADA (FIC)<\/div>\n\n\n\n<p>Os cursos de Forma\u00e7\u00e3o Inicial e Continuada (FIC) s\u00e3o t\u00e9cnicos e r\u00e1pidos em qualifica\u00e7\u00e3o profissional que objetivam inserir o discente no mundo do trabalho e\/ou melhorar a sua atua\u00e7\u00e3o profissional.<\/p>\n<p>Eles s\u00e3o ofertados nas modalidades de ensino presencial, semipresencial ou \u00e0 dist\u00e2ncia a depender da necessidade, da estrutura dispon\u00edvel nos campi e da demanda apresentada.<\/p>\n<p>Clique no link abaixo para acessar a p\u00e1gina dos Cursos FIC:<\/p><br>\n<a href=\"http:\/\/www.ifbaiano.edu.br\/unidades\/itaberaba\/qualificacao-profissional\/\" style=\"background-color: #3d9240;color: #fff;padding: 15px;text-decoration: none;cursor: pointer\">Cursos de Forma\u00e7\u00e3o Inicial e Continuada<\/a>\n","protected":false},"excerpt":{"rendered":"<p>O QUE \u00c9 EXTENS\u00c3O? A proposta da Extens\u00e3o \u00e9 ampliar a produ\u00e7\u00e3o de conhecimentos, saberes e pr\u00e1ticas associados ao Ensino e Pesquisa, oferecendo \u00e0 comunidade a possibilidade de desenvolvimento local e regional. A Extens\u00e3o transmite pr\u00e1ticas educativas valorizando a promo\u00e7\u00e3o e garantia dos valores democr\u00e1ticos, da equidade e do desenvolvimento da sociedade em suas dimens\u00f5es [&hellip;]<\/p>\n","protected":false},"author":85,"featured_media":0,"parent":0,"menu_order":0,"comment_status":"closed","ping_status":"closed","template":"","meta":[],"_links":{"self":[{"href":"https:\/\/www.ifbaiano.edu.br\/unidades\/itaberaba\/wp-json\/wp\/v2\/pages\/457"}],"collection":[{"href":"https:\/\/www.ifbaiano.edu.br\/unidades\/itaberaba\/wp-json\/wp\/v2\/pages"}],"about":[{"href":"https:\/\/www.ifbaiano.edu.br\/unidades\/itaberaba\/wp-json\/wp\/v2\/types\/page"}],"author":[{"embeddable":true,"href":"https:\/\/www.ifbaiano.edu.br\/unidades\/itaberaba\/wp-json\/wp\/v2\/users\/85"}],"replies":[{"embeddable":true,"href":"https:\/\/www.ifbaiano.edu.br\/unidades\/itaberaba\/wp-json\/wp\/v2\/comments?post=457"}],"version-history":[{"count":33,"href":"https:\/\/www.ifbaiano.edu.br\/unidades\/itaberaba\/wp-json\/wp\/v2\/pages\/457\/revisions"}],"predecessor-version":[{"id":6964,"href":"https:\/\/www.ifbaiano.edu.br\/unidades\/itaberaba\/wp-json\/wp\/v2\/pages\/457\/revisions\/6964"}],"wp:attachment":[{"href":"https:\/\/www.ifbaiano.edu.br\/unidades\/itaberaba\/wp-json\/wp\/v2\/media?parent=457"}],"curies":[{"name":"wp","href":"https:\/\/api.w.org\/{rel}","templated":true}]}}