{"id":461,"date":"2017-08-02T11:40:52","date_gmt":"2017-08-02T14:40:52","guid":{"rendered":"http:\/\/www.ifbaiano.edu.br\/unidades\/itaberaba\/?page_id=461"},"modified":"2019-09-04T09:32:34","modified_gmt":"2019-09-04T12:32:34","slug":"editais-paise","status":"publish","type":"page","link":"https:\/\/www.ifbaiano.edu.br\/unidades\/itaberaba\/editais-paise\/","title":{"rendered":"Editais PAISE"},"content":{"rendered":"<p><strong>CONFIRA TODAS AS NOT\u00cdCIAS<\/strong><\/p>\n<hr>\n<p>04\/09\/2019 &#8211; <a href=\"http:\/\/www.ifbaiano.edu.br\/unidades\/itaberaba\/2019\/09\/04\/cronograma-paise-2019-2\/\">Cronograma PAISE 2019.2<\/a><\/p>\n<p>07\/05\/2019 &#8211; <a href=\"http:\/\/www.ifbaiano.edu.br\/unidades\/itaberaba\/2019\/05\/07\/publicado-o-parecer-dos-recursos-e-o-resultado-dos-estudantes-selecionados-no-paise-2019\/\">Publicado o parecer dos recursos e o resultado dos estudantes selecionados no PAISE 2019<\/a><\/p>\n<p>29\/04\/2019 &#8211; <a href=\"http:\/\/www.ifbaiano.edu.br\/unidades\/itaberaba\/2019\/04\/29\/publicada-lista-de-alunos-pre-selecionados-no-paise-2019\/\">Publicada lista de alunos pr\u00e9-selecionados no PAISE 2019<\/a><\/p>\n<p>29\/03\/2019 &#8211; <a href=\"http:\/\/www.ifbaiano.edu.br\/unidades\/itaberaba\/2019\/03\/29\/divulgado-o-edital-do-programa-de-assistencia-e-inclusao-social-do-estudante-paise-2019\/\">Divulgado o Edital do Programa de Assist\u00eancia e Inclus\u00e3o Social do Estudante \u2013 PAISE 2019<\/a><\/p>\n<p>15\/06\/2018 &#8211; <a href=\"http:\/\/www.ifbaiano.edu.br\/unidades\/itaberaba\/2018\/06\/15\/campus-prorroga-prazo-do-cronograma-do-programa-de-assistencia-e-inclusao-social-do-estudante-paise-2018\/\">Campus Prorroga prazo do Cronograma do Programa de Assist\u00eancia e Inclus\u00e3o Social do Estudante (PAISE) 2018<\/a><\/p>\n<p>23\/05\/2018 &#8211; <a href=\"http:\/\/www.ifbaiano.edu.br\/unidades\/itaberaba\/2017\/08\/10\/publicada-lista-dos-estudantes-selecionados-do-programa-de-assistencia-e-inclusao-social-do-estudante-paise-2017\/\">Publicada lista dos estudantes selecionados do Programa de Assist\u00eancia e Inclus\u00e3o Social do Estudante (PAISE) 201<\/a>8<\/p>\n<p>17\/05\/2018 &#8211; <a href=\"http:\/\/www.ifbaiano.edu.br\/unidades\/itaberaba\/2018\/05\/17\/publicado-retificacao-do-cronograma-do-programa-de-assistencia-e-inclusao-social-do-estudante-paise-2018\/\">Publicado Retifica\u00e7\u00e3o do Cronograma do Programa de Assist\u00eancia e Inclus\u00e3o Social do Estudante (PAISE) 2018<\/a><\/p>\n<p>26\/04\/2018 &#8211; <a href=\"http:\/\/www.ifbaiano.edu.br\/unidades\/itaberaba\/2018\/04\/23\/prorrogado-o-periodo-de-inscricao-para-o-programa-de-assistencia-e-inclusao-social-do-estudante-paise-2018\/\">Segunda Prorroga\u00e7\u00e3o do Per\u00edodo de Inscri\u00e7\u00e3o para o Programa de Assist\u00eancia e Inclus\u00e3o Social do Estudante (PAISE) 2018<\/a><\/p>\n<p>10\/08\/2017 &#8211; <a href=\"http:\/\/www.ifbaiano.edu.br\/unidades\/itaberaba\/2017\/08\/10\/publicada-lista-dos-estudantes-selecionados-do-programa-de-assistencia-e-inclusao-social-do-estudante-paise-2017\/\">Publicada lista dos estudantes selecionados do Programa de Assist\u00eancia e Inclus\u00e3o Social do Estudante (PAISE) 2017<\/a><\/p>\n<p>07\/08\/2017 &#8211; <a href=\"http:\/\/www.ifbaiano.edu.br\/unidades\/itaberaba\/2017\/08\/07\/publicada-lista-de-alunos-pre-selecionados-do-paise-2017\/\">Publicada lista de alunos pr\u00e9-selecionados do PAISE 2017<\/a><\/p>\n<p>31\/07\/2017 &#8211; <a href=\"http:\/\/www.ifbaiano.edu.br\/unidades\/itaberaba\/2017\/07\/31\/publicada-convocacao-para-entrevista-social-do-paise-2017\/\">Publicada Convoca\u00e7\u00e3o para Entrevista Social do PAISE 2017<\/a><\/p>\n<p>28\/07\/2017 &#8211; <a href=\"http:\/\/www.ifbaiano.edu.br\/unidades\/itaberaba\/2017\/07\/28\/publicada-a-retificacao-n-o-1-do-edital-do-paise\/\">Publicada a Retifica\u00e7\u00e3o n.\u00ba 1 do Edital do PAISE<\/a><\/p>\n<p>13\/07\/2017 &#8211; <a href=\"http:\/\/www.ifbaiano.edu.br\/unidades\/itaberaba\/2017\/07\/13\/errata-01-edital-do-paise-2017\/\">Errata 01 \u2013 Edital do PAISE 2017<\/a><\/p>\n<p>13\/07\/2017 &#8211; <a href=\"http:\/\/www.ifbaiano.edu.br\/unidades\/itaberaba\/2017\/07\/13\/publicado-edital-do-programa-de-assistencia-e-inclusao-social-do-estudante-paise-2017\/\">Publicado Edital do Programa de Assist\u00eancia e Inclus\u00e3o Social do Estudante (PAISE) 2017<\/a><\/p>\n<p>&nbsp;<\/p>\n<p>&nbsp;<\/p>\n<p>&nbsp;<\/p>\n<p>&nbsp;<\/p>\n<p>&nbsp;<\/p>\n<p>&nbsp;<\/p>\n","protected":false},"excerpt":{"rendered":"<p>CONFIRA TODAS AS NOT\u00cdCIAS 04\/09\/2019 &#8211; Cronograma PAISE 2019.2 07\/05\/2019 &#8211; Publicado o parecer dos recursos e o resultado dos estudantes selecionados no PAISE 2019 29\/04\/2019 &#8211; Publicada lista de alunos pr\u00e9-selecionados no PAISE 2019 29\/03\/2019 &#8211; Divulgado o Edital do Programa de Assist\u00eancia e Inclus\u00e3o Social do Estudante \u2013 PAISE 2019 15\/06\/2018 &#8211; Campus [&hellip;]<\/p>\n","protected":false},"author":85,"featured_media":0,"parent":0,"menu_order":0,"comment_status":"closed","ping_status":"closed","template":"","meta":[],"_links":{"self":[{"href":"https:\/\/www.ifbaiano.edu.br\/unidades\/itaberaba\/wp-json\/wp\/v2\/pages\/461"}],"collection":[{"href":"https:\/\/www.ifbaiano.edu.br\/unidades\/itaberaba\/wp-json\/wp\/v2\/pages"}],"about":[{"href":"https:\/\/www.ifbaiano.edu.br\/unidades\/itaberaba\/wp-json\/wp\/v2\/types\/page"}],"author":[{"embeddable":true,"href":"https:\/\/www.ifbaiano.edu.br\/unidades\/itaberaba\/wp-json\/wp\/v2\/users\/85"}],"replies":[{"embeddable":true,"href":"https:\/\/www.ifbaiano.edu.br\/unidades\/itaberaba\/wp-json\/wp\/v2\/comments?post=461"}],"version-history":[{"count":14,"href":"https:\/\/www.ifbaiano.edu.br\/unidades\/itaberaba\/wp-json\/wp\/v2\/pages\/461\/revisions"}],"predecessor-version":[{"id":2629,"href":"https:\/\/www.ifbaiano.edu.br\/unidades\/itaberaba\/wp-json\/wp\/v2\/pages\/461\/revisions\/2629"}],"wp:attachment":[{"href":"https:\/\/www.ifbaiano.edu.br\/unidades\/itaberaba\/wp-json\/wp\/v2\/media?parent=461"}],"curies":[{"name":"wp","href":"https:\/\/api.w.org\/{rel}","templated":true}]}}