{"id":467,"date":"2017-08-02T11:42:45","date_gmt":"2017-08-02T14:42:45","guid":{"rendered":"http:\/\/www.ifbaiano.edu.br\/unidades\/itaberaba\/?page_id=467"},"modified":"2023-12-01T12:12:46","modified_gmt":"2023-12-01T15:12:46","slug":"gremio-estudantil","status":"publish","type":"page","link":"https:\/\/www.ifbaiano.edu.br\/unidades\/itaberaba\/gremio-estudantil\/","title":{"rendered":"Gr\u00eamio Estudantil Pedra que Brilha"},"content":{"rendered":"\n<div id=\"ProreitoriaTopoTitulo\">\n\t\t\t\t\tDiretoria Executiva (Mandato: 2023-2025)\n\t\t\t\t<\/div>\n\n\n<p><strong>Presidente<\/strong> &#8211; Eli Cledson dos Santos Santana<br><strong>Vice-Presidente<\/strong> &#8211; Beatriz de Almeida Aquino<br><strong>Secret\u00e1ria Geral<\/strong> &#8211; Gabriele Santos da Silva<br><strong>1.\u00ba Secretario<\/strong> &#8211; Ana J\u00falia Concei\u00e7\u00e3o Cruz<br><strong>Diretoria de Finan\u00e7as<\/strong> &#8211; Alice Santos Cerqueira<br><strong>Vice-Diretor de Finan\u00e7as<\/strong> &#8211; Samuel de Brito Teles<br><strong>Diretoria de Comunica\u00e7\u00e3o<\/strong> &#8211; Bruna Ara\u00fajo&nbsp;Am\u00e2ncio<br><strong>Vice-Diretora de Comunica\u00e7\u00e3o<\/strong> &#8211; J\u00e9ssica Correia Ribeiro<br><strong>Diretoria de Cultura<\/strong> &#8211; Jo\u00e3o Paulo Lima Cardoso<br><strong>Vice-Diretor de Cultura<\/strong> &#8211; Jos\u00e9 Pedro Almeida Santana<br><strong>Diretoria de Pol\u00edticas Educacionais<\/strong> &#8211; Emilly Gabriely da Silva e Silva<br><strong>Vice-diretora de Pol\u00edticas Educacionais<\/strong> &#8211; Bruna de Lima Oliveira<br><strong>Diretoria de Esporte e Sa\u00fade<\/strong> &#8211; Kailane Silva de Oliveira<br><strong>Vice-diretor de Esporte e Sa\u00fade<\/strong> &#8211; Davi Neves Mascarenhas<br><strong>Diretoria da Mulher<\/strong> &#8211; Lauren Santana de Jesus<br><strong>Vice-Diretora da Mulher<\/strong> &#8211; Nadine Lima de Souza<br><strong>Diretoria de Pol\u00edticas Afirmativas<\/strong> &#8211; Quevili Raquel Borges Soares<br><strong>Vice-diretor de Pol\u00edticas Afirmativas<\/strong> &#8211; Jo\u00e3o Pedro dos Santos de Souza<\/p>\n\n\n<div id=\"ProreitoriaTopoTitulo\">\n\t\t\t\t\tContato:\n\t\t\t\t<\/div>\n\n\n\n<p><strong>E-mail:<\/strong> gremio@itaberaba.ifbaiano.edu.br<\/p>\n\n\n\n<div id=\"ProreitoriaTopoTitulo\">\n\t\t\t\t\tDocumentos Importantes:\n\t\t\t\t<\/div>\n\n\n\n<p class=\"has-small-font-size\"><strong><a href=\"https:\/\/www.ifbaiano.edu.br\/unidades\/itaberaba\/files\/2023\/12\/Portaria-15_2018-Homologa-Estatuto-Gremio-Estudantil-Pedra-que-Brilha.pdf\" target=\"_blank\" rel=\"noreferrer noopener\">Estatuto Gr\u00eamio Estudantil Pedra que Brilha<\/a><\/strong> (Homologado pela Portaria n\u00ba 15\/2018)<\/p>\n\n\n\n<p class=\"has-small-font-size\"><a rel=\"noreferrer noopener\" href=\"https:\/\/www.ifbaiano.edu.br\/unidades\/itaberaba\/files\/2023\/12\/Portaria-62_2023.pdf\" target=\"_blank\">Portaria  62\/2023 &#8211; ITB-GAB\/ITB-DG\/RET\/IFBAIANO<\/a>, de&nbsp;18 de setembro de 2023, que trata da Homologa\u00e7\u00e3o do Resultado das Elei\u00e7\u00f5es 2023 do Gr\u00eamio Estudantil Pedra que Brilha do IF Baiano &#8211; <em>Campus <\/em>Itaberaba, mandato 2023-2025.<\/p>\n","protected":false},"excerpt":{"rendered":"<p>Diretoria Executiva (Mandato: 2023-2025) Presidente &#8211; Eli Cledson dos Santos SantanaVice-Presidente &#8211; Beatriz de Almeida AquinoSecret\u00e1ria Geral &#8211; Gabriele Santos da Silva1.\u00ba Secretario &#8211; Ana J\u00falia Concei\u00e7\u00e3o CruzDiretoria de Finan\u00e7as &#8211; Alice Santos CerqueiraVice-Diretor de Finan\u00e7as &#8211; Samuel de Brito TelesDiretoria de Comunica\u00e7\u00e3o &#8211; Bruna Ara\u00fajo&nbsp;Am\u00e2ncioVice-Diretora de Comunica\u00e7\u00e3o &#8211; J\u00e9ssica Correia RibeiroDiretoria de Cultura &#8211; [&hellip;]<\/p>\n","protected":false},"author":85,"featured_media":0,"parent":0,"menu_order":0,"comment_status":"closed","ping_status":"closed","template":"","meta":[],"_links":{"self":[{"href":"https:\/\/www.ifbaiano.edu.br\/unidades\/itaberaba\/wp-json\/wp\/v2\/pages\/467"}],"collection":[{"href":"https:\/\/www.ifbaiano.edu.br\/unidades\/itaberaba\/wp-json\/wp\/v2\/pages"}],"about":[{"href":"https:\/\/www.ifbaiano.edu.br\/unidades\/itaberaba\/wp-json\/wp\/v2\/types\/page"}],"author":[{"embeddable":true,"href":"https:\/\/www.ifbaiano.edu.br\/unidades\/itaberaba\/wp-json\/wp\/v2\/users\/85"}],"replies":[{"embeddable":true,"href":"https:\/\/www.ifbaiano.edu.br\/unidades\/itaberaba\/wp-json\/wp\/v2\/comments?post=467"}],"version-history":[{"count":9,"href":"https:\/\/www.ifbaiano.edu.br\/unidades\/itaberaba\/wp-json\/wp\/v2\/pages\/467\/revisions"}],"predecessor-version":[{"id":8140,"href":"https:\/\/www.ifbaiano.edu.br\/unidades\/itaberaba\/wp-json\/wp\/v2\/pages\/467\/revisions\/8140"}],"wp:attachment":[{"href":"https:\/\/www.ifbaiano.edu.br\/unidades\/itaberaba\/wp-json\/wp\/v2\/media?parent=467"}],"curies":[{"name":"wp","href":"https:\/\/api.w.org\/{rel}","templated":true}]}}