{"id":479,"date":"2021-04-20T15:17:17","date_gmt":"2021-04-20T18:17:17","guid":{"rendered":"http:\/\/www.ifbaiano.edu.br\/unidades\/itaberaba\/?page_id=479"},"modified":"2026-04-27T06:15:53","modified_gmt":"2026-04-27T09:15:53","slug":"relacao-de-docentes","status":"publish","type":"page","link":"https:\/\/www.ifbaiano.edu.br\/unidades\/itaberaba\/relacao-de-docentes\/","title":{"rendered":"Docentes"},"content":{"rendered":"\n<div id=\"ProreitoriaTopoTitulo\">Servidor (as) (es) lotados (as) e localizados (as) no IF Baiano <i>Campus<\/i> Itaberaba:<\/div><p><strong>Alex Sandro Batista dos Santos Recife<\/strong><br>Professor do Ensino B\u00e1sico, T\u00e9cnico e Tecnol\u00f3gico &#8211; L\u00edngua Inglesa<br>Localiza\u00e7\u00e3o de Exerc\u00edcio: ITB-CE (Coordena\u00e7\u00e3o de Ensino)<br>   E-mail: <a href=\"mailto:alex.sandro@ifbaiano.edu.br\">alex.sandro@ifbaiano.edu.br<\/a><br><a href=\"http:\/\/lattes.cnpq.br\/1370465597878266\" target=\"_blank\" rel=\"noopener\">Curr\u00edculo Lattes<\/a><\/p><hr><p><strong>Allysson Fernando Guedes de Almeida<\/strong><br>Professor do Ensino B\u00e1sico, T\u00e9cnico e Tecnol\u00f3gico &#8211; Inform\u00e1tica<br>Localiza\u00e7\u00e3o de Exerc\u00edcio: ITB-CE (Coordena\u00e7\u00e3o de Ensino)<br>   E-mail: <a href=\"mailto:allysson.almeida@ifbaiano.edu.br\">allysson.almeida@ifbaiano.edu.br<\/a><br><a href=\"0\" target=\"_blank\" rel=\"noopener\">Curr\u00edculo Lattes<\/a><\/p><hr><p><strong>Camilla Natalia Oliveira Santos<\/strong><br>Professor do Ensino B\u00e1sico, T\u00e9cnico e Tecnol\u00f3gico &#8211; Biologia<br>Localiza\u00e7\u00e3o de Exerc\u00edcio: ITB-CE (Coordena\u00e7\u00e3o de Ensino)<br>   E-mail: <a href=\"mailto:camilla.santos@ifbaiano.edu.br\">camilla.santos@ifbaiano.edu.br<\/a><br><a href=\"0\" target=\"_blank\" rel=\"noopener\">Curr\u00edculo Lattes<\/a><\/p><hr><p><strong>Carla Ferreira da Silva Machado<\/strong><br>Professor do Ensino B\u00e1sico, T\u00e9cnico e Tecnol\u00f3gico &#8211; Atendimento Educacional especializado<br>Localiza\u00e7\u00e3o de Exerc\u00edcio: ITB-CE (Coordena\u00e7\u00e3o de Ensino)<br>   E-mail: <a href=\"mailto:carla.machado@ifbaiano.edu.br\">carla.machado@ifbaiano.edu.br<\/a><br><a href=\"http:\/\/lattes.cnpq.br\/0671380546092007\" target=\"_blank\" rel=\"noopener\">Curr\u00edculo Lattes<\/a><\/p><hr><p><strong>Charles Augusto Santos Morais<\/strong><br>Professor do Ensino B\u00e1sico, T\u00e9cnico e Tecnol\u00f3gico &#8211; Qu\u00edmica<br>Localiza\u00e7\u00e3o de Exerc\u00edcio: ITB-CE (Coordena\u00e7\u00e3o de Ensino)<br>   E-mail: <a href=\"mailto:charles.morais@ifbaiano.edu.br\">charles.morais@ifbaiano.edu.br<\/a><br><a href=\"0\" target=\"_blank\" rel=\"noopener\">Curr\u00edculo Lattes<\/a><\/p><hr><p><strong>Cristovam Alves de Lima Junior<\/strong><br>Professor do Ensino B\u00e1sico, T\u00e9cnico e Tecnol\u00f3gico &#8211; Agroind\u00fastria &#8211; Agropecu\u00e1ria<br>Localiza\u00e7\u00e3o de Exerc\u00edcio: ITB-CE (Coordena\u00e7\u00e3o de Ensino)<br>   E-mail: <a href=\"mailto:cristovam.lima@ifbaiano.edu.br\">cristovam.lima@ifbaiano.edu.br<\/a><br><a href=\"http:\/\/lattes.cnpq.br\/7416458496019987\" target=\"_blank\" rel=\"noopener\">Curr\u00edculo Lattes<\/a><\/p><hr><p><strong>Danilo Evangelista de Santana<\/strong><br>Professor do Ensino B\u00e1sico, T\u00e9cnico e Tecnol\u00f3gico &#8211; Administra\u00e7\u00e3o<br>Localiza\u00e7\u00e3o de Exerc\u00edcio: ITB-CCV (Coordena\u00e7\u00e3o Curso T\u00e9cnico em Vendas Subsequente ao Ensino M\u00e9dio)<br>   E-mail: <a href=\"mailto:danilo.santana@ifbaiano.edu.br\">danilo.santana@ifbaiano.edu.br<\/a><br><a href=\"0\" target=\"_blank\" rel=\"noopener\">Curr\u00edculo Lattes<\/a><\/p><hr><p><strong>Danilo Sande Santos<\/strong><br>Professor do Ensino B\u00e1sico, T\u00e9cnico e Tecnol\u00f3gico &#8211; F\u00edsica<br>Localiza\u00e7\u00e3o de Exerc\u00edcio: ITB-CE (Coordena\u00e7\u00e3o de Ensino)<br>   E-mail: <a href=\"mailto:danilo.sande@ifbaiano.edu.br\">danilo.sande@ifbaiano.edu.br<\/a><br><a href=\"0\" target=\"_blank\" rel=\"noopener\">Curr\u00edculo Lattes<\/a><\/p><hr><p><strong>Ednan Galv\u00e3o Santos<\/strong><br>Professor do Ensino B\u00e1sico, T\u00e9cnico e Tecnol\u00f3gico &#8211; Filosofia<br>Localiza\u00e7\u00e3o de Exerc\u00edcio: ITB-CE (Coordena\u00e7\u00e3o de Ensino)<br>   E-mail: <a href=\"mailto:ednan.santos@ifbaiano.edu.br\">ednan.santos@ifbaiano.edu.br<\/a><br><a href=\"0\" target=\"_blank\" rel=\"noopener\">Curr\u00edculo Lattes<\/a><\/p><hr><p><strong>Elielma Santana Fernandes<\/strong><br>Professor do Ensino B\u00e1sico, T\u00e9cnico e Tecnol\u00f3gico &#8211; Meio Ambiente<br>Localiza\u00e7\u00e3o de Exerc\u00edcio: ITB-CCTMA (Coordena\u00e7\u00e3o do Curso T\u00e9cnico em Meio Ambiente Subsequente ao Ensino M\u00e9dio)<br>   E-mail: <a href=\"mailto:elielma.fernandes@ifbaiano.edu.br\">elielma.fernandes@ifbaiano.edu.br<\/a><br><a href=\"http:\/\/lattes.cnpq.br\/5226720780847374\" target=\"_blank\" rel=\"noopener\">Curr\u00edculo Lattes<\/a><\/p><hr><p><strong>Evandro Ferreira Cardoso<\/strong><br>Professor do Ensino B\u00e1sico, T\u00e9cnico e Tecnol\u00f3gico &#8211; Zootecnia\/ Produ\u00e7\u00e3o animal n\u00e3o-ruminantes<br>Localiza\u00e7\u00e3o de Exerc\u00edcio: ITB-CCAGROPSUB (Coordena\u00e7\u00e3o do Curso T\u00e9cnico em Agropecu\u00e1ria Subsequente ao Ensino M\u00e9dio)<br>   E-mail: <a href=\"mailto:evandro.cardoso@ifbaiano.edu.br\">evandro.cardoso@ifbaiano.edu.br<\/a><br><a href=\"http:\/\/lattes.cnpq.br\/9970481162156959\" target=\"_blank\" rel=\"noopener\">Curr\u00edculo Lattes<\/a><\/p><hr><p><strong>F\u00e1bio Gon\u00e7alves da Silva<\/strong><br>Professor do Ensino B\u00e1sico, T\u00e9cnico e Tecnol\u00f3gico &#8211; Geografia<br>Localiza\u00e7\u00e3o de Exerc\u00edcio: ITB-CE (Coordena\u00e7\u00e3o de Ensino)<br>   E-mail: <a href=\"mailto:fabio.silva@ifbaiano.edu.br\">fabio.silva@ifbaiano.edu.br<\/a><br><a href=\"http:\/\/lattes.cnpq.br\/0487264474214645\" target=\"_blank\" rel=\"noopener\">Curr\u00edculo Lattes<\/a><\/p><hr><p><strong>Franciane Dias da Silva<\/strong><br>Professor do Ensino B\u00e1sico, T\u00e9cnico e Tecnol\u00f3gico &#8211; M\u00fasica<br>Localiza\u00e7\u00e3o de Exerc\u00edcio: ITB-CE (Coordena\u00e7\u00e3o de Ensino)<br>   E-mail: <a href=\"mailto:franciane.dias@ifbaiano.edu.br\">franciane.dias@ifbaiano.edu.br<\/a><br><a href=\"0\" target=\"_blank\" rel=\"noopener\">Curr\u00edculo Lattes<\/a><\/p><hr><p><strong>Gessionei da Silva Santana<\/strong><br>Professor do Ensino B\u00e1sico, T\u00e9cnico e Tecnol\u00f3gico &#8211; Irriga\u00e7\u00e3o<br>Localiza\u00e7\u00e3o de Exerc\u00edcio: ITB-CE (Coordena\u00e7\u00e3o de Ensino)<br>   E-mail: <a href=\"mailto:gessionei.santana@ifbaiano.edu.br\">gessionei.santana@ifbaiano.edu.br<\/a><br><a href=\"http:\/\/lattes.cnpq.br\/8509972964240247\" target=\"_blank\" rel=\"noopener\">Curr\u00edculo Lattes<\/a><\/p><hr><p><strong>Helo\u00edsa Helena de Abreu Martins<\/strong><br>Professor do Ensino B\u00e1sico, T\u00e9cnico e Tecnol\u00f3gico &#8211; Ci\u00eancias e Tecnologia de Alimentos<br>Localiza\u00e7\u00e3o de Exerc\u00edcio: ITB-CE (Coordena\u00e7\u00e3o de Ensino)<br>   E-mail: <a href=\"mailto:heloisa.martins@ifbaiano.edu.br\">heloisa.martins@ifbaiano.edu.br<\/a><br><a href=\"http:\/\/lattes.cnpq.br\/3942312797133211\" target=\"_blank\" rel=\"noopener\">Curr\u00edculo Lattes<\/a><\/p><hr><p><strong>Jefferson Oliveira de S\u00e1<\/strong><br>Professor do Ensino B\u00e1sico, T\u00e9cnico e Tecnol\u00f3gico &#8211; Agronomia<br>Localiza\u00e7\u00e3o de Exerc\u00edcio: ITB-COPES (Coordena\u00e7\u00e3o de Pesquisa)<br>   E-mail: <a href=\"mailto:jefferson.sa@ifbaiano.edu.br\">jefferson.sa@ifbaiano.edu.br<\/a><br><a href=\"http:\/\/lattes.cnpq.br\/1007642116788955\" target=\"_blank\" rel=\"noopener\">Curr\u00edculo Lattes<\/a><\/p><hr><p><strong>Leonardo Augusto Paulino<\/strong><br>Professor do Ensino B\u00e1sico, T\u00e9cnico e Tecnol\u00f3gico &#8211; Arte<br>Localiza\u00e7\u00e3o de Exerc\u00edcio: ITB-CTINFEAD (Coordena\u00e7\u00e3o do curso T\u00e9cnico em Inform\u00e1tica Subsequente ao Ensino M\u00e9dio)<br>   E-mail: <a href=\"mailto:leonardo.paulino@ifbaiano.edu.br\">leonardo.paulino@ifbaiano.edu.br<\/a><br><a href=\"http:\/\/lattes.cnpq.br\/9738009772723642\" target=\"_blank\" rel=\"noopener\">Curr\u00edculo Lattes<\/a><\/p><hr><p><strong>Livia Tavares Mendes Froes<\/strong><br>Professor do Ensino B\u00e1sico, T\u00e9cnico e Tecnol\u00f3gico &#8211; Sociologia<br>Localiza\u00e7\u00e3o de Exerc\u00edcio: ITB-CE (Coordena\u00e7\u00e3o de Ensino)<br>   E-mail: <a href=\"mailto:livia.froes@ifbaiano.edu.br\">livia.froes@ifbaiano.edu.br<\/a><br><a href=\"http:\/\/lattes.cnpq.br\/2733656699839435\" target=\"_blank\" rel=\"noopener\">Curr\u00edculo Lattes<\/a><\/p><hr><p><strong>Lizziane Argolo Batista<\/strong><br>Professor do Ensino B\u00e1sico, T\u00e9cnico e Tecnol\u00f3gico &#8211; Zootecnia<br>Localiza\u00e7\u00e3o de Exerc\u00edcio: ITB-CEXT (Coordena\u00e7\u00e3o de Extens\u00e3o)<br>   E-mail: <a href=\"mailto:lizziane.argolo@ifbaiano.edu.br\">lizziane.argolo@ifbaiano.edu.br<\/a><br><a href=\"http:\/\/lattes.cnpq.br\/5463280799085260\" target=\"_blank\" rel=\"noopener\">Curr\u00edculo Lattes<\/a><\/p><hr><p><strong>M\u00e1rcio da Silva Alves<\/strong><br>Professor do Ensino B\u00e1sico, T\u00e9cnico e Tecnol\u00f3gico &#8211; Agronomia<br>Localiza\u00e7\u00e3o de Exerc\u00edcio: ITB-CE (Coordena\u00e7\u00e3o de Ensino)<br>   E-mail: <a href=\"mailto:marcio.alves@ifbaiano.edu.br\">marcio.alves@ifbaiano.edu.br<\/a><br><a href=\"http:\/\/lattes.cnpq.br\/7974951186755688\" target=\"_blank\" rel=\"noopener\">Curr\u00edculo Lattes<\/a><\/p><hr><p><strong>Marcos Ant\u00f4nio Cerqueira Santos<\/strong><br>Professor do Ensino B\u00e1sico, T\u00e9cnico e Tecnol\u00f3gico &#8211; F\u00edsica<br>Localiza\u00e7\u00e3o de Exerc\u00edcio: ITB-CE (Coordena\u00e7\u00e3o de Ensino)<br>   E-mail: <a href=\"mailto:marcos.antonio@ifbaiano.edu.br\">marcos.antonio@ifbaiano.edu.br<\/a><br><a href=\"http:\/\/lattes.cnpq.br\/0791632872783924\" target=\"_blank\" rel=\"noopener\">Curr\u00edculo Lattes<\/a><\/p><hr><p><strong>Maria Auric\u00e9lia Ferreira Marques da Silva<\/strong><br>Professor do Ensino B\u00e1sico, T\u00e9cnico e Tecnol\u00f3gico &#8211; Educa\u00e7\u00e3o F\u00edsica<br>Localiza\u00e7\u00e3o de Exerc\u00edcio: ITB-CCAGROPINT (Coordena\u00e7\u00e3o do Curso T\u00e9cnico em Agropecu\u00e1ria Integrado ao Ensino M\u00e9dio)<br>   E-mail: <a href=\"mailto:maria.auricelia@ifbaiano.edu.br\">maria.auricelia@ifbaiano.edu.br<\/a><br><a href=\"http:\/\/lattes.cnpq.br\/7229722842438637\" target=\"_blank\" rel=\"noopener\">Curr\u00edculo Lattes<\/a><\/p><hr><p><strong>Natali Santana Vital<\/strong><br>Professor do Ensino B\u00e1sico, T\u00e9cnico e Tecnol\u00f3gico &#8211; L\u00edngua portuguesa\/Espanhola<br>Localiza\u00e7\u00e3o de Exerc\u00edcio: ITB-CCSE (Coordena\u00e7\u00e3o Curso T\u00e9cnico em Secretaria Escolar Subsequente ao Ensino M\u00e9dio)<br>   E-mail: <a href=\"mailto:natali.santana@ifbaiano.edu.br\">natali.santana@ifbaiano.edu.br<\/a><br><a href=\"http:\/\/lattes.cnpq.br\/8352476890942939\" target=\"_blank\" rel=\"noopener\">Curr\u00edculo Lattes<\/a><\/p><hr><p><strong>Natanaildo Barbosa Fernandes<\/strong><br>Professor do Ensino B\u00e1sico, T\u00e9cnico e Tecnol\u00f3gico &#8211; Matem\u00e1tica<br>Localiza\u00e7\u00e3o de Exerc\u00edcio: ITB-DG (Diretoria Geral)<br>   E-mail: <a href=\"mailto:natanaildo.fernandes@ifbaiano.edu.br\">natanaildo.fernandes@ifbaiano.edu.br<\/a><br><a href=\"http:\/\/lattes.cnpq.br\/9032714125526384\" target=\"_blank\" rel=\"noopener\">Curr\u00edculo Lattes<\/a><\/p><hr><p><strong>Ozenice Silva dos Santos<\/strong><br>Professor do Ensino B\u00e1sico, T\u00e9cnico e Tecnol\u00f3gico &#8211; Geografia<br>Localiza\u00e7\u00e3o de Exerc\u00edcio: ITB-CE (Coordena\u00e7\u00e3o de Ensino)<br>   E-mail: <a href=\"mailto:ozenice.silva@ifbaiano.edu.br\">ozenice.silva@ifbaiano.edu.br<\/a><br><a href=\"http:\/\/lattes.cnpq.br\/7901339721762591\" target=\"_blank\" rel=\"noopener\">Curr\u00edculo Lattes<\/a><\/p><hr><p><strong>Renato Salgado de Melo Oliveira<\/strong><br>Professor do Ensino B\u00e1sico, T\u00e9cnico e Tecnol\u00f3gico &#8211; Hist\u00f3ria<br>Localiza\u00e7\u00e3o de Exerc\u00edcio: ITB-CCSE (Coordena\u00e7\u00e3o Curso T\u00e9cnico em Secretaria Escolar Subsequente ao Ensino M\u00e9dio)<br>   E-mail: <a href=\"mailto:renato.oliveira@ifbaiano.edu.br\">renato.oliveira@ifbaiano.edu.br<\/a><br><a href=\"http:\/\/lattes.cnpq.br\/7024204051527892\" target=\"_blank\" rel=\"noopener\">Curr\u00edculo Lattes<\/a><\/p><hr><p><strong>Rita de C\u00e1ssia Ramos Queiroz de Freitas<\/strong><br>Professor do Ensino B\u00e1sico, T\u00e9cnico e Tecnol\u00f3gico &#8211; <br>Localiza\u00e7\u00e3o de Exerc\u00edcio: ITB-CTINFEAD (Coordena\u00e7\u00e3o do curso T\u00e9cnico em Inform\u00e1tica Subsequente ao Ensino M\u00e9dio)<br>   E-mail: <a href=\"mailto:rita.freitas@ifbaiano.edu.br\">rita.freitas@ifbaiano.edu.br<\/a><br><a href=\"0\" target=\"_blank\" rel=\"noopener\">Curr\u00edculo Lattes<\/a><\/p><hr><p><strong>Su\u00eade Santos Barbosa<\/strong><br>Professor do Ensino B\u00e1sico, T\u00e9cnico e Tecnol\u00f3gico &#8211; Matem\u00e1tica<br>Localiza\u00e7\u00e3o de Exerc\u00edcio: ITB-CE (Coordena\u00e7\u00e3o de Ensino)<br>   E-mail: <a href=\"mailto:suede.barbosa@ifbaiano.edu.br\">suede.barbosa@ifbaiano.edu.br<\/a><br><a href=\"http:\/\/lattes.cnpq.br\/1362178213764997\" target=\"_blank\" rel=\"noopener\">Curr\u00edculo Lattes<\/a><\/p><hr><p><strong>Tamara Torres Tanan<\/strong><br>Professor do Ensino B\u00e1sico, T\u00e9cnico e Tecnol\u00f3gico &#8211; Biologia<br>Localiza\u00e7\u00e3o de Exerc\u00edcio: ITB-CE (Coordena\u00e7\u00e3o de Ensino)<br>   E-mail: <a href=\"mailto:tamara.tanan@ifbaiano.edu.br\">tamara.tanan@ifbaiano.edu.br<\/a><br><a href=\"http:\/\/lattes.cnpq.br\/9798635276846031\" target=\"_blank\" rel=\"noopener\">Curr\u00edculo Lattes<\/a><\/p><hr><p><strong>Ubiratan Oliveira Souza<\/strong><br>Professor do Ensino B\u00e1sico, T\u00e9cnico e Tecnol\u00f3gico &#8211; Agronomia<br>Localiza\u00e7\u00e3o de Exerc\u00edcio: ITB-CE (Coordena\u00e7\u00e3o de Ensino)<br>   E-mail: <a href=\"mailto:ubiratan.souza@ifbaiano.edu.br\">ubiratan.souza@ifbaiano.edu.br<\/a><br><a href=\"http:\/\/lattes.cnpq.br\/9277348354404512\" target=\"_blank\" rel=\"noopener\">Curr\u00edculo Lattes<\/a><\/p><hr><p><strong>Vagner Freitas da Silva<\/strong><br>Professor do Ensino B\u00e1sico, T\u00e9cnico e Tecnol\u00f3gico &#8211; Engenharia de seguran\u00e7a do Trabalho<br>Localiza\u00e7\u00e3o de Exerc\u00edcio: ITB-CCTAGROIND (Coordena\u00e7\u00e3o do Curso T\u00e9cnico em Agroind\u00fastria Integrado ao Ensino M\u00e9dio)<br>   E-mail: <a href=\"mailto:vagner.freitas@ifbaiano.edu.br\">vagner.freitas@ifbaiano.edu.br<\/a><br><a href=\"http:\/\/lattes.cnpq.br\/9260615997517719\" target=\"_blank\" rel=\"noopener\">Curr\u00edculo Lattes<\/a><\/p><hr><div id=\"ProreitoriaTopoTitulo\">Servidor(as)(es) Lotados no <i>Campus<\/i> Itaberaba e cedidos(as) em Colabora\u00e7\u00e3o T\u00e9cnica\/Cargo:<\/div><p><strong>Luis Henrique Alves Gomes<\/strong><br>Professor do Ensino B\u00e1sico, T\u00e9cnico e Tecnol\u00f3gico &#8211; L\u00edngua Portuguesa e Literatura Brasileira<br>Localiza\u00e7\u00e3o de Exerc\u00edcio: RET-PROEX (Pr\u00f3-Reitoria Extens\u00e3o)<br>   E-mail: <a href=\"mailto:luis.gomes@ifbaiano.edu.br\">luis.gomes@ifbaiano.edu.br<\/a><br><a href=\"0\" target=\"_blank\" rel=\"noopener\">Curr\u00edculo Lattes<\/a><\/p><hr><div id=\"ProreitoriaTopoTitulo\">Servidor(as)(es) de outras Institui\u00e7\u00f5es\/Unidades em Colabora\u00e7\u00e3o T\u00e9cnica no <i>Campus<\/i> Itaberaba:<\/div><p><strong>Alex Leal de Oliveira<\/strong><br>Professor do Ensino B\u00e1sico, T\u00e9cnico e Tecnol\u00f3gico &#8211; Seguran\u00e7a do Trabalho<br>Localiza\u00e7\u00e3o de Exerc\u00edcio: ITB-CE (Coordena\u00e7\u00e3o de Ensino)<br>   E-mail: <a href=\"mailto:alex.oliveira@ifbaiano.edu.br\">alex.oliveira@ifbaiano.edu.br<\/a><br><a href=\"0\" target=\"_blank\" rel=\"noopener\">Curr\u00edculo Lattes<\/a><\/p><hr><div id=\"ProreitoriaTopoTitulo\">Professor(a)(es) do Ensino B\u00e1sico, T\u00e9cnico e Tecnol\u00f3gico Substituto(a)(as):<\/div><p><strong>Jessica Mina de Sousa<\/strong><br>Professor do Ensino B\u00e1sico, T\u00e9cnico e Tecnol\u00f3gico Substituto &#8211; <br>Localiza\u00e7\u00e3o de Exerc\u00edcio: ITB-CE (Coordena\u00e7\u00e3o de Ensino)<br>   E-mail: <a href=\"mailto:jessica.sousa@ifbaiano.edu.br\">jessica.sousa@ifbaiano.edu.br<\/a><br><a href=\"0\" target=\"_blank\" rel=\"noopener\">Curr\u00edculo Lattes<\/a><\/p><hr><p><strong>Kalline Santana da Silva<\/strong><br>Professor do Ensino B\u00e1sico, T\u00e9cnico e Tecnol\u00f3gico Substituto &#8211; <br>Localiza\u00e7\u00e3o de Exerc\u00edcio: ITB-CE (Coordena\u00e7\u00e3o de Ensino)<br>   E-mail: <a href=\"mailto:kalline.silva@ifbaiano.edu.br\">kalline.silva@ifbaiano.edu.br<\/a><br><a href=\"0\" target=\"_blank\" rel=\"noopener\">Curr\u00edculo Lattes<\/a><\/p><hr><p><strong>Karla Emanuelle Campos Ara\u00fajo<\/strong><br>Professor do Ensino B\u00e1sico, T\u00e9cnico e Tecnol\u00f3gico Substituto &#8211; <br>Localiza\u00e7\u00e3o de Exerc\u00edcio: ITB-CE (Coordena\u00e7\u00e3o de Ensino)<br>   E-mail: <a href=\"mailto:karla.araujo@ifbaiano.edu.br\">karla.araujo@ifbaiano.edu.br<\/a><br><a href=\"0\" target=\"_blank\" rel=\"noopener\">Curr\u00edculo Lattes<\/a><\/p><hr><p><strong>Valdiane Souza de Argolo<\/strong><br>Professor do Ensino B\u00e1sico, T\u00e9cnico e Tecnol\u00f3gico Substituto &#8211; Geografia<br>Localiza\u00e7\u00e3o de Exerc\u00edcio: ITB-CE (Coordena\u00e7\u00e3o de Ensino)<br>   E-mail: <a href=\"mailto:valdiane.argolo@ifbaiano.edu.br\">valdiane.argolo@ifbaiano.edu.br<\/a><br><a href=\"0\" target=\"_blank\" rel=\"noopener\">Curr\u00edculo Lattes<\/a><\/p><hr>\n","protected":false},"excerpt":{"rendered":"<p>Servidor (as) (es) lotados (as) e localizados (as) no IF Baiano Campus Itaberaba: Alex Sandro Batista dos Santos RecifeProfessor do Ensino B\u00e1sico, T\u00e9cnico e Tecnol\u00f3gico &#8211; L\u00edngua InglesaLocaliza\u00e7\u00e3o de Exerc\u00edcio: ITB-CE (Coordena\u00e7\u00e3o de Ensino) E-mail: alex.sandro@ifbaiano.edu.brCurr\u00edculo Lattes Allysson Fernando Guedes de AlmeidaProfessor do Ensino B\u00e1sico, T\u00e9cnico e Tecnol\u00f3gico &#8211; Inform\u00e1ticaLocaliza\u00e7\u00e3o de Exerc\u00edcio: ITB-CE (Coordena\u00e7\u00e3o de [&hellip;]<\/p>\n","protected":false},"author":105,"featured_media":0,"parent":0,"menu_order":0,"comment_status":"closed","ping_status":"closed","template":"","meta":[],"_links":{"self":[{"href":"https:\/\/www.ifbaiano.edu.br\/unidades\/itaberaba\/wp-json\/wp\/v2\/pages\/479"}],"collection":[{"href":"https:\/\/www.ifbaiano.edu.br\/unidades\/itaberaba\/wp-json\/wp\/v2\/pages"}],"about":[{"href":"https:\/\/www.ifbaiano.edu.br\/unidades\/itaberaba\/wp-json\/wp\/v2\/types\/page"}],"author":[{"embeddable":true,"href":"https:\/\/www.ifbaiano.edu.br\/unidades\/itaberaba\/wp-json\/wp\/v2\/users\/105"}],"replies":[{"embeddable":true,"href":"https:\/\/www.ifbaiano.edu.br\/unidades\/itaberaba\/wp-json\/wp\/v2\/comments?post=479"}],"version-history":[{"count":109,"href":"https:\/\/www.ifbaiano.edu.br\/unidades\/itaberaba\/wp-json\/wp\/v2\/pages\/479\/revisions"}],"predecessor-version":[{"id":9889,"href":"https:\/\/www.ifbaiano.edu.br\/unidades\/itaberaba\/wp-json\/wp\/v2\/pages\/479\/revisions\/9889"}],"wp:attachment":[{"href":"https:\/\/www.ifbaiano.edu.br\/unidades\/itaberaba\/wp-json\/wp\/v2\/media?parent=479"}],"curies":[{"name":"wp","href":"https:\/\/api.w.org\/{rel}","templated":true}]}}