{"id":501,"date":"2017-08-16T09:24:16","date_gmt":"2017-08-16T12:24:16","guid":{"rendered":"http:\/\/www.ifbaiano.edu.br\/unidades\/itaberaba\/?page_id=501"},"modified":"2018-09-10T11:35:43","modified_gmt":"2018-09-10T14:35:43","slug":"subsequente","status":"publish","type":"page","link":"https:\/\/www.ifbaiano.edu.br\/unidades\/itaberaba\/subsequente\/","title":{"rendered":"Subsequente"},"content":{"rendered":"<h4><a href=\"http:\/\/www.ifbaiano.edu.br\/unidades\/itaberaba\/curso-tecnico-subsequente-em-agropecuaria\/\">CURSO T\u00c9CNICO SUBSEQUENTE EM AGROPECU\u00c1RIA<\/a><\/h4>\n<h4><a href=\"http:\/\/www.ifbaiano.edu.br\/unidades\/itaberaba\/meio-ambiente\/\">CURSO T\u00c9CNICO SUBSEQUENTE EM MEIO AMBIENTE<\/a><\/h4>\n","protected":false},"excerpt":{"rendered":"<p>CURSO T\u00c9CNICO SUBSEQUENTE EM AGROPECU\u00c1RIA CURSO T\u00c9CNICO SUBSEQUENTE EM MEIO AMBIENTE<\/p>\n","protected":false},"author":85,"featured_media":0,"parent":0,"menu_order":0,"comment_status":"closed","ping_status":"closed","template":"","meta":[],"_links":{"self":[{"href":"https:\/\/www.ifbaiano.edu.br\/unidades\/itaberaba\/wp-json\/wp\/v2\/pages\/501"}],"collection":[{"href":"https:\/\/www.ifbaiano.edu.br\/unidades\/itaberaba\/wp-json\/wp\/v2\/pages"}],"about":[{"href":"https:\/\/www.ifbaiano.edu.br\/unidades\/itaberaba\/wp-json\/wp\/v2\/types\/page"}],"author":[{"embeddable":true,"href":"https:\/\/www.ifbaiano.edu.br\/unidades\/itaberaba\/wp-json\/wp\/v2\/users\/85"}],"replies":[{"embeddable":true,"href":"https:\/\/www.ifbaiano.edu.br\/unidades\/itaberaba\/wp-json\/wp\/v2\/comments?post=501"}],"version-history":[{"count":4,"href":"https:\/\/www.ifbaiano.edu.br\/unidades\/itaberaba\/wp-json\/wp\/v2\/pages\/501\/revisions"}],"predecessor-version":[{"id":1663,"href":"https:\/\/www.ifbaiano.edu.br\/unidades\/itaberaba\/wp-json\/wp\/v2\/pages\/501\/revisions\/1663"}],"wp:attachment":[{"href":"https:\/\/www.ifbaiano.edu.br\/unidades\/itaberaba\/wp-json\/wp\/v2\/media?parent=501"}],"curies":[{"name":"wp","href":"https:\/\/api.w.org\/{rel}","templated":true}]}}