{"id":5177,"date":"2021-08-17T12:28:04","date_gmt":"2021-08-17T15:28:04","guid":{"rendered":"https:\/\/www.ifbaiano.edu.br\/unidades\/itaberaba\/?page_id=5177"},"modified":"2021-10-07T15:34:12","modified_gmt":"2021-10-07T18:34:12","slug":"tomada-de-precos-construcao-da-quadra-poliesportiva","status":"publish","type":"page","link":"https:\/\/www.ifbaiano.edu.br\/unidades\/itaberaba\/tomada-de-precos-construcao-da-quadra-poliesportiva\/","title":{"rendered":"Tomada de Pre\u00e7os &#8211; Constru\u00e7\u00e3o da Quadra Poliesportiva"},"content":{"rendered":"\n<p><a href=\"https:\/\/www.ifbaiano.edu.br\/unidades\/itaberaba\/files\/2021\/10\/Ordem-de-Servico-da-Obras_Quadra-Poliesportiva_Assinada.pdf\" data-type=\"URL\" data-id=\"https:\/\/www.ifbaiano.edu.br\/unidades\/itaberaba\/files\/2021\/10\/Ordem-de-Servico-da-Obras_Quadra-Poliesportiva_Assinada.pdf\" target=\"_blank\" rel=\"noreferrer noopener\"><strong>Ordem de Servi\u00e7o &#8211; Quadra Poliesportiva<\/strong><\/a><\/p>\n\n\n\n<p><strong><a href=\"https:\/\/www.ifbaiano.edu.br\/unidades\/itaberaba\/files\/2021\/09\/RESULTADO-DE-JULGAMENTO-TOMADA-DE-PRECOS-No-1_2021.pdf\" target=\"_blank\" rel=\"noreferrer noopener\">Resultado de Julgamento &#8211; TOMADA DE PRE\u00c7OS N\u00ba 1\/2021<\/a><\/strong><\/p>\n\n\n\n<p><a href=\"https:\/\/www.ifbaiano.edu.br\/unidades\/itaberaba\/files\/2021\/09\/Ata-Assinada-TOMADA-DE-PRECO-01_2021.pdf\"><strong>Ata Assinada &#8211; TOMADA DE PRE\u00c7OS 01_2021<\/strong><\/a><\/p>\n\n\n\n<p><a href=\"https:\/\/www.ifbaiano.edu.br\/unidades\/itaberaba\/2021\/08\/18\/plantas-2\/\" target=\"_blank\" rel=\"noreferrer noopener\"><strong>Plantas<\/strong><\/a><\/p>\n\n\n\n<p><a href=\"https:\/\/www.ifbaiano.edu.br\/unidades\/itaberaba\/2021\/08\/18\/memorial-descritivo-e-planilhas\/\" target=\"_blank\" rel=\"noreferrer noopener\"><strong>Memorial Descritivo e Planilhas<\/strong><\/a><\/p>\n\n\n\n<p><strong><a href=\"https:\/\/www.ifbaiano.edu.br\/unidades\/itaberaba\/2021\/08\/18\/edital-no-01-2021-e-anexos\/\" target=\"_blank\" rel=\"noreferrer noopener\">Edital N\u00ba 01\/2021 e Anexos<\/a><\/strong><\/p>\n\n\n\n<p><\/p>\n","protected":false},"excerpt":{"rendered":"<p>Ordem de Servi\u00e7o &#8211; Quadra Poliesportiva Resultado de Julgamento &#8211; TOMADA DE PRE\u00c7OS N\u00ba 1\/2021 Ata Assinada &#8211; TOMADA DE PRE\u00c7OS 01_2021 Plantas Memorial Descritivo e Planilhas Edital N\u00ba 01\/2021 e Anexos<\/p>\n","protected":false},"author":104,"featured_media":0,"parent":0,"menu_order":0,"comment_status":"closed","ping_status":"closed","template":"","meta":[],"_links":{"self":[{"href":"https:\/\/www.ifbaiano.edu.br\/unidades\/itaberaba\/wp-json\/wp\/v2\/pages\/5177"}],"collection":[{"href":"https:\/\/www.ifbaiano.edu.br\/unidades\/itaberaba\/wp-json\/wp\/v2\/pages"}],"about":[{"href":"https:\/\/www.ifbaiano.edu.br\/unidades\/itaberaba\/wp-json\/wp\/v2\/types\/page"}],"author":[{"embeddable":true,"href":"https:\/\/www.ifbaiano.edu.br\/unidades\/itaberaba\/wp-json\/wp\/v2\/users\/104"}],"replies":[{"embeddable":true,"href":"https:\/\/www.ifbaiano.edu.br\/unidades\/itaberaba\/wp-json\/wp\/v2\/comments?post=5177"}],"version-history":[{"count":9,"href":"https:\/\/www.ifbaiano.edu.br\/unidades\/itaberaba\/wp-json\/wp\/v2\/pages\/5177\/revisions"}],"predecessor-version":[{"id":5451,"href":"https:\/\/www.ifbaiano.edu.br\/unidades\/itaberaba\/wp-json\/wp\/v2\/pages\/5177\/revisions\/5451"}],"wp:attachment":[{"href":"https:\/\/www.ifbaiano.edu.br\/unidades\/itaberaba\/wp-json\/wp\/v2\/media?parent=5177"}],"curies":[{"name":"wp","href":"https:\/\/api.w.org\/{rel}","templated":true}]}}