{"id":54,"date":"2017-02-08T20:02:07","date_gmt":"2017-02-08T20:02:07","guid":{"rendered":"http:\/\/www.ifbaiano.edu.br\/unidades\/itaberaba\/?page_id=54"},"modified":"2023-06-02T23:56:51","modified_gmt":"2023-06-03T02:56:51","slug":"historia","status":"publish","type":"page","link":"https:\/\/www.ifbaiano.edu.br\/unidades\/itaberaba\/historia\/","title":{"rendered":"Hist\u00f3ria"},"content":{"rendered":"<p align=\"justify\"><span style=\"color: #000000\"><span style=\"font-family: Times New Roman, serif\"><span style=\"font-size: medium\">O IF Baiano c<i>ampus <\/i>Itaberaba, faz parte do Plano de Expans\u00e3o da Rede Federal de Educa\u00e7\u00e3o Profissional, Cient\u00edfica e Tecnol\u00f3gica, anunciado pelo Governo Federal em 2012. Situado no Territ\u00f3rio de Identidade Piemonte do Paragua\u00e7u, o <i>campus <\/i>visa atender\u00a0\u00e0s demandas dos munic\u00edpios localizados na regi\u00e3o integrante do semi\u00e1rido baiano, entre o Rec\u00f4ncavo e a Chapada Diamantina.<\/span><\/span><\/span><\/p>\n<p align=\"justify\"><span style=\"color: #000000\"><span style=\"font-family: Times New Roman, serif\"><span style=\"font-size: medium\">A autoriza\u00e7\u00e3o para funcionamento do <\/span><\/span><\/span><span style=\"color: #000000\"><span style=\"font-family: Times New Roman, serif\"><span style=\"font-size: medium\"><i>campus <\/i><\/span><\/span><\/span><span style=\"color: #000000\"><span style=\"font-family: Times New Roman, serif\"><span style=\"font-size: medium\">foi concedida pelo Minist\u00e9rio da Educa\u00e7\u00e3o, em maio de 2016. No mesmo ano as atividades do Instituto tiveram in\u00edcio com a oferta de Cursos de Forma\u00e7\u00e3o Inicial e Continuada (FIC), no local onde antes funcionava o Col\u00e9gio Estadual Jo\u00e3o XXIII, localizado no Centro da cidade. Em 2017, foi aberta a primeira turma do curso T\u00e9cnico Subsequente em Meio Ambiente. No ano seguinte, em 2018, passou a ofertar tamb\u00e9m o curso T\u00e9cnico Subsequente em Agropecu\u00e1ria e o primeiro curso na modalidade Integrada, o T\u00e9cnico em Agroind\u00fastria. Ap\u00f3s tr\u00eas anos funcionando na sede provis\u00f3ria, o <\/span><\/span><\/span><em><span style=\"color: #000000\"><span style=\"font-family: Times New Roman, serif\"><span style=\"font-size: medium\">campus<\/span><\/span><\/span><\/em><span style=\"color: #000000\"><span style=\"font-family: Times New Roman, serif\"><span style=\"font-size: medium\"> Itaberaba inaugurou uma sede oficial e definitiva, em julho de 2019, localizada na Rodovia BA-233, Km 04.<\/span><\/span><\/span><\/p>\n<p align=\"justify\"><span style=\"color: #000000\"><span style=\"font-family: Times New Roman, serif\"><span style=\"font-size: medium\">A presen\u00e7a do Instituto Federal Baiano na regi\u00e3o tem contribu\u00eddo significativamente para a eleva\u00e7\u00e3o dos \u00edndices de qualidade educacional e desenvolvimento social, atrav\u00e9s da forma\u00e7\u00e3o de jovens para atuar nas \u00e1reas da agricultura familiar e do com\u00e9rcio de produtos agropecu\u00e1rios.<\/span><\/span><\/span><\/p>\n<ul>\n<li><a href=\"https:\/\/pesquisa.in.gov.br\/imprensa\/jsp\/visualiza\/index.jsp?data=10\/05\/2016&amp;jornal=1&amp;pagina=19\" target=\"_blank\" rel=\"noopener\">Portaria n\u00ba 378, de 9 de maio de 2016<\/a> &#8211;\u00a0Disp\u00f5e sobre a autoriza\u00e7\u00e3o de funcionamento de unidades dos Institutos Federais e atualiza a rela\u00e7\u00e3o de unidades que integram a Rede Federal de Educa\u00e7\u00e3o Profissional, Cient\u00edfica e Tecnol\u00f3gica.<\/li>\n<li><a href=\"https:\/\/pesquisa.in.gov.br\/imprensa\/jsp\/visualiza\/index.jsp?jornal=1&amp;data=11\/05\/2016&amp;pagina=30\" target=\"_blank\" rel=\"noopener\">Portaria n\u00b0 246, de 15 de abril de 2016<\/a> &#8211;\u00a0Disp\u00f5e sobre a cria\u00e7\u00e3o do modelo de dimensionamento de cargos efetivos, cargos de dire\u00e7\u00e3o e fun\u00e7\u00f5es gratificadas e comissionadas, no \u00e2mbito dos Institutos Federais de Educa\u00e7\u00e3o, Ci\u00eancia e Tecnologia, dos Centros Federais de Educa\u00e7\u00e3o Tecnol\u00f3gica e do Col\u00e9gio Pedro II, e define normas e par\u00e2metros para a sua implementa\u00e7\u00e3o.<\/li>\n<\/ul>\n","protected":false},"excerpt":{"rendered":"<p>O IF Baiano campus Itaberaba, faz parte do Plano de Expans\u00e3o da Rede Federal de Educa\u00e7\u00e3o Profissional, Cient\u00edfica e Tecnol\u00f3gica, anunciado pelo Governo Federal em 2012. Situado no Territ\u00f3rio de Identidade Piemonte do Paragua\u00e7u, o campus visa atender\u00a0\u00e0s demandas dos munic\u00edpios localizados na regi\u00e3o integrante do semi\u00e1rido baiano, entre o Rec\u00f4ncavo e a Chapada Diamantina. [&hellip;]<\/p>\n","protected":false},"author":59,"featured_media":0,"parent":0,"menu_order":0,"comment_status":"closed","ping_status":"closed","template":"","meta":[],"_links":{"self":[{"href":"https:\/\/www.ifbaiano.edu.br\/unidades\/itaberaba\/wp-json\/wp\/v2\/pages\/54"}],"collection":[{"href":"https:\/\/www.ifbaiano.edu.br\/unidades\/itaberaba\/wp-json\/wp\/v2\/pages"}],"about":[{"href":"https:\/\/www.ifbaiano.edu.br\/unidades\/itaberaba\/wp-json\/wp\/v2\/types\/page"}],"author":[{"embeddable":true,"href":"https:\/\/www.ifbaiano.edu.br\/unidades\/itaberaba\/wp-json\/wp\/v2\/users\/59"}],"replies":[{"embeddable":true,"href":"https:\/\/www.ifbaiano.edu.br\/unidades\/itaberaba\/wp-json\/wp\/v2\/comments?post=54"}],"version-history":[{"count":10,"href":"https:\/\/www.ifbaiano.edu.br\/unidades\/itaberaba\/wp-json\/wp\/v2\/pages\/54\/revisions"}],"predecessor-version":[{"id":7321,"href":"https:\/\/www.ifbaiano.edu.br\/unidades\/itaberaba\/wp-json\/wp\/v2\/pages\/54\/revisions\/7321"}],"wp:attachment":[{"href":"https:\/\/www.ifbaiano.edu.br\/unidades\/itaberaba\/wp-json\/wp\/v2\/media?parent=54"}],"curies":[{"name":"wp","href":"https:\/\/api.w.org\/{rel}","templated":true}]}}