{"id":5404,"date":"2021-09-28T10:33:23","date_gmt":"2021-09-28T13:33:23","guid":{"rendered":"https:\/\/www.ifbaiano.edu.br\/unidades\/itaberaba\/?page_id=5404"},"modified":"2022-04-18T09:53:04","modified_gmt":"2022-04-18T12:53:04","slug":"referencia-2021-2","status":"publish","type":"page","link":"https:\/\/www.ifbaiano.edu.br\/unidades\/itaberaba\/referencia-2021-2\/","title":{"rendered":"Refer\u00eancia 2021"},"content":{"rendered":"\n<p><a rel=\"noreferrer noopener\" href=\"https:\/\/www.ifbaiano.edu.br\/unidades\/itaberaba\/files\/2021\/09\/Projeto-Basico-Dispensa-Impressoras.pdf\" target=\"_blank\">Projeto B\u00e1sico Dispensa de Impressoras<\/a><\/p>\n\n\n\n<p><a rel=\"noreferrer noopener\" href=\"https:\/\/www.ifbaiano.edu.br\/unidades\/itaberaba\/files\/2021\/11\/Projeto-Basico-Cotacao-eletronica-para-aquisicao-de-materiais-de-construcao.pdf\" target=\"_blank\">Projeto B\u00e1sico &#8211; Cota\u00e7\u00e3o eletr\u00f4nica para aquisi\u00e7\u00e3o de materiais de constru\u00e7\u00e3o<\/a><\/p>\n\n\n\n<p><a rel=\"noreferrer noopener\" href=\"http:\/\/PB-Dispensa-01-2021.pdf\" target=\"_blank\" data-type=\"URL\" data-id=\"http:\/\/PB-Dispensa-01-2021.pdf\">PB-Dispensa-01-2021<\/a><\/p>\n\n\n\n<p><a href=\"https:\/\/www.ifbaiano.edu.br\/unidades\/itaberaba\/files\/2022\/04\/PB-Dispensa-02-2021.pdf\" data-type=\"URL\" data-id=\"https:\/\/www.ifbaiano.edu.br\/unidades\/itaberaba\/files\/2022\/04\/PB-Dispensa-02-2021.pdf\" target=\"_blank\" rel=\"noreferrer noopener\">PB-Dispensa-02-2021<\/a><\/p>\n\n\n\n<p><a href=\"https:\/\/www.ifbaiano.edu.br\/unidades\/itaberaba\/files\/2022\/04\/PB-Dispensa-03-2021.pdf\" data-type=\"URL\" data-id=\"https:\/\/www.ifbaiano.edu.br\/unidades\/itaberaba\/files\/2022\/04\/PB-Dispensa-03-2021.pdf\" target=\"_blank\" rel=\"noreferrer noopener\">PB-Dispensa-03-2021<\/a><\/p>\n\n\n\n<p><a href=\"https:\/\/www.ifbaiano.edu.br\/unidades\/itaberaba\/files\/2022\/04\/PB-Dispensa-04-2021.pdf\" data-type=\"URL\" data-id=\"https:\/\/www.ifbaiano.edu.br\/unidades\/itaberaba\/files\/2022\/04\/PB-Dispensa-04-2021.pdf\" target=\"_blank\" rel=\"noreferrer noopener\">PB-Dispensa-04-2021<\/a><\/p>\n\n\n\n<p><a href=\"https:\/\/www.ifbaiano.edu.br\/unidades\/itaberaba\/files\/2022\/04\/PB-Dispensa-05-2021.pdf\" data-type=\"URL\" data-id=\"https:\/\/www.ifbaiano.edu.br\/unidades\/itaberaba\/files\/2022\/04\/PB-Dispensa-05-2021.pdf\" target=\"_blank\" rel=\"noreferrer noopener\">PB-Dispensa-05-2021<\/a><\/p>\n\n\n\n<p><a href=\"https:\/\/www.ifbaiano.edu.br\/unidades\/itaberaba\/files\/2022\/04\/PB-Dispensa-06-2021.pdf\" data-type=\"URL\" data-id=\"https:\/\/www.ifbaiano.edu.br\/unidades\/itaberaba\/files\/2022\/04\/PB-Dispensa-06-2021.pdf\" target=\"_blank\" rel=\"noreferrer noopener\">PB-Dispensa-06-2021<\/a><\/p>\n\n\n\n<p><a href=\"https:\/\/www.ifbaiano.edu.br\/unidades\/itaberaba\/files\/2022\/04\/PB-Dispensa-07-2021.pdf\" target=\"_blank\" rel=\"noreferrer noopener\">PB-Dispensa-07-2021<\/a><\/p>\n\n\n\n<p><a href=\"https:\/\/www.ifbaiano.edu.br\/unidades\/itaberaba\/files\/2022\/04\/PB-Dispensa-08-2021.pdf\" data-type=\"URL\" data-id=\"https:\/\/www.ifbaiano.edu.br\/unidades\/itaberaba\/files\/2022\/04\/PB-Dispensa-08-2021.pdf\" target=\"_blank\" rel=\"noreferrer noopener\">PB-Dispensa-08-2021<\/a><\/p>\n\n\n\n<p><a href=\"https:\/\/www.ifbaiano.edu.br\/unidades\/itaberaba\/files\/2022\/04\/PB-Dispensa-09-2021.pdf\" data-type=\"URL\" data-id=\"https:\/\/www.ifbaiano.edu.br\/unidades\/itaberaba\/files\/2022\/04\/PB-Dispensa-09-2021.pdf\" target=\"_blank\" rel=\"noreferrer noopener\">PB-Dispensa-09-2021<\/a><\/p>\n\n\n\n<p><a href=\"https:\/\/www.ifbaiano.edu.br\/unidades\/itaberaba\/files\/2022\/04\/PB-Dispensa-10-2021.pdf\" data-type=\"URL\" data-id=\"https:\/\/www.ifbaiano.edu.br\/unidades\/itaberaba\/files\/2022\/04\/PB-Dispensa-10-2021.pdf\" target=\"_blank\" rel=\"noreferrer noopener\">PB-Dispensa-10-2021<\/a><\/p>\n\n\n\n<p><a href=\"https:\/\/www.ifbaiano.edu.br\/unidades\/itaberaba\/files\/2022\/04\/PB-Dispensa-11-2021.pdf\" data-type=\"URL\" data-id=\"https:\/\/www.ifbaiano.edu.br\/unidades\/itaberaba\/files\/2022\/04\/PB-Dispensa-11-2021.pdf\" target=\"_blank\" rel=\"noreferrer noopener\">PB-Dispensa-11-2021<\/a><\/p>\n\n\n\n<p><a href=\"https:\/\/www.ifbaiano.edu.br\/unidades\/itaberaba\/files\/2022\/04\/PB-Dispensa-12-2021.pdf\" data-type=\"URL\" data-id=\"https:\/\/www.ifbaiano.edu.br\/unidades\/itaberaba\/files\/2022\/04\/PB-Dispensa-12-2021.pdf\" target=\"_blank\" rel=\"noreferrer noopener\">PB-Dispensa-12-2021<\/a><\/p>\n\n\n\n<p><a href=\"https:\/\/www.ifbaiano.edu.br\/unidades\/itaberaba\/files\/2022\/04\/PB-Dispensa-13-2021.pdf\" data-type=\"URL\" data-id=\"https:\/\/www.ifbaiano.edu.br\/unidades\/itaberaba\/files\/2022\/04\/PB-Dispensa-13-2021.pdf\" target=\"_blank\" rel=\"noreferrer noopener\">PB-Dispensa-13-2021<\/a><\/p>\n\n\n\n<p><a href=\"https:\/\/www.ifbaiano.edu.br\/unidades\/itaberaba\/files\/2022\/04\/PB-Dispensa-14-2021.pdf\" data-type=\"URL\" data-id=\"https:\/\/www.ifbaiano.edu.br\/unidades\/itaberaba\/files\/2022\/04\/PB-Dispensa-14-2021.pdf\" target=\"_blank\" rel=\"noreferrer noopener\">PB-Dispensa-14-2021<\/a><\/p>\n\n\n\n<p><a href=\"https:\/\/www.ifbaiano.edu.br\/unidades\/itaberaba\/files\/2022\/04\/PB-Dispensa-15-2021.pdf\" data-type=\"URL\" data-id=\"https:\/\/www.ifbaiano.edu.br\/unidades\/itaberaba\/files\/2022\/04\/PB-Dispensa-15-2021.pdf\" target=\"_blank\" rel=\"noreferrer noopener\">PB-Dispensa-15-2021<\/a><\/p>\n\n\n\n<p><a href=\"https:\/\/www.ifbaiano.edu.br\/unidades\/itaberaba\/files\/2022\/04\/PB-Dispensa-16-2021.pdf\" data-type=\"URL\" data-id=\"https:\/\/www.ifbaiano.edu.br\/unidades\/itaberaba\/files\/2022\/04\/PB-Dispensa-16-2021.pdf\" target=\"_blank\" rel=\"noreferrer noopener\">PB-Dispensa-16-2021<\/a><\/p>\n\n\n\n<p><a href=\"https:\/\/www.ifbaiano.edu.br\/unidades\/itaberaba\/files\/2022\/04\/PB-Dispensa-17-2021.pdf\" data-type=\"URL\" data-id=\"https:\/\/www.ifbaiano.edu.br\/unidades\/itaberaba\/files\/2022\/04\/PB-Dispensa-17-2021.pdf\" target=\"_blank\" rel=\"noreferrer noopener\">PB-Dispensa-17-2021<\/a><\/p>\n\n\n\n<p><a href=\"https:\/\/www.ifbaiano.edu.br\/unidades\/itaberaba\/files\/2022\/04\/PB-Dispensa-18-2021.pdf\" data-type=\"URL\" data-id=\"https:\/\/www.ifbaiano.edu.br\/unidades\/itaberaba\/files\/2022\/04\/PB-Dispensa-18-2021.pdf\" target=\"_blank\" rel=\"noreferrer noopener\">PB-Dispensa-18-2021<\/a><\/p>\n","protected":false},"excerpt":{"rendered":"<p>Projeto B\u00e1sico Dispensa de Impressoras Projeto B\u00e1sico &#8211; Cota\u00e7\u00e3o eletr\u00f4nica para aquisi\u00e7\u00e3o de materiais de constru\u00e7\u00e3o PB-Dispensa-01-2021 PB-Dispensa-02-2021 PB-Dispensa-03-2021 PB-Dispensa-04-2021 PB-Dispensa-05-2021 PB-Dispensa-06-2021 PB-Dispensa-07-2021 PB-Dispensa-08-2021 PB-Dispensa-09-2021 PB-Dispensa-10-2021 PB-Dispensa-11-2021 PB-Dispensa-12-2021 PB-Dispensa-13-2021 PB-Dispensa-14-2021 PB-Dispensa-15-2021 PB-Dispensa-16-2021 PB-Dispensa-17-2021 PB-Dispensa-18-2021<\/p>\n","protected":false},"author":104,"featured_media":0,"parent":0,"menu_order":0,"comment_status":"closed","ping_status":"closed","template":"","meta":[],"_links":{"self":[{"href":"https:\/\/www.ifbaiano.edu.br\/unidades\/itaberaba\/wp-json\/wp\/v2\/pages\/5404"}],"collection":[{"href":"https:\/\/www.ifbaiano.edu.br\/unidades\/itaberaba\/wp-json\/wp\/v2\/pages"}],"about":[{"href":"https:\/\/www.ifbaiano.edu.br\/unidades\/itaberaba\/wp-json\/wp\/v2\/types\/page"}],"author":[{"embeddable":true,"href":"https:\/\/www.ifbaiano.edu.br\/unidades\/itaberaba\/wp-json\/wp\/v2\/users\/104"}],"replies":[{"embeddable":true,"href":"https:\/\/www.ifbaiano.edu.br\/unidades\/itaberaba\/wp-json\/wp\/v2\/comments?post=5404"}],"version-history":[{"count":3,"href":"https:\/\/www.ifbaiano.edu.br\/unidades\/itaberaba\/wp-json\/wp\/v2\/pages\/5404\/revisions"}],"predecessor-version":[{"id":6029,"href":"https:\/\/www.ifbaiano.edu.br\/unidades\/itaberaba\/wp-json\/wp\/v2\/pages\/5404\/revisions\/6029"}],"wp:attachment":[{"href":"https:\/\/www.ifbaiano.edu.br\/unidades\/itaberaba\/wp-json\/wp\/v2\/media?parent=5404"}],"curies":[{"name":"wp","href":"https:\/\/api.w.org\/{rel}","templated":true}]}}