{"id":548,"date":"2021-04-20T20:40:23","date_gmt":"2021-04-20T23:40:23","guid":{"rendered":"http:\/\/www.ifbaiano.edu.br\/unidades\/itaberaba\/?page_id=548"},"modified":"2026-04-27T06:15:41","modified_gmt":"2026-04-27T09:15:41","slug":"tecnicos-administrativos-em-educacao-tae","status":"publish","type":"page","link":"https:\/\/www.ifbaiano.edu.br\/unidades\/itaberaba\/tecnicos-administrativos-em-educacao-tae\/","title":{"rendered":"T\u00e9cnicos Administrativos em Educa\u00e7\u00e3o (TAE)"},"content":{"rendered":"\n<div id=\"ProreitoriaTopoTitulo\">Servidor (as) (es) lotados (as) e localizados (as) no IF Baiano <i>Campus<\/i> Itaberaba:<\/div><p><strong>Ana Catarina Magalh\u00e3es dos Santos<\/strong><br>Revisor de Textos Braille<br>Localiza\u00e7\u00e3o de Exerc\u00edcio: ITB-NAPNE (N\u00facleo de Atendimento \u00e0s Pessoas com Necessidades Espec\u00edficas)<br>   E-mail: <a href=\"mailto:ana.magalhaes@ifbaiano.edu.br\">ana.magalhaes@ifbaiano.edu.br<\/a><br><a href=\"http:\/\/lattes.cnpq.br\/9284804630941398\" target=\"_blank\" rel=\"noopener\">Curr\u00edculo Lattes<\/a><\/p><hr><p><strong>Arlem Souto Barros<\/strong><br>Assistente em Administra\u00e7\u00e3o<br>Localiza\u00e7\u00e3o de Exerc\u00edcio: ITB-DAP (Diretoria de Administra\u00e7\u00e3o e Planejamento)<br>   E-mail: <a href=\"mailto:arlem.souto@ifbaiano.edu.br\">arlem.souto@ifbaiano.edu.br<\/a><br><a href=\"http:\/\/lattes.cnpq.br\/3202048295400119\" target=\"_blank\" rel=\"noopener\">Curr\u00edculo Lattes<\/a><\/p><hr><p><strong>Bruna Leite Sufiate<\/strong><br>T\u00e9cnico de Laborat\u00f3rio<br>Localiza\u00e7\u00e3o de Exerc\u00edcio: ITB-NUPPI (N\u00facleo de Planejamento e Parcerias Institucionais)<br>   E-mail: <a href=\"mailto:bruna.sufiate@ifbaiano.edu.br\">bruna.sufiate@ifbaiano.edu.br<\/a><br><a href=\"http:\/\/lattes.cnpq.br\/2650132859878837\" target=\"_blank\" rel=\"noopener\">Curr\u00edculo Lattes<\/a><\/p><hr><p><strong>Carlos Braulino Novaes dos Santos<\/strong><br>T\u00e9cnico de Tecnologia da Informa\u00e7\u00e3o<br>Localiza\u00e7\u00e3o de Exerc\u00edcio: ITB-CSL (Coordena\u00e7\u00e3o de Suprimento e Logistica)<br>   E-mail: <a href=\"mailto:carlos.novaes@ifbaiano.edu.br\">carlos.novaes@ifbaiano.edu.br<\/a><br><a href=\"http:\/\/lattes.cnpq.br\/4186556746756291\" target=\"_blank\" rel=\"noopener\">Curr\u00edculo Lattes<\/a><\/p><hr><p><strong>Carolina Santos<\/strong><br>T\u00e9cnico em Assuntos Educacionais<br>Localiza\u00e7\u00e3o de Exerc\u00edcio: ITB-NATEPE (N\u00facleo de Assessoria T\u00e9cnico-Pedag\u00f3gica)<br>   E-mail: <a href=\"mailto:carolina.santos@ifbaiano.edu.br\">carolina.santos@ifbaiano.edu.br<\/a><br><a href=\"0\" target=\"_blank\" rel=\"noopener\">Curr\u00edculo Lattes<\/a><\/p><hr><p><strong>C\u00e1ssia Lorena Cavalcante Simpl\u00edcio da Silva<\/strong><br>Nutricionista<br>Localiza\u00e7\u00e3o de Exerc\u00edcio: ITB-CAE (Coordena\u00e7\u00e3o de Assuntos Estudantis)<br>   E-mail: <a href=\"mailto:cassia.silva@ifbaiano.edu.br\">cassia.silva@ifbaiano.edu.br<\/a><br><a href=\"http:\/\/lattes.cnpq.br\/8281238948237458\" target=\"_blank\" rel=\"noopener\">Curr\u00edculo Lattes<\/a><\/p><hr><p><strong>Chinayder Oliveira Borges<\/strong><br>Assistente em Administra\u00e7\u00e3o<br>Localiza\u00e7\u00e3o de Exerc\u00edcio: ITB-SRA (Secretaria de Registros Acad\u00eamicos)<br>   E-mail: <a href=\"mailto:chinayder.borges@ifbaiano.edu.br\">chinayder.borges@ifbaiano.edu.br<\/a><br><a href=\"0\" target=\"_blank\" rel=\"noopener\">Curr\u00edculo Lattes<\/a><\/p><hr><p><strong>Clodoaldo Nunes Silva<\/strong><br>Analista de Tecnologia da Informa\u00e7\u00e3o<br>Localiza\u00e7\u00e3o de Exerc\u00edcio: ITB-NGTI (N\u00facleo de Gest\u00e3o da Tecnologia da Informa\u00e7\u00e3o)<br>   E-mail: <a href=\"mailto:clodoaldo.nunes@ifbaiano.edu.br\">clodoaldo.nunes@ifbaiano.edu.br<\/a><br><a href=\"http:\/\/lattes.cnpq.br\/8502227080942306\" target=\"_blank\" rel=\"noopener\">Curr\u00edculo Lattes<\/a><\/p><hr><p><strong>Daniel Neves dos Santos Neto<\/strong><br>T\u00e9cnico em Assuntos Educacionais<br>Localiza\u00e7\u00e3o de Exerc\u00edcio: ITB-NATEPE (N\u00facleo de Assessoria T\u00e9cnico-Pedag\u00f3gica)<br>   E-mail: <a href=\"mailto:daniel.neto@ifbaiano.edu.br\">daniel.neto@ifbaiano.edu.br<\/a><br><a href=\"http:\/\/lattes.cnpq.br\/7476704313691501\" target=\"_blank\" rel=\"noopener\">Curr\u00edculo Lattes<\/a><\/p><hr><p><strong>Daniela da Cruz Souza<\/strong><br>Assistente em Administra\u00e7\u00e3o<br>Localiza\u00e7\u00e3o de Exerc\u00edcio: ITB-NEOF (N\u00facleo de Execu\u00e7\u00e3o Or\u00e7ament\u00e1ria e Financeira)<br>   E-mail: <a href=\"mailto:daniela.cruz@ifbaiano.edu.br\">daniela.cruz@ifbaiano.edu.br<\/a><br><a href=\"0\" target=\"_blank\" rel=\"noopener\">Curr\u00edculo Lattes<\/a><\/p><hr><p><strong>Emanoel Barreto Cabral<\/strong><br>Apontador<br>Localiza\u00e7\u00e3o de Exerc\u00edcio: ITB-ST (Setor de Transporte)<br>   E-mail: <a href=\"mailto:barreto.cabral@ifbaiano.edu.br\">barreto.cabral@ifbaiano.edu.br<\/a><br><a href=\"http:\/\/lattes.cnpq.br\/4121178720850868\" target=\"_blank\" rel=\"noopener\">Curr\u00edculo Lattes<\/a><\/p><hr><p><strong>\u00c9rica S\u00e1 Teles de Oliveira Chaves<\/strong><br>Assistente de Aluno<br>Localiza\u00e7\u00e3o de Exerc\u00edcio: ITB-CAE (Coordena\u00e7\u00e3o de Assuntos Estudantis)<br>   E-mail: <a href=\"mailto:erica.chaves@ifbaiano.edu.br\">erica.chaves@ifbaiano.edu.br<\/a><br><a href=\"http:\/\/lattes.cnpq.br\/1882875012694287\" target=\"_blank\" rel=\"noopener\">Curr\u00edculo Lattes<\/a><\/p><hr><p><strong>Gabrielli Ornellas Schramm<\/strong><br>Psicologo<br>Localiza\u00e7\u00e3o de Exerc\u00edcio: ITB-CAE (Coordena\u00e7\u00e3o de Assuntos Estudantis)<br>   E-mail: <a href=\"mailto:gabrielli.schramm@ifbaiano.edu.br\">gabrielli.schramm@ifbaiano.edu.br<\/a><br><a href=\"http:\/\/lattes.cnpq.br\/7177778162383094\" target=\"_blank\" rel=\"noopener\">Curr\u00edculo Lattes<\/a><\/p><hr><p><strong>Iana de Oliveira Soares<\/strong><br>Assistente Social<br>Localiza\u00e7\u00e3o de Exerc\u00edcio: ITB-CAE (Coordena\u00e7\u00e3o de Assuntos Estudantis)<br>   E-mail: <a href=\"mailto:iana.soares@ifbaiano.edu.br\">iana.soares@ifbaiano.edu.br<\/a><br><a href=\"0\" target=\"_blank\" rel=\"noopener\">Curr\u00edculo Lattes<\/a><\/p><hr><p><strong>Jairo Oliveira dos Santos<\/strong><br>Enfermeiro<br>Localiza\u00e7\u00e3o de Exerc\u00edcio: ITB-CAE (Coordena\u00e7\u00e3o de Assuntos Estudantis)<br>   E-mail: <a href=\"mailto:jairo.oliveira@ifbaiano.edu.br\">jairo.oliveira@ifbaiano.edu.br<\/a><br><a href=\"http:\/\/lattes.cnpq.br\/5541581024551671\" target=\"_blank\" rel=\"noopener\">Curr\u00edculo Lattes<\/a><\/p><hr><p><strong>Jeferson Matos Andrade<\/strong><br>Assistente de Aluno<br>Localiza\u00e7\u00e3o de Exerc\u00edcio: ITB-CFC (Coordena\u00e7\u00e3o Financeira e Cont\u00e1bil)<br>   E-mail: <a href=\"mailto:jeferson.andrade@ifbaiano.edu.br\">jeferson.andrade@ifbaiano.edu.br<\/a><br><a href=\"http:\/\/lattes.cnpq.br\/3185448744835372\" target=\"_blank\" rel=\"noopener\">Curr\u00edculo Lattes<\/a><\/p><hr><p><strong>Jo\u00e3o Carlos Nepomuceno Costa<\/strong><br>T\u00e9cnico em Agropecu\u00e1ria<br>Localiza\u00e7\u00e3o de Exerc\u00edcio: ITB-CUEC (Coordena\u00e7\u00e3o das Unidades Educativas de Campo)<br>   E-mail: <a href=\"mailto:joao.costa@ifbaiano.edu.br\">joao.costa@ifbaiano.edu.br<\/a><br><a href=\"http:\/\/lattes.cnpq.br\/6430593405971574\" target=\"_blank\" rel=\"noopener\">Curr\u00edculo Lattes<\/a><\/p><hr><p><strong>John Kennedy da Concei\u00e7\u00e3o de Santana<\/strong><br>Assistente em Administra\u00e7\u00e3o<br>Localiza\u00e7\u00e3o de Exerc\u00edcio: ITB-SRA (Secretaria de Registros Acad\u00eamicos)<br>   E-mail: <a href=\"mailto:john.santana@ifbaiano.edu.br\">john.santana@ifbaiano.edu.br<\/a><br><a href=\"0\" target=\"_blank\" rel=\"noopener\">Curr\u00edculo Lattes<\/a><\/p><hr><p><strong>Josilene Santos de Freitas<\/strong><br>Auxiliar de Biblioteca<br>Localiza\u00e7\u00e3o de Exerc\u00edcio: ITB-BIB (Biblioteca)<br>   E-mail: <a href=\"mailto:josilene.freitas@ifbaiano.edu.br\">josilene.freitas@ifbaiano.edu.br<\/a><br><a href=\"http:\/\/lattes.cnpq.br\/0953786588086249\" target=\"_blank\" rel=\"noopener\">Curr\u00edculo Lattes<\/a><\/p><hr><p><strong>Laise de Cerqueira Brito<\/strong><br>T\u00e9cnico de Laborat\u00f3rio<br>Localiza\u00e7\u00e3o de Exerc\u00edcio: ITB-NLAB (N\u00facleo de Laborat\u00f3rios)<br>   E-mail: <a href=\"mailto:laise.brito@ifbaiano.edu.br\">laise.brito@ifbaiano.edu.br<\/a><br><a href=\"http:\/\/lattes.cnpq.br\/2484165908769069\" target=\"_blank\" rel=\"noopener\">Curr\u00edculo Lattes<\/a><\/p><hr><p><strong>Luciana Soares Ramos Edu\u00e3o<\/strong><br>T\u00e9cnico em Assuntos Educacionais<br>Localiza\u00e7\u00e3o de Exerc\u00edcio: ITB-NATEPE (N\u00facleo de Assessoria T\u00e9cnico-Pedag\u00f3gica)<br>   E-mail: <a href=\"mailto:luciana.eduao@ifbaiano.edu.br\">luciana.eduao@ifbaiano.edu.br<\/a><br><a href=\"http:\/\/lattes.cnpq.br\/5899690755017760\" target=\"_blank\" rel=\"noopener\">Curr\u00edculo Lattes<\/a><\/p><hr><p><strong>Manuella Carib\u00e9 de Carvalho<\/strong><br>Assistente em Administra\u00e7\u00e3o<br>Localiza\u00e7\u00e3o de Exerc\u00edcio: ITB-CAP (Coordena\u00e7\u00e3o de Almoxarifado e Patrim\u00f4nio)<br>   E-mail: <a href=\"mailto:manuella.carvalho@ifbaiano.edu.br\">manuella.carvalho@ifbaiano.edu.br<\/a><br><a href=\"0\" target=\"_blank\" rel=\"noopener\">Curr\u00edculo Lattes<\/a><\/p><hr><p><strong>M\u00e1rio Madielson Varj\u00e3o Rom\u00e3o<\/strong><br>T\u00e9cnico em Agropecu\u00e1ria<br>Localiza\u00e7\u00e3o de Exerc\u00edcio: ITB-CSL (Coordena\u00e7\u00e3o de Suprimento e Logistica)<br>   E-mail: <a href=\"mailto:mario.romao@ifbaiano.edu.br\">mario.romao@ifbaiano.edu.br<\/a><br><a href=\"http:\/\/lattes.cnpq.br\/5684267471153135\" target=\"_blank\" rel=\"noopener\">Curr\u00edculo Lattes<\/a><\/p><hr><p><strong>Matheus Figueiredo de Faro Barros<\/strong><br>T\u00e9cnico em Contabilidade<br>Localiza\u00e7\u00e3o de Exerc\u00edcio: ITB-SCDP (Sistema de Concess\u00e3o de Di\u00e1rias e Passagens)<br>   E-mail: <a href=\"mailto:matheus.barros@ifbaiano.edu.br\">matheus.barros@ifbaiano.edu.br<\/a><br><a href=\"0\" target=\"_blank\" rel=\"noopener\">Curr\u00edculo Lattes<\/a><\/p><hr><p><strong>Ot\u00e1vio de Oliveira Santos<\/strong><br>Assistente em Administra\u00e7\u00e3o<br>Localiza\u00e7\u00e3o de Exerc\u00edcio: ITB-GAB (Gabinete da Diretoria Geral)<br>   E-mail: <a href=\"mailto:otavio.santos@ifbaiano.edu.br\">otavio.santos@ifbaiano.edu.br<\/a><br><a href=\"http:\/\/lattes.cnpq.br\/0807703028501270\" target=\"_blank\" rel=\"noopener\">Curr\u00edculo Lattes<\/a><\/p><hr><p><strong>Raffael Palmeira Santana<\/strong><br>Assistente em Administra\u00e7\u00e3o<br>Localiza\u00e7\u00e3o de Exerc\u00edcio: ITB-CCOM (Coordena\u00e7\u00e3o de Compras)<br>   E-mail: <a href=\"mailto:raffael.santana@ifbaiano.edu.br\">raffael.santana@ifbaiano.edu.br<\/a><br><a href=\"0\" target=\"_blank\" rel=\"noopener\">Curr\u00edculo Lattes<\/a><\/p><hr><p><strong>Simone Velame da Silva Rios<\/strong><br>Bibliotecario<br>Localiza\u00e7\u00e3o de Exerc\u00edcio: ITB-BIB (Biblioteca)<br>   E-mail: <a href=\"mailto:simone.rios@ifbaiano.edu.br\">simone.rios@ifbaiano.edu.br<\/a><br><a href=\"http:\/\/lattes.cnpq.br\/2297014175981338\" target=\"_blank\" rel=\"noopener\">Curr\u00edculo Lattes<\/a><\/p><hr><p><strong>Talita Su\u00e9len Santos Andrade<\/strong><br>Assistente em Administra\u00e7\u00e3o<br>Localiza\u00e7\u00e3o de Exerc\u00edcio: ITB-NUCON (N\u00facleo de Contratos)<br>   E-mail: <a href=\"mailto:talita.santos@ifbaiano.edu.br\">talita.santos@ifbaiano.edu.br<\/a><br><a href=\"http:\/\/lattes.cnpq.br\/6711306140090866\" target=\"_blank\" rel=\"noopener\">Curr\u00edculo Lattes<\/a><\/p><hr><p><strong>Thais dos Santos Mendes<\/strong><br>T\u00e9cnico em Enfermagem<br>Localiza\u00e7\u00e3o de Exerc\u00edcio: ITB-CAE (Coordena\u00e7\u00e3o de Assuntos Estudantis)<br>   E-mail: <a href=\"mailto:thais.mendes@ifbaiano.edu.br\">thais.mendes@ifbaiano.edu.br<\/a><br><a href=\"0\" target=\"_blank\" rel=\"noopener\">Curr\u00edculo Lattes<\/a><\/p><hr><p><strong>Vera L\u00facia Carneiro de Almeida<\/strong><br>Pedagogo<br>Localiza\u00e7\u00e3o de Exerc\u00edcio: ITB-CE (Coordena\u00e7\u00e3o de Ensino)<br>   E-mail: <a href=\"mailto:vera.almeida@ifbaiano.edu.br\">vera.almeida@ifbaiano.edu.br<\/a><br><a href=\"0\" target=\"_blank\" rel=\"noopener\">Curr\u00edculo Lattes<\/a><\/p><hr><p><strong>Yasmin Silva Ara\u00fajo<\/strong><br>Assistente de Aluno<br>Localiza\u00e7\u00e3o de Exerc\u00edcio: ITB-CAE (Coordena\u00e7\u00e3o de Assuntos Estudantis)<br>   E-mail: <a href=\"mailto:yasmin.araujo@ifbaiano.edu.br\">yasmin.araujo@ifbaiano.edu.br<\/a><br><a href=\"0\" target=\"_blank\" rel=\"noopener\">Curr\u00edculo Lattes<\/a><\/p><hr><div id=\"ProreitoriaTopoTitulo\">Servidor(as)(es) Lotados no <i>Campus<\/i> Itaberaba e cedidos(as) em Colabora\u00e7\u00e3o T\u00e9cnica:<\/div><p><strong>Thayse Macedo dos Santos Lima<\/strong><br>Assistente de Laborat\u00f3rio<br>Localiza\u00e7\u00e3o de Exerc\u00edcio: IFBA-FSA (IFBA &#8211; Campus Feira de Santana)<br>   E-mail: <a href=\"mailto:thayse.lima@ifbaiano.edu.br\">thayse.lima@ifbaiano.edu.br<\/a><br><a href=\"http:\/\/lattes.cnpq.br\/0622400602973317\" target=\"_blank\" rel=\"noopener\">Curr\u00edculo Lattes<\/a><\/p><hr><div id=\"ProreitoriaTopoTitulo\">Servidor (as) (es) de outras Institui\u00e7\u00f5es\/Unidades em Colabora\u00e7\u00e3o T\u00e9cnica no <i>Campus<\/i> Itaberaba:<\/div><p><strong>James de Melo Batista<\/strong><br>T\u00e9cnico em Audiovisual<br>Localiza\u00e7\u00e3o de Exerc\u00edcio: ITB-CCOM (Coordena\u00e7\u00e3o de Compras)<br>   E-mail: <a href=\"mailto:james.batista@ifbaiano.edu.br\">james.batista@ifbaiano.edu.br<\/a><br><a href=\"0\" target=\"_blank\" rel=\"noopener\">Curr\u00edculo Lattes<\/a><\/p><hr><div id=\"ProreitoriaTopoTitulo\">Servidor (as) (es) em Exerc\u00edcio Externo:<\/div><p><strong>Maria Clara Fortes Silva Guimaraes<\/strong><br>Pedagogo<br>Localiza\u00e7\u00e3o de Exerc\u00edcio: IFBA-JACOBINA (IFBA &#8211; Campus Jacobina)<br>   E-mail: <a href=\"mailto:maria.guimaraes@ifbaiano.edu.br\">maria.guimaraes@ifbaiano.edu.br<\/a><br><a href=\"0\" target=\"_blank\" rel=\"noopener\">Curr\u00edculo Lattes<\/a><\/p><hr>\n","protected":false},"excerpt":{"rendered":"<p>Servidor (as) (es) lotados (as) e localizados (as) no IF Baiano Campus Itaberaba: Ana Catarina Magalh\u00e3es dos SantosRevisor de Textos BrailleLocaliza\u00e7\u00e3o de Exerc\u00edcio: ITB-NAPNE (N\u00facleo de Atendimento \u00e0s Pessoas com Necessidades Espec\u00edficas) E-mail: ana.magalhaes@ifbaiano.edu.brCurr\u00edculo Lattes Arlem Souto BarrosAssistente em Administra\u00e7\u00e3oLocaliza\u00e7\u00e3o de Exerc\u00edcio: ITB-DAP (Diretoria de Administra\u00e7\u00e3o e Planejamento) E-mail: arlem.souto@ifbaiano.edu.brCurr\u00edculo Lattes Bruna Leite SufiateT\u00e9cnico de [&hellip;]<\/p>\n","protected":false},"author":105,"featured_media":0,"parent":0,"menu_order":0,"comment_status":"closed","ping_status":"closed","template":"","meta":[],"_links":{"self":[{"href":"https:\/\/www.ifbaiano.edu.br\/unidades\/itaberaba\/wp-json\/wp\/v2\/pages\/548"}],"collection":[{"href":"https:\/\/www.ifbaiano.edu.br\/unidades\/itaberaba\/wp-json\/wp\/v2\/pages"}],"about":[{"href":"https:\/\/www.ifbaiano.edu.br\/unidades\/itaberaba\/wp-json\/wp\/v2\/types\/page"}],"author":[{"embeddable":true,"href":"https:\/\/www.ifbaiano.edu.br\/unidades\/itaberaba\/wp-json\/wp\/v2\/users\/105"}],"replies":[{"embeddable":true,"href":"https:\/\/www.ifbaiano.edu.br\/unidades\/itaberaba\/wp-json\/wp\/v2\/comments?post=548"}],"version-history":[{"count":107,"href":"https:\/\/www.ifbaiano.edu.br\/unidades\/itaberaba\/wp-json\/wp\/v2\/pages\/548\/revisions"}],"predecessor-version":[{"id":9882,"href":"https:\/\/www.ifbaiano.edu.br\/unidades\/itaberaba\/wp-json\/wp\/v2\/pages\/548\/revisions\/9882"}],"wp:attachment":[{"href":"https:\/\/www.ifbaiano.edu.br\/unidades\/itaberaba\/wp-json\/wp\/v2\/media?parent=548"}],"curies":[{"name":"wp","href":"https:\/\/api.w.org\/{rel}","templated":true}]}}