{"id":574,"date":"2017-09-01T11:51:27","date_gmt":"2017-09-01T14:51:27","guid":{"rendered":"http:\/\/www.ifbaiano.edu.br\/unidades\/itaberaba\/?page_id=574"},"modified":"2023-05-25T08:24:00","modified_gmt":"2023-05-25T11:24:00","slug":"documentos","status":"publish","type":"page","link":"https:\/\/www.ifbaiano.edu.br\/unidades\/itaberaba\/documentos\/","title":{"rendered":"Documentos"},"content":{"rendered":"<h2><strong>Calend\u00e1rio Acad\u00eamico Letivo<\/strong><\/h2>\n<ul>\n<li><a href=\"http:\/\/www.ifbaiano.edu.br\/unidades\/itaberaba\/2018-2\/?preview=true\" target=\"_blank\" rel=\"noopener\">2018<\/a><\/li>\n<li><a href=\"http:\/\/www.ifbaiano.edu.br\/unidades\/itaberaba\/2019-3\/\" target=\"_blank\" rel=\"noopener\">2019<\/a><\/li>\n<li><a href=\"http:\/\/www.ifbaiano.edu.br\/unidades\/itaberaba\/2020-2\/\" target=\"_blank\" rel=\"noopener\">2020<\/a><\/li>\n<li><a href=\"https:\/\/www.ifbaiano.edu.br\/unidades\/itaberaba\/2021-2\/\" target=\"_blank\" rel=\"noopener\">2021<\/a><\/li>\n<li><a href=\"https:\/\/www.ifbaiano.edu.br\/unidades\/itaberaba\/2022-2\/\" target=\"_blank\" rel=\"noopener\">2022<\/a><\/li>\n<li>2023<\/li>\n<\/ul>\n<hr \/>\n<h2><strong>Regulamento Disciplinar Discente<\/strong><\/h2>\n<p>O presente Regulamento estabelece direitos e deveres, bem como, regras de conviv\u00eancia e medidas disciplinares para todos os estudantes matriculados em cursos regulares, disciplinas isoladas ou inscritos em atividades de ensino, pesquisa e extens\u00e3o do IF Baiano, quaisquer que sejam suas formas e dura\u00e7\u00e3o, em todos os n\u00edveis e modalidades de ensino.<\/p>\n<ul>\n<li><a href=\"http:\/\/www.ifbaiano.edu.br\/unidades\/itaberaba\/files\/2017\/09\/REGULAMENTO-DISCIPLINAR-DISCENTE.pdf\" target=\"_blank\" rel=\"noopener\">Regulamento Disciplinar Discente<\/a><\/li>\n<\/ul>\n<hr \/>\n<h2><strong>Manual do Estudante <\/strong><\/h2>\n<p>Neste Manual voc\u00ea encontrar\u00e1 esclarecimentos iniciais acerca do Instituto Federal de Educa\u00e7\u00e3o, Ci\u00eancia e Tecnologia Baiano \u2013 IF Baiano, e os principais dispositivos que orientam e regulamentam a sua vida acad\u00eamica no <em>Campus<\/em> Itaberaba.<\/p>\n<ul>\n<li><a href=\"http:\/\/www.ifbaiano.edu.br\/unidades\/itaberaba\/files\/2017\/09\/MANUAL-DO-ESTUDANTE-.pdf\" target=\"_blank\" rel=\"noopener\">Manual do Estudante<\/a><\/li>\n<\/ul>\n<hr \/>\n<h2><strong>Formul\u00e1rio de solicita\u00e7\u00f5es, sugest\u00f5es e reclama\u00e7\u00f5es da CAE<\/strong><\/h2>\n<p>A Coordena\u00e7\u00e3o de Assuntos Estudantis (CAE), disponibiliza Formul\u00e1rio para registro de solicita\u00e7\u00f5es, sugest\u00f5es ou reclama\u00e7\u00f5es relacionadas \u00e0 vida acad\u00eamica dos alunos do <em>Campus<\/em> Itaberaba.<\/p>\n<ul>\n<li><a href=\"http:\/\/www.ifbaiano.edu.br\/unidades\/itaberaba\/files\/2017\/09\/FORMUL%C1RIO-DE-SOLICITA%C7%D5ES-SUGEST%D5ES-RECLAMA%C7%D5ES-.pdf\" target=\"_blank\" rel=\"noopener\">Formul\u00e1rio de Solicita\u00e7\u00f5es &#8211; Sugest\u00f5es &#8211; Reclama\u00e7\u00f5es<\/a><\/li>\n<\/ul>\n<hr \/>\n<h2><strong>Requerimentos<\/strong><\/h2>\n<ul>\n<li><a href=\"http:\/\/www.ifbaiano.edu.br\/unidades\/itaberaba\/files\/2017\/09\/REQUERIMENTO-SECRETARIA-DE-REGISTROS-ACAD%CAMICOS.pdf\" target=\"_blank\" rel=\"noopener\">Requerimento &#8211; Secretaria de Registros Acad\u00eamicos<\/a><\/li>\n<li><a href=\"http:\/\/www.ifbaiano.edu.br\/unidades\/itaberaba\/files\/2017\/09\/AUTORIZA%C7%C3O-PARA-SA%CDDA-DE-DISCENTES-MENORES.pdf\" target=\"_blank\" rel=\"noopener\">Autoriza\u00e7\u00e3o para Sa\u00edda de Discentes Menores<\/a><\/li>\n<li><a href=\"http:\/\/www.ifbaiano.edu.br\/unidades\/itaberaba\/files\/2017\/09\/FORMULARIO-DE-SOLICITACAO-DE-ALIMENTACAO-ESCOLAR-ESPECIAL.pdf\" target=\"_blank\" rel=\"noopener\">Formul\u00e1rio de Solicita\u00e7\u00e3o de Alimenta\u00e7\u00e3o Escolar Especial<\/a><\/li>\n<\/ul>\n<hr \/>\n<h2><strong>Projeto Curta Diversidades<\/strong><\/h2>\n<p>Neste material, voc\u00ea encontrar\u00e1 a cartilha elaborada no \u00e2mbito do projeto &#8220;Curta Diversidades: um projeto pela cultura de paz no IF Baiano <em>campus<\/em> Itaberaba&#8221;. Ela traz resultados do levantamento feito junto a estudantes dos primeiros e segundos anos sobre suas percep\u00e7\u00f5es acerca de fatores que influenciam positiva e negativamente na sa\u00fade mental na escola, al\u00e9m de trazer sugest\u00f5es de a\u00e7\u00f5es mitigadoras que podem contribuir para o bem-estar psicol\u00f3gico.<\/p>\n<ul>\n<li><a href=\"https:\/\/www.ifbaiano.edu.br\/unidades\/itaberaba\/files\/2023\/04\/Cartilha-de-Orientacao-a-Saude-Mental-na-Escola-Percepcoes-de-estudantes-do-EMI-Projeto-Curta-Diversidades-IF-Baiano-ITB.pdf\" target=\"_blank\" rel=\"noopener\">Cartilha de Orienta\u00e7\u00e3o \u00e0 Sa\u00fade Mental na Escola &#8211; Percep\u00e7\u00f5es de estudantes do EMI<\/a><\/li>\n<\/ul>\n<hr \/>\n<h2><strong>Manual do Usu\u00e1rio da Biblioteca<\/strong><\/h2>\n<p>Manual preparado para auxiliar na compreens\u00e3o e bom uso dos servi\u00e7os oferecidos na biblioteca do Campus. Nele, ser\u00e3o encontradas diversas informa\u00e7\u00f5es: como fazer cadastro, empr\u00e9stimo, reserva, entre outros.<\/p>\n<ul>\n<li><a href=\"https:\/\/www.ifbaiano.edu.br\/unidades\/itaberaba\/files\/2023\/05\/Manual-do-Usuario-da-Biblioteca-3.0.pdf\" target=\"_blank\" rel=\"noopener\">Manual do Usu\u00e1rio da Biblioteca 3.0<\/a><\/li>\n<\/ul>\n<hr \/>\n\n","protected":false},"excerpt":{"rendered":"<p>Calend\u00e1rio Acad\u00eamico Letivo 2018 2019 2020 2021 2022 2023 Regulamento Disciplinar Discente O presente Regulamento estabelece direitos e deveres, bem como, regras de conviv\u00eancia e medidas disciplinares para todos os estudantes matriculados em cursos regulares, disciplinas isoladas ou inscritos em atividades de ensino, pesquisa e extens\u00e3o do IF Baiano, quaisquer que sejam suas formas e [&hellip;]<\/p>\n","protected":false},"author":91,"featured_media":0,"parent":0,"menu_order":0,"comment_status":"closed","ping_status":"closed","template":"","meta":[],"_links":{"self":[{"href":"https:\/\/www.ifbaiano.edu.br\/unidades\/itaberaba\/wp-json\/wp\/v2\/pages\/574"}],"collection":[{"href":"https:\/\/www.ifbaiano.edu.br\/unidades\/itaberaba\/wp-json\/wp\/v2\/pages"}],"about":[{"href":"https:\/\/www.ifbaiano.edu.br\/unidades\/itaberaba\/wp-json\/wp\/v2\/types\/page"}],"author":[{"embeddable":true,"href":"https:\/\/www.ifbaiano.edu.br\/unidades\/itaberaba\/wp-json\/wp\/v2\/users\/91"}],"replies":[{"embeddable":true,"href":"https:\/\/www.ifbaiano.edu.br\/unidades\/itaberaba\/wp-json\/wp\/v2\/comments?post=574"}],"version-history":[{"count":35,"href":"https:\/\/www.ifbaiano.edu.br\/unidades\/itaberaba\/wp-json\/wp\/v2\/pages\/574\/revisions"}],"predecessor-version":[{"id":7253,"href":"https:\/\/www.ifbaiano.edu.br\/unidades\/itaberaba\/wp-json\/wp\/v2\/pages\/574\/revisions\/7253"}],"wp:attachment":[{"href":"https:\/\/www.ifbaiano.edu.br\/unidades\/itaberaba\/wp-json\/wp\/v2\/media?parent=574"}],"curies":[{"name":"wp","href":"https:\/\/api.w.org\/{rel}","templated":true}]}}