{"id":5786,"date":"2022-02-24T10:35:07","date_gmt":"2022-02-24T13:35:07","guid":{"rendered":"https:\/\/www.ifbaiano.edu.br\/unidades\/itaberaba\/?page_id=5786"},"modified":"2022-12-20T11:47:43","modified_gmt":"2022-12-20T14:47:43","slug":"laboratorios","status":"publish","type":"page","link":"https:\/\/www.ifbaiano.edu.br\/unidades\/itaberaba\/laboratorios\/","title":{"rendered":"Laborat\u00f3rios"},"content":{"rendered":"\n<div id=\"ProreitoriaTopoTitulo\">\n\t\t\t\t\tINFORMA\u00c7\u00d5ES GERAIS\n\t\t\t\t<\/div>\n\n\n\n<div style=\"text-align: justify\">O trabalho em laborat\u00f3rios de\natividades integradas, envolvendo ensino, pesquisa e extens\u00e3o, demanda\nconhecimento sobre normas de seguran\u00e7a; uma vez que ambientes\nlaboratoriais apresentam riscos, sejam qu\u00edmicos, biol\u00f3gicos ou f\u00edsicos,\ne podem resultar em danos materiais, acidentes pessoais e risco para o\nmeio ambiente. Assim, devido sua alta rotatividade de usu\u00e1rios e\nfrequentadores, a seguran\u00e7a no laborat\u00f3rio \u00e9 uma responsabilidade que\ndeve ser assumida pela administra\u00e7\u00e3o da institui\u00e7\u00e3o, professores,\nt\u00e9cnicos e alunos, visando minimizar os poss\u00edveis riscos.<br>\nDesta forma, o presente documento consiste em um manual de normas a\nserem adotadas nos laborat\u00f3rios do IF Baiano Campus Itaberaba. Essas\nnormas devem ser consultadas e cumpridas por todos os usu\u00e1rios, em\natividades de quaisquer natureza, que necessitem fazer uso do espa\u00e7o\nf\u00edsico e equipamentos dos laborat\u00f3rios deste Campus.<br>\nAs orienta\u00e7\u00f5es contidas neste documento englobam os seguintes\nlaborat\u00f3rios do Campus Itaberaba: Laborat\u00f3rio de Qu\u00edmica e F\u00edsica,\nLaborat\u00f3rio de Biologia e Laborat\u00f3rio de Agroind\u00fastria.<br>\n<\/div>\n\n\n\n<div id=\"ProreitoriaTopoTitulo\">\n\t\t\t\t\tDOCUMENTOS\n\t\t\t\t<\/div>\n\n\n\n<div class=\"wp-block-file\"><a href=\"https:\/\/www.ifbaiano.edu.br\/unidades\/itaberaba\/files\/2022\/12\/PORTARIA-78_2021-ITB-GAB_ITB-DG_RET_IFBAIANO-Aprovacao-do-Manual-de-Seguranca-dos-Laboratorios-do-Instituto-Federal-de-Educacao-Ciencia-e-Tecnologia-Baiano-Campus-Itaberaba.pdf\">PORTARIA 78_2021 &#8211; ITB-GAB_ITB-DG_RET_IFBAIANO &#8211; Aprova\u00e7\u00e3o do Manual de Seguran\u00e7a dos Laborat\u00f3rios do Instituto Federal de Educa\u00e7\u00e3o, Ci\u00eancia e Tecnologia Baiano &#8211; Campus Itaberaba<\/a><a href=\"https:\/\/www.ifbaiano.edu.br\/unidades\/itaberaba\/files\/2022\/12\/PORTARIA-78_2021-ITB-GAB_ITB-DG_RET_IFBAIANO-Aprovacao-do-Manual-de-Seguranca-dos-Laboratorios-do-Instituto-Federal-de-Educacao-Ciencia-e-Tecnologia-Baiano-Campus-Itaberaba.pdf\" class=\"wp-block-file__button\" download>Baixar<\/a><\/div>\n\n\n\n<div class=\"wp-block-file\"><a href=\"https:\/\/www.ifbaiano.edu.br\/unidades\/itaberaba\/files\/2022\/02\/Manual-de-Seguranca-dos-Laboratorios-do-IF-Baiano-Campus-Itaberaba-2021.pdf\">Manual de Seguran\u00e7a dos Laborat\u00f3rios do IF Baiano Campus Itaberaba 2021<\/a><a href=\"https:\/\/www.ifbaiano.edu.br\/unidades\/itaberaba\/files\/2022\/02\/Manual-de-Seguranca-dos-Laboratorios-do-IF-Baiano-Campus-Itaberaba-2021.pdf\" class=\"wp-block-file__button\" download>Baixar<\/a><\/div>\n\n\n\n<div class=\"wp-block-file\"><a href=\"https:\/\/www.ifbaiano.edu.br\/unidades\/itaberaba\/files\/2022\/04\/Formulario-para-solicitacao-de-uso-de-laboratorio-1.docx\">Formul\u00e1rio para solicita\u00e7\u00e3o de uso de laborat\u00f3rio<\/a><a href=\"https:\/\/www.ifbaiano.edu.br\/unidades\/itaberaba\/files\/2022\/04\/Formulario-para-solicitacao-de-uso-de-laboratorio-1.docx\" class=\"wp-block-file__button\" download>Baixar<\/a><\/div>\n\n\n\n<p><\/p>\n","protected":false},"excerpt":{"rendered":"<p>INFORMA\u00c7\u00d5ES GERAIS DOCUMENTOS<\/p>\n","protected":false},"author":104,"featured_media":0,"parent":0,"menu_order":0,"comment_status":"closed","ping_status":"closed","template":"","meta":[],"_links":{"self":[{"href":"https:\/\/www.ifbaiano.edu.br\/unidades\/itaberaba\/wp-json\/wp\/v2\/pages\/5786"}],"collection":[{"href":"https:\/\/www.ifbaiano.edu.br\/unidades\/itaberaba\/wp-json\/wp\/v2\/pages"}],"about":[{"href":"https:\/\/www.ifbaiano.edu.br\/unidades\/itaberaba\/wp-json\/wp\/v2\/types\/page"}],"author":[{"embeddable":true,"href":"https:\/\/www.ifbaiano.edu.br\/unidades\/itaberaba\/wp-json\/wp\/v2\/users\/104"}],"replies":[{"embeddable":true,"href":"https:\/\/www.ifbaiano.edu.br\/unidades\/itaberaba\/wp-json\/wp\/v2\/comments?post=5786"}],"version-history":[{"count":8,"href":"https:\/\/www.ifbaiano.edu.br\/unidades\/itaberaba\/wp-json\/wp\/v2\/pages\/5786\/revisions"}],"predecessor-version":[{"id":6754,"href":"https:\/\/www.ifbaiano.edu.br\/unidades\/itaberaba\/wp-json\/wp\/v2\/pages\/5786\/revisions\/6754"}],"wp:attachment":[{"href":"https:\/\/www.ifbaiano.edu.br\/unidades\/itaberaba\/wp-json\/wp\/v2\/media?parent=5786"}],"curies":[{"name":"wp","href":"https:\/\/api.w.org\/{rel}","templated":true}]}}