{"id":5841,"date":"2022-03-11T21:47:39","date_gmt":"2022-03-12T00:47:39","guid":{"rendered":"https:\/\/www.ifbaiano.edu.br\/unidades\/itaberaba\/?page_id=5841"},"modified":"2023-02-16T12:47:03","modified_gmt":"2023-02-16T15:47:03","slug":"fluxo-de-processo","status":"publish","type":"page","link":"https:\/\/www.ifbaiano.edu.br\/unidades\/itaberaba\/fluxo-de-processo\/","title":{"rendered":"Fluxo de processo"},"content":{"rendered":"\n<p>Em constru\u00e7\u00e3o.<\/p>\n\n\n\n<p><\/p>\n\n\n\n<ul><li>Colabora\u00e7\u00e3o T\u00e9cnica:\u00a0<a rel=\"noreferrer noopener\" target=\"_blank\" href=\"https:\/\/ifbaiano.edu.br\/portal\/servidor\/colaboracao-tecnica\/\">https:\/\/ifbaiano.edu.br\/portal\/servidor\/colaboracao-tecnica\/<\/a><\/li><li>Colabora\u00e7\u00e3o T\u00e9cnica Intercampi:\u00a0<a rel=\"noreferrer noopener\" target=\"_blank\" href=\"https:\/\/ifbaiano.edu.br\/portal\/servidor\/colaboracao-tecnica-intercampi\/\">https:\/\/ifbaiano.edu.br\/portal\/servidor\/colaboracao-tecnica-intercampi\/<\/a><\/li><li>Vac\u00e2ncia:\u00a0<a rel=\"noreferrer noopener\" target=\"_blank\" href=\"https:\/\/ifbaiano.edu.br\/portal\/servidor\/vacancia-por-exoneracao-ou-posse-em-cargo-inacumulavel\/\">https:\/\/ifbaiano.edu.br\/portal\/servidor\/vacancia-por-exoneracao-ou-posse-em-cargo-inacumulavel\/<\/a><\/li><li>Adicional Noturno:\u00a0<a rel=\"noreferrer noopener\" href=\"https:\/\/ifbaiano.edu.br\/portal\/servidor\/adicional-noturno\/\" target=\"_blank\">https:\/\/ifbaiano.edu.br\/portal\/servidor\/adicional-noturno\/<\/a><\/li><li>Afastamento para Servir ao Tribunal Regional Eleitoral:\u00a0<a rel=\"noreferrer noopener\" href=\"https:\/\/ifbaiano.edu.br\/portal\/servidor\/afastamento-para-servir-ao-tribunal-regional-eleitoral-juri-e-outros-servicos-obrigatorios-por-lei\/\" target=\"_blank\">https:\/\/ifbaiano.edu.br\/portal\/servidor\/afastamento-para-servir-ao-tribunal-regional-eleitoral-juri-e-outros-servicos-obrigatorios-por-lei\/<\/a><\/li><li>Aux\u00edlio Alimenta\u00e7\u00e3o:\u00a0<a rel=\"noreferrer noopener\" href=\"https:\/\/ifbaiano.edu.br\/portal\/servidor\/auxilio-alimentacao\/\" target=\"_blank\">https:\/\/ifbaiano.edu.br\/portal\/servidor\/auxilio-alimentacao\/<\/a><\/li><li>Aux\u00edlio Moradia:\u00a0<a rel=\"noreferrer noopener\" href=\"https:\/\/ifbaiano.edu.br\/portal\/servidor\/auxilio-moradia\/\" target=\"_blank\">https:\/\/ifbaiano.edu.br\/portal\/servidor\/auxilio-moradia\/<\/a><\/li><li>Aux\u00edlio Natalidade:\u00a0<a rel=\"noreferrer noopener\" href=\"https:\/\/ifbaiano.edu.br\/portal\/servidor\/outros-procedimentos\/auxilio-natalidade\/\" target=\"_blank\">https:\/\/ifbaiano.edu.br\/portal\/servidor\/outros-procedimentos\/auxilio-natalidade\/<\/a><\/li><li>Aux\u00edlio Pr\u00e9-Escolar:\u00a0<a rel=\"noreferrer noopener\" href=\"https:\/\/ifbaiano.edu.br\/portal\/servidor\/outros-procedimentos\/auxilio-pre-escolar\/\" target=\"_blank\">https:\/\/ifbaiano.edu.br\/portal\/servidor\/outros-procedimentos\/auxilio-pre-escolar\/<\/a><\/li><li>Cadastro de Dependentes:\u00a0<a rel=\"noreferrer noopener\" href=\"https:\/\/ifbaiano.edu.br\/portal\/servidor\/cadastro-de-dependentes\/\" target=\"_blank\">https:\/\/ifbaiano.edu.br\/portal\/servidor\/cadastro-de-dependentes\/<\/a><\/li><li>Concess\u00f5es:\u00a0<a rel=\"noreferrer noopener\" href=\"https:\/\/ifbaiano.edu.br\/portal\/servidor\/concessoes-e-licencas\/\" target=\"_blank\">https:\/\/ifbaiano.edu.br\/portal\/servidor\/concessoes-e-licencas\/<\/a><\/li><li>F\u00e9rias:\u00a0<a rel=\"noreferrer noopener\" href=\"https:\/\/ifbaiano.edu.br\/portal\/servidor\/ferias\/\" target=\"_blank\">https:\/\/ifbaiano.edu.br\/portal\/servidor\/ferias\/<\/a><\/li><li>Indeniza\u00e7\u00e3o de Ajuda de Custo:\u00a0<a rel=\"noreferrer noopener\" href=\"https:\/\/ifbaiano.edu.br\/portal\/servidor\/indenizacao-de-ajuda-de-custo\/\" target=\"_blank\">https:\/\/ifbaiano.edu.br\/portal\/servidor\/indenizacao-de-ajuda-de-custo\/<\/a><\/li><li>Licen\u00e7a-Paternidade:\u00a0<a rel=\"noreferrer noopener\" href=\"https:\/\/ifbaiano.edu.br\/portal\/servidor\/licenca-paternidade\/\" target=\"_blank\">https:\/\/ifbaiano.edu.br\/portal\/servidor\/licenca-paternidade\/<\/a><\/li><li>Pens\u00e3o Aliment\u00edcia:\u00a0<a rel=\"noreferrer noopener\" href=\"https:\/\/ifbaiano.edu.br\/portal\/servidor\/pensao-alimenticia\/\" target=\"_blank\">https:\/\/ifbaiano.edu.br\/portal\/servidor\/pensao-alimenticia\/<\/a><\/li><li>Licen\u00e7a para Capacita\u00e7\u00e3o: <a rel=\"noreferrer noopener\" href=\"https:\/\/ifbaiano.edu.br\/portal\/servidor\/licenca-para-capacitacao\/\" target=\"_blank\">https:\/\/ifbaiano.edu.br\/portal\/servidor\/licenca-para-capacitacao\/<\/a><\/li><li>Plano de Desenvolvimento de Pessoas &#8211; PDP: <a rel=\"noreferrer noopener\" href=\"https:\/\/ifbaiano.edu.br\/portal\/servidor\/plano-de-desenvolvimento-de-pessoas-pdp\/\" target=\"_blank\">https:\/\/ifbaiano.edu.br\/portal\/servidor\/plano-de-desenvolvimento-de-pessoas-pdp\/<\/a><\/li><li>Gest\u00e3o de Pessoas: <a rel=\"noreferrer noopener\" target=\"_blank\" href=\"https:\/\/ifbaiano.edu.br\/portal\/servidor\/gestao-de-pessoas\/\">https:\/\/ifbaiano.edu.br\/portal\/servidor\/gestao-de-pessoas\/<\/a><\/li><li>Valida\u00e7\u00e3o \u2013 Forma\u00e7\u00e3o Pedag\u00f3gica: <a rel=\"noreferrer noopener\" href=\"https:\/\/ifbaiano.edu.br\/portal\/servidor\/validacao-formacao-pedagogica\/\" target=\"_blank\">https:\/\/ifbaiano.edu.br\/portal\/servidor\/validacao-formacao-pedagogica\/<\/a><\/li><li>Afastamento para Participa\u00e7\u00e3o em P\u00f3s-Gradua\u00e7\u00e3o Stricto Sensu no Pa\u00eds ou no Exterior \u2013 TAE: <a href=\"https:\/\/ifbaiano.edu.br\/portal\/servidor\/afastamento-para-participacao-em-pos-graduacao-stricto-sensu-no-pais-ou-no-exterior-tae\/\" target=\"_blank\" rel=\"noreferrer noopener\">https:\/\/ifbaiano.edu.br\/portal\/servidor\/afastamento-para-participacao-em-pos-graduacao-stricto-sensu-no-pais-ou-no-exterior-tae\/<\/a><\/li><li>Afastamento para Participa\u00e7\u00e3o em P\u00f3s-Gradua\u00e7\u00e3o Stricto Sensu no Pa\u00eds ou no Exterior \u2013 DOCENTE: <a href=\"https:\/\/ifbaiano.edu.br\/portal\/servidor\/afastamento-para-participacao-em-pos-graduacao-stricto-sensu-no-pais-ou-no-exterior-docente\/\" target=\"_blank\" rel=\"noreferrer noopener\">https:\/\/ifbaiano.edu.br\/portal\/servidor\/afastamento-para-participacao-em-pos-graduacao-stricto-sensu-no-pais-ou-no-exterior-docente\/<\/a><\/li><li>Afastamento para Estudo no Exterior: <a href=\"https:\/\/ifbaiano.edu.br\/portal\/servidor\/afastamento-para-estudo-no-exterior\/\" target=\"_blank\" rel=\"noreferrer noopener\">https:\/\/ifbaiano.edu.br\/portal\/servidor\/afastamento-para-estudo-no-exterior\/<\/a><\/li><\/ul>\n\n\n\n<p><\/p>\n","protected":false},"excerpt":{"rendered":"<p>Em constru\u00e7\u00e3o. Colabora\u00e7\u00e3o T\u00e9cnica:\u00a0https:\/\/ifbaiano.edu.br\/portal\/servidor\/colaboracao-tecnica\/ Colabora\u00e7\u00e3o T\u00e9cnica Intercampi:\u00a0https:\/\/ifbaiano.edu.br\/portal\/servidor\/colaboracao-tecnica-intercampi\/ Vac\u00e2ncia:\u00a0https:\/\/ifbaiano.edu.br\/portal\/servidor\/vacancia-por-exoneracao-ou-posse-em-cargo-inacumulavel\/ Adicional Noturno:\u00a0https:\/\/ifbaiano.edu.br\/portal\/servidor\/adicional-noturno\/ Afastamento para Servir ao Tribunal Regional Eleitoral:\u00a0https:\/\/ifbaiano.edu.br\/portal\/servidor\/afastamento-para-servir-ao-tribunal-regional-eleitoral-juri-e-outros-servicos-obrigatorios-por-lei\/ Aux\u00edlio Alimenta\u00e7\u00e3o:\u00a0https:\/\/ifbaiano.edu.br\/portal\/servidor\/auxilio-alimentacao\/ Aux\u00edlio Moradia:\u00a0https:\/\/ifbaiano.edu.br\/portal\/servidor\/auxilio-moradia\/ Aux\u00edlio Natalidade:\u00a0https:\/\/ifbaiano.edu.br\/portal\/servidor\/outros-procedimentos\/auxilio-natalidade\/ Aux\u00edlio Pr\u00e9-Escolar:\u00a0https:\/\/ifbaiano.edu.br\/portal\/servidor\/outros-procedimentos\/auxilio-pre-escolar\/ Cadastro de Dependentes:\u00a0https:\/\/ifbaiano.edu.br\/portal\/servidor\/cadastro-de-dependentes\/ Concess\u00f5es:\u00a0https:\/\/ifbaiano.edu.br\/portal\/servidor\/concessoes-e-licencas\/ F\u00e9rias:\u00a0https:\/\/ifbaiano.edu.br\/portal\/servidor\/ferias\/ Indeniza\u00e7\u00e3o de Ajuda de Custo:\u00a0https:\/\/ifbaiano.edu.br\/portal\/servidor\/indenizacao-de-ajuda-de-custo\/ Licen\u00e7a-Paternidade:\u00a0https:\/\/ifbaiano.edu.br\/portal\/servidor\/licenca-paternidade\/ Pens\u00e3o Aliment\u00edcia:\u00a0https:\/\/ifbaiano.edu.br\/portal\/servidor\/pensao-alimenticia\/ Licen\u00e7a para Capacita\u00e7\u00e3o: https:\/\/ifbaiano.edu.br\/portal\/servidor\/licenca-para-capacitacao\/ Plano de Desenvolvimento de Pessoas &#8211; PDP: https:\/\/ifbaiano.edu.br\/portal\/servidor\/plano-de-desenvolvimento-de-pessoas-pdp\/ Gest\u00e3o de Pessoas: https:\/\/ifbaiano.edu.br\/portal\/servidor\/gestao-de-pessoas\/ Valida\u00e7\u00e3o [&hellip;]<\/p>\n","protected":false},"author":105,"featured_media":0,"parent":0,"menu_order":0,"comment_status":"closed","ping_status":"closed","template":"","meta":[],"_links":{"self":[{"href":"https:\/\/www.ifbaiano.edu.br\/unidades\/itaberaba\/wp-json\/wp\/v2\/pages\/5841"}],"collection":[{"href":"https:\/\/www.ifbaiano.edu.br\/unidades\/itaberaba\/wp-json\/wp\/v2\/pages"}],"about":[{"href":"https:\/\/www.ifbaiano.edu.br\/unidades\/itaberaba\/wp-json\/wp\/v2\/types\/page"}],"author":[{"embeddable":true,"href":"https:\/\/www.ifbaiano.edu.br\/unidades\/itaberaba\/wp-json\/wp\/v2\/users\/105"}],"replies":[{"embeddable":true,"href":"https:\/\/www.ifbaiano.edu.br\/unidades\/itaberaba\/wp-json\/wp\/v2\/comments?post=5841"}],"version-history":[{"count":3,"href":"https:\/\/www.ifbaiano.edu.br\/unidades\/itaberaba\/wp-json\/wp\/v2\/pages\/5841\/revisions"}],"predecessor-version":[{"id":6974,"href":"https:\/\/www.ifbaiano.edu.br\/unidades\/itaberaba\/wp-json\/wp\/v2\/pages\/5841\/revisions\/6974"}],"wp:attachment":[{"href":"https:\/\/www.ifbaiano.edu.br\/unidades\/itaberaba\/wp-json\/wp\/v2\/media?parent=5841"}],"curies":[{"name":"wp","href":"https:\/\/api.w.org\/{rel}","templated":true}]}}