{"id":5846,"date":"2022-03-11T21:49:54","date_gmt":"2022-03-12T00:49:54","guid":{"rendered":"https:\/\/www.ifbaiano.edu.br\/unidades\/itaberaba\/?page_id=5846"},"modified":"2025-12-08T01:04:30","modified_gmt":"2025-12-08T04:04:30","slug":"diretores-coordenadores-e-chefias","status":"publish","type":"page","link":"https:\/\/www.ifbaiano.edu.br\/unidades\/itaberaba\/diretores-coordenadores-e-chefias\/","title":{"rendered":"Diretores (as), Coordenadores (as), Chefias e Respons\u00e1veis por Setores"},"content":{"rendered":"\n<div id=\"ProreitoriaTopoTitulo\">\n\t\t\t\t\tDire\u00e7\u00e3o-Geral\n\t\t\t\t<\/div>\n\n\n\n<p>Diretora Geral<br><span style=\"font-weight: bold\">Ozenice Silva dos Santos<\/span><br>Portaria n\u00ba 279, de 18\/03\/2022, DOU em 21\/03\/2022 (<a rel=\"noreferrer noopener\" href=\"https:\/\/www.in.gov.br\/web\/dou\/-\/portarias-de-pessoal-de-18-de-marco-de-2022-387057931\" target=\"_blank\">link<\/a>)<\/p>\n\n\n\n<p>Substituto do(a) titular do cargo de Diretor(a) Geral<br><strong>Arlem Souto Barros<\/strong><br>Portaria n\u00ba 484, de 29\/03\/2022, DOU em 30\/03\/2022 (<a rel=\"noreferrer noopener\" href=\"https:\/\/www.in.gov.br\/web\/dou\/-\/portarias-de-pessoal-de-29-de-marco-de-2022-389306059\" target=\"_blank\">link<\/a>)<\/p>\n\n\n\n<hr class=\"wp-block-separator has-css-opacity\" \/>\n\n\n\n<p>Chefe de Gabinete da Dire\u00e7\u00e3o-Geral<br><strong>Ot\u00e1vio de Oliveira Santos<\/strong><br>Portaria n\u00ba 107, de 26\/01\/2024, DOU em 29\/01\/2024 (<a href=\"https:\/\/www.in.gov.br\/web\/dou\/-\/portarias-de-pessoal-de-26-janeiro-de-2024-539919805\" data-type=\"URL\" target=\"_blank\" rel=\"noreferrer noopener\">link<\/a>) <\/p>\n\n\n\n<p>Substituto(a) do(a) titular do <mark class=\"has-inline-color has-black-color\">Chefe de Gabinete da Dire\u00e7\u00e3o-Geral<br><strong><span style=\"font-weight: bold\">Bruna Leite Sufiate<\/span><\/strong><\/mark><br>Portaria de Pessoal 549\/2025 &#8211; RET-GAB\/RET\/IFBAIANO, de 22 de maio de 2025 (<a href=\"https:\/\/suap.ifbaiano.edu.br\/documento_eletronico\/visualizar_documento\/290475\/\" data-type=\"URL\" target=\"_blank\" rel=\"noreferrer noopener\">link<\/a>) <\/p>\n\n\n\n<hr class=\"wp-block-separator has-css-opacity\" \/>\n\n\n\n<p>Respons\u00e1vel pelo N\u00facleo de Apoio \u00e0 Gest\u00e3o de Pessoas<br><strong>Ot\u00e1vio de Oliveira Santos<\/strong><br>Portaria de Pessoal 456\/2021 &#8211; RET-GAB\/RET\/IFBAIANO, de 7 de junho de 2021 (<a rel=\"noreferrer noopener\" href=\"https:\/\/suap.ifbaiano.edu.br\/documento_eletronico\/visualizar_documento\/200579\/\" target=\"_blank\">link<\/a>)<\/p>\n\n\n\n<p>Substituto(a) do(a) Respons\u00e1vel pelo N\u00facleo de Apoio \u00e0 Gest\u00e3o de Pessoas<br><strong>Bruna Leite Sufiate<\/strong><br>Portaria de Pessoal 840\/2022 &#8211; RET-GAB\/RET\/IFBAIANO, de 21 de maio de 2022 (<a rel=\"noreferrer noopener\" href=\"https:\/\/suap.ifbaiano.edu.br\/documento_eletronico\/visualizar_documento\/311892\/\" target=\"_blank\">link<\/a>)<\/p>\n\n\n\n<hr class=\"wp-block-separator has-css-opacity\" \/>\n\n\n\n<p>N\u00facleo de Planejamento e Parcerias Institucionais<br><strong>Bruna Leite Sufiate<\/strong><br>Portaria 318\/2021 &#8211; RET-GAB\/RET\/IFBAIANO, de 21 de dezembro de 2021(<a rel=\"noreferrer noopener\" href=\"https:\/\/suap.ifbaiano.edu.br\/documento_eletronico\/visualizar_documento\/273636\/\" target=\"_blank\">link<\/a>)<\/p>\n\n\n\n<div id=\"ProreitoriaTopoTitulo\">\n\t\t\t\t\tDire\u00e7\u00e3o Acad\u00eamica\n\t\t\t\t<\/div>\n\n\n\n<p>Diretora Acad\u00eamica<br><span style=\"font-weight: bold\">Helo\u00edsa Helena de Abreu Martins<\/span><br>Portaria n\u00ba 207, de 28\/02\/2023, DOU em 01\/03\/2023 (<a rel=\"noreferrer noopener\" href=\"https:\/\/www.in.gov.br\/web\/dou\/-\/portarias-de-pessoal-de-28-de-fevereiro-de-2023-466839268\" target=\"_blank\">link<\/a>) <\/p>\n\n\n\n<p>Substituto(a) do(a) titular do cargo de Diretor(a) Acad\u00eamico(a)<br><span style=\"font-weight: bold\"><span style=\"font-weight: bold\">Tamara Torres Tanan<\/span><\/span><br>Portaria n\u00ba 1.111, de 08\/10\/2025, DOU em 09\/10\/2025 (<a rel=\"noreferrer noopener\" href=\"https:\/\/www.in.gov.br\/web\/dou\/-\/portarias-de-pessoal-de-8-de-outubro-de-2025-661359846\" target=\"_blank\">link<\/a>) <\/p>\n\n\n\n<hr class=\"wp-block-separator has-css-opacity\" \/>\n\n\n\n<p>Coordenadora de Ensino<br><span style=\"font-weight: bold\">Su\u00eade Santos Barbosa<\/span><br>Portaria n\u00ba 346, de 19\/04\/2024, DOU em 22\/04\/2024 (<a rel=\"noreferrer noopener\" href=\"https:\/\/www.in.gov.br\/web\/dou\/-\/portarias-de-pessoal-de-19-abril-de-2024-555262419\" target=\"_blank\">link<\/a>) <\/p>\n\n\n\n<p>Substituto(a) do(a) do titular da fun\u00e7\u00e3o de Coordenador de Ensino<br><span style=\"font-weight: bold\">N\u00e3o h\u00e1.<\/span><\/p>\n\n\n\n<hr class=\"wp-block-separator has-css-opacity\" \/>\n\n\n\n<p>Coordenador do Curso T\u00e9cnico em Agroind\u00fastria Integrado ao Ensino M\u00e9dio<br><span style=\"font-weight: bold\">Cristovam Alves de Lima J\u00fanior<\/span><br>Portaria Designa\u00e7\u00e3o n\u00ba 725, de 10\/09\/2021, DOU em 13\/09\/2021 (<a rel=\"noreferrer noopener\" href=\"https:\/\/www.in.gov.br\/web\/dou\/-\/portarias-de-pessoal-de-10-de-setembro-de-2021-344199914\" target=\"_blank\">link<\/a>) <\/p>\n\n\n\n<p>Substituto(a) do Coordenador do Curso T\u00e9cnico em Agroind\u00fastria Integrado ao Ensino M\u00e9dio <br><strong>N\u00e3o h\u00e1.<\/strong><\/p>\n\n\n\n<hr class=\"wp-block-separator has-css-opacity\" \/>\n\n\n\n<p>Coordenador do Curso T\u00e9cnico em Meio Ambiente Subsequente ao Ensino M\u00e9dio<br><span style=\"font-weight: bold\">Elielma Santana Fernandes<\/span><br>Portaria n\u00ba 1.064, de 25\/09\/2023, DOU em 27\/09\/2023 (<a href=\"https:\/\/www.in.gov.br\/web\/dou\/-\/portarias-de-pessoal-de-25-de-setembro-de-2023-512477987\" target=\"_blank\" rel=\"noreferrer noopener\">link<\/a>)<\/p>\n\n\n\n<p>Substituto do Coordenador do Curso T\u00e9cnico em Meio Ambiente Subsequente ao Ensino M\u00e9dio<br>&#8230;<br>Portaria de Pessoal 798\/2022 &#8211; RET-GAB\/RET\/IFBAIANO, de 10 de maio de 2022 (<a rel=\"noreferrer noopener\" href=\"https:\/\/suap.ifbaiano.edu.br\/documento_eletronico\/visualizar_documento\/319274\/\" target=\"_blank\">link<\/a>)<\/p>\n\n\n\n<hr class=\"wp-block-separator has-css-opacity\" \/>\n\n\n\n<p>Coordenador do Curso T\u00e9cnico em Agropecu\u00e1ria Subsequente ao Ensino M\u00e9dio<br><span style=\"font-weight: bold\">E<\/span>&#8230;<br>Portaria n\u00ba 422, de 20\/05\/2024, DOU em 21\/05\/2024 (<a rel=\"noreferrer noopener\" href=\"https:\/\/www.in.gov.br\/web\/dou\/-\/portarias-de-pessoal-de-20-de-maio-de-2024-560785038\" target=\"_blank\">link<\/a>)<\/p>\n\n\n\n<p style=\"font-size:18px\">Substituto do titular da fun\u00e7\u00e3o de Coordenador(a) do Curso T\u00e9cnico em Agropecu\u00e1ria Subsequente ao Ensino M\u00e9dio<br><span style=\"font-weight: bold\"><span style=\"font-weight: bold\"><span style=\"font-weight: bold\">Ubiratan Oliveira Souza<\/span><\/span><\/span><br>Portaria de Pessoal 413\/2024 &#8211; RET-GAB\/RET\/IFBAIANO, de 21 de maio de 2024 (<a href=\"https:\/\/suap.ifbaiano.edu.br\/documento_eletronico\/visualizar_documento\/558965\/\" target=\"_blank\" rel=\"noreferrer noopener\">link<\/a>)<\/p>\n\n\n\n<hr class=\"wp-block-separator has-css-opacity\" \/>\n\n\n\n<p>Coordenadora do Curso T\u00e9cnico em Agropecu\u00e1ria Integrado ao Ensino M\u00e9dio<br><span style=\"font-weight: bold\"><span style=\"font-weight: bold\"><span style=\"font-weight: bold\">Maria Auric\u00e9lia Ferreira Marques da Silva<\/span><\/span> <\/span><br>Portaria n\u00ba 1.579, de 21\/10\/2022, DOU em 24\/10\/2022 (<a rel=\"noreferrer noopener\" href=\"https:\/\/www.in.gov.br\/web\/dou\/-\/portarias-de-pessoal-de-21-de-outubro-de-2022-438544079\" target=\"_blank\">link<\/a>)<\/p>\n\n\n\n<p>Substituto do titular da fun\u00e7\u00e3o de Coordenador(a) do Curso T\u00e9cnico em Agropecu\u00e1ria Integrado ao Ensino M\u00e9dio<br><span style=\"font-weight: bold\"><span style=\"font-weight: bold\"><span style=\"font-weight: bold\">Su\u00eade Santos Barbosa<\/span> <\/span><\/span><br>Portaria de Pessoal 1567\/2022 &#8211; RET-GAB\/RET\/IFBAIANO, de 26 de outubro de 2022 (<a rel=\"noreferrer noopener\" href=\"https:\/\/suap.ifbaiano.edu.br\/documento_eletronico\/visualizar_documento\/363136\/\" target=\"_blank\">link<\/a>)<\/p>\n\n\n\n<hr class=\"wp-block-separator has-css-opacity\" \/>\n\n\n\n<p>Coordenador (a) do N\u00facleo de Atendimento \u00e0s Pessoas com Necessidades Espec\u00edficas<br><span style=\"font-weight: bold\">Ana Catarina Magalh\u00e3es dos Santos<\/span><br>Portaria n\u00ba 253, de 16\/03\/2022, DOU em 17\/03\/2022 (<a rel=\"noreferrer noopener\" href=\"https:\/\/www.in.gov.br\/web\/dou\/-\/portarias-de-pessoal-de-16-de-marco-de-2022-386427129\" target=\"_blank\">link<\/a>)<\/p>\n\n\n\n<p>Substituta do(a) titular da fun\u00e7\u00e3o de Coordenador (a) do N\u00facleo de Atendimento \u00e0s Pessoas com Necessidades Espec\u00edficas<br><strong>N\u00e3o h\u00e1.<\/strong><\/p>\n\n\n\n<hr class=\"wp-block-separator has-css-opacity\" \/>\n\n\n\n<p>Chefe da Secretaria de Registros Acad\u00eamicos<br><span style=\"font-weight: bold\">Chinayder Oliveira Borges<\/span><br>Portaria n\u00ba 800, de 06\/05\/2022, DOU em 09\/05\/2022 (<a href=\"https:\/\/www.in.gov.br\/web\/dou\/-\/portarias-de-pessoal-de-6-de-maio-de-2022-398356049\" target=\"_blank\" rel=\"noreferrer noopener\">link<\/a>)<\/p>\n\n\n\n<p>Substituto do(a) titular da fun\u00e7\u00e3o de Chefe da Secretaria de Registros Acad\u00eamicos<br><span style=\"font-weight: bold\"><span style=\"font-weight: bold\">Carlos Moreno dos Santos Moreira Lima<\/span><\/span><br>Portaria de Pessoal 796\/2022 &#8211; RET-GAB\/RET\/IFBAIANO, de 10 de maio de 2022 (<a href=\"https:\/\/suap.ifbaiano.edu.br\/documento_eletronico\/visualizar_documento\/318530\/\" target=\"_blank\" rel=\"noreferrer noopener\">link<\/a>)<\/p>\n\n\n\n<hr class=\"wp-block-separator has-css-opacity\" \/>\n\n\n\n<p>Coordenadora de Assuntos Estudantis<br><span style=\"font-weight: bold\">Cassia Lorena Cavalcante Simpl\u00edcio da Silva<\/span><br>Portaria n\u00ba 62, de 15\/01\/2019, DOU em 21\/01\/2019 (<a href=\"https:\/\/www.in.gov.br\/web\/dou\/-\/portarias-de-15-de-janeiro-de-2019-59817667\" target=\"_blank\" rel=\"noreferrer noopener\">link<\/a>)<\/p>\n\n\n\n<p>Substituto do(a) titular da fun\u00e7\u00e3o da Coordena\u00e7\u00e3o de Assuntos Estudantis<br><span style=\"font-weight: bold\"><span style=\"font-weight: bold\">N\u00e3o h\u00e1.<\/span><\/span><\/p>\n\n\n\n<hr class=\"wp-block-separator has-css-opacity\" \/>\n\n\n\n<p>Coordenador(a) das Unidades Educativas de Campo<br><span style=\"font-weight: bold\"><span style=\"font-weight: bold\"><span style=\"font-weight: bold\">Jo\u00e3o Carlos Nepomuceno Costa<\/span><\/span><\/span><br>Portaria n\u00ba 1.024, de 14\/09\/2023, DOU em 15\/09\/2023 (<a href=\"https:\/\/www.in.gov.br\/en\/web\/dou\/-\/portarias-de-pessoal-de-14-setembro-de-2023-509765928\" target=\"_blank\" rel=\"noreferrer noopener\">link<\/a>) <\/p>\n\n\n\n<p>Substituto do(a) titular da fun\u00e7\u00e3o de Coordenador(a) das Unidades Educativas de Campo<br><span style=\"font-weight: bold\"><span style=\"font-weight: bold\">Jefferson Oliveira de S\u00e1<\/span><\/span><br>Portaria de Pessoal 1012\/2023 &#8211; RET-GAB\/RET\/IFBAIANO, de 15 de setembro de 2023 (<a rel=\"noreferrer noopener\" href=\"https:\/\/suap.ifbaiano.edu.br\/documento_eletronico\/visualizar_documento\/461310\/\" target=\"_blank\">link<\/a>)  <\/p>\n\n\n\n<hr class=\"wp-block-separator has-css-opacity\" \/>\n\n\n\n<p>Coordenador(a) do Curso T\u00e9cnico em Secretaria Escolar Subsequente ao Ensino M\u00e9dio<br><span style=\"font-weight: bold\">Sanny Wedja Melo Machado de Carvalho<\/span><br>Portaria n\u00ba 344, de 19\/04\/2024, DOU em 22\/04\/2024 (<a rel=\"noreferrer noopener\" href=\"https:\/\/www.in.gov.br\/web\/dou\/-\/portarias-de-pessoal-de-19-abril-de-2024-555262419\" target=\"_blank\">link<\/a>)<\/p>\n\n\n\n<p>Substituto do titular da fun\u00e7\u00e3o de Coordenador(a) do Curso T\u00e9cnico em Secretaria Escolar Subsequente ao Ensino M\u00e9dio <br><span style=\"font-weight: bold\"><span style=\"font-weight: bold\">N\u00e3o h\u00e1.<\/span><\/span><\/p>\n\n\n\n<hr class=\"wp-block-separator has-css-opacity\" \/>\n\n\n\n<p>Coordenador(a) do Curso T\u00e9cnico em Multimeios Did\u00e1ticos Subsequente ao Ensino M\u00e9dio<br><span style=\"font-weight: bold\">Leonardo Augusto Paulino<\/span><br>Portaria n\u00ba 1.501, de 11\/10\/2022, DOU em 13\/10\/2022 (<a rel=\"noreferrer noopener\" href=\"https:\/\/www.in.gov.br\/web\/dou\/-\/portarias-de-pessoal-de-11-de-outubro-de-2022-435544124\" target=\"_blank\">link<\/a>)<\/p>\n\n\n\n<p>Substituto do titular da fun\u00e7\u00e3o de Coordenador(a) do  Curso T\u00e9cnico em Multimeios Did\u00e1ticos Subsequente ao Ensino M\u00e9dio <br><span style=\"font-weight: bold\"><span style=\"font-weight: bold\">N\u00e3o h\u00e1.<\/span><\/span><\/p>\n\n\n\n<hr class=\"wp-block-separator has-css-opacity\" \/>\n\n\n\n<p>Coordenador(a) do Curso T\u00e9cnico em Vendas Subsequente ao Ensino M\u00e9dio<br><span style=\"font-weight: bold\">Aleciane da Silva Moreira Ferreira<\/span><br>Portaria n\u00ba 1.502, de 11\/10\/2022, DOU em 13\/10\/2022 (<a rel=\"noreferrer noopener\" href=\"https:\/\/www.in.gov.br\/web\/dou\/-\/portarias-de-pessoal-de-11-de-outubro-de-2022-435544124\" target=\"_blank\">link<\/a>)<\/p>\n\n\n\n<p>Substituto do titular da fun\u00e7\u00e3o de Coordenador(a) do Curso T\u00e9cnico em Vendas Subsequente ao Ensino M\u00e9dio <br><span style=\"font-weight: bold\"><span style=\"font-weight: bold\">N\u00e3o h\u00e1.<\/span><\/span><\/p>\n\n\n\n<hr class=\"wp-block-separator has-css-opacity\" \/>\n\n\n\n<p>Coordenador de Pesquisa<br><span style=\"font-weight: bold\">Renato Batista dos Santos<\/span> <br>Portaria n\u00ba 406, de 15\/05\/2024, DOU em 16\/05\/2024 (<a href=\"https:\/\/www.in.gov.br\/web\/dou\/-\/portarias-de-pessoal-de-15-de-maio-de-2024-560096016\" target=\"_blank\" rel=\"noreferrer noopener\">link<\/a>) <\/p>\n\n\n\n<p>Substituto do titular da fun\u00e7\u00e3o de Coordenador de Pesquisa<br><span style=\"font-weight: bold\"><span style=\"font-weight: bold\">Jefferson Oliveira de S\u00e1<\/span><\/span><br>Portaria de Pessoal 405\/2024 &#8211; RET-GAB\/RET\/IFBAIANO, de 17 de maio de 2024 (<a rel=\"noreferrer noopener\" href=\"https:\/\/suap.ifbaiano.edu.br\/documento_eletronico\/visualizar_documento\/567808\/\" target=\"_blank\">link<\/a>) <\/p>\n\n\n\n<hr class=\"wp-block-separator has-css-opacity\" \/>\n\n\n\n<p>Coordenadora de Extens\u00e3o<br><span style=\"font-weight: bold\">Lizziane Argolo Batista<\/span><br>Portaria n\u00ba 462, de 06\/06\/2024, DOU em 07\/06\/2024 (<a href=\"https:\/\/www.in.gov.br\/web\/dou\/-\/portaria-de-pessoal-n-462-de-6-junho-de-2024-564204460\" target=\"_blank\" rel=\"noreferrer noopener\">link<\/a>)<\/p>\n\n\n\n<p>Substituto do titular da fun\u00e7\u00e3o de Coordenador de Extens\u00e3o<br><span style=\"font-weight: bold\"><span style=\"font-weight: bold\">Marcio da Silva Alves<\/span><\/span> <br>Portaria de Pessoal 447\/2024 &#8211; RET-GAB\/RET\/IFBAIANO, de 3 de junho de 2024 (<a rel=\"noreferrer noopener\" href=\"https:\/\/suap.ifbaiano.edu.br\/documento_eletronico\/visualizar_documento\/556934\/\" data-type=\"URL\" data-id=\"https:\/\/suap.ifbaiano.edu.br\/documento_eletronico\/visualizar_documento\/419339\/\" target=\"_blank\">link<\/a>) <\/p>\n\n\n\n<hr class=\"wp-block-separator has-css-opacity\" \/>\n\n\n\n<p>Coordenador(a) de Educa\u00e7\u00e3o a Dist\u00e2ncia<br><span style=\"font-weight: bold\">Aleciane da Silva Moreira Ferreira<\/span><br>Portaria 646\/2020 &#8211; RET-GAB\/RET\/IFBAIANO, de 10 de junho de 2020 (<a rel=\"noreferrer noopener\" href=\"https:\/\/suap.ifbaiano.edu.br\/documento_eletronico\/visualizar_documento\/173167\/\" target=\"_blank\">l<\/a><a rel=\"noreferrer noopener\" href=\"https:\/\/suap.ifbaiano.edu.br\/documento_eletronico\/visualizar_documento\/58477\/\" target=\"_blank\">i<\/a><a rel=\"noreferrer noopener\" href=\"https:\/\/suap.ifbaiano.edu.br\/documento_eletronico\/visualizar_documento\/173167\/\" target=\"_blank\">nk<\/a>)<\/p>\n\n\n\n<div class=\"wp-block-group is-layout-flow\"><div class=\"wp-block-group__inner-container\"><\/div><\/div>\n\n\n\n<div id=\"ProreitoriaTopoTitulo\">\n\t\t\t\t\tDire\u00e7\u00e3o de Administra\u00e7\u00e3o e Planejamento\n\t\t\t\t<\/div>\n\n\n\n<p>Diretor de Administra\u00e7\u00e3o e Planejamento<br><strong>Arlem Souto Barros<\/strong><br>Portaria n\u00ba 1.760, de 25\/06\/2018, DOU em 26\/06\/2018 (<a rel=\"noreferrer noopener\" href=\"https:\/\/www.in.gov.br\/materia\/-\/asset_publisher\/Kujrw0TZC2Mb\/content\/id\/27299790\/do2-2018-06-26-portarias-de-25-de-junho-de-2018-27299786\" target=\"_blank\">link<\/a>)<\/p>\n\n\n\n<p>Substituto do(a) titular do cargo de Diretor de Administra\u00e7\u00e3o e Planejamento<br><span><b>Mario Madielson <\/b><\/span><strong><strong>Varj\u00e3o Rom\u00e3o<\/strong><\/strong><br>Portaria n\u00ba 688, de 10\/04\/2019, DOU em 11\/04\/2019 (<a href=\"https:\/\/www.in.gov.br\/web\/dou\/-\/portarias-de-10-de-abril-de-2019-71097220\" data-type=\"URL\" target=\"_blank\" rel=\"noreferrer noopener\">link<\/a>)<\/p>\n\n\n\n<hr class=\"wp-block-separator has-css-opacity\" \/>\n\n\n\n<p>Coordenador de Suprimentos e Log\u00edstica<br><strong>Mario Madielson Varj\u00e3o Rom\u00e3o<\/strong><br>Portaria n\u00ba 702, de 03\/07\/2023, DOU em 04\/07\/2023 (<a href=\"https:\/\/www.in.gov.br\/web\/dou\/-\/portarias-de-pessoal-de-3-julho-de-2023-493865737\" data-type=\"URL\" target=\"_blank\" rel=\"noreferrer noopener\">link<\/a>) <\/p>\n\n\n\n<p>Substituto do(a) titular da fun\u00e7\u00e3o de Coordenador de Suprimentos e Log\u00edstica <br><strong>Emanoel Barreto Cabral<\/strong><br>Portaria de Pessoal 693\/2023 &#8211; RET-GAB\/RET\/IFBAIANO, de 4 de julho de 2023 (<a href=\"https:\/\/suap.ifbaiano.edu.br\/documento_eletronico\/visualizar_documento\/450800\/\" target=\"_blank\" rel=\"noreferrer noopener\">link<\/a>)<\/p>\n\n\n\n<hr class=\"wp-block-separator has-css-opacity\" \/>\n\n\n\n<p>Coordenador Financeiro Cont\u00e1bil<br><strong>Jeferson Matos Andrade<\/strong><br>Portaria n\u00ba 1.828, de 03\/07\/2018, DOU em 04\/07\/2018 (<a href=\"https:\/\/www.in.gov.br\/web\/dou\/-\/portarias-de-3-de-julho-de-2018-28510894\" target=\"_blank\" rel=\"noreferrer noopener\">link<\/a>)<\/p>\n\n\n\n<p>Substituta do(a) titular da fun\u00e7\u00e3o de Chefe da Coordena\u00e7\u00e3o Cont\u00e1bil e Financeira<br><strong>Adriane de Oliveira Coelho Neves<\/strong><br>Portaria de Pessoal 77\/2022 &#8211; RET-GAB\/RET\/IFBAIANO, 27 de janeiro de 2022 (<a rel=\"noreferrer noopener\" href=\"https:\/\/www.in.gov.br\/web\/dou\/-\/portarias-de-10-de-abril-de-2019-71097220\" target=\"_blank\">l<\/a><a href=\"https:\/\/suap.ifbaiano.edu.br\/documento_eletronico\/visualizar_documento\/280972\/\" target=\"_blank\" rel=\"noreferrer noopener\">i<\/a><a rel=\"noreferrer noopener\" href=\"https:\/\/www.in.gov.br\/web\/dou\/-\/portarias-de-10-de-abril-de-2019-71097220\" target=\"_blank\">nk<\/a>)<\/p>\n\n\n\n<hr class=\"wp-block-separator has-css-opacity\" \/>\n\n\n\n<p>Chefe da Coordena\u00e7\u00e3o de Compras<br><strong><strong>Bruna Leite Sufiat<\/strong><\/strong>e<br>Portaria n\u00ba 1.066, de 25\/09\/2023, DOU em 27\/09\/2023 (<a href=\"https:\/\/www.in.gov.br\/web\/dou\/-\/portarias-de-pessoal-de-25-de-setembro-de-2023-512477987\" target=\"_blank\" rel=\"noreferrer noopener\">link<\/a>)<\/p>\n\n\n\n<p>Substituto do(a) titular da fun\u00e7\u00e3o de Chefe da Coordena\u00e7\u00e3o de Compras<br><strong>Talita Suelen Santos Andrade<\/strong><br>Portaria de Pessoal 1060\/2022 &#8211; RET-GAB\/RET\/IFBAIANO, de 25 de setembro de 2023 (<a rel=\"noreferrer noopener\" href=\"https:\/\/suap.ifbaiano.edu.br\/documento_eletronico\/visualizar_documento\/491030\/\" target=\"_blank\">link<\/a>)<\/p>\n\n\n\n<hr class=\"wp-block-separator has-css-opacity\" \/>\n\n\n\n<p>Respons\u00e1vel pelo N\u00facleo de Execu\u00e7\u00e3o Or\u00e7ament\u00e1ria e Financeira<br><strong>Adriane de Oliveira Coelho Neves<\/strong><br>Portaria de Pessoal 1059\/2023 &#8211; RET-GAB\/RET\/IFBAIANO, de 25 de setembro de 2023 (<a href=\"https:\/\/suap.ifbaiano.edu.br\/documento_eletronico\/visualizar_documento\/489932\/\" target=\"_blank\" rel=\"noreferrer noopener\">link<\/a>)<\/p>\n\n\n\n<p>Substituto(a) do(a) Respons\u00e1vel do N\u00facleo de Execu\u00e7\u00e3o Or\u00e7ament\u00e1ria e Financeira<br><strong>N\u00e3o h\u00e1.<\/strong><\/p>\n\n\n\n<hr class=\"wp-block-separator has-css-opacity\" \/>\n\n\n\n<p>Chefe do N\u00facleo de Contratos<br><strong>Talita Suelen Santos Andrade<\/strong><br>Portaria n\u00ba 770, de 04\/05\/2022, DOU em 05\/05\/2022 (<a href=\"https:\/\/www.in.gov.br\/web\/dou\/-\/portarias-de-pessoal-de-4-de-maio-de-2022-397620772\" target=\"_blank\" rel=\"noreferrer noopener\">link<\/a>)<\/p>\n\n\n\n<p>Substituto do(a) titular da fun\u00e7\u00e3o de Chefe do N\u00facleo de Contratos <br><strong><strong>Bruna Leite Sufiate<\/strong><\/strong><br>Portaria de Pessoal 1723\/2022 &#8211; RET-GAB\/RET\/IFBAIANO, de&nbsp;12 de dezembro de 2022 (<a rel=\"noreferrer noopener\" href=\"https:\/\/suap.ifbaiano.edu.br\/documento_eletronico\/visualizar_documento\/388467\/\" target=\"_blank\">link<\/a>)<\/p>\n\n\n\n<hr class=\"wp-block-separator has-css-opacity\" \/>\n\n\n\n<p>Respons\u00e1vel pelo Setor de Transportes<br><strong>Emanoel Barreto Cabral&nbsp;<br><\/strong>Portaria de Pessoal 1235\/2023 &#8211; RET-GAB\/RET\/IFBAIANO, de 17 de novembro de 2023 (<a href=\"https:\/\/suap.ifbaiano.edu.br\/documento_eletronico\/visualizar_documento\/511637\/\" target=\"_blank\" rel=\"noreferrer noopener\">link<\/a>)<\/p>\n\n\n\n<p>Substituto(a) do(a) Respons\u00e1vel pelo Setor de Transportes<br><strong>N\u00e3o h\u00e1.<\/strong><\/p>\n","protected":false},"excerpt":{"rendered":"<p>Dire\u00e7\u00e3o-Geral Diretora GeralOzenice Silva dos SantosPortaria n\u00ba 279, de 18\/03\/2022, DOU em 21\/03\/2022 (link) Substituto do(a) titular do cargo de Diretor(a) GeralArlem Souto BarrosPortaria n\u00ba 484, de 29\/03\/2022, DOU em 30\/03\/2022 (link) Chefe de Gabinete da Dire\u00e7\u00e3o-GeralOt\u00e1vio de Oliveira SantosPortaria n\u00ba 107, de 26\/01\/2024, DOU em 29\/01\/2024 (link) Substituto(a) do(a) titular do Chefe de Gabinete [&hellip;]<\/p>\n","protected":false},"author":105,"featured_media":0,"parent":0,"menu_order":0,"comment_status":"closed","ping_status":"closed","template":"","meta":[],"_links":{"self":[{"href":"https:\/\/www.ifbaiano.edu.br\/unidades\/itaberaba\/wp-json\/wp\/v2\/pages\/5846"}],"collection":[{"href":"https:\/\/www.ifbaiano.edu.br\/unidades\/itaberaba\/wp-json\/wp\/v2\/pages"}],"about":[{"href":"https:\/\/www.ifbaiano.edu.br\/unidades\/itaberaba\/wp-json\/wp\/v2\/types\/page"}],"author":[{"embeddable":true,"href":"https:\/\/www.ifbaiano.edu.br\/unidades\/itaberaba\/wp-json\/wp\/v2\/users\/105"}],"replies":[{"embeddable":true,"href":"https:\/\/www.ifbaiano.edu.br\/unidades\/itaberaba\/wp-json\/wp\/v2\/comments?post=5846"}],"version-history":[{"count":152,"href":"https:\/\/www.ifbaiano.edu.br\/unidades\/itaberaba\/wp-json\/wp\/v2\/pages\/5846\/revisions"}],"predecessor-version":[{"id":9891,"href":"https:\/\/www.ifbaiano.edu.br\/unidades\/itaberaba\/wp-json\/wp\/v2\/pages\/5846\/revisions\/9891"}],"wp:attachment":[{"href":"https:\/\/www.ifbaiano.edu.br\/unidades\/itaberaba\/wp-json\/wp\/v2\/media?parent=5846"}],"curies":[{"name":"wp","href":"https:\/\/api.w.org\/{rel}","templated":true}]}}