{"id":67,"date":"2017-02-09T11:06:43","date_gmt":"2017-02-09T11:06:43","guid":{"rendered":"http:\/\/www.ifbaiano.edu.br\/unidades\/itaberaba\/?page_id=67"},"modified":"2019-09-03T13:52:32","modified_gmt":"2019-09-03T16:52:32","slug":"qualificacao-profissional","status":"publish","type":"page","link":"https:\/\/www.ifbaiano.edu.br\/unidades\/itaberaba\/qualificacao-profissional\/","title":{"rendered":"Qualifica\u00e7\u00e3o Profissional"},"content":{"rendered":"<div id=\"ProreitoriaTopoTitulo\">CURSOS DE FORMA\u00c7\u00c3O INICIAL E CONTINUADA (FIC)<\/div>\n<p>Os cursos de Forma\u00e7\u00e3o Inicial e Continuada (FIC) s\u00e3o t\u00e9cnicos e r\u00e1pidos em qualifica\u00e7\u00e3o profissional que objetivam inserir o discente no mundo do trabalho e\/ou melhorar a sua atua\u00e7\u00e3o profissional. <span id=\"more-67\"><\/span><\/p>\n<p class=\"western\" align=\"JUSTIFY\">Eles s\u00e3o ofertados nas modalidades de ensino presencial, semipresencial ou \u00e0 dist\u00e2ncia a depender da necessidade, da estrutura dispon\u00edvel nos <i>campi <\/i>e da demanda apresentada. Suas categorias s\u00e3o:<\/p>\n<p class=\"western\" align=\"JUSTIFY\"><b>Forma\u00e7\u00e3o Inicial<\/b>: contemplam um conjunto de saberes que habilitam ao exerc\u00edcio profissional, associado, ou n\u00e3o, \u00e0 eleva\u00e7\u00e3o da escolaridade; carga hor\u00e1ria m\u00ednima de 160 (cento e sessenta) horas.<\/p>\n<p class=\"western\" align=\"JUSTIFY\"><b>Forma\u00e7\u00e3o Continuada<\/b>: aprimoram, aprofundam e atualizam os saberes relativos a uma \u00e1rea profissional; carga hor\u00e1ria m\u00ednima de (12) doze horas.<\/p>\n<p class=\"western\" align=\"JUSTIFY\">O <em>campus<\/em> Itaberaba, disponibiliza o Guia de cursos FIC, uma oportunidade de qualifica\u00e7\u00e3o e requalifica\u00e7\u00e3o para trabalhadores e trabalhadoras de todo o Territ\u00f3rio de Identidade Piemonte do Paragua\u00e7u.<\/p>\n<p class=\"western\" align=\"JUSTIFY\"><a href=\"http:\/\/www.ifbaiano.edu.br\/unidades\/itaberaba\/files\/2017\/02\/GUIA-DE-CURSOS-DE-QUALIFICA\u00c7\u00c3O0APROFISSIONAL.pdf\">GUIA DE CURSOS DE QUALIFICA\u00c7\u00c3O PROFISSIONAL<\/a><\/p>\n<div id=\"ProreitoriaTopoTitulo\">CRONOGRAMA<\/div>\n<p class=\"western\" align=\"JUSTIFY\"><a href=\"http:\/\/www.ifbaiano.edu.br\/unidades\/itaberaba\/files\/2017\/02\/CRONOGRAMA-AGOSTO-2017.pdf\">CRONOGRAMA AGOSTO 2017<\/a><\/p>\n<p class=\"western\" align=\"JUSTIFY\"><a href=\"http:\/\/www.ifbaiano.edu.br\/unidades\/itaberaba\/files\/2017\/02\/CRONOGRAMA-SETEMBRO-2017.pdf\">CRONOGRAMA SETEMBRO 2017<\/a><\/p>\n<p class=\"western\" align=\"JUSTIFY\"><a href=\"http:\/\/www.ifbaiano.edu.br\/unidades\/itaberaba\/files\/2017\/02\/CRONOGRAMA-OUTUBRO-2017.pdf\">CRONOGRAMA OUTUBRO 2017<\/a><\/p>\n","protected":false},"excerpt":{"rendered":"<p>CURSOS DE FORMA\u00c7\u00c3O INICIAL E CONTINUADA (FIC) Os cursos de Forma\u00e7\u00e3o Inicial e Continuada (FIC) s\u00e3o t\u00e9cnicos e r\u00e1pidos em qualifica\u00e7\u00e3o profissional que objetivam inserir o discente no mundo do trabalho e\/ou melhorar a sua atua\u00e7\u00e3o profissional. Eles s\u00e3o ofertados nas modalidades de ensino presencial, semipresencial ou \u00e0 dist\u00e2ncia a depender da necessidade, da estrutura [&hellip;]<\/p>\n","protected":false},"author":59,"featured_media":0,"parent":0,"menu_order":0,"comment_status":"closed","ping_status":"closed","template":"","meta":[],"_links":{"self":[{"href":"https:\/\/www.ifbaiano.edu.br\/unidades\/itaberaba\/wp-json\/wp\/v2\/pages\/67"}],"collection":[{"href":"https:\/\/www.ifbaiano.edu.br\/unidades\/itaberaba\/wp-json\/wp\/v2\/pages"}],"about":[{"href":"https:\/\/www.ifbaiano.edu.br\/unidades\/itaberaba\/wp-json\/wp\/v2\/types\/page"}],"author":[{"embeddable":true,"href":"https:\/\/www.ifbaiano.edu.br\/unidades\/itaberaba\/wp-json\/wp\/v2\/users\/59"}],"replies":[{"embeddable":true,"href":"https:\/\/www.ifbaiano.edu.br\/unidades\/itaberaba\/wp-json\/wp\/v2\/comments?post=67"}],"version-history":[{"count":18,"href":"https:\/\/www.ifbaiano.edu.br\/unidades\/itaberaba\/wp-json\/wp\/v2\/pages\/67\/revisions"}],"predecessor-version":[{"id":2606,"href":"https:\/\/www.ifbaiano.edu.br\/unidades\/itaberaba\/wp-json\/wp\/v2\/pages\/67\/revisions\/2606"}],"wp:attachment":[{"href":"https:\/\/www.ifbaiano.edu.br\/unidades\/itaberaba\/wp-json\/wp\/v2\/media?parent=67"}],"curies":[{"name":"wp","href":"https:\/\/api.w.org\/{rel}","templated":true}]}}