{"id":672,"date":"2017-09-21T16:14:40","date_gmt":"2017-09-21T19:14:40","guid":{"rendered":"http:\/\/www.ifbaiano.edu.br\/unidades\/itaberaba\/?page_id=672"},"modified":"2017-11-23T15:13:17","modified_gmt":"2017-11-23T18:13:17","slug":"apresentacoes","status":"publish","type":"page","link":"https:\/\/www.ifbaiano.edu.br\/unidades\/itaberaba\/apresentacoes\/","title":{"rendered":"Apresenta\u00e7\u00f5es"},"content":{"rendered":"<p>A Dire\u00e7\u00e3o Geral disponibiliza as apresenta\u00e7\u00f5es das\u00a0Reuni\u00f5es Gerais<\/p>\n<hr \/>\n<p><a href=\"http:\/\/www.ifbaiano.edu.br\/unidades\/itaberaba\/files\/2017\/09\/1\u00aa-Reuni\u00e3o-Geral.pdf\">1\u00aa Reuni\u00e3o Geral<\/a><\/p>\n<p><a href=\"http:\/\/www.ifbaiano.edu.br\/unidades\/itaberaba\/files\/2017\/09\/2\u00aa-Reuni\u00e3o-Geral-1.pdf\">2\u00aa Reuni\u00e3o Geral<\/a><\/p>\n<p><a href=\"http:\/\/www.ifbaiano.edu.br\/unidades\/itaberaba\/files\/2017\/09\/3\u00aa-Reuni\u00e3o-Geral-1.pdf\">3\u00aa Reuni\u00e3o Geral<\/a><\/p>\n<p>&nbsp;<\/p>\n","protected":false},"excerpt":{"rendered":"<p>A Dire\u00e7\u00e3o Geral disponibiliza as apresenta\u00e7\u00f5es das\u00a0Reuni\u00f5es Gerais 1\u00aa Reuni\u00e3o Geral 2\u00aa Reuni\u00e3o Geral 3\u00aa Reuni\u00e3o Geral &nbsp;<\/p>\n","protected":false},"author":91,"featured_media":0,"parent":0,"menu_order":0,"comment_status":"closed","ping_status":"closed","template":"","meta":[],"_links":{"self":[{"href":"https:\/\/www.ifbaiano.edu.br\/unidades\/itaberaba\/wp-json\/wp\/v2\/pages\/672"}],"collection":[{"href":"https:\/\/www.ifbaiano.edu.br\/unidades\/itaberaba\/wp-json\/wp\/v2\/pages"}],"about":[{"href":"https:\/\/www.ifbaiano.edu.br\/unidades\/itaberaba\/wp-json\/wp\/v2\/types\/page"}],"author":[{"embeddable":true,"href":"https:\/\/www.ifbaiano.edu.br\/unidades\/itaberaba\/wp-json\/wp\/v2\/users\/91"}],"replies":[{"embeddable":true,"href":"https:\/\/www.ifbaiano.edu.br\/unidades\/itaberaba\/wp-json\/wp\/v2\/comments?post=672"}],"version-history":[{"count":6,"href":"https:\/\/www.ifbaiano.edu.br\/unidades\/itaberaba\/wp-json\/wp\/v2\/pages\/672\/revisions"}],"predecessor-version":[{"id":838,"href":"https:\/\/www.ifbaiano.edu.br\/unidades\/itaberaba\/wp-json\/wp\/v2\/pages\/672\/revisions\/838"}],"wp:attachment":[{"href":"https:\/\/www.ifbaiano.edu.br\/unidades\/itaberaba\/wp-json\/wp\/v2\/media?parent=672"}],"curies":[{"name":"wp","href":"https:\/\/api.w.org\/{rel}","templated":true}]}}