{"id":6887,"date":"2023-01-23T15:02:23","date_gmt":"2023-01-23T18:02:23","guid":{"rendered":"https:\/\/www.ifbaiano.edu.br\/unidades\/itaberaba\/?page_id=6887"},"modified":"2023-01-23T15:13:55","modified_gmt":"2023-01-23T18:13:55","slug":"2021-2","status":"publish","type":"page","link":"https:\/\/www.ifbaiano.edu.br\/unidades\/itaberaba\/2021-2\/","title":{"rendered":"2021"},"content":{"rendered":"\n<p><a href=\"https:\/\/www.ifbaiano.edu.br\/unidades\/itaberaba\/files\/2023\/01\/Calendario-2021-Integrado-com-indicacao-de-blocos.pdf\" data-type=\"URL\" data-id=\"https:\/\/www.ifbaiano.edu.br\/unidades\/itaberaba\/files\/2023\/01\/Calendario-2021-Integrado-com-indicacao-de-blocos.pdf\" target=\"_blank\" rel=\"noreferrer noopener\">Calend\u00e1rio 2021 &#8211; Integrado (com indica\u00e7\u00e3o de blocos)<\/a><\/p>\n\n\n\n<p><a href=\"https:\/\/www.ifbaiano.edu.br\/unidades\/itaberaba\/files\/2023\/01\/Calendario-Subsequente-2021-Ingressantes-com-indicacao-de-blocos.pdf\" data-type=\"URL\" data-id=\"https:\/\/www.ifbaiano.edu.br\/unidades\/itaberaba\/files\/2023\/01\/Calendario-Subsequente-2021-Ingressantes-com-indicacao-de-blocos.pdf\" target=\"_blank\" rel=\"noreferrer noopener\">Calend\u00e1rio Subsequente 2021- Ingressantes (com indica\u00e7\u00e3o de blocos)<\/a><\/p>\n\n\n\n<p><a href=\"https:\/\/www.ifbaiano.edu.br\/unidades\/itaberaba\/files\/2023\/01\/Calendario-Subsequente-2021-2o-e-3o-semestre-com-indicacao-dos-blocos.pdf\" data-type=\"URL\" data-id=\"https:\/\/www.ifbaiano.edu.br\/unidades\/itaberaba\/files\/2023\/01\/Calendario-Subsequente-2021-2o-e-3o-semestre-com-indicacao-dos-blocos.pdf\" target=\"_blank\" rel=\"noreferrer noopener\">Calend\u00e1rio Subsequente 2021 &#8211; 2\u00ba e 3\u00ba semestre (com indica\u00e7\u00e3o dos blocos)<\/a><\/p>\n","protected":false},"excerpt":{"rendered":"<p>Calend\u00e1rio 2021 &#8211; Integrado (com indica\u00e7\u00e3o de blocos) Calend\u00e1rio Subsequente 2021- Ingressantes (com indica\u00e7\u00e3o de blocos) Calend\u00e1rio Subsequente 2021 &#8211; 2\u00ba e 3\u00ba semestre (com indica\u00e7\u00e3o dos blocos)<\/p>\n","protected":false},"author":164,"featured_media":0,"parent":0,"menu_order":0,"comment_status":"closed","ping_status":"closed","template":"","meta":[],"_links":{"self":[{"href":"https:\/\/www.ifbaiano.edu.br\/unidades\/itaberaba\/wp-json\/wp\/v2\/pages\/6887"}],"collection":[{"href":"https:\/\/www.ifbaiano.edu.br\/unidades\/itaberaba\/wp-json\/wp\/v2\/pages"}],"about":[{"href":"https:\/\/www.ifbaiano.edu.br\/unidades\/itaberaba\/wp-json\/wp\/v2\/types\/page"}],"author":[{"embeddable":true,"href":"https:\/\/www.ifbaiano.edu.br\/unidades\/itaberaba\/wp-json\/wp\/v2\/users\/164"}],"replies":[{"embeddable":true,"href":"https:\/\/www.ifbaiano.edu.br\/unidades\/itaberaba\/wp-json\/wp\/v2\/comments?post=6887"}],"version-history":[{"count":2,"href":"https:\/\/www.ifbaiano.edu.br\/unidades\/itaberaba\/wp-json\/wp\/v2\/pages\/6887\/revisions"}],"predecessor-version":[{"id":6895,"href":"https:\/\/www.ifbaiano.edu.br\/unidades\/itaberaba\/wp-json\/wp\/v2\/pages\/6887\/revisions\/6895"}],"wp:attachment":[{"href":"https:\/\/www.ifbaiano.edu.br\/unidades\/itaberaba\/wp-json\/wp\/v2\/media?parent=6887"}],"curies":[{"name":"wp","href":"https:\/\/api.w.org\/{rel}","templated":true}]}}