{"id":7337,"date":"2023-06-07T09:07:48","date_gmt":"2023-06-07T12:07:48","guid":{"rendered":"https:\/\/www.ifbaiano.edu.br\/unidades\/itaberaba\/?page_id=7337"},"modified":"2023-11-23T10:56:45","modified_gmt":"2023-11-23T13:56:45","slug":"neabi","status":"publish","type":"page","link":"https:\/\/www.ifbaiano.edu.br\/unidades\/itaberaba\/neabi\/","title":{"rendered":"NEABI"},"content":{"rendered":"\n\n\n<figure class=\"wp-block-table\"><table><tbody><tr><td colspan=\"2\"><strong><a href=\"https:\/\/www.ifbaiano.edu.br\/unidades\/itaberaba\/files\/2023\/11\/PORTARIA-75_2022-Constituicao-do-NEABI.pdf\" target=\"_blank\" rel=\"noreferrer noopener\">Portaria n\u00ba 75\/2022 &#8211; ITB-GAB\/ITB-DG\/RET\/IFBAIANO<\/a><\/strong>, de\u00a024 de novembro de 2022 &#8211; Constitui Grupo Gestor do N\u00facleo de Estudos Afro-Brasileiros e Ind\u00edgenas (NEABI) Local do IF BAIANO &#8211;\u00a0<em>Campus<\/em>\u00a0Itaberaba.<\/td><\/tr><\/tbody><\/table><\/figure>\n\n\n\n<figure class=\"wp-block-table\"><table><tbody><tr><td colspan=\"2\"><strong><a href=\"https:\/\/www.ifbaiano.edu.br\/unidades\/itaberaba\/files\/2023\/11\/PORTARIA-86_2023-Alteracao-do-NEABI.pdf\" target=\"_blank\" rel=\"noreferrer noopener\">Portaria n\u00ba 86\/2023 &#8211; ITB-GAB\/ITB-DG\/RET\/IFBAIANO<\/a><\/strong>, de\u00a020 de novembro de 2023 &#8211; Disp\u00f5e sobre a altera\u00e7\u00e3o de\u00a0membros do Grupo Gestor do N\u00facleo de Estudos Afro-Brasileiros e Ind\u00edgenas (NEABI) Local do IF BAIANO &#8211;\u00a0<em>Campus\u00a0<\/em>Itaberaba, constitu\u00edda pela Portaria n\u00ba 75\/2022 &#8211; ITB-GAB\/ITB-DG\/RET\/IFBAIANO, de 24 de novembro de 2022.<\/td><\/tr><\/tbody><\/table><\/figure>\n","protected":false},"excerpt":{"rendered":"<p>Portaria n\u00ba 75\/2022 &#8211; ITB-GAB\/ITB-DG\/RET\/IFBAIANO, de\u00a024 de novembro de 2022 &#8211; Constitui Grupo Gestor do N\u00facleo de Estudos Afro-Brasileiros e Ind\u00edgenas (NEABI) Local do IF BAIANO &#8211;\u00a0Campus\u00a0Itaberaba. Portaria n\u00ba 86\/2023 &#8211; ITB-GAB\/ITB-DG\/RET\/IFBAIANO, de\u00a020 de novembro de 2023 &#8211; Disp\u00f5e sobre a altera\u00e7\u00e3o de\u00a0membros do Grupo Gestor do N\u00facleo de Estudos Afro-Brasileiros e Ind\u00edgenas (NEABI) Local [&hellip;]<\/p>\n","protected":false},"author":105,"featured_media":0,"parent":0,"menu_order":0,"comment_status":"closed","ping_status":"closed","template":"","meta":[],"_links":{"self":[{"href":"https:\/\/www.ifbaiano.edu.br\/unidades\/itaberaba\/wp-json\/wp\/v2\/pages\/7337"}],"collection":[{"href":"https:\/\/www.ifbaiano.edu.br\/unidades\/itaberaba\/wp-json\/wp\/v2\/pages"}],"about":[{"href":"https:\/\/www.ifbaiano.edu.br\/unidades\/itaberaba\/wp-json\/wp\/v2\/types\/page"}],"author":[{"embeddable":true,"href":"https:\/\/www.ifbaiano.edu.br\/unidades\/itaberaba\/wp-json\/wp\/v2\/users\/105"}],"replies":[{"embeddable":true,"href":"https:\/\/www.ifbaiano.edu.br\/unidades\/itaberaba\/wp-json\/wp\/v2\/comments?post=7337"}],"version-history":[{"count":2,"href":"https:\/\/www.ifbaiano.edu.br\/unidades\/itaberaba\/wp-json\/wp\/v2\/pages\/7337\/revisions"}],"predecessor-version":[{"id":8102,"href":"https:\/\/www.ifbaiano.edu.br\/unidades\/itaberaba\/wp-json\/wp\/v2\/pages\/7337\/revisions\/8102"}],"wp:attachment":[{"href":"https:\/\/www.ifbaiano.edu.br\/unidades\/itaberaba\/wp-json\/wp\/v2\/media?parent=7337"}],"curies":[{"name":"wp","href":"https:\/\/api.w.org\/{rel}","templated":true}]}}