{"id":7372,"date":"2023-06-14T16:20:24","date_gmt":"2023-06-14T19:20:24","guid":{"rendered":"https:\/\/www.ifbaiano.edu.br\/unidades\/itaberaba\/?page_id=7372"},"modified":"2023-06-14T16:43:37","modified_gmt":"2023-06-14T19:43:37","slug":"nucleos-conselhos","status":"publish","type":"page","link":"https:\/\/www.ifbaiano.edu.br\/unidades\/itaberaba\/nucleos-conselhos\/","title":{"rendered":"N\u00facleos\/Conselhos"},"content":{"rendered":"\n<p><strong>&nbsp;N\u00facleo de Assessoramento Pedag\u00f3gico (NAP)<\/strong><\/p>\n\n\n\n<figure class=\"wp-block-table is-style-regular has-small-font-size\"><table><tbody><tr><td class=\"has-text-align-center\" data-align=\"center\" rowspan=\"2\"><strong>Curso<\/strong><\/td><td class=\"has-text-align-center\" data-align=\"center\" colspan=\"2\"><strong>Constitui\u00e7\u00e3o do NAP<\/strong><\/td><td class=\"has-text-align-center\" data-align=\"center\" colspan=\"2\"><strong>Altera\u00e7\u00e3o(\u00f5es) do NAP<\/strong><\/td><td class=\"has-text-align-center\" data-align=\"center\" colspan=\"2\"><strong>Recondu\u00e7\u00e3o do NAP<\/strong><\/td><\/tr><tr><td class=\"has-text-align-center\" data-align=\"center\"><strong>Data<\/strong><\/td><td class=\"has-text-align-center\" data-align=\"center\"><strong>Portaria<\/strong><\/td><td class=\"has-text-align-center\" data-align=\"center\"><strong>Data<\/strong><\/td><td class=\"has-text-align-center\" data-align=\"center\"><strong>Portaria (s)<\/strong><\/td><td class=\"has-text-align-center\" data-align=\"center\"><strong>Data<\/strong><\/td><td class=\"has-text-align-center\" data-align=\"center\"><strong>Portaria<\/strong><\/td><\/tr><tr><td class=\"has-text-align-center\" data-align=\"center\">Agropecu\u00e1ria Subsequente<\/td><td class=\"has-text-align-center\" data-align=\"center\">04\/05\/2023<\/td><td class=\"has-text-align-center\" data-align=\"center\"><a rel=\"noopener\" href=\"https:\/\/suap.ifbaiano.edu.br\/documento_eletronico\/visualizar_documento\/430356\/\" target=\"_blank\">26\/2023<\/a> &#8211; Vigente<\/td><td class=\"has-text-align-center\" data-align=\"center\">\u00a0&#8211;<\/td><td class=\"has-text-align-center\" data-align=\"center\">\u00a0&#8211;<\/td><td class=\"has-text-align-center\" data-align=\"center\">04\/05\/2025<\/td><td class=\"has-text-align-center\" data-align=\"center\">\u00a0&#8211;<\/td><\/tr><tr><td class=\"has-text-align-center\" data-align=\"center\" rowspan=\"2\">Agropecu\u00e1ria Integrado<\/td><td class=\"has-text-align-center\" data-align=\"center\" rowspan=\"2\">02\/03\/2021<\/td><td class=\"has-text-align-center\" data-align=\"center\" rowspan=\"2\"><a rel=\"noopener\" href=\"https:\/\/suap.ifbaiano.edu.br\/documento_eletronico\/visualizar_documento\/168376\/\" target=\"_blank\"><s>12\/2021<\/s><\/a><\/td><td class=\"has-text-align-center\" data-align=\"center\">03\/11\/2021<\/td><td class=\"has-text-align-center\" data-align=\"center\"><a rel=\"noreferrer noopener\" href=\"https:\/\/suap.ifbaiano.edu.br\/documento_eletronico\/visualizar_documento\/376078\/\" target=\"_blank\"><s>70\/2021<\/s><\/a><\/td><td class=\"has-text-align-center\" data-align=\"center\" rowspan=\"2\">02\/03\/2023<\/td><td class=\"has-text-align-center\" data-align=\"center\" rowspan=\"2\">\u00a0&#8211;<\/td><\/tr><tr><td class=\"has-text-align-center\" data-align=\"center\">11\/11\/2022<\/td><td class=\"has-text-align-center\" data-align=\"center\"><a rel=\"noreferrer noopener\" href=\"https:\/\/suap.ifbaiano.edu.br\/documento_eletronico\/visualizar_documento\/376078\/\" target=\"_blank\">71\/2022<\/a> &#8211; Vigente<\/td><\/tr><tr><td class=\"has-text-align-center\" data-align=\"center\">Agroind\u00fastria Integrado<\/td><td class=\"has-text-align-center\" data-align=\"center\">20\/09\/2021<\/td><td class=\"has-text-align-center\" data-align=\"center\"><a rel=\"noopener\" href=\"https:\/\/suap.ifbaiano.edu.br\/documento_eletronico\/visualizar_documento\/232586\/\" target=\"_blank\">54\/2021<\/a> &#8211; Vigente<\/td><td class=\"has-text-align-center\" data-align=\"center\">&#8211;\u00a0<\/td><td class=\"has-text-align-center\" data-align=\"center\">\u00a0&#8211;<\/td><td class=\"has-text-align-center\" data-align=\"center\">&nbsp;20\/09\/2023<\/td><td class=\"has-text-align-center\" data-align=\"center\">\u00a0&#8211;<\/td><\/tr><tr><td class=\"has-text-align-center\" data-align=\"center\">Meio Ambiente Subsequente<\/td><td class=\"has-text-align-center\" data-align=\"center\">20\/09\/2021<\/td><td class=\"has-text-align-center\" data-align=\"center\"><a rel=\"noopener\" href=\"https:\/\/suap.ifbaiano.edu.br\/documento_eletronico\/visualizar_documento\/229992\/\" target=\"_blank\">52\/2021<\/a> &#8211; Vigente<\/td><td class=\"has-text-align-center\" data-align=\"center\">\u00a0&#8211;<\/td><td class=\"has-text-align-center\" data-align=\"center\">&#8211;\u00a0<\/td><td class=\"has-text-align-center\" data-align=\"center\">&nbsp;20\/09\/2023<\/td><td class=\"has-text-align-center\" data-align=\"center\">\u00a0&#8211;<\/td><\/tr><\/tbody><\/table><\/figure>\n\n\n\n<p><\/p>\n","protected":false},"excerpt":{"rendered":"<p>&nbsp;N\u00facleo de Assessoramento Pedag\u00f3gico (NAP) Curso Constitui\u00e7\u00e3o do NAP Altera\u00e7\u00e3o(\u00f5es) do NAP Recondu\u00e7\u00e3o do NAP Data Portaria Data Portaria (s) Data Portaria Agropecu\u00e1ria Subsequente 04\/05\/2023 26\/2023 &#8211; Vigente \u00a0&#8211; \u00a0&#8211; 04\/05\/2025 \u00a0&#8211; Agropecu\u00e1ria Integrado 02\/03\/2021 12\/2021 03\/11\/2021 70\/2021 02\/03\/2023 \u00a0&#8211; 11\/11\/2022 71\/2022 &#8211; Vigente Agroind\u00fastria Integrado 20\/09\/2021 54\/2021 &#8211; Vigente &#8211;\u00a0 \u00a0&#8211; &nbsp;20\/09\/2023 \u00a0&#8211; Meio [&hellip;]<\/p>\n","protected":false},"author":105,"featured_media":0,"parent":0,"menu_order":0,"comment_status":"closed","ping_status":"closed","template":"","meta":[],"_links":{"self":[{"href":"https:\/\/www.ifbaiano.edu.br\/unidades\/itaberaba\/wp-json\/wp\/v2\/pages\/7372"}],"collection":[{"href":"https:\/\/www.ifbaiano.edu.br\/unidades\/itaberaba\/wp-json\/wp\/v2\/pages"}],"about":[{"href":"https:\/\/www.ifbaiano.edu.br\/unidades\/itaberaba\/wp-json\/wp\/v2\/types\/page"}],"author":[{"embeddable":true,"href":"https:\/\/www.ifbaiano.edu.br\/unidades\/itaberaba\/wp-json\/wp\/v2\/users\/105"}],"replies":[{"embeddable":true,"href":"https:\/\/www.ifbaiano.edu.br\/unidades\/itaberaba\/wp-json\/wp\/v2\/comments?post=7372"}],"version-history":[{"count":5,"href":"https:\/\/www.ifbaiano.edu.br\/unidades\/itaberaba\/wp-json\/wp\/v2\/pages\/7372\/revisions"}],"predecessor-version":[{"id":7382,"href":"https:\/\/www.ifbaiano.edu.br\/unidades\/itaberaba\/wp-json\/wp\/v2\/pages\/7372\/revisions\/7382"}],"wp:attachment":[{"href":"https:\/\/www.ifbaiano.edu.br\/unidades\/itaberaba\/wp-json\/wp\/v2\/media?parent=7372"}],"curies":[{"name":"wp","href":"https:\/\/api.w.org\/{rel}","templated":true}]}}