{"id":7984,"date":"2023-11-06T16:53:58","date_gmt":"2023-11-06T19:53:58","guid":{"rendered":"https:\/\/www.ifbaiano.edu.br\/unidades\/itaberaba\/?page_id=7984"},"modified":"2023-11-08T12:28:26","modified_gmt":"2023-11-08T15:28:26","slug":"concorrencia-2023","status":"publish","type":"page","link":"https:\/\/www.ifbaiano.edu.br\/unidades\/itaberaba\/compras-e-licitacoes\/concorrencia-2023\/","title":{"rendered":"Concorr\u00eancia 2023"},"content":{"rendered":"\n<p><a href=\"https:\/\/www.ifbaiano.edu.br\/unidades\/itaberaba\/2023\/07\/25\/concorrencia-itaberaba-julho-2023\/\">Concorr\u00eancia &#8211; Constru\u00e7\u00e3o do Bloco Administrativo do IF Baiano<\/a><\/p>\n","protected":false},"excerpt":{"rendered":"<p>Concorr\u00eancia &#8211; Constru\u00e7\u00e3o do Bloco Administrativo do IF Baiano<\/p>\n","protected":false},"author":105,"featured_media":0,"parent":3901,"menu_order":0,"comment_status":"closed","ping_status":"closed","template":"","meta":[],"_links":{"self":[{"href":"https:\/\/www.ifbaiano.edu.br\/unidades\/itaberaba\/wp-json\/wp\/v2\/pages\/7984"}],"collection":[{"href":"https:\/\/www.ifbaiano.edu.br\/unidades\/itaberaba\/wp-json\/wp\/v2\/pages"}],"about":[{"href":"https:\/\/www.ifbaiano.edu.br\/unidades\/itaberaba\/wp-json\/wp\/v2\/types\/page"}],"author":[{"embeddable":true,"href":"https:\/\/www.ifbaiano.edu.br\/unidades\/itaberaba\/wp-json\/wp\/v2\/users\/105"}],"replies":[{"embeddable":true,"href":"https:\/\/www.ifbaiano.edu.br\/unidades\/itaberaba\/wp-json\/wp\/v2\/comments?post=7984"}],"version-history":[{"count":3,"href":"https:\/\/www.ifbaiano.edu.br\/unidades\/itaberaba\/wp-json\/wp\/v2\/pages\/7984\/revisions"}],"predecessor-version":[{"id":8022,"href":"https:\/\/www.ifbaiano.edu.br\/unidades\/itaberaba\/wp-json\/wp\/v2\/pages\/7984\/revisions\/8022"}],"up":[{"embeddable":true,"href":"https:\/\/www.ifbaiano.edu.br\/unidades\/itaberaba\/wp-json\/wp\/v2\/pages\/3901"}],"wp:attachment":[{"href":"https:\/\/www.ifbaiano.edu.br\/unidades\/itaberaba\/wp-json\/wp\/v2\/media?parent=7984"}],"curies":[{"name":"wp","href":"https:\/\/api.w.org\/{rel}","templated":true}]}}