{"id":8541,"date":"2024-08-12T13:06:15","date_gmt":"2024-08-12T16:06:15","guid":{"rendered":"https:\/\/www.ifbaiano.edu.br\/unidades\/itaberaba\/?page_id=8541"},"modified":"2024-08-12T13:17:18","modified_gmt":"2024-08-12T16:17:18","slug":"pgd-2022","status":"publish","type":"page","link":"https:\/\/www.ifbaiano.edu.br\/unidades\/itaberaba\/servidores\/programa-de-gestao-do-teletrabalho-if-baiano-campus-itaberaba\/pgd-2022\/","title":{"rendered":"Programa de Gest\u00e3o do Teletrabalho (TAE) IF BAIANO &#8211; Campus Itaberaba &#8211; 2022 (Arquivo)"},"content":{"rendered":"\n<div class=\"wp-block-group is-layout-constrained\"><div class=\"wp-block-group__inner-container\">\n<div id=\"ProreitoriaTopoTitulo\">\n\t\t\t\t\tEDITAIS E DOCUMENTOS 2022 (ARQUIVO)\n\t\t\t\t<\/div>\n\n\n\n<div class=\"wp-block-file\"><a id=\"wp-block-file--media-b6531588-d5a6-496f-ae69-5fd0275ae89f\" href=\"https:\/\/www.ifbaiano.edu.br\/unidades\/itaberaba\/files\/2022\/07\/Edital-no-28-de-2022-Inscricao-para-Adesao-ao-Programa-de-Gestao-do-Teletrabalho-IF-Baiano-Campus-Itaberaba-TAE-Regime-Integral.pdf\" target=\"_blank\" rel=\"noreferrer noopener\">Edital n\u00ba 28 de 2022 &#8211; Inscri\u00e7\u00e3o para Ades\u00e3o ao Programa de Gest\u00e3o do Teletrabalho IF Baiano, Campus Itaberaba &#8211; TAE &#8211; Regime Integral<\/a><a href=\"https:\/\/www.ifbaiano.edu.br\/unidades\/itaberaba\/files\/2022\/07\/Edital-no-28-de-2022-Inscricao-para-Adesao-ao-Programa-de-Gestao-do-Teletrabalho-IF-Baiano-Campus-Itaberaba-TAE-Regime-Integral.pdf\" class=\"wp-block-file__button wp-element-button\" download aria-describedby=\"wp-block-file--media-b6531588-d5a6-496f-ae69-5fd0275ae89f\">Baixar<\/a><\/div>\n\n\n\n<div class=\"wp-block-file\"><a id=\"wp-block-file--media-ccb1f624-6df2-4f19-97b8-5073d436f3d1\" href=\"https:\/\/www.ifbaiano.edu.br\/unidades\/itaberaba\/files\/2022\/07\/Edital-no-29-de-2022-Inscricao-para-Adesao-ao-Programa-de-Gestao-do-Teletrabalho-IF-Baiano-Campus-Itaberaba-TAE-Regime-Parcial.pdf\" target=\"_blank\" rel=\"noreferrer noopener\">Edital n\u00ba 29 de 2022 &#8211; Inscri\u00e7\u00e3o para Ades\u00e3o ao Programa de Gest\u00e3o do Teletrabalho IF Baiano, Campus Itaberaba &#8211; TAE &#8211; Regime Parcial<\/a><a href=\"https:\/\/www.ifbaiano.edu.br\/unidades\/itaberaba\/files\/2022\/07\/Edital-no-29-de-2022-Inscricao-para-Adesao-ao-Programa-de-Gestao-do-Teletrabalho-IF-Baiano-Campus-Itaberaba-TAE-Regime-Parcial.pdf\" class=\"wp-block-file__button wp-element-button\" download aria-describedby=\"wp-block-file--media-ccb1f624-6df2-4f19-97b8-5073d436f3d1\">Baixar<\/a><\/div>\n\n\n\n<div class=\"wp-block-file\"><a id=\"wp-block-file--media-4020904c-4ed1-4103-ad65-b5e77ecc0103\" href=\"https:\/\/www.ifbaiano.edu.br\/unidades\/itaberaba\/files\/2022\/07\/Resultado-de-impugnacao-ao-edital-28_2022.pdf\" target=\"_blank\" rel=\"noreferrer noopener\">Resultado de impugna\u00e7\u00e3o ao edital 28_2022<\/a><a href=\"https:\/\/www.ifbaiano.edu.br\/unidades\/itaberaba\/files\/2022\/07\/Resultado-de-impugnacao-ao-edital-28_2022.pdf\" class=\"wp-block-file__button wp-element-button\" download aria-describedby=\"wp-block-file--media-4020904c-4ed1-4103-ad65-b5e77ecc0103\">Baixar<\/a><\/div>\n\n\n\n<div class=\"wp-block-file\"><a id=\"wp-block-file--media-d13e1e44-3bb4-40de-bb3b-ea2a717abc4a\" href=\"https:\/\/www.ifbaiano.edu.br\/unidades\/itaberaba\/files\/2022\/07\/Resultado-de-impugnacao-ao-edital-29_2022.pdf\" target=\"_blank\" rel=\"noreferrer noopener\">Resultado de impugna\u00e7\u00e3o ao edital 29_2022<\/a><a href=\"https:\/\/www.ifbaiano.edu.br\/unidades\/itaberaba\/files\/2022\/07\/Resultado-de-impugnacao-ao-edital-29_2022.pdf\" class=\"wp-block-file__button wp-element-button\" download aria-describedby=\"wp-block-file--media-d13e1e44-3bb4-40de-bb3b-ea2a717abc4a\">Baixar<\/a><\/div>\n\n\n\n<div class=\"wp-block-file\"><a id=\"wp-block-file--media-e772ec72-56d4-4bcd-a237-5de0feaeb2c8\" href=\"https:\/\/www.ifbaiano.edu.br\/unidades\/itaberaba\/files\/2022\/07\/Homologacao-do-Edital-28-de-2022-Teletrabalho-Integral.pdf\" target=\"_blank\" rel=\"noreferrer noopener\">Homologa\u00e7\u00e3o do Edital 28 de 2022 &#8211; Teletrabalho Integral<\/a><a href=\"https:\/\/www.ifbaiano.edu.br\/unidades\/itaberaba\/files\/2022\/07\/Homologacao-do-Edital-28-de-2022-Teletrabalho-Integral.pdf\" class=\"wp-block-file__button wp-element-button\" download aria-describedby=\"wp-block-file--media-e772ec72-56d4-4bcd-a237-5de0feaeb2c8\">Baixar<\/a><\/div>\n\n\n\n<div class=\"wp-block-file\"><a id=\"wp-block-file--media-7e37204d-b4bf-4736-a5a2-fc12e564de3e\" href=\"https:\/\/www.ifbaiano.edu.br\/unidades\/itaberaba\/files\/2022\/07\/Homologacao-do-Edital-29-de-2022-Teletrabalho-Integral.pdf\" target=\"_blank\" rel=\"noreferrer noopener\">Homologa\u00e7\u00e3o do Edital 29 de 2022 &#8211; Teletrabalho Integral<\/a><a href=\"https:\/\/www.ifbaiano.edu.br\/unidades\/itaberaba\/files\/2022\/07\/Homologacao-do-Edital-29-de-2022-Teletrabalho-Integral.pdf\" class=\"wp-block-file__button wp-element-button\" download aria-describedby=\"wp-block-file--media-7e37204d-b4bf-4736-a5a2-fc12e564de3e\">Baixar<\/a><\/div>\n\n\n\n<div class=\"wp-block-file\"><a id=\"wp-block-file--media-b3befa9c-fb30-413e-b574-ca7c35bd4c5a\" href=\"https:\/\/www.ifbaiano.edu.br\/unidades\/itaberaba\/files\/2022\/07\/RESULTADO-PRELIMINAR-DAS-INSCRICOES-Teletrabalho.pdf\" target=\"_blank\" rel=\"noreferrer noopener\">RESULTADO PRELIMINAR DAS INSCRI\u00c7\u00d5ES &#8211; Teletrabalho<\/a><a href=\"https:\/\/www.ifbaiano.edu.br\/unidades\/itaberaba\/files\/2022\/07\/RESULTADO-PRELIMINAR-DAS-INSCRICOES-Teletrabalho.pdf\" class=\"wp-block-file__button wp-element-button\" download aria-describedby=\"wp-block-file--media-b3befa9c-fb30-413e-b574-ca7c35bd4c5a\">Baixar<\/a><\/div>\n\n\n\n<div class=\"wp-block-file\"><a id=\"wp-block-file--media-5b43733f-8f39-4504-a299-a0c662a765fd\" href=\"https:\/\/www.ifbaiano.edu.br\/unidades\/itaberaba\/files\/2022\/07\/RESULTADO-DOS-RECURSOS-CONTRA-LISTA-PRELIMINAR-DE-INSCRICOES-Teletrabalho.pdf\" target=\"_blank\" rel=\"noreferrer noopener\">RESULTADO DOS RECURSOS CONTRA LISTA PRELIMINAR DE INSCRI\u00c7\u00d5ES &#8211; Teletrabalho<\/a><a href=\"https:\/\/www.ifbaiano.edu.br\/unidades\/itaberaba\/files\/2022\/07\/RESULTADO-DOS-RECURSOS-CONTRA-LISTA-PRELIMINAR-DE-INSCRICOES-Teletrabalho.pdf\" class=\"wp-block-file__button wp-element-button\" download aria-describedby=\"wp-block-file--media-5b43733f-8f39-4504-a299-a0c662a765fd\">Baixar<\/a><\/div>\n\n\n\n<div class=\"wp-block-file\"><a id=\"wp-block-file--media-405c8ada-97a8-472c-b18c-884d9a2af2ae\" href=\"https:\/\/www.ifbaiano.edu.br\/unidades\/itaberaba\/files\/2022\/07\/RESULTADO-PRELIMINAR-DE-CLASSIFICACAO-Teletrabalho.pdf\" target=\"_blank\" rel=\"noreferrer noopener\">RESULTADO PRELIMINAR DE CLASSIFICA\u00c7\u00c3O &#8211; Teletrabalho<\/a><a href=\"https:\/\/www.ifbaiano.edu.br\/unidades\/itaberaba\/files\/2022\/07\/RESULTADO-PRELIMINAR-DE-CLASSIFICACAO-Teletrabalho.pdf\" class=\"wp-block-file__button wp-element-button\" download aria-describedby=\"wp-block-file--media-405c8ada-97a8-472c-b18c-884d9a2af2ae\">Baixar<\/a><\/div>\n\n\n\n<div class=\"wp-block-file\"><a id=\"wp-block-file--media-3872f181-c518-4dd7-88b8-1488ca2359bf\" href=\"https:\/\/www.ifbaiano.edu.br\/unidades\/itaberaba\/files\/2022\/07\/RETIFICACAO-do-resultado-preliminar-de-classificacao-Teletrabalho.pdf\" target=\"_blank\" rel=\"noreferrer noopener\">RETIFICA\u00c7\u00c3O do resultado preliminar de classifica\u00e7\u00e3o &#8211; Teletrabalho<\/a><a href=\"https:\/\/www.ifbaiano.edu.br\/unidades\/itaberaba\/files\/2022\/07\/RETIFICACAO-do-resultado-preliminar-de-classificacao-Teletrabalho.pdf\" class=\"wp-block-file__button wp-element-button\" download aria-describedby=\"wp-block-file--media-3872f181-c518-4dd7-88b8-1488ca2359bf\">Baixar<\/a><\/div>\n\n\n\n<div class=\"wp-block-file\"><a id=\"wp-block-file--media-c14fdfec-9c2a-4d95-93f9-6ca825ca82ad\" href=\"https:\/\/www.ifbaiano.edu.br\/unidades\/itaberaba\/files\/2022\/07\/RESULTADO-DOS-RECURSOS-CONTRA-LISTA-PRELIMINAR-DE-CLASSIFICACAO-Teletrabalho.pdf\" target=\"_blank\" rel=\"noreferrer noopener\">RESULTADO DOS RECURSOS CONTRA LISTA PRELIMINAR DE CLASSIFICA\u00c7\u00c3O &#8211; Teletrabalho<\/a><a href=\"https:\/\/www.ifbaiano.edu.br\/unidades\/itaberaba\/files\/2022\/07\/RESULTADO-DOS-RECURSOS-CONTRA-LISTA-PRELIMINAR-DE-CLASSIFICACAO-Teletrabalho.pdf\" class=\"wp-block-file__button wp-element-button\" download aria-describedby=\"wp-block-file--media-c14fdfec-9c2a-4d95-93f9-6ca825ca82ad\">Baixar<\/a><\/div>\n\n\n\n<div class=\"wp-block-file\"><a id=\"wp-block-file--media-dba3da50-71fe-4d47-b2c6-4c77719215bb\" href=\"https:\/\/www.ifbaiano.edu.br\/unidades\/itaberaba\/files\/2022\/07\/HOMOLOGACAO-DO-RESULTADO-FINAL-Teletrabalho.pdf\" target=\"_blank\" rel=\"noreferrer noopener\">HOMOLOGA\u00c7\u00c3O DO RESULTADO FINAL- Teletrabalho<\/a><a href=\"https:\/\/www.ifbaiano.edu.br\/unidades\/itaberaba\/files\/2022\/07\/HOMOLOGACAO-DO-RESULTADO-FINAL-Teletrabalho.pdf\" class=\"wp-block-file__button wp-element-button\" download aria-describedby=\"wp-block-file--media-dba3da50-71fe-4d47-b2c6-4c77719215bb\">Baixar<\/a><\/div>\n\n\n\n<div class=\"wp-block-file\"><a id=\"wp-block-file--media-9762706d-2e6c-4a84-b6de-c5937b9ea3e0\" href=\"https:\/\/www.ifbaiano.edu.br\/unidades\/itaberaba\/files\/2022\/07\/PORTARIA-38_2022-ITB-GAB_ITB-DG_RET_IFBAIANO-de-25-de-julho-de-2022.pdf\" target=\"_blank\" rel=\"noreferrer noopener\"> PORTARIA 38\/2022 &#8211; Homologa\u00e7\u00e3o do Resultado do Edital 28\/2022 (Integral)  <\/a><a href=\"https:\/\/www.ifbaiano.edu.br\/unidades\/itaberaba\/files\/2022\/07\/PORTARIA-38_2022-ITB-GAB_ITB-DG_RET_IFBAIANO-de-25-de-julho-de-2022.pdf\" class=\"wp-block-file__button wp-element-button\" download aria-describedby=\"wp-block-file--media-9762706d-2e6c-4a84-b6de-c5937b9ea3e0\">Baixar<\/a><\/div>\n\n\n\n<div class=\"wp-block-file\"><a id=\"wp-block-file--media-507212e3-aee9-4649-b51f-e5cb750e811e\" href=\"https:\/\/www.ifbaiano.edu.br\/unidades\/itaberaba\/files\/2022\/07\/PORTARIA-39_2022-ITB-GAB_ITB-DG_RET_IFBAIANO-de-25-de-julho-de-2022.pdf\" target=\"_blank\" rel=\"noreferrer noopener\">PORTARIA 39\/2022 &#8211; Homologa\u00e7\u00e3o do Resultado do Edital 29\/2022 (Parcial)<\/a><a href=\"https:\/\/www.ifbaiano.edu.br\/unidades\/itaberaba\/files\/2022\/07\/PORTARIA-39_2022-ITB-GAB_ITB-DG_RET_IFBAIANO-de-25-de-julho-de-2022.pdf\" class=\"wp-block-file__button wp-element-button\" download aria-describedby=\"wp-block-file--media-507212e3-aee9-4649-b51f-e5cb750e811e\">Baixar<\/a><\/div>\n\n\n\n<div class=\"wp-block-file\"><a id=\"wp-block-file--media-53315435-5812-4055-a496-0f56fbb131c5\" href=\"https:\/\/www.ifbaiano.edu.br\/unidades\/itaberaba\/files\/2023\/03\/PORTARIA-17_2023-Reintegrar-a-servidora-no-Programa-de-Gestao-do-Teletrabalho-Regime-Integral.pdf\" target=\"_blank\" rel=\"noreferrer noopener\">PORTARIA 17_2023 &#8211; Reintegrar a servidora no Programa de Gest\u00e3o do Teletrabalho &#8211; Regime Integral<\/a><a href=\"https:\/\/www.ifbaiano.edu.br\/unidades\/itaberaba\/files\/2023\/03\/PORTARIA-17_2023-Reintegrar-a-servidora-no-Programa-de-Gestao-do-Teletrabalho-Regime-Integral.pdf\" class=\"wp-block-file__button wp-element-button\" download aria-describedby=\"wp-block-file--media-53315435-5812-4055-a496-0f56fbb131c5\">Baixar<\/a><\/div>\n<\/div><\/div>\n\n\n","protected":false},"excerpt":{"rendered":"<p>EDITAIS E DOCUMENTOS 2022 (ARQUIVO)<\/p>\n","protected":false},"author":105,"featured_media":0,"parent":6251,"menu_order":0,"comment_status":"closed","ping_status":"closed","template":"","meta":[],"_links":{"self":[{"href":"https:\/\/www.ifbaiano.edu.br\/unidades\/itaberaba\/wp-json\/wp\/v2\/pages\/8541"}],"collection":[{"href":"https:\/\/www.ifbaiano.edu.br\/unidades\/itaberaba\/wp-json\/wp\/v2\/pages"}],"about":[{"href":"https:\/\/www.ifbaiano.edu.br\/unidades\/itaberaba\/wp-json\/wp\/v2\/types\/page"}],"author":[{"embeddable":true,"href":"https:\/\/www.ifbaiano.edu.br\/unidades\/itaberaba\/wp-json\/wp\/v2\/users\/105"}],"replies":[{"embeddable":true,"href":"https:\/\/www.ifbaiano.edu.br\/unidades\/itaberaba\/wp-json\/wp\/v2\/comments?post=8541"}],"version-history":[{"count":3,"href":"https:\/\/www.ifbaiano.edu.br\/unidades\/itaberaba\/wp-json\/wp\/v2\/pages\/8541\/revisions"}],"predecessor-version":[{"id":8548,"href":"https:\/\/www.ifbaiano.edu.br\/unidades\/itaberaba\/wp-json\/wp\/v2\/pages\/8541\/revisions\/8548"}],"up":[{"embeddable":true,"href":"https:\/\/www.ifbaiano.edu.br\/unidades\/itaberaba\/wp-json\/wp\/v2\/pages\/6251"}],"wp:attachment":[{"href":"https:\/\/www.ifbaiano.edu.br\/unidades\/itaberaba\/wp-json\/wp\/v2\/media?parent=8541"}],"curies":[{"name":"wp","href":"https:\/\/api.w.org\/{rel}","templated":true}]}}