{"id":8649,"date":"2024-08-23T17:40:00","date_gmt":"2024-08-23T20:40:00","guid":{"rendered":"https:\/\/www.ifbaiano.edu.br\/unidades\/itaberaba\/?page_id=8649"},"modified":"2025-06-09T10:32:19","modified_gmt":"2025-06-09T13:32:19","slug":"pregao-2024","status":"publish","type":"page","link":"https:\/\/www.ifbaiano.edu.br\/unidades\/itaberaba\/compras-e-licitacoes\/pregao-2024\/","title":{"rendered":"Preg\u00e3o &#8211; Referencia 2024"},"content":{"rendered":"\n<ul>\n<li><strong>Preg\u00e3o n\u00ba 01\/2024<\/strong>\n<ul>\n<li><strong>Edital n\u00ba 90001\/2024<\/strong> (<a rel=\"noreferrer noopener\" href=\"https:\/\/pncp.gov.br\/app\/editais\/10724903000179\/2024\/151\" target=\"_blank\">Link: Portal Nacional de Contrata\u00e7\u00f5es P\u00fablicas<\/a>)<\/li>\n\n\n\n<li><strong>Objeto: <\/strong>Contrata\u00e7\u00e3o de uma empresa especializada para a presta\u00e7\u00e3o de servi\u00e7os de telecomunica\u00e7\u00e3o por voz em nuvem, com ramais f\u00edsicos ou virtuais (<em>softphone<\/em>), para atender \u00e0s necessidades do Instituto Federal Baiano &#8211; <em>Campus <\/em>Itaberaba.<\/li>\n\n\n\n<li><strong>Documentos:<\/strong>\n<ul>\n<li><a href=\"https:\/\/www.ifbaiano.edu.br\/unidades\/itaberaba\/files\/2024\/08\/Pregao-1_2024-1-Edital-1_2024.pdf\" target=\"_blank\" rel=\"noreferrer noopener\">1 &#8211; Edital 1\/2024<\/a><\/li>\n\n\n\n<li><a href=\"https:\/\/www.ifbaiano.edu.br\/unidades\/itaberaba\/files\/2024\/08\/Pregao-1_2024-2-Termo-de-Referencia-7_2024.pdf\" target=\"_blank\" rel=\"noreferrer noopener\">2 &#8211; Termo de Refer\u00eancia 7\/2024<\/a><\/li>\n\n\n\n<li><a href=\"https:\/\/www.ifbaiano.edu.br\/unidades\/itaberaba\/files\/2024\/08\/Pregao-1_2024-3-Estudo-Tecnico-Preliminar-11_2023.pdf\" target=\"_blank\" rel=\"noreferrer noopener\">3 &#8211; Estudo T\u00e9cnico Preliminar 11\/2023<\/a><\/li>\n\n\n\n<li><a href=\"https:\/\/www.ifbaiano.edu.br\/unidades\/itaberaba\/files\/2024\/08\/Pregao-1_2024-4-Minuta-Contrato-4_2024.pdf\" target=\"_blank\" rel=\"noreferrer noopener\">4 &#8211; Minuta Contrato 4\/2024<\/a><\/li>\n\n\n\n<li><a rel=\"noreferrer noopener\" href=\"https:\/\/www.ifbaiano.edu.br\/unidades\/itaberaba\/files\/2024\/08\/Pregao-1_2024-5-Minuta-Ata-de-Registro-de-Precos-1_2024.pdf\" target=\"_blank\">5 &#8211; Minuta Ata de Registro de Pre\u00e7os 1\/2024<\/a><\/li>\n<\/ul>\n<\/li>\n\n\n\n<li>Resultado:\n<ul>\n<li><a href=\"https:\/\/cnetmobile.estaleiro.serpro.gov.br\/comprasnet-web\/public\/compras\/acompanhamento-compra?compra=15588405900012024\">Preg\u00e3o Deserto<\/a> <\/li>\n<\/ul>\n<\/li>\n<\/ul>\n<\/li>\n<\/ul>\n\n\n\n<p><\/p>\n\n\n\n<p><\/p>\n\n\n\n<p><\/p>\n","protected":false},"excerpt":{"rendered":"","protected":false},"author":105,"featured_media":0,"parent":3901,"menu_order":1,"comment_status":"closed","ping_status":"closed","template":"","meta":[],"_links":{"self":[{"href":"https:\/\/www.ifbaiano.edu.br\/unidades\/itaberaba\/wp-json\/wp\/v2\/pages\/8649"}],"collection":[{"href":"https:\/\/www.ifbaiano.edu.br\/unidades\/itaberaba\/wp-json\/wp\/v2\/pages"}],"about":[{"href":"https:\/\/www.ifbaiano.edu.br\/unidades\/itaberaba\/wp-json\/wp\/v2\/types\/page"}],"author":[{"embeddable":true,"href":"https:\/\/www.ifbaiano.edu.br\/unidades\/itaberaba\/wp-json\/wp\/v2\/users\/105"}],"replies":[{"embeddable":true,"href":"https:\/\/www.ifbaiano.edu.br\/unidades\/itaberaba\/wp-json\/wp\/v2\/comments?post=8649"}],"version-history":[{"count":6,"href":"https:\/\/www.ifbaiano.edu.br\/unidades\/itaberaba\/wp-json\/wp\/v2\/pages\/8649\/revisions"}],"predecessor-version":[{"id":9340,"href":"https:\/\/www.ifbaiano.edu.br\/unidades\/itaberaba\/wp-json\/wp\/v2\/pages\/8649\/revisions\/9340"}],"up":[{"embeddable":true,"href":"https:\/\/www.ifbaiano.edu.br\/unidades\/itaberaba\/wp-json\/wp\/v2\/pages\/3901"}],"wp:attachment":[{"href":"https:\/\/www.ifbaiano.edu.br\/unidades\/itaberaba\/wp-json\/wp\/v2\/media?parent=8649"}],"curies":[{"name":"wp","href":"https:\/\/api.w.org\/{rel}","templated":true}]}}