{"id":8825,"date":"2024-11-18T16:17:22","date_gmt":"2024-11-18T19:17:22","guid":{"rendered":"https:\/\/www.ifbaiano.edu.br\/unidades\/itaberaba\/?page_id=8825"},"modified":"2024-12-19T11:18:53","modified_gmt":"2024-12-19T14:18:53","slug":"o-que-e-a-assistencia-estudantil","status":"publish","type":"page","link":"https:\/\/www.ifbaiano.edu.br\/unidades\/itaberaba\/o-que-e-a-assistencia-estudantil\/","title":{"rendered":"O que \u00e9 a Assist\u00eancia Estudantil?"},"content":{"rendered":"\n<p class=\"has-small-font-size\">A Assist\u00eancia Estudantil \u00e9 uma pol\u00edtica p\u00fablica educacional regulamentada pela Lei 14.914 de 3 de julho de 2024 que institui a Pol\u00edtica Nacional de Assist\u00eancia Estudantil (PNAES), a qual tem por finalidade ampliar e garantir as condi\u00e7\u00f5es de perman\u00eancia dos estudantes na educa\u00e7\u00e3o superior e na educa\u00e7\u00e3o profissional, cient\u00edfica e tecnol\u00f3gica p\u00fablica federal e de conclus\u00e3o dos respectivos cursos.<\/p>\n\n\n\n<ul>\n<li class=\"has-small-font-size\"><a rel=\"noreferrer noopener\" href=\"https:\/\/www.planalto.gov.br\/ccivil_03\/_ato2023-2026\/2024\/lei\/L14914.htm\" target=\"_blank\">https:\/\/www.planalto.gov.br\/ccivil_03\/_ato2023-2026\/2024\/lei\/L14914.htm<\/a><\/li>\n<\/ul>\n\n\n\n<p class=\"has-small-font-size\">No \u00e2mbito do IF Baiano a Pol\u00edtica de Assist\u00eancia Estudantil \u00e9 regulamentada pela Resolu\u00e7\u00e3o n\u00ba 01 de 29 de janeiro de 2019, a qual constitui-se de um conjunto de princ\u00edpios e diretrizes norteadores para o desenvolvimento de programas e linhas de a\u00e7\u00f5es que favore\u00e7am a democratiza\u00e7\u00e3o do acesso, a perman\u00eancia e o \u00eaxito do discente no seu percurso formativo. A Pol\u00edtica objetiva ampliar as possibilidades para o acesso a partir da inclus\u00e3o social, por meio da promo\u00e7\u00e3o da igualdade de oportunidades entre todos os discentes matriculados e de medidas que busquem minimizar situa\u00e7\u00f5es de repet\u00eancia e evas\u00e3o; bem como, de a\u00e7\u00f5es educativas que propiciem o desenvolvimento do pensamento cr\u00edtico, pol\u00edtico e criativo dos estudantes, al\u00e9m de a\u00e7\u00f5es que assegurem assist\u00eancia \u00e0 sa\u00fade dos mesmos, de forma preventiva.<\/p>\n\n\n\n<p class=\"has-small-font-size\">A Pol\u00edtica abrange todos os estudantes regularmente matriculados. O acesso aos programas que demandam recursos financeiros s\u00e3o destinados, prioritariamente, para atender \u00e0s necessidades do corpo discente em situa\u00e7\u00e3o de vulnerabilidade socioecon\u00f4mica.&nbsp;<\/p>\n\n\n\n<p class=\"has-small-font-size\">No <em>Campus <\/em>a Assist\u00eancia Estudantil \u00e9 gerida pela Coordena\u00e7\u00e3o de Assuntos Estudantis \u2013 CAE, a qual realiza o planejamento, execu\u00e7\u00e3o e avalia\u00e7\u00e3o dos\u00a0 Programas e a\u00e7\u00f5es da Pol\u00edtica de Assist\u00eancia Estudantil do IF Baiano, <a href=\"https:\/\/ifbaiano.edu.br\/portal\/wp-content\/uploads\/2020\/11\/Resolucao-no-01-2019-Aprova-Politica-de-Assistencia-Estudantil-Processo-no-23327.002530-2018.42.pdf\" target=\"_blank\" rel=\"noreferrer noopener\">Resolu\u00e7\u00e3o n\u00ba 01 de janeiro de 2019<\/a>, por meio de N\u00facleos e Comiss\u00f5es e em parceria com outros setores.\u00a0<\/p>\n\n\n\n<p class=\"has-small-font-size\">Coordena\u00e7\u00e3o de Assuntos Estudantis &#8211; CAE<\/p>\n\n\n\n<ul>\n<li class=\"has-small-font-size\"><strong>Coordenadora: <\/strong>C\u00e1ssia Lorena Cavalcante Simpl\u00edcio da Silva<\/li>\n\n\n\n<li class=\"has-small-font-size\"><strong>Assistente de Alunos<\/strong>: \u00c9rica S\u00e1 Teles de Oliveira Chaves&nbsp;<\/li>\n\n\n\n<li class=\"has-small-font-size\"><strong>Assistente de Alunos<\/strong>: Yasmin Silva Ara\u00fajo<\/li>\n\n\n\n<li class=\"has-small-font-size\"><strong>Assistente Social: <\/strong>Iana de Oliveira Soares<\/li>\n\n\n\n<li class=\"has-small-font-size\"><strong>Enfermeiro<\/strong>: Jairo Oliveira dos Santos<\/li>\n\n\n\n<li class=\"has-small-font-size\"><strong>Nutricionista<\/strong>: C\u00e1ssia Lorena Cavalcante Simpl\u00edcio da Silva<\/li>\n\n\n\n<li class=\"has-small-font-size\"><strong>Psic\u00f3loga<\/strong>: Gabrielli Ornellas Schramm<\/li>\n\n\n\n<li class=\"has-small-font-size\"><strong>T\u00e9cnica Enfermagem: <\/strong>Thais dos Santos Mendes<\/li>\n<\/ul>\n\n\n\n<p class=\"has-small-font-size\">Contato: 75 9 9101-0012 ( Whatsapp)<\/p>\n\n\n\n<p class=\"has-small-font-size\">E-mail: cae@itaberaba.ifbaiano.edu.br<\/p>\n\n\n\n<p class=\"has-small-font-size\"><strong>Portaria de <\/strong>Designa\u00e7\u00e3o dos membros da Comiss\u00e3o Local de Assist\u00eancia Estudantil &#8211; CLAE, exerc\u00edcio de 2024-2025<\/p>\n\n\n\n<div class=\"wp-block-file\"><a id=\"wp-block-file--media-a21f8753-f765-47d1-b9bb-68069bb45004\" href=\"https:\/\/www.ifbaiano.edu.br\/unidades\/itaberaba\/files\/2024\/12\/Portaria-75_2024-de-11-de-novembro-de-2024-CLAE-2024-2025.pdf\" target=\"_blank\" rel=\"noreferrer noopener\">Portaria 75\/2024 &#8211; ITB-GAB\/ITB-DG\/RET\/IFBAIANO, de 11 de novembro de 2024<\/a><a href=\"https:\/\/www.ifbaiano.edu.br\/unidades\/itaberaba\/files\/2024\/12\/Portaria-75_2024-de-11-de-novembro-de-2024-CLAE-2024-2025.pdf\" class=\"wp-block-file__button wp-element-button\" download aria-describedby=\"wp-block-file--media-a21f8753-f765-47d1-b9bb-68069bb45004\">Baixar<\/a><\/div>\n\n\n\n<p class=\"has-small-font-size\">E-mail da CLAE: clae@itaberaba.ifbaiano.edu.br<\/p>\n","protected":false},"excerpt":{"rendered":"<p>A Assist\u00eancia Estudantil \u00e9 uma pol\u00edtica p\u00fablica educacional regulamentada pela Lei 14.914 de 3 de julho de 2024 que institui a Pol\u00edtica Nacional de Assist\u00eancia Estudantil (PNAES), a qual tem por finalidade ampliar e garantir as condi\u00e7\u00f5es de perman\u00eancia dos estudantes na educa\u00e7\u00e3o superior e na educa\u00e7\u00e3o profissional, cient\u00edfica e tecnol\u00f3gica p\u00fablica federal e de [&hellip;]<\/p>\n","protected":false},"author":105,"featured_media":0,"parent":0,"menu_order":0,"comment_status":"closed","ping_status":"closed","template":"","meta":[],"_links":{"self":[{"href":"https:\/\/www.ifbaiano.edu.br\/unidades\/itaberaba\/wp-json\/wp\/v2\/pages\/8825"}],"collection":[{"href":"https:\/\/www.ifbaiano.edu.br\/unidades\/itaberaba\/wp-json\/wp\/v2\/pages"}],"about":[{"href":"https:\/\/www.ifbaiano.edu.br\/unidades\/itaberaba\/wp-json\/wp\/v2\/types\/page"}],"author":[{"embeddable":true,"href":"https:\/\/www.ifbaiano.edu.br\/unidades\/itaberaba\/wp-json\/wp\/v2\/users\/105"}],"replies":[{"embeddable":true,"href":"https:\/\/www.ifbaiano.edu.br\/unidades\/itaberaba\/wp-json\/wp\/v2\/comments?post=8825"}],"version-history":[{"count":5,"href":"https:\/\/www.ifbaiano.edu.br\/unidades\/itaberaba\/wp-json\/wp\/v2\/pages\/8825\/revisions"}],"predecessor-version":[{"id":8974,"href":"https:\/\/www.ifbaiano.edu.br\/unidades\/itaberaba\/wp-json\/wp\/v2\/pages\/8825\/revisions\/8974"}],"wp:attachment":[{"href":"https:\/\/www.ifbaiano.edu.br\/unidades\/itaberaba\/wp-json\/wp\/v2\/media?parent=8825"}],"curies":[{"name":"wp","href":"https:\/\/api.w.org\/{rel}","templated":true}]}}