{"id":8832,"date":"2024-11-18T16:23:49","date_gmt":"2024-11-18T19:23:49","guid":{"rendered":"https:\/\/www.ifbaiano.edu.br\/unidades\/itaberaba\/?page_id=8832"},"modified":"2026-04-10T08:28:30","modified_gmt":"2026-04-10T11:28:30","slug":"paise","status":"publish","type":"page","link":"https:\/\/www.ifbaiano.edu.br\/unidades\/itaberaba\/paise\/","title":{"rendered":"PAISE"},"content":{"rendered":"\n<div id=\"ProreitoriaTopoTitulo\">\n\t\t\t\t\tConhe\u00e7a o Programa PAISE:\n\t\t\t\t<\/div>\n\n\n\n<p class=\"has-small-font-size\">O Programa de Assist\u00eancia e Inclus\u00e3o Social do Estudante \u2013 PAISE, integrante da Pol\u00edtica de Assist\u00eancia Estudantil do IF Baiano, visa contribuir para o bem-estar biopsicossocial, perman\u00eancia e \u00eaxito nas atividades acad\u00eamicas de estudantes em vulnerabilidade socioecon\u00f4mica.<\/p>\n\n\n\n<p class=\"has-small-font-size\">O Programa \u00e9 regulamentado por Edital lan\u00e7ado pela Diretoria de Assist\u00eancia Estudantil e adaptado conforme as especificidades e disposi\u00e7\u00e3o or\u00e7ament\u00e1ria do Campus, avaliadas pela Comiss\u00e3o Local de Assist\u00eancia Estudantil &#8211; CLAE e N\u00facleo de Assist\u00eancia e Inclus\u00e3o Social do estudante &#8211; NAISE. No <em>Campus <\/em>Itaberaba s\u00e3o ofertados os seguintes aux\u00edlios: <\/p>\n\n\n\n<ul>\n<li class=\"has-small-font-size\">Aux\u00edlio Creche para cursos presenciais; <\/li>\n\n\n\n<li class=\"has-small-font-size\">Aux\u00edlio Moradia; <\/li>\n\n\n\n<li class=\"has-small-font-size\">Aux\u00edlio Perman\u00eancia; <\/li>\n\n\n\n<li class=\"has-small-font-size\">Aux\u00edlio Transporte para cursos presenciais; <\/li>\n\n\n\n<li class=\"has-small-font-size\">Aux\u00edlio Transporte para cursos \u00e0 dist\u00e2ncia.<\/li>\n<\/ul>\n\n\n\n<p class=\"has-small-font-size\">\ud83d\udcce <strong>Importante: <\/strong>Para estudantes que precisarem apresentar o <strong>comprovante de inscri\u00e7\u00e3o no Cadastro \u00danico (Cad\u00danico)<\/strong> como parte da documenta\u00e7\u00e3o exigida no processo seletivo do PAISE, disponibilizamos um passo a passo com orienta\u00e7\u00f5es detalhadas sobre como obter o documento:<br>\ud83d\udd17 <a href=\"https:\/\/www.ifbaiano.edu.br\/unidades\/itaberaba\/files\/2025\/04\/Tutorial-para-Obter-o-Certificado-Comprovante-do-Cadastro-Unico.pdf\" target=\"_blank\" rel=\"noreferrer noopener\"><strong>Tutorial para Obter o Certificado\/Comprovante do Cadastro \u00danico<\/strong><\/a><\/p>\n\n\n\n\n\n<p class=\"has-small-font-size\">Os requisitos para participa\u00e7\u00e3o e perman\u00eancia no programa, bem como informa\u00e7\u00f5es mais detalhadas sobre os aux\u00edlios ofertados e das fases do processo seletivo, est\u00e3o dispon\u00edveis no Edital que \u00e9 lan\u00e7ado anualmente.<\/p>\n\n\n\n<p class=\"has-small-font-size\">Composi\u00e7\u00e3o do N\u00facleo de Assist\u00eancia e Inclus\u00e3o Social do estudante &#8211; NAISE<\/p>\n\n\n\n<ul>\n<li class=\"has-small-font-size\"><a href=\"https:\/\/www.ifbaiano.edu.br\/unidades\/itaberaba\/files\/2024\/12\/PORTARIA-78_2024-NAISE.pdf\" target=\"_blank\" rel=\"noreferrer noopener\">Portaria 78\/2024 &#8211; ITB-GAB\/ITB-DG\/RET\/IFBAIANO, de 11 de novembro de 2024<\/a><\/li>\n<\/ul>\n\n\n\n<div id=\"ProreitoriaTopoTitulo\">\n\t\t\t\t\t\ud83d\udcc1 Hist\u00f3rico de Editais do PAISE\n\t\t\t\t<\/div>\n\n\n\n<p class=\"has-small-font-size\">Nesta se\u00e7\u00e3o, voc\u00ea encontra os <strong>editais de sele\u00e7\u00e3o do PAISE<\/strong> publicados anualmente pelo <em>Campus <\/em>Itaberaba. Cada edital apresenta as regras, crit\u00e9rios de participa\u00e7\u00e3o, prazos e documenta\u00e7\u00e3o necess\u00e1ria para os estudantes interessados em concorrer aos aux\u00edlios ofertados.<\/p>\n\n\n\n<ul class=\"has-small-font-size\">\n<li><a href=\"https:\/\/www.ifbaiano.edu.br\/unidades\/itaberaba\/2026\/04\/06\/paise-2026\/\" target=\"_blank\" rel=\"noreferrer noopener\">2026<\/a> (Vigente)<\/li>\n\n\n\n<li><a rel=\"noreferrer noopener\" href=\"https:\/\/www.ifbaiano.edu.br\/unidades\/itaberaba\/2025\/04\/01\/paise-2025\/\" target=\"_blank\">2025<\/a><\/li>\n\n\n\n<li><a href=\"https:\/\/www.ifbaiano.edu.br\/unidades\/itaberaba\/2024\/06\/10\/paise-2024\/\" target=\"_blank\" rel=\"noreferrer noopener\">2024<\/a><\/li>\n\n\n\n<li><a href=\"https:\/\/www.ifbaiano.edu.br\/unidades\/itaberaba\/2023\/07\/10\/paise-2023-edital-31-2023\/\" target=\"_blank\" rel=\"noreferrer noopener\">2023<\/a><\/li>\n\n\n\n<li><a href=\"https:\/\/www.ifbaiano.edu.br\/unidades\/itaberaba\/2022\/11\/04\/edital-no-38-2022-selecao-de-estudantes-paise-2022\/\" target=\"_blank\" rel=\"noreferrer noopener\">2022<\/a><\/li>\n\n\n\n<li>2021<\/li>\n\n\n\n<li>2020<\/li>\n<\/ul>\n","protected":false},"excerpt":{"rendered":"<p>Conhe\u00e7a o Programa PAISE: O Programa de Assist\u00eancia e Inclus\u00e3o Social do Estudante \u2013 PAISE, integrante da Pol\u00edtica de Assist\u00eancia Estudantil do IF Baiano, visa contribuir para o bem-estar biopsicossocial, perman\u00eancia e \u00eaxito nas atividades acad\u00eamicas de estudantes em vulnerabilidade socioecon\u00f4mica. O Programa \u00e9 regulamentado por Edital lan\u00e7ado pela Diretoria de Assist\u00eancia Estudantil e adaptado [&hellip;]<\/p>\n","protected":false},"author":105,"featured_media":0,"parent":0,"menu_order":0,"comment_status":"closed","ping_status":"closed","template":"","meta":[],"_links":{"self":[{"href":"https:\/\/www.ifbaiano.edu.br\/unidades\/itaberaba\/wp-json\/wp\/v2\/pages\/8832"}],"collection":[{"href":"https:\/\/www.ifbaiano.edu.br\/unidades\/itaberaba\/wp-json\/wp\/v2\/pages"}],"about":[{"href":"https:\/\/www.ifbaiano.edu.br\/unidades\/itaberaba\/wp-json\/wp\/v2\/types\/page"}],"author":[{"embeddable":true,"href":"https:\/\/www.ifbaiano.edu.br\/unidades\/itaberaba\/wp-json\/wp\/v2\/users\/105"}],"replies":[{"embeddable":true,"href":"https:\/\/www.ifbaiano.edu.br\/unidades\/itaberaba\/wp-json\/wp\/v2\/comments?post=8832"}],"version-history":[{"count":21,"href":"https:\/\/www.ifbaiano.edu.br\/unidades\/itaberaba\/wp-json\/wp\/v2\/pages\/8832\/revisions"}],"predecessor-version":[{"id":9862,"href":"https:\/\/www.ifbaiano.edu.br\/unidades\/itaberaba\/wp-json\/wp\/v2\/pages\/8832\/revisions\/9862"}],"wp:attachment":[{"href":"https:\/\/www.ifbaiano.edu.br\/unidades\/itaberaba\/wp-json\/wp\/v2\/media?parent=8832"}],"curies":[{"name":"wp","href":"https:\/\/api.w.org\/{rel}","templated":true}]}}