{"id":8833,"date":"2024-11-18T16:23:49","date_gmt":"2024-11-18T19:23:49","guid":{"rendered":"https:\/\/www.ifbaiano.edu.br\/unidades\/itaberaba\/?page_id=8833"},"modified":"2025-07-13T01:47:38","modified_gmt":"2025-07-13T04:47:38","slug":"pae","status":"publish","type":"page","link":"https:\/\/www.ifbaiano.edu.br\/unidades\/itaberaba\/programas\/pae\/","title":{"rendered":"PAE"},"content":{"rendered":"\n<p class=\"has-small-font-size\">O Programa de Aux\u00edlios Eventuais &#8211; PAE visa contribuir para o atendimento de diferentes demandas apresentadas pelos estudantes e\/ou identificadas pela equipe de profissionais da assist\u00eancia estudantil, ou demais servidores, sendo estas situa\u00e7\u00f5es eventuais. <\/p>\n\n\n\n<p class=\"has-small-font-size\">Em caso de demandas de aten\u00e7\u00e3o \u00e0 sa\u00fade, o aux\u00edlio eventual somente ser\u00e1 concedido em situa\u00e7\u00f5es pontuais, em car\u00e1ter de urg\u00eancia e diante da impossibilidade de atendimento emergencial da demanda pelo Sistema \u00danico de Sa\u00fade (SUS) ou pela rede assistencial, sendo necess\u00e1ria avalia\u00e7\u00e3o do N\u00facleo de Sa\u00fade do <em>Campus<\/em>. <\/p>\n\n\n\n<p class=\"has-small-font-size\">O programa \u00e9 regulamentado por Edital de Fluxo Cont\u00ednuo, sua implementa\u00e7\u00e3o ocorre em regime de fluxo cont\u00ednuo, podendo ser solicitado, a qualquer tempo no ano letivo. <sup><\/sup>As informa\u00e7\u00f5es mais detalhadas sobre os aux\u00edlios, bem como os procedimentos para solicita\u00e7\u00e3o, est\u00e3o dispon\u00edveis no Edital do Programa. <sup><\/sup><\/p>\n\n\n\n<hr class=\"wp-block-separator has-alpha-channel-opacity\" \/>\n\n\n\n<h3 class=\"wp-block-heading has-small-font-size\">\ud83d\udcc1 Acesse o Edital vigente:<\/h3>\n\n\n\n<p class=\"has-small-font-size\">\ud83d\udcce&nbsp;<strong><a href=\"https:\/\/www.ifbaiano.edu.br\/unidades\/itaberaba\/pae\/pae-2025\/\">Clique aqui para acessar o Edital 2025<\/a><\/strong><\/p>\n\n\n\n<hr class=\"wp-block-separator has-alpha-channel-opacity\" \/>\n\n\n\n<p class=\"has-small-font-size\"><strong>\ud83d\udce7 D\u00favidas e informa\u00e7\u00f5es adicionais:<\/strong><\/p>\n\n\n\n<ul>\n<li class=\"has-small-font-size\">clae@itaberaba.ifbaiano.edu.br<\/li>\n<\/ul>\n\n\n\n<hr class=\"wp-block-separator has-alpha-channel-opacity\" \/>\n\n\n\n<p class=\"has-small-font-size\"><strong>\ud83d\udccb Composi\u00e7\u00e3o do N\u00facleo de Sa\u00fade \u2013 NUSA<\/strong><\/p>\n\n\n\n<ul>\n<li class=\"has-small-font-size\"><a rel=\"noreferrer noopener\" href=\"https:\/\/www.ifbaiano.edu.br\/unidades\/itaberaba\/files\/2024\/11\/PORTARIA-77_2024-NUSA.pdf\" target=\"_blank\">Portaria 77\/2024 &#8211; ITB-GAB\/ITB-DG\/RET\/IFBAIANO, de 11 de novembro de 2024<\/a><\/li>\n<\/ul>\n\n\n\n<hr class=\"wp-block-separator has-alpha-channel-opacity\" \/>\n\n\n\n<p class=\"has-small-font-size\"><strong>\ud83d\udcda Hist\u00f3rico de Editais<\/strong> Confira abaixo os editais de anos anteriores do Programa PAE:<\/p>\n\n\n\n<ul>\n<li class=\"has-small-font-size\">Edital 2024<\/li>\n<\/ul>\n","protected":false},"excerpt":{"rendered":"<p>O Programa de Aux\u00edlios Eventuais &#8211; PAE visa contribuir para o atendimento de diferentes demandas apresentadas pelos estudantes e\/ou identificadas pela equipe de profissionais da assist\u00eancia estudantil, ou demais servidores, sendo estas situa\u00e7\u00f5es eventuais. Em caso de demandas de aten\u00e7\u00e3o \u00e0 sa\u00fade, o aux\u00edlio eventual somente ser\u00e1 concedido em situa\u00e7\u00f5es pontuais, em car\u00e1ter de urg\u00eancia [&hellip;]<\/p>\n","protected":false},"author":105,"featured_media":0,"parent":8830,"menu_order":0,"comment_status":"closed","ping_status":"closed","template":"","meta":[],"_links":{"self":[{"href":"https:\/\/www.ifbaiano.edu.br\/unidades\/itaberaba\/wp-json\/wp\/v2\/pages\/8833"}],"collection":[{"href":"https:\/\/www.ifbaiano.edu.br\/unidades\/itaberaba\/wp-json\/wp\/v2\/pages"}],"about":[{"href":"https:\/\/www.ifbaiano.edu.br\/unidades\/itaberaba\/wp-json\/wp\/v2\/types\/page"}],"author":[{"embeddable":true,"href":"https:\/\/www.ifbaiano.edu.br\/unidades\/itaberaba\/wp-json\/wp\/v2\/users\/105"}],"replies":[{"embeddable":true,"href":"https:\/\/www.ifbaiano.edu.br\/unidades\/itaberaba\/wp-json\/wp\/v2\/comments?post=8833"}],"version-history":[{"count":10,"href":"https:\/\/www.ifbaiano.edu.br\/unidades\/itaberaba\/wp-json\/wp\/v2\/pages\/8833\/revisions"}],"predecessor-version":[{"id":9453,"href":"https:\/\/www.ifbaiano.edu.br\/unidades\/itaberaba\/wp-json\/wp\/v2\/pages\/8833\/revisions\/9453"}],"up":[{"embeddable":true,"href":"https:\/\/www.ifbaiano.edu.br\/unidades\/itaberaba\/wp-json\/wp\/v2\/pages\/8830"}],"wp:attachment":[{"href":"https:\/\/www.ifbaiano.edu.br\/unidades\/itaberaba\/wp-json\/wp\/v2\/media?parent=8833"}],"curies":[{"name":"wp","href":"https:\/\/api.w.org\/{rel}","templated":true}]}}