{"id":8834,"date":"2024-11-18T16:23:49","date_gmt":"2024-11-18T19:23:49","guid":{"rendered":"https:\/\/www.ifbaiano.edu.br\/unidades\/itaberaba\/?page_id=8834"},"modified":"2025-07-13T01:47:11","modified_gmt":"2025-07-13T04:47:11","slug":"pincel","status":"publish","type":"page","link":"https:\/\/www.ifbaiano.edu.br\/unidades\/itaberaba\/programas\/pincel\/","title":{"rendered":"PINCEL"},"content":{"rendered":"\n<p class=\"has-small-font-size\">O Programa de Incentivo \u00e0 Cultura, Esporte e Lazer (PINCEL) tem como objetivo fomentar a participa\u00e7\u00e3o de estudantes em atividades culturais, esportivas e de lazer, contribuindo para o desempenho acad\u00eamico, a produ\u00e7\u00e3o do conhecimento e a forma\u00e7\u00e3o cidad\u00e3.<\/p>\n\n\n\n<p class=\"has-small-font-size\">S\u00e3o contempladas as seguintes modalidades de aux\u00edlio:<\/p>\n\n\n\n<ul>\n<li class=\"has-small-font-size\"><strong>Aux\u00edlio Participa\u00e7\u00e3o em Atividades Esportivas<\/strong><\/li>\n\n\n\n<li class=\"has-small-font-size\"><strong>Aux\u00edlio Participa\u00e7\u00e3o em Atividades Art\u00edsticas e Culturais<\/strong><\/li>\n<\/ul>\n\n\n\n<p class=\"has-small-font-size\">A participa\u00e7\u00e3o \u00e9 regulamentada por <strong>edital<\/strong>, com inscri\u00e7\u00e3o em <strong>fluxo cont\u00ednuo<\/strong> durante o ano letivo.<\/p>\n\n\n\n<hr class=\"wp-block-separator has-alpha-channel-opacity\" \/>\n\n\n\n<h3 class=\"wp-block-heading has-small-font-size\">\ud83d\udcc1 Acesse o Edital vigente:<\/h3>\n\n\n\n<p class=\"has-small-font-size\">\ud83d\udcce <strong><a href=\"https:\/\/www.ifbaiano.edu.br\/unidades\/itaberaba\/pincel\/pincel-2025\/\">Clique aqui para acessar o Edital 2025<\/a><\/strong><\/p>\n\n\n\n<hr class=\"wp-block-separator has-alpha-channel-opacity\" \/>\n\n\n\n<p class=\"has-small-font-size\"><strong>\ud83d\udce7 D\u00favidas e informa\u00e7\u00f5es adicionais:<\/strong><\/p>\n\n\n\n<ul>\n<li class=\"has-small-font-size\">ncel@itaberaba.ifbaiano.edu.br<\/li>\n<\/ul>\n\n\n\n<hr class=\"wp-block-separator has-alpha-channel-opacity\" \/>\n\n\n\n<p class=\"has-small-font-size\"><strong>Composi\u00e7\u00e3o do N\u00facleo de Cultura, Esporte e Lazer &#8211; NCEL<\/strong><\/p>\n\n\n\n<ul>\n<li class=\"has-small-font-size\"><a href=\"https:\/\/www.ifbaiano.edu.br\/unidades\/itaberaba\/files\/2024\/11\/PORTARIA-41_2024-NCEL.pdf\" target=\"_blank\" rel=\"noreferrer noopener\">Portaria 41\/2024 \u2013 ITB-GAB\/ITB-DG\/RET\/IFBAIANO, de 26 de julho de 2024<\/a><\/li>\n<\/ul>\n\n\n\n<hr class=\"wp-block-separator has-alpha-channel-opacity\" \/>\n\n\n\n<h3 class=\"wp-block-heading has-small-font-size\">\ud83d\udcda Hist\u00f3rico de Editais<\/h3>\n\n\n\n<p class=\"has-small-font-size\">Confira abaixo os editais de anos anteriores do Programa PINCEL:<\/p>\n\n\n\n<ul>\n<li class=\"has-small-font-size\">\ud83d\udcc4 <strong>Edital 2024<\/strong><\/li>\n<\/ul>\n","protected":false},"excerpt":{"rendered":"<p>O Programa de Incentivo \u00e0 Cultura, Esporte e Lazer (PINCEL) tem como objetivo fomentar a participa\u00e7\u00e3o de estudantes em atividades culturais, esportivas e de lazer, contribuindo para o desempenho acad\u00eamico, a produ\u00e7\u00e3o do conhecimento e a forma\u00e7\u00e3o cidad\u00e3. S\u00e3o contempladas as seguintes modalidades de aux\u00edlio: A participa\u00e7\u00e3o \u00e9 regulamentada por edital, com inscri\u00e7\u00e3o em fluxo [&hellip;]<\/p>\n","protected":false},"author":105,"featured_media":0,"parent":8830,"menu_order":0,"comment_status":"closed","ping_status":"closed","template":"","meta":[],"_links":{"self":[{"href":"https:\/\/www.ifbaiano.edu.br\/unidades\/itaberaba\/wp-json\/wp\/v2\/pages\/8834"}],"collection":[{"href":"https:\/\/www.ifbaiano.edu.br\/unidades\/itaberaba\/wp-json\/wp\/v2\/pages"}],"about":[{"href":"https:\/\/www.ifbaiano.edu.br\/unidades\/itaberaba\/wp-json\/wp\/v2\/types\/page"}],"author":[{"embeddable":true,"href":"https:\/\/www.ifbaiano.edu.br\/unidades\/itaberaba\/wp-json\/wp\/v2\/users\/105"}],"replies":[{"embeddable":true,"href":"https:\/\/www.ifbaiano.edu.br\/unidades\/itaberaba\/wp-json\/wp\/v2\/comments?post=8834"}],"version-history":[{"count":11,"href":"https:\/\/www.ifbaiano.edu.br\/unidades\/itaberaba\/wp-json\/wp\/v2\/pages\/8834\/revisions"}],"predecessor-version":[{"id":9452,"href":"https:\/\/www.ifbaiano.edu.br\/unidades\/itaberaba\/wp-json\/wp\/v2\/pages\/8834\/revisions\/9452"}],"up":[{"embeddable":true,"href":"https:\/\/www.ifbaiano.edu.br\/unidades\/itaberaba\/wp-json\/wp\/v2\/pages\/8830"}],"wp:attachment":[{"href":"https:\/\/www.ifbaiano.edu.br\/unidades\/itaberaba\/wp-json\/wp\/v2\/media?parent=8834"}],"curies":[{"name":"wp","href":"https:\/\/api.w.org\/{rel}","templated":true}]}}