{"id":8835,"date":"2024-11-18T16:23:49","date_gmt":"2024-11-18T19:23:49","guid":{"rendered":"https:\/\/www.ifbaiano.edu.br\/unidades\/itaberaba\/?page_id=8835"},"modified":"2025-07-13T01:52:56","modified_gmt":"2025-07-13T04:52:56","slug":"propac","status":"publish","type":"page","link":"https:\/\/www.ifbaiano.edu.br\/unidades\/itaberaba\/programas\/propac\/","title":{"rendered":"PROPAC"},"content":{"rendered":"\n<p class=\"has-small-font-size\">O Programa de Incentivo \u00e0 Participa\u00e7\u00e3o Pol\u00edtico Acad\u00eamica \u2013 PROPAC visa apoiar a realiza\u00e7\u00e3o de a\u00e7\u00f5es que contribuam para o exerc\u00edcio da cidadania e do direito de organiza\u00e7\u00e3o pol\u00edtica do(a) estudante. <sup><\/sup><\/p>\n\n\n\n<p class=\"has-small-font-size\">O programa \u00e9 composto pelos seguintes aux\u00edlios financeiros: <sup><\/sup><\/p>\n\n\n\n<ul>\n<li class=\"has-small-font-size\">Aux\u00edlio Participa\u00e7\u00e3o em Eventos de Car\u00e1ter Cient\u00edfico, Acad\u00eamico ou Tecnol\u00f3gico <sup><\/sup><\/li>\n\n\n\n<li class=\"has-small-font-size\">Aux\u00edlio Participa\u00e7\u00e3o em Eventos de Organiza\u00e7\u00e3o Estudantil <sup><\/sup><\/li>\n\n\n\n<li class=\"has-small-font-size\">Aux\u00edlio Formaliza\u00e7\u00e3o de Entidades Estudantis <sup><\/sup><\/li>\n<\/ul>\n\n\n\n<p class=\"has-small-font-size\">O programa \u00e9 regulamentado por Edital de Fluxo Cont\u00ednuo, e sua implementa\u00e7\u00e3o permite que a solicita\u00e7\u00e3o possa ser feita a qualquer tempo no ano letivo. <sup><\/sup><\/p>\n\n\n\n<hr class=\"wp-block-separator has-alpha-channel-opacity\" \/>\n\n\n\n<h3 class=\"wp-block-heading has-small-font-size\">\ud83d\udcc1 Acesse o Edital vigente:<\/h3>\n\n\n\n<p class=\"has-small-font-size\">\ud83d\udcce&nbsp;<strong><a href=\"https:\/\/www.ifbaiano.edu.br\/unidades\/itaberaba\/propac\/propac-2025\/\">Clique aqui para acessar o Edital 2025<\/a><\/strong><\/p>\n\n\n\n<hr class=\"wp-block-separator has-alpha-channel-opacity\" \/>\n\n\n\n<p class=\"has-small-font-size\"><strong>\ud83d\udce7 D\u00favidas e informa\u00e7\u00f5es adicionais:<\/strong><\/p>\n\n\n\n<ul>\n<li class=\"has-small-font-size\">clae@itaberaba.ifbaiano.edu.br <\/li>\n<\/ul>\n\n\n\n<hr class=\"wp-block-separator has-alpha-channel-opacity\" \/>\n\n\n\n<p class=\"has-small-font-size\"><strong>\ud83d\udcda Hist\u00f3rico de Editais<\/strong> Confira abaixo os editais de anos anteriores do Programa PROPAC:<\/p>\n\n\n\n<ul class=\"has-small-font-size\">\n<li>Edital 2024<\/li>\n<\/ul>\n","protected":false},"excerpt":{"rendered":"<p>O Programa de Incentivo \u00e0 Participa\u00e7\u00e3o Pol\u00edtico Acad\u00eamica \u2013 PROPAC visa apoiar a realiza\u00e7\u00e3o de a\u00e7\u00f5es que contribuam para o exerc\u00edcio da cidadania e do direito de organiza\u00e7\u00e3o pol\u00edtica do(a) estudante. O programa \u00e9 composto pelos seguintes aux\u00edlios financeiros: O programa \u00e9 regulamentado por Edital de Fluxo Cont\u00ednuo, e sua implementa\u00e7\u00e3o permite que a solicita\u00e7\u00e3o [&hellip;]<\/p>\n","protected":false},"author":105,"featured_media":0,"parent":8830,"menu_order":0,"comment_status":"closed","ping_status":"closed","template":"","meta":[],"_links":{"self":[{"href":"https:\/\/www.ifbaiano.edu.br\/unidades\/itaberaba\/wp-json\/wp\/v2\/pages\/8835"}],"collection":[{"href":"https:\/\/www.ifbaiano.edu.br\/unidades\/itaberaba\/wp-json\/wp\/v2\/pages"}],"about":[{"href":"https:\/\/www.ifbaiano.edu.br\/unidades\/itaberaba\/wp-json\/wp\/v2\/types\/page"}],"author":[{"embeddable":true,"href":"https:\/\/www.ifbaiano.edu.br\/unidades\/itaberaba\/wp-json\/wp\/v2\/users\/105"}],"replies":[{"embeddable":true,"href":"https:\/\/www.ifbaiano.edu.br\/unidades\/itaberaba\/wp-json\/wp\/v2\/comments?post=8835"}],"version-history":[{"count":16,"href":"https:\/\/www.ifbaiano.edu.br\/unidades\/itaberaba\/wp-json\/wp\/v2\/pages\/8835\/revisions"}],"predecessor-version":[{"id":9457,"href":"https:\/\/www.ifbaiano.edu.br\/unidades\/itaberaba\/wp-json\/wp\/v2\/pages\/8835\/revisions\/9457"}],"up":[{"embeddable":true,"href":"https:\/\/www.ifbaiano.edu.br\/unidades\/itaberaba\/wp-json\/wp\/v2\/pages\/8830"}],"wp:attachment":[{"href":"https:\/\/www.ifbaiano.edu.br\/unidades\/itaberaba\/wp-json\/wp\/v2\/media?parent=8835"}],"curies":[{"name":"wp","href":"https:\/\/api.w.org\/{rel}","templated":true}]}}