{"id":8836,"date":"2024-11-18T16:23:49","date_gmt":"2024-11-18T19:23:49","guid":{"rendered":"https:\/\/www.ifbaiano.edu.br\/unidades\/itaberaba\/?page_id=8836"},"modified":"2024-12-19T11:26:07","modified_gmt":"2024-12-19T14:26:07","slug":"pro-saude","status":"publish","type":"page","link":"https:\/\/www.ifbaiano.edu.br\/unidades\/itaberaba\/pro-saude\/","title":{"rendered":"PR\u00d3-SA\u00d9DE"},"content":{"rendered":"\n<p class=\"has-small-font-size\">O <strong>Programa de Preven\u00e7\u00e3o e Assist\u00eancia \u00e0 Sa\u00fade PRO-SA\u00daDE<\/strong> visa desenvolver a\u00e7\u00f5es voltadas \u00e0 preven\u00e7\u00e3o de doen\u00e7as e promo\u00e7\u00e3o da sa\u00fade dos(as) discentes. O planejamento e desenvolvimento das a\u00e7\u00f5es do Programa \u00e9 realizado pelo N\u00facleo de sa\u00fade constitu\u00eddo pelos profissionais da \u00e1rea de enfermagem,&nbsp;nutri\u00e7\u00e3o, psicologia e servi\u00e7o social.<\/p>\n\n\n\n<p class=\"has-small-font-size\">Composi\u00e7\u00e3o do N\u00facleo de Sa\u00fade \u2013 NUSA<\/p>\n\n\n\n<ul>\n<li class=\"has-small-font-size\"><a href=\"https:\/\/www.ifbaiano.edu.br\/unidades\/itaberaba\/files\/2024\/11\/PORTARIA-77_2024-NUSA.pdf\" target=\"_blank\" rel=\"noreferrer noopener\">Portaria 77\/2024 \u2013 ITB-GAB\/ITB-DG\/RET\/IFBAIANO, de 11 de novembro de 2024<\/a><\/li>\n<\/ul>\n","protected":false},"excerpt":{"rendered":"<p>O Programa de Preven\u00e7\u00e3o e Assist\u00eancia \u00e0 Sa\u00fade PRO-SA\u00daDE visa desenvolver a\u00e7\u00f5es voltadas \u00e0 preven\u00e7\u00e3o de doen\u00e7as e promo\u00e7\u00e3o da sa\u00fade dos(as) discentes. O planejamento e desenvolvimento das a\u00e7\u00f5es do Programa \u00e9 realizado pelo N\u00facleo de sa\u00fade constitu\u00eddo pelos profissionais da \u00e1rea de enfermagem,&nbsp;nutri\u00e7\u00e3o, psicologia e servi\u00e7o social. Composi\u00e7\u00e3o do N\u00facleo de Sa\u00fade \u2013 NUSA<\/p>\n","protected":false},"author":105,"featured_media":0,"parent":0,"menu_order":0,"comment_status":"closed","ping_status":"closed","template":"","meta":[],"_links":{"self":[{"href":"https:\/\/www.ifbaiano.edu.br\/unidades\/itaberaba\/wp-json\/wp\/v2\/pages\/8836"}],"collection":[{"href":"https:\/\/www.ifbaiano.edu.br\/unidades\/itaberaba\/wp-json\/wp\/v2\/pages"}],"about":[{"href":"https:\/\/www.ifbaiano.edu.br\/unidades\/itaberaba\/wp-json\/wp\/v2\/types\/page"}],"author":[{"embeddable":true,"href":"https:\/\/www.ifbaiano.edu.br\/unidades\/itaberaba\/wp-json\/wp\/v2\/users\/105"}],"replies":[{"embeddable":true,"href":"https:\/\/www.ifbaiano.edu.br\/unidades\/itaberaba\/wp-json\/wp\/v2\/comments?post=8836"}],"version-history":[{"count":5,"href":"https:\/\/www.ifbaiano.edu.br\/unidades\/itaberaba\/wp-json\/wp\/v2\/pages\/8836\/revisions"}],"predecessor-version":[{"id":8982,"href":"https:\/\/www.ifbaiano.edu.br\/unidades\/itaberaba\/wp-json\/wp\/v2\/pages\/8836\/revisions\/8982"}],"wp:attachment":[{"href":"https:\/\/www.ifbaiano.edu.br\/unidades\/itaberaba\/wp-json\/wp\/v2\/media?parent=8836"}],"curies":[{"name":"wp","href":"https:\/\/api.w.org\/{rel}","templated":true}]}}