{"id":8837,"date":"2024-11-18T16:23:49","date_gmt":"2024-11-18T19:23:49","guid":{"rendered":"https:\/\/www.ifbaiano.edu.br\/unidades\/itaberaba\/?page_id=8837"},"modified":"2024-12-19T11:34:04","modified_gmt":"2024-12-19T14:34:04","slug":"proap","status":"publish","type":"page","link":"https:\/\/www.ifbaiano.edu.br\/unidades\/itaberaba\/proap\/","title":{"rendered":"PROAP"},"content":{"rendered":"\n<p class=\"has-small-font-size\">O PROAP tem como objetivo propiciar a perman\u00eancia e \u00eaxito do estudante, por meio da identifica\u00e7\u00e3o das dificuldades que influenciam na evas\u00e3o e reten\u00e7\u00e3o, buscando formas de super\u00e1-las por meio do acompanhamento pedag\u00f3gico e o atendimento psicossocial. No <em>Campus&nbsp; <\/em>o planejamento e desenvolvimento das a\u00e7\u00f5es do PROAP, \u00e9 realizado pelo N\u00facleo de Apoio Pedag\u00f3gico e Psicossocial (NAPSI), constitu\u00eddo por assistente social, psic\u00f3loga e pedagogo<strong>.<\/strong><\/p>\n\n\n\n<li class=\"has-small-font-size\"><a href=\"https:\/\/www.ifbaiano.edu.br\/unidades\/itaberaba\/files\/2024\/12\/Portaria-76_2024-NAPSI.pdf\" target=\"_blank\" rel=\"noreferrer noopener\">Portaria 76\/2024 &#8211; ITB-GAB\/ITB-DG\/RET\/IFBAIANO, de 11 de novembro de 2024<\/a><\/li>\n\n\n","protected":false},"excerpt":{"rendered":"<p>O PROAP tem como objetivo propiciar a perman\u00eancia e \u00eaxito do estudante, por meio da identifica\u00e7\u00e3o das dificuldades que influenciam na evas\u00e3o e reten\u00e7\u00e3o, buscando formas de super\u00e1-las por meio do acompanhamento pedag\u00f3gico e o atendimento psicossocial. No Campus&nbsp; o planejamento e desenvolvimento das a\u00e7\u00f5es do PROAP, \u00e9 realizado pelo N\u00facleo de Apoio Pedag\u00f3gico e [&hellip;]<\/p>\n","protected":false},"author":105,"featured_media":0,"parent":0,"menu_order":0,"comment_status":"closed","ping_status":"closed","template":"","meta":[],"_links":{"self":[{"href":"https:\/\/www.ifbaiano.edu.br\/unidades\/itaberaba\/wp-json\/wp\/v2\/pages\/8837"}],"collection":[{"href":"https:\/\/www.ifbaiano.edu.br\/unidades\/itaberaba\/wp-json\/wp\/v2\/pages"}],"about":[{"href":"https:\/\/www.ifbaiano.edu.br\/unidades\/itaberaba\/wp-json\/wp\/v2\/types\/page"}],"author":[{"embeddable":true,"href":"https:\/\/www.ifbaiano.edu.br\/unidades\/itaberaba\/wp-json\/wp\/v2\/users\/105"}],"replies":[{"embeddable":true,"href":"https:\/\/www.ifbaiano.edu.br\/unidades\/itaberaba\/wp-json\/wp\/v2\/comments?post=8837"}],"version-history":[{"count":7,"href":"https:\/\/www.ifbaiano.edu.br\/unidades\/itaberaba\/wp-json\/wp\/v2\/pages\/8837\/revisions"}],"predecessor-version":[{"id":8990,"href":"https:\/\/www.ifbaiano.edu.br\/unidades\/itaberaba\/wp-json\/wp\/v2\/pages\/8837\/revisions\/8990"}],"wp:attachment":[{"href":"https:\/\/www.ifbaiano.edu.br\/unidades\/itaberaba\/wp-json\/wp\/v2\/media?parent=8837"}],"curies":[{"name":"wp","href":"https:\/\/api.w.org\/{rel}","templated":true}]}}