{"id":8869,"date":"2024-11-18T16:41:42","date_gmt":"2024-11-18T19:41:42","guid":{"rendered":"https:\/\/www.ifbaiano.edu.br\/unidades\/itaberaba\/?page_id=8869"},"modified":"2024-12-19T11:23:15","modified_gmt":"2024-12-19T14:23:15","slug":"programa-de-alimentacao-estudantil","status":"publish","type":"page","link":"https:\/\/www.ifbaiano.edu.br\/unidades\/itaberaba\/programa-de-alimentacao-estudantil\/","title":{"rendered":"Programa de Alimenta\u00e7\u00e3o Estudantil"},"content":{"rendered":"\n<p class=\"has-small-font-size\">O Programa de alimenta\u00e7\u00e3o \u00e9 baseado no Programa Nacional de Alimenta\u00e7\u00e3o Escolar (PNAE), que visa oferecer alimenta\u00e7\u00e3o a todos os estudantes da educa\u00e7\u00e3o b\u00e1sica p\u00fablica durante o ano letivo. No Campus, a alimenta\u00e7\u00e3o \u00e9 ofertada por meio do Refeit\u00f3rio aos discentes dos cursos integrados e subsequentes.<\/p>\n\n\n\n<p class=\"has-small-font-size\">Informa\u00e7\u00f5es sobre o PNAE:<\/p>\n\n\n\n<ul class=\"has-medium-font-size\">\n<li class=\"has-small-font-size\"><a href=\"https:\/\/www.fnde.gov.br\/index.php\/programas\/pnae\/pnae-sobre-o-programa\/pnae-sobre-o-pnae\" target=\"_blank\" rel=\"noreferrer noopener\">https:\/\/www.fnde.gov.br\/index.php\/programas\/pnae\/pnae-sobre-o-programa\/pnae-sobre-o-pnae<\/a><\/li>\n<\/ul>\n","protected":false},"excerpt":{"rendered":"<p>O Programa de alimenta\u00e7\u00e3o \u00e9 baseado no Programa Nacional de Alimenta\u00e7\u00e3o Escolar (PNAE), que visa oferecer alimenta\u00e7\u00e3o a todos os estudantes da educa\u00e7\u00e3o b\u00e1sica p\u00fablica durante o ano letivo. No Campus, a alimenta\u00e7\u00e3o \u00e9 ofertada por meio do Refeit\u00f3rio aos discentes dos cursos integrados e subsequentes. Informa\u00e7\u00f5es sobre o PNAE:<\/p>\n","protected":false},"author":105,"featured_media":0,"parent":0,"menu_order":0,"comment_status":"closed","ping_status":"closed","template":"","meta":[],"_links":{"self":[{"href":"https:\/\/www.ifbaiano.edu.br\/unidades\/itaberaba\/wp-json\/wp\/v2\/pages\/8869"}],"collection":[{"href":"https:\/\/www.ifbaiano.edu.br\/unidades\/itaberaba\/wp-json\/wp\/v2\/pages"}],"about":[{"href":"https:\/\/www.ifbaiano.edu.br\/unidades\/itaberaba\/wp-json\/wp\/v2\/types\/page"}],"author":[{"embeddable":true,"href":"https:\/\/www.ifbaiano.edu.br\/unidades\/itaberaba\/wp-json\/wp\/v2\/users\/105"}],"replies":[{"embeddable":true,"href":"https:\/\/www.ifbaiano.edu.br\/unidades\/itaberaba\/wp-json\/wp\/v2\/comments?post=8869"}],"version-history":[{"count":6,"href":"https:\/\/www.ifbaiano.edu.br\/unidades\/itaberaba\/wp-json\/wp\/v2\/pages\/8869\/revisions"}],"predecessor-version":[{"id":8978,"href":"https:\/\/www.ifbaiano.edu.br\/unidades\/itaberaba\/wp-json\/wp\/v2\/pages\/8869\/revisions\/8978"}],"wp:attachment":[{"href":"https:\/\/www.ifbaiano.edu.br\/unidades\/itaberaba\/wp-json\/wp\/v2\/media?parent=8869"}],"curies":[{"name":"wp","href":"https:\/\/api.w.org\/{rel}","templated":true}]}}