{"id":895,"date":"2018-01-08T16:48:11","date_gmt":"2018-01-08T19:48:11","guid":{"rendered":"http:\/\/www.ifbaiano.edu.br\/unidades\/itaberaba\/?page_id=895"},"modified":"2018-01-08T17:13:08","modified_gmt":"2018-01-08T20:13:08","slug":"acesso-ao-sigaa","status":"publish","type":"page","link":"https:\/\/www.ifbaiano.edu.br\/unidades\/itaberaba\/acesso-ao-sigaa\/","title":{"rendered":"SIGAA"},"content":{"rendered":"<h3>Sistema Integrado de Gest\u00e3o de Atividades Acad\u00eamicas &#8211; SIGAA<\/h3>\n<hr \/>\n<p>O SIGAA informatiza os procedimentos acad\u00eamicos em um ambiente virtual simplificado, possibilitando ao estudante acesso f\u00e1cil e r\u00e1pido a diversos registros da sua trajet\u00f3ria escolar.<\/p>\n<p><strong>ACESSE:<\/strong> <a href=\"http:\/\/sig.ifbaiano.edu.br\/sigaa\/verTelaLogin.do\">sig.ifbaiano.edu.br<\/a><\/p>\n","protected":false},"excerpt":{"rendered":"<p>Sistema Integrado de Gest\u00e3o de Atividades Acad\u00eamicas &#8211; SIGAA O SIGAA informatiza os procedimentos acad\u00eamicos em um ambiente virtual simplificado, possibilitando ao estudante acesso f\u00e1cil e r\u00e1pido a diversos registros da sua trajet\u00f3ria escolar. ACESSE: sig.ifbaiano.edu.br<\/p>\n","protected":false},"author":91,"featured_media":0,"parent":0,"menu_order":0,"comment_status":"closed","ping_status":"closed","template":"","meta":[],"_links":{"self":[{"href":"https:\/\/www.ifbaiano.edu.br\/unidades\/itaberaba\/wp-json\/wp\/v2\/pages\/895"}],"collection":[{"href":"https:\/\/www.ifbaiano.edu.br\/unidades\/itaberaba\/wp-json\/wp\/v2\/pages"}],"about":[{"href":"https:\/\/www.ifbaiano.edu.br\/unidades\/itaberaba\/wp-json\/wp\/v2\/types\/page"}],"author":[{"embeddable":true,"href":"https:\/\/www.ifbaiano.edu.br\/unidades\/itaberaba\/wp-json\/wp\/v2\/users\/91"}],"replies":[{"embeddable":true,"href":"https:\/\/www.ifbaiano.edu.br\/unidades\/itaberaba\/wp-json\/wp\/v2\/comments?post=895"}],"version-history":[{"count":11,"href":"https:\/\/www.ifbaiano.edu.br\/unidades\/itaberaba\/wp-json\/wp\/v2\/pages\/895\/revisions"}],"predecessor-version":[{"id":907,"href":"https:\/\/www.ifbaiano.edu.br\/unidades\/itaberaba\/wp-json\/wp\/v2\/pages\/895\/revisions\/907"}],"wp:attachment":[{"href":"https:\/\/www.ifbaiano.edu.br\/unidades\/itaberaba\/wp-json\/wp\/v2\/media?parent=895"}],"curies":[{"name":"wp","href":"https:\/\/api.w.org\/{rel}","templated":true}]}}