{"id":119,"date":"2011-05-19T16:43:03","date_gmt":"2011-05-19T19:43:03","guid":{"rendered":"http:\/\/localhost\/unidades\/bonfim\/?page_id=119"},"modified":"2020-09-30T17:41:31","modified_gmt":"2020-09-30T20:41:31","slug":"alunos-documentos","status":"publish","type":"page","link":"https:\/\/www.ifbaiano.edu.br\/unidades\/itapetinga\/alunos-documentos\/","title":{"rendered":"Documentos"},"content":{"rendered":"\n<div class=\"wp-block-group\"><div class=\"wp-block-group__inner-container is-layout-flow\">\n<p>Organiza\u00e7\u00e3o Did\u00e1tica dos Cursos da Educa\u00e7\u00e3o Profissional T\u00e9cnica de N\u00edvel M\u00e9dio do Instituto Federal de Educa\u00e7\u00e3o, Ci\u00eancia e Tecnologia Baiano &#8211; EPTNM: <\/p>\n\n\n\n<p><a href=\"http:\/\/www.ifbaiano.edu.br\/unidades\/itapetinga\/files\/2011\/05\/Organizacao-Didatica-EPTNM.pdf\">Organizacao-Didatica-EPTNM<\/a><\/p>\n<\/div><\/div>\n\n\n\n<div class=\"wp-block-group\"><div class=\"wp-block-group__inner-container is-layout-flow\">\n<p>Listagem dos atos normativos inferiores a decreto vigentes do IF Baiano, Campus Itapetinga: <\/p>\n\n\n\n<div class=\"wp-block-file\"><a href=\"https:\/\/www.ifbaiano.edu.br\/unidades\/itapetinga\/files\/2020\/09\/PORTARIA-n\u00b0-59_2020-Dispoe-sobre-a-listagem-dos-atos-normativos-vigentes.pdf\">PORTARIA-n\u00b0-59_2020-Dispoe-sobre-a-listagem-dos-atos-normativos-vigentes<\/a><a href=\"https:\/\/www.ifbaiano.edu.br\/unidades\/itapetinga\/files\/2020\/09\/PORTARIA-n\u00b0-59_2020-Dispoe-sobre-a-listagem-dos-atos-normativos-vigentes.pdf\" class=\"wp-block-file__button\" download>Baixar<\/a><\/div>\n\n\n\n<div class=\"wp-block-file\"><a href=\"https:\/\/www.ifbaiano.edu.br\/unidades\/itapetinga\/files\/2020\/09\/TRIAGEM-DOS-ATOS-NORMATIVOS.-PDF.pdf\">TRIAGEM-DOS-ATOS-NORMATIVOS.-PDF<\/a><a href=\"https:\/\/www.ifbaiano.edu.br\/unidades\/itapetinga\/files\/2020\/09\/TRIAGEM-DOS-ATOS-NORMATIVOS.-PDF.pdf\" class=\"wp-block-file__button\" download>Baixar<\/a><\/div>\n<\/div><\/div>\n\n\n","protected":false},"excerpt":{"rendered":"<p>Organiza\u00e7\u00e3o Did\u00e1tica dos Cursos da Educa\u00e7\u00e3o Profissional T\u00e9cnica de N\u00edvel M\u00e9dio do Instituto Federal de Educa\u00e7\u00e3o, Ci\u00eancia e Tecnologia Baiano &#8211; EPTNM: Organizacao-Didatica-EPTNM Listagem dos atos normativos inferiores a decreto vigentes do IF Baiano, Campus Itapetinga:<\/p>\n","protected":false},"author":1,"featured_media":0,"parent":0,"menu_order":0,"comment_status":"closed","ping_status":"closed","template":"","meta":[],"_links":{"self":[{"href":"https:\/\/www.ifbaiano.edu.br\/unidades\/itapetinga\/wp-json\/wp\/v2\/pages\/119"}],"collection":[{"href":"https:\/\/www.ifbaiano.edu.br\/unidades\/itapetinga\/wp-json\/wp\/v2\/pages"}],"about":[{"href":"https:\/\/www.ifbaiano.edu.br\/unidades\/itapetinga\/wp-json\/wp\/v2\/types\/page"}],"author":[{"embeddable":true,"href":"https:\/\/www.ifbaiano.edu.br\/unidades\/itapetinga\/wp-json\/wp\/v2\/users\/1"}],"replies":[{"embeddable":true,"href":"https:\/\/www.ifbaiano.edu.br\/unidades\/itapetinga\/wp-json\/wp\/v2\/comments?post=119"}],"version-history":[{"count":4,"href":"https:\/\/www.ifbaiano.edu.br\/unidades\/itapetinga\/wp-json\/wp\/v2\/pages\/119\/revisions"}],"predecessor-version":[{"id":36936,"href":"https:\/\/www.ifbaiano.edu.br\/unidades\/itapetinga\/wp-json\/wp\/v2\/pages\/119\/revisions\/36936"}],"wp:attachment":[{"href":"https:\/\/www.ifbaiano.edu.br\/unidades\/itapetinga\/wp-json\/wp\/v2\/media?parent=119"}],"curies":[{"name":"wp","href":"https:\/\/api.w.org\/{rel}","templated":true}]}}