{"id":125,"date":"2011-05-19T16:44:38","date_gmt":"2011-05-19T19:44:38","guid":{"rendered":"http:\/\/localhost\/unidades\/bonfim\/?page_id=125"},"modified":"2025-01-27T17:44:07","modified_gmt":"2025-01-27T20:44:07","slug":"assistencia-estudantil","status":"publish","type":"page","link":"https:\/\/www.ifbaiano.edu.br\/unidades\/itapetinga\/assistencia-estudantil\/","title":{"rendered":"Assist\u00eancia Estudantil"},"content":{"rendered":"\n<p><strong>COORDENA\u00c7\u00c3O DE ASSIST\u00caNCIA ESTUDANTIL &#8211; CAE<\/strong><\/p>\n\n\n\n<p>Adriana Oliveira<\/p>\n\n\n\n<div class=\"wp-block-file\"><a id=\"wp-block-file--media-fdbd782e-2b3d-4baa-812b-b655146ed4d9\" href=\"https:\/\/www.ifbaiano.edu.br\/unidades\/itapetinga\/files\/2020\/03\/MANUAL-DO-ESTUDANTE-IF-BAIANO-CAMPUS-ITAPETINGA-CAE.pdf\">MANUAL-DO-ESTUDANTE-IF-BAIANO-CAMPUS-ITAPETINGA-CAE<\/a><a href=\"https:\/\/www.ifbaiano.edu.br\/unidades\/itapetinga\/files\/2020\/03\/MANUAL-DO-ESTUDANTE-IF-BAIANO-CAMPUS-ITAPETINGA-CAE.pdf\" class=\"wp-block-file__button wp-element-button\" download aria-describedby=\"wp-block-file--media-fdbd782e-2b3d-4baa-812b-b655146ed4d9\">Baixar<\/a><\/div>\n\n\n\n<div class=\"wp-block-group is-layout-flow\"><div class=\"wp-block-group__inner-container\">\n<figure class=\"wp-block-image size-large\"><img decoding=\"async\" loading=\"lazy\" width=\"324\" height=\"324\" src=\"https:\/\/www.ifbaiano.edu.br\/unidades\/itapetinga\/files\/2017\/03\/Assistencia_estudantil.jpg\" alt=\"\" class=\"wp-image-33891\" \/><\/figure>\n\n\n\n<p><strong>A Pol\u00edtica da Assist\u00eancia Estudantil do IF Baiano \u00e9 formada por um conjunto de princ\u00edpios e diretrizes norteadores para o desenvolvimento de programas e linhas de a\u00e7\u00f5es, que favore\u00e7am a democratiza\u00e7\u00e3o do acesso, a perman\u00eancia e o \u00eaxito do(a) discente no seu processo formativo, propiciando-lhe o exerc\u00edcio pleno da cidadania.<\/strong><\/p>\n\n\n\n<p><strong>Tal Pol\u00edtica objetiva ampliar as possibilidades para o acesso a partir da inclus\u00e3o social, por meio da promo\u00e7\u00e3o da igualdade de oportunidades entre todos(as) os(as) discentes matriculados e de medidas que busquem minimizar situa\u00e7\u00f5es de repet\u00eancia e evas\u00e3o. Ela pretende tamb\u00e9m implementar a\u00e7\u00f5es educativas que propiciem o desenvolvimento do pensamento cr\u00edtico, pol\u00edtico e criativo dos(as) estudantes, al\u00e9m de a\u00e7\u00f5es que assegurem assist\u00eancia \u00e0 sa\u00fade dos mesmos, de forma preventiva. <\/strong><\/p>\n\n\n\n<p><strong>Para o desenvolvimento de tais a\u00e7\u00f5es, a Pol\u00edtica de Assist\u00eancia Estudantil do IFBaiano institui \u00f3rg\u00e3os colegiados e um conjunto de programas:<\/strong><\/p>\n\n\n\n<p><strong>O PAISE \u00e9 destinado aos estudantes regularmente matriculados, para garantir a perman\u00eancia dos mesmos na institui\u00e7\u00e3o, durante o seu processo formativo. Ele \u00e9 composto de uma s\u00e9rie de benef\u00edcios, que dentro da especificidade do Campus Itapetinga, consistem em: alimenta\u00e7\u00e3o estudantil, por meio do refeit\u00f3rio e os aux\u00edlios \u2013 moradia, transporte, creche, c\u00f3pia e impress\u00e3o(por cota), perman\u00eancia e eventual;<\/strong><\/p>\n\n\n\n<p><strong>O Programa de Incentivo \u00e0 Cultura, Esporte e Lazer &#8211; PINCEL visa propiciar aos estudantes a participa\u00e7\u00e3o em atividades art\u00edsticas culturais, esportivas e de lazer, com vistas \u00e0 melhoria do desempenho acad\u00eamico, \u00e0 produ\u00e7\u00e3o do conhecimento e \u00e0 plena forma\u00e7\u00e3o cidad\u00e3; <\/strong><\/p>\n\n\n\n<p><strong>O Programa de Incentivo \u00e0 Participa\u00e7\u00e3o Pol\u00edtico Acad\u00eamica &#8211; PROPAC visa apoiar \u00e0 realiza\u00e7\u00e3o de a\u00e7\u00f5es que contribuam para o exerc\u00edcio da cidadania e do direito de organiza\u00e7\u00e3o pol\u00edtica do estudante. <\/strong><\/p>\n\n\n\n<p><strong>A Pol\u00edtica de Assist\u00eancia Estudantil deve abranger, atrav\u00e9s de seus programas, todos os estudantes regularmente matriculados. O acesso aos programas e a\u00e7\u00f5es que demandarem recursos financeiros ser\u00e1 destinado, prioritariamente, ao atendimento das necessidades do aluno cuja renda familiar per capita seja de at\u00e9 1(um) sal\u00e1rio m\u00ednimo e meio vigente e apresente outras situa\u00e7\u00f5es de vulnerabilidade.<\/strong><\/p>\n\n\n\n<p>Para mais informa\u00e7\u00f5es procure a Coordena\u00e7\u00e3o de Assuntos Estudantis (CAE) &#8211; Campus Itapetinga.<\/p>\n\n\n\n<p>Tel.: (77) 3261-2339\/3261-2213 \u2013 Ramal 220<br>Email: cae@itapetinga.ifbaiano.edu.br<\/p>\n<\/div><\/div>\n\n\n\n<div class=\"wp-block-group is-layout-flow\"><div class=\"wp-block-group__inner-container\">\n<div class=\"wp-block-file\"><a id=\"wp-block-file--media-763f1d7f-cb74-416f-a1c4-20bd18876eb4\" href=\"https:\/\/www.ifbaiano.edu.br\/unidades\/itapetinga\/files\/2020\/03\/Informa\u00e7\u00f5es-PAISE.pdf\">Sobre o PAISE<\/a><a href=\"https:\/\/www.ifbaiano.edu.br\/unidades\/itapetinga\/files\/2020\/03\/Informa\u00e7\u00f5es-PAISE.pdf\" class=\"wp-block-file__button wp-element-button\" download aria-describedby=\"wp-block-file--media-763f1d7f-cb74-416f-a1c4-20bd18876eb4\">Baixar<\/a><\/div>\n\n\n\n<p>Portal PAISE 2020 <a href=\"https:\/\/concurso.ifbaiano.edu.br\/portal\/paise2020\/\">https:\/\/concurso.ifbaiano.edu.br\/portal\/paise2020\/<\/a><\/p>\n\n\n\n<figure class=\"wp-block-embed-wordpress wp-block-embed is-type-wp-embed is-provider-campus-itapetinga\"><div class=\"wp-block-embed__wrapper\">\n<blockquote class=\"wp-embedded-content\" data-secret=\"O5wQKUlmb4\"><a href=\"https:\/\/www.ifbaiano.edu.br\/unidades\/itapetinga\/2020\/03\/09\/paise-2020\/\">PAISE 2020<\/a><\/blockquote><iframe class=\"wp-embedded-content\" sandbox=\"allow-scripts\" security=\"restricted\" style=\"position: absolute; clip: rect(1px, 1px, 1px, 1px);\" title=\"&#8220;PAISE 2020&#8221; &#8212; Campus Itapetinga\" src=\"https:\/\/www.ifbaiano.edu.br\/unidades\/itapetinga\/2020\/03\/09\/paise-2020\/embed\/#?secret=9KPVCnPYtv#?secret=O5wQKUlmb4\" data-secret=\"O5wQKUlmb4\" width=\"500\" height=\"282\" frameborder=\"0\" marginwidth=\"0\" marginheight=\"0\" scrolling=\"no\"><\/iframe>\n<\/div><figcaption>Informa\u00e7\u00f5es Locais<br><em>Campus<\/em> Itapetinga<\/figcaption><\/figure>\n<\/div><\/div>\n\n\n<table style=\"border-collapse: collapse;border-spacing: 0px;width: 19px;height: 33px\">\n<colgroup>\n<col style=\"width: 708px\"><\/colgroup>\n<tbody>\n<tr>\n<th style=\"font-family: Arial, sans-serif;font-size: xx-small;font-weight: normal;padding: 2px 12px;border-style: solid;border-width: 0px;overflow: hidden;background-color: #036400\">&nbsp;<\/th>\n<\/tr>\n<tr>\n<td style=\"font-family: Arial, sans-serif;font-size: 18px;padding: 10px 12px;border-style: solid;border-width: 0px;overflow: hidden;font-weight: bold;background-color: #efefef\" rowspan=\"2\">&nbsp;<\/td>\n<\/tr>\n<\/tbody>\n<\/table>\n<table style=\"border-collapse: collapse;border-spacing: 0px;border-color: #cccccc;width: 791px;height: 175px\">\n<colgroup>\n<col style=\"width: 104px\">\n<col style=\"width: 653px\">\n<col style=\"width: 61px\"><\/colgroup>\n<tbody>\n<tr>\n<th style=\"font-family: Arial, sans-serif;font-size: 18px;font-weight: bold;padding: 10px 5px;overflow: hidden;color: #333;background-color: #c0c0c0;text-align: center;vertical-align: top;border: 1px solid #ccc\" colspan=\"3\">DOCUMENTOS<\/th>\n<\/tr>\n<tr>\n<td style=\"font-family: Arial, Helvetica, sans-serif !important;font-size: 14px;padding: 10px 5px;overflow: hidden;color: #ffffff;background-color: #036400;font-weight: bold;text-align: center;vertical-align: top;border: 1px solid #ccc\">N\u00ba<\/td>\n<td style=\"font-family: Arial, Helvetica, sans-serif !important;font-size: 14px;padding: 10px 5px;overflow: hidden;color: #ffffff;background-color: #036400;font-weight: bold;text-align: center;vertical-align: top;border: 1px solid #ccc\">DISCRIMINA\u00c7\u00c3O<\/td>\n<td style=\"font-family: Arial, Helvetica, sans-serif !important;font-size: 14px;padding: 10px 5px;overflow: hidden;color: #ffffff;background-color: #036400;font-weight: bold;text-align: center;vertical-align: top;border: 1px solid #ccc\">&nbsp;<\/td>\n<\/tr>\n<tr>\n<td style=\"font-family: Arial, Helvetica, sans-serif !important;font-size: 14px;padding: 10px 5px;overflow: hidden;color: #333;background-color: #fff;text-align: center;vertical-align: top;border: 1px solid #ccc\">01<\/td>\n<td style=\"font-family: Arial, Helvetica, sans-serif !important;font-size: 14px;padding: 10px 5px;overflow: hidden;color: #333;background-color: #fff;vertical-align: top;border: 1px solid #ccc\">Resolu\u00e7\u00e3o n\u00ba 01 de 2019, que institui a Pol\u00edtica de Assist\u00eancia Estudantil<\/td>\n<td style=\"font-family: Arial, Helvetica, sans-serif !important;font-size: 14px;padding: 10px 5px;overflow: hidden;color: #333;background-color: #fff;vertical-align: top;border: 1px solid #ccc\"><a href=\"http:\/\/www.ifbaiano.edu.br\/unidades\/itapetinga\/files\/2017\/03\/Resolu\u00e7\u00e3o-64-2016_Aprova-a-Institui\u00e7\u00e3o-da-Pol\u00edtica-Estudantil.pdf\" target=\"_blank\" rel=\"noopener noreferrer\"><img decoding=\"async\" loading=\"lazy\" class=\"aligncenter wp-image-33897\" src=\"http:\/\/www.ifbaiano.edu.br\/unidades\/itapetinga\/files\/2017\/03\/download.png\" width=\"25\" height=\"25\"><\/a><\/td>\n<\/tr>\n<tr>\n<td style=\"font-family: Arial, Helvetica, sans-serif !important;font-size: 14px;padding: 10px 5px;overflow: hidden;color: #333;background-color: #e2ece2;text-align: center;vertical-align: top;border: 1px solid #ccc\">02<\/td>\n<td style=\"font-family: Arial, Helvetica, sans-serif !important;font-size: 14px;padding: 10px 5px;overflow: hidden;color: #333;background-color: #e2ece2;vertical-align: top;border: 1px solid #ccc\">Regulamento Disciplinar Discente do IF Baiano<\/td>\n<td style=\"font-family: Arial, Helvetica, sans-serif !important;font-size: 14px;padding: 10px 5px;overflow: hidden;color: #333;background-color: #e2ece2;vertical-align: top;border: 1px solid #ccc\"><a href=\"https:\/\/www.ifbaiano.edu.br\/unidades\/itapetinga\/files\/2024\/03\/Regulamento-Disciplinar-Discente.pdf\" target=\"_blank\" rel=\"noopener noreferrer\"><img decoding=\"async\" loading=\"lazy\" class=\"aligncenter wp-image-33897\" src=\"http:\/\/www.ifbaiano.edu.br\/unidades\/itapetinga\/files\/2017\/03\/download.png\" alt=\"\" width=\"25\" height=\"25\"><\/a><\/td>\n<\/tr>\n<\/tbody>\n<\/table>","protected":false},"excerpt":{"rendered":"<p>COORDENA\u00c7\u00c3O DE ASSIST\u00caNCIA ESTUDANTIL &#8211; CAE Adriana Oliveira A Pol\u00edtica da Assist\u00eancia Estudantil do IF Baiano \u00e9 formada por um conjunto de princ\u00edpios e diretrizes norteadores para o desenvolvimento de programas e linhas de a\u00e7\u00f5es, que favore\u00e7am a democratiza\u00e7\u00e3o do acesso, a perman\u00eancia e o \u00eaxito do(a) discente no seu processo formativo, propiciando-lhe o exerc\u00edcio [&hellip;]<\/p>\n","protected":false},"author":1,"featured_media":203,"parent":0,"menu_order":0,"comment_status":"closed","ping_status":"closed","template":"","meta":[],"_links":{"self":[{"href":"https:\/\/www.ifbaiano.edu.br\/unidades\/itapetinga\/wp-json\/wp\/v2\/pages\/125"}],"collection":[{"href":"https:\/\/www.ifbaiano.edu.br\/unidades\/itapetinga\/wp-json\/wp\/v2\/pages"}],"about":[{"href":"https:\/\/www.ifbaiano.edu.br\/unidades\/itapetinga\/wp-json\/wp\/v2\/types\/page"}],"author":[{"embeddable":true,"href":"https:\/\/www.ifbaiano.edu.br\/unidades\/itapetinga\/wp-json\/wp\/v2\/users\/1"}],"replies":[{"embeddable":true,"href":"https:\/\/www.ifbaiano.edu.br\/unidades\/itapetinga\/wp-json\/wp\/v2\/comments?post=125"}],"version-history":[{"count":80,"href":"https:\/\/www.ifbaiano.edu.br\/unidades\/itapetinga\/wp-json\/wp\/v2\/pages\/125\/revisions"}],"predecessor-version":[{"id":43912,"href":"https:\/\/www.ifbaiano.edu.br\/unidades\/itapetinga\/wp-json\/wp\/v2\/pages\/125\/revisions\/43912"}],"wp:featuredmedia":[{"embeddable":true,"href":"https:\/\/www.ifbaiano.edu.br\/unidades\/itapetinga\/wp-json\/wp\/v2\/media\/203"}],"wp:attachment":[{"href":"https:\/\/www.ifbaiano.edu.br\/unidades\/itapetinga\/wp-json\/wp\/v2\/media?parent=125"}],"curies":[{"name":"wp","href":"https:\/\/api.w.org\/{rel}","templated":true}]}}